{"id":12774,"date":"2026-02-14T15:36:07","date_gmt":"2026-02-14T15:36:07","guid":{"rendered":"https:\/\/ordemdosfisioterapeutas.pt\/?page_id=12774"},"modified":"2026-02-14T17:14:09","modified_gmt":"2026-02-14T17:14:09","slug":"recenseamento-2026","status":"publish","type":"page","link":"https:\/\/ordemdosfisioterapeutas.pt\/es\/recenseamento-2026\/","title":{"rendered":"Censo"},"content":{"rendered":"<div data-elementor-type=\"wp-page\" data-elementor-id=\"12774\" class=\"elementor elementor-12774\" data-elementor-post-type=\"page\">\n\t\t\t\t<div class=\"elementor-element elementor-element-2cee738 e-flex e-con-boxed e-con e-parent\" data-id=\"2cee738\" data-element_type=\"container\" data-e-type=\"container\">\n\t\t\t\t\t<div class=\"e-con-inner\">\n\t\t\t\t<div class=\"elementor-element elementor-element-59babe9 elementor-widget elementor-widget-text-editor\" data-id=\"59babe9\" data-element_type=\"widget\" data-e-type=\"widget\" data-widget_type=\"text-editor.default\">\n\t\t\t\t<div class=\"elementor-widget-container\">\n\t\t\t\t\t\t\t\t\t<p>Es esencial que todos los miembros de la Orden de Fisioterapeutas mantengan sus datos actualizados para garantizar su participaci\u00f3n en las elecciones. Compruebe y actualice sus datos en su <span style=\"text-decoration: underline;\"><a href=\"https:\/\/portal.ordemdosfisioterapeutas.pt\/?_ga=2.225000473.20998420.1630766367-1640897408.1605222732\" target=\"_blank\" rel=\"noopener\">\u00e1rea reservada<\/a><\/span>especialmente la direcci\u00f3n de correo electr\u00f3nico y el n\u00famero de tel\u00e9fono m\u00f3vil, ya que son imprescindibles para poder votar (consulte nuestro <span style=\"text-decoration: underline;\"><a href=\"https:\/\/www.youtube.com\/watch?v=8KkcbL9JKNI\" target=\"_blank\" rel=\"noopener\">tutorial de v\u00eddeo<\/a><\/span>). Son electores todos los fisioterapeutas que, en la fecha de elaboraci\u00f3n del censo electoral (9 de abril de 2026), no hayan incurrido en demora de m\u00e1s de seis meses en el pago de sus cuotas de afiliaci\u00f3n.<\/p>\t\t\t\t\t\t\t\t<\/div>\n\t\t\t\t<\/div>\n\t\t\t\t\t<\/div>\n\t\t\t\t<\/div>\n\t\t\t\t<\/div>","protected":false},"excerpt":{"rendered":"<p>Es indispensable que todos los miembros del Colegio de Fisioterapeutas mantengan sus datos actualizados para poder participar en las elecciones. Compruebe y actualice sus datos en su \u00e1rea reservada, especialmente su direcci\u00f3n de correo electr\u00f3nico y su n\u00famero de tel\u00e9fono m\u00f3vil, ya que son esenciales para poder votar (vea nuestro v\u00eddeo tutorial). Usted es elector y puede participar ... <a title=\"Censo\" class=\"read-more\" href=\"https:\/\/ordemdosfisioterapeutas.pt\/es\/recenseamento-2026\/\" aria-label=\"M\u00e1s informaci\u00f3n sobre el censo\">Seguir leyendo<\/a><\/p>","protected":false},"author":1,"featured_media":0,"parent":0,"menu_order":0,"comment_status":"closed","ping_status":"closed","template":"","meta":{"footnotes":""},"class_list":["post-12774","page","type-page","status-publish"],"_links":{"self":[{"href":"https:\/\/ordemdosfisioterapeutas.pt\/es\/wp-json\/wp\/v2\/pages\/12774","targetHints":{"allow":["GET"]}}],"collection":[{"href":"https:\/\/ordemdosfisioterapeutas.pt\/es\/wp-json\/wp\/v2\/pages"}],"about":[{"href":"https:\/\/ordemdosfisioterapeutas.pt\/es\/wp-json\/wp\/v2\/types\/page"}],"author":[{"embeddable":true,"href":"https:\/\/ordemdosfisioterapeutas.pt\/es\/wp-json\/wp\/v2\/users\/1"}],"replies":[{"embeddable":true,"href":"https:\/\/ordemdosfisioterapeutas.pt\/es\/wp-json\/wp\/v2\/comments?post=12774"}],"version-history":[{"count":4,"href":"https:\/\/ordemdosfisioterapeutas.pt\/es\/wp-json\/wp\/v2\/pages\/12774\/revisions"}],"predecessor-version":[{"id":12816,"href":"https:\/\/ordemdosfisioterapeutas.pt\/es\/wp-json\/wp\/v2\/pages\/12774\/revisions\/12816"}],"wp:attachment":[{"href":"https:\/\/ordemdosfisioterapeutas.pt\/es\/wp-json\/wp\/v2\/media?parent=12774"}],"curies":[{"name":"wp","href":"https:\/\/api.w.org\/{rel}","templated":true}]}}