{"id":12767,"date":"2026-02-14T15:32:32","date_gmt":"2026-02-14T15:32:32","guid":{"rendered":"https:\/\/ordemdosfisioterapeutas.pt\/?page_id=12767"},"modified":"2026-02-14T17:03:55","modified_gmt":"2026-02-14T17:03:55","slug":"calendario-eleitoral-2026","status":"publish","type":"page","link":"https:\/\/ordemdosfisioterapeutas.pt\/es\/calendario-eleitoral-2026\/","title":{"rendered":"Calendario electoral"},"content":{"rendered":"<div data-elementor-type=\"wp-page\" data-elementor-id=\"12767\" class=\"elementor elementor-12767\" data-elementor-post-type=\"page\">\n\t\t\t\t<div class=\"elementor-element elementor-element-4e7200b e-flex e-con-boxed e-con e-parent\" data-id=\"4e7200b\" data-element_type=\"container\" data-e-type=\"container\">\n\t\t\t\t\t<div class=\"e-con-inner\">\n\t\t\t\t<div class=\"elementor-element elementor-element-aac78ba elementor-widget elementor-widget-text-editor\" data-id=\"aac78ba\" data-element_type=\"widget\" data-e-type=\"widget\" data-widget_type=\"text-editor.default\">\n\t\t\t\t<div class=\"elementor-widget-container\">\n\t\t\t\t\t\t\t\t\t<p>V\u00e9anse las etapas del proceso electoral complementario para los organismos regionales en cuesti\u00f3n.<\/p><p>El calendario electoral define los plazos para la presentaci\u00f3n de las listas, la votaci\u00f3n electr\u00f3nica y la publicaci\u00f3n de los resultados, de conformidad con el Reglamento Electoral.<\/p>\t\t\t\t\t\t\t\t<\/div>\n\t\t\t\t<\/div>\n\t\t\t\t<div class=\"elementor-element elementor-element-8d35fc0 elementor-widget elementor-widget-image\" data-id=\"8d35fc0\" data-element_type=\"widget\" data-e-type=\"widget\" data-widget_type=\"image.default\">\n\t\t\t\t<div class=\"elementor-widget-container\">\n\t\t\t\t\t\t\t\t\t\t\t\t\t\t\t<img fetchpriority=\"high\" decoding=\"async\" width=\"855\" height=\"595\" src=\"https:\/\/ordemdosfisioterapeutas.pt\/wp-content\/uploads\/2026\/02\/Timeline-eleicoes_2025_II-1024x713.png\" class=\"attachment-large size-large wp-image-12807\" alt=\"\" srcset=\"https:\/\/ordemdosfisioterapeutas.pt\/wp-content\/uploads\/2026\/02\/Timeline-eleicoes_2025_II-1024x713.png 1024w, https:\/\/ordemdosfisioterapeutas.pt\/wp-content\/uploads\/2026\/02\/Timeline-eleicoes_2025_II-300x209.png 300w, https:\/\/ordemdosfisioterapeutas.pt\/wp-content\/uploads\/2026\/02\/Timeline-eleicoes_2025_II-768x535.png 768w, https:\/\/ordemdosfisioterapeutas.pt\/wp-content\/uploads\/2026\/02\/Timeline-eleicoes_2025_II-18x12.png 18w, https:\/\/ordemdosfisioterapeutas.pt\/wp-content\/uploads\/2026\/02\/Timeline-eleicoes_2025_II.png 1152w\" sizes=\"(max-width: 855px) 100vw, 855px\" \/>\t\t\t\t\t\t\t\t\t\t\t\t\t\t\t<\/div>\n\t\t\t\t<\/div>\n\t\t\t\t\t<\/div>\n\t\t\t\t<\/div>\n\t\t\t\t<\/div>","protected":false},"excerpt":{"rendered":"<p>Consulte as etapas do processo eleitoral complementar para os \u00f3rg\u00e3os regionais abrangidos. O calend\u00e1rio eleitoral define os prazos para a apresenta\u00e7\u00e3o de listas, vota\u00e7\u00e3o eletr\u00f3nica e divulga\u00e7\u00e3o de resultados, nos termos do Regulamento Eleitoral.<\/p>","protected":false},"author":1,"featured_media":0,"parent":0,"menu_order":0,"comment_status":"closed","ping_status":"closed","template":"","meta":{"footnotes":""},"class_list":["post-12767","page","type-page","status-publish"],"_links":{"self":[{"href":"https:\/\/ordemdosfisioterapeutas.pt\/es\/wp-json\/wp\/v2\/pages\/12767","targetHints":{"allow":["GET"]}}],"collection":[{"href":"https:\/\/ordemdosfisioterapeutas.pt\/es\/wp-json\/wp\/v2\/pages"}],"about":[{"href":"https:\/\/ordemdosfisioterapeutas.pt\/es\/wp-json\/wp\/v2\/types\/page"}],"author":[{"embeddable":true,"href":"https:\/\/ordemdosfisioterapeutas.pt\/es\/wp-json\/wp\/v2\/users\/1"}],"replies":[{"embeddable":true,"href":"https:\/\/ordemdosfisioterapeutas.pt\/es\/wp-json\/wp\/v2\/comments?post=12767"}],"version-history":[{"count":4,"href":"https:\/\/ordemdosfisioterapeutas.pt\/es\/wp-json\/wp\/v2\/pages\/12767\/revisions"}],"predecessor-version":[{"id":12810,"href":"https:\/\/ordemdosfisioterapeutas.pt\/es\/wp-json\/wp\/v2\/pages\/12767\/revisions\/12810"}],"wp:attachment":[{"href":"https:\/\/ordemdosfisioterapeutas.pt\/es\/wp-json\/wp\/v2\/media?parent=12767"}],"curies":[{"name":"wp","href":"https:\/\/api.w.org\/{rel}","templated":true}]}}