{"id":12763,"date":"2026-02-14T15:30:42","date_gmt":"2026-02-14T15:30:42","guid":{"rendered":"https:\/\/ordemdosfisioterapeutas.pt\/?page_id=12763"},"modified":"2026-02-20T15:09:39","modified_gmt":"2026-02-20T15:09:39","slug":"eleicoes-complementares-para-orgaos-regionais-2026","status":"publish","type":"page","link":"https:\/\/ordemdosfisioterapeutas.pt\/es\/eleicoes-complementares-para-orgaos-regionais-2026\/","title":{"rendered":"Elecciones complementarias para los \u00f3rganos regionales"},"content":{"rendered":"<div data-elementor-type=\"wp-page\" data-elementor-id=\"12763\" class=\"elementor elementor-12763\" data-elementor-post-type=\"page\">\n\t\t\t\t<div class=\"elementor-element elementor-element-6153e4a e-flex e-con-boxed e-con e-parent\" data-id=\"6153e4a\" data-element_type=\"container\" data-e-type=\"container\">\n\t\t\t\t\t<div class=\"e-con-inner\">\n\t\t\t\t<div class=\"elementor-element elementor-element-792c743 elementor-widget elementor-widget-text-editor\" data-id=\"792c743\" data-element_type=\"widget\" data-e-type=\"widget\" data-widget_type=\"text-editor.default\">\n\t\t\t\t<div class=\"elementor-widget-container\">\n\t\t\t\t\t\t\t\t\t<p>Proceso electoral complementario en el marco de las elecciones estatutarias del Colegio de Fisioterapeutas para el cuatrienio 2025-2029, relativo a los \u00f3rganos para los que no se admitieron candidaturas en el acto electoral de 5 de diciembre de 2025.<\/p><p>Las organizaciones afectadas son:<br \/>- Direcci\u00f3n Regional de Madeira<br \/>- Mesa de la Asamblea Regional del Sur<\/p><p>El resto de los \u00f3rganos de gobierno de la Orden han sido debidamente elegidos y est\u00e1n en funciones.<\/p><p>Consulte el <span style=\"text-decoration: underline;\"><a href=\"https:\/\/ordemdosfisioterapeutas.pt\/es\/regulamento-eleitoral-2025\/\" target=\"_blank\" rel=\"noopener\">Reglamento electoral<\/a><\/span><\/p><p><span data-olk-copy-source=\"MessageBody\">V\u00e9ase <a href=\"https:\/\/ordemdosfisioterapeutas.pt\/wp-content\/uploads\/2026\/02\/Extrato-de-Ata-1-de-dia-19-de-janeiro-2026_deliberacaoDL.7.RD_.1.2026.pdf\" target=\"_blank\" rel=\"noopener\"><span style=\"text-decoration: underline;\">Decisi\u00f3n del Consejo de Administraci\u00f3n<\/span><\/a><\/span><\/p>\t\t\t\t\t\t\t\t<\/div>\n\t\t\t\t<\/div>\n\t\t\t\t\t<\/div>\n\t\t\t\t<\/div>\n\t\t\t\t<\/div>","protected":false},"excerpt":{"rendered":"<p>Processo eleitoral complementar no \u00e2mbito das elei\u00e7\u00f5es estatut\u00e1rias da Ordem dos Fisioterapeutas para o quadri\u00e9nio 2025\u20132029, relativo a \u00f3rg\u00e3os para os quais n\u00e3o foram aceites candidaturas a sufr\u00e1gio no ato eleitoral de 5 de dezembro de 2025. Os \u00f3rg\u00e3os abrangidos s\u00e3o:\u2013 Dire\u00e7\u00e3o Regional da Madeira\u2013 Mesa da Assembleia Regional do Sul Os restantes \u00d3rg\u00e3os Sociais &#8230; <a title=\"Elecciones complementarias para los \u00f3rganos regionales\" class=\"read-more\" href=\"https:\/\/ordemdosfisioterapeutas.pt\/es\/eleicoes-complementares-para-orgaos-regionais-2026\/\" aria-label=\"Leer m\u00e1s sobre Elei\u00e7\u00f5es complementares para \u00d3rg\u00e3os Regionais\">Seguir leyendo<\/a><\/p>","protected":false},"author":1,"featured_media":0,"parent":0,"menu_order":0,"comment_status":"closed","ping_status":"closed","template":"","meta":{"footnotes":""},"class_list":["post-12763","page","type-page","status-publish"],"_links":{"self":[{"href":"https:\/\/ordemdosfisioterapeutas.pt\/es\/wp-json\/wp\/v2\/pages\/12763","targetHints":{"allow":["GET"]}}],"collection":[{"href":"https:\/\/ordemdosfisioterapeutas.pt\/es\/wp-json\/wp\/v2\/pages"}],"about":[{"href":"https:\/\/ordemdosfisioterapeutas.pt\/es\/wp-json\/wp\/v2\/types\/page"}],"author":[{"embeddable":true,"href":"https:\/\/ordemdosfisioterapeutas.pt\/es\/wp-json\/wp\/v2\/users\/1"}],"replies":[{"embeddable":true,"href":"https:\/\/ordemdosfisioterapeutas.pt\/es\/wp-json\/wp\/v2\/comments?post=12763"}],"version-history":[{"count":7,"href":"https:\/\/ordemdosfisioterapeutas.pt\/es\/wp-json\/wp\/v2\/pages\/12763\/revisions"}],"predecessor-version":[{"id":12861,"href":"https:\/\/ordemdosfisioterapeutas.pt\/es\/wp-json\/wp\/v2\/pages\/12763\/revisions\/12861"}],"wp:attachment":[{"href":"https:\/\/ordemdosfisioterapeutas.pt\/es\/wp-json\/wp\/v2\/media?parent=12763"}],"curies":[{"name":"wp","href":"https:\/\/api.w.org\/{rel}","templated":true}]}}