{"id":12534,"date":"2026-01-22T16:31:27","date_gmt":"2026-01-22T16:31:27","guid":{"rendered":"https:\/\/ordemdosfisioterapeutas.pt\/?page_id=12534"},"modified":"2026-01-22T16:32:06","modified_gmt":"2026-01-22T16:32:06","slug":"direcao-regional-centro-2026","status":"publish","type":"page","link":"https:\/\/ordemdosfisioterapeutas.pt\/es\/direcao-regional-centro-2026\/","title":{"rendered":"Direcci\u00f3n Regional Centro"},"content":{"rendered":"<div data-elementor-type=\"wp-page\" data-elementor-id=\"12534\" class=\"elementor elementor-12534\" data-elementor-post-type=\"page\">\n\t\t\t\t<div class=\"elementor-element elementor-element-e036767 e-flex e-con-boxed e-con e-parent\" data-id=\"e036767\" data-element_type=\"container\" data-e-type=\"container\">\n\t\t\t\t\t<div class=\"e-con-inner\">\n\t\t\t\t<div class=\"elementor-element elementor-element-21fac56 elementor-widget elementor-widget-text-editor\" data-id=\"21fac56\" data-element_type=\"widget\" data-e-type=\"widget\" data-widget_type=\"text-editor.default\">\n\t\t\t\t<div class=\"elementor-widget-container\">\n\t\t\t\t\t\t\t\t\t<p><i><span data-olk-copy-source=\"MessageBody\">Actualmente se est\u00e1n actualizando los \u00d3rganos de Gobierno para el cuatrienio 2025-2029.<br \/>Para conocer la composici\u00f3n nominal de los \u00d3rganos Rectores, v\u00e9ase\u00a0<a title=\"https:\/\/ordemdosfisioterapeutas.pt\/pt\/resultados-oficiais-2025\/\" href=\"https:\/\/ordemdosfisioterapeutas.pt\/es\/resultados-oficiais-2025\/\" target=\"_blank\" rel=\"noopener\" data-auth=\"NotApplicable\" data-linkindex=\"0\">aqu\u00ed<\/a>.<\/span><\/i><\/p>\t\t\t\t\t\t\t\t<\/div>\n\t\t\t\t<\/div>\n\t\t\t\t\t<\/div>\n\t\t\t\t<\/div>\n\t\t\t\t<\/div>","protected":false},"excerpt":{"rendered":"<p>Los \u00d3rganos de Gobierno para el cuatrienio 2025-2029 est\u00e1n siendo actualizados. Para conocer la composici\u00f3n nominal de los \u00d3rganos de Gobierno, consulte aqu\u00ed.<\/p>","protected":false},"author":1,"featured_media":0,"parent":0,"menu_order":0,"comment_status":"closed","ping_status":"closed","template":"","meta":{"footnotes":""},"class_list":["post-12534","page","type-page","status-publish"],"_links":{"self":[{"href":"https:\/\/ordemdosfisioterapeutas.pt\/es\/wp-json\/wp\/v2\/pages\/12534","targetHints":{"allow":["GET"]}}],"collection":[{"href":"https:\/\/ordemdosfisioterapeutas.pt\/es\/wp-json\/wp\/v2\/pages"}],"about":[{"href":"https:\/\/ordemdosfisioterapeutas.pt\/es\/wp-json\/wp\/v2\/types\/page"}],"author":[{"embeddable":true,"href":"https:\/\/ordemdosfisioterapeutas.pt\/es\/wp-json\/wp\/v2\/users\/1"}],"replies":[{"embeddable":true,"href":"https:\/\/ordemdosfisioterapeutas.pt\/es\/wp-json\/wp\/v2\/comments?post=12534"}],"version-history":[{"count":4,"href":"https:\/\/ordemdosfisioterapeutas.pt\/es\/wp-json\/wp\/v2\/pages\/12534\/revisions"}],"predecessor-version":[{"id":12538,"href":"https:\/\/ordemdosfisioterapeutas.pt\/es\/wp-json\/wp\/v2\/pages\/12534\/revisions\/12538"}],"wp:attachment":[{"href":"https:\/\/ordemdosfisioterapeutas.pt\/es\/wp-json\/wp\/v2\/media?parent=12534"}],"curies":[{"name":"wp","href":"https:\/\/api.w.org\/{rel}","templated":true}]}}