{"id":11417,"date":"2025-09-07T10:49:26","date_gmt":"2025-09-07T09:49:26","guid":{"rendered":"https:\/\/ordemdosfisioterapeutas.pt\/?page_id=11417"},"modified":"2026-03-19T20:25:50","modified_gmt":"2026-03-19T20:25:50","slug":"turim","status":"publish","type":"page","link":"https:\/\/ordemdosfisioterapeutas.pt\/es\/turim\/","title":{"rendered":"Tur\u00edn"},"content":{"rendered":"<div data-elementor-type=\"wp-page\" data-elementor-id=\"11417\" class=\"elementor elementor-11417\" data-elementor-post-type=\"page\">\n\t\t\t\t<div class=\"elementor-element elementor-element-9c430f4 e-grid e-con-boxed e-con e-parent\" data-id=\"9c430f4\" data-element_type=\"container\" data-e-type=\"container\">\n\t\t\t\t\t<div class=\"e-con-inner\">\n\t\t\t\t<div class=\"elementor-element elementor-element-4eb8149 elementor-widget elementor-widget-image\" data-id=\"4eb8149\" data-element_type=\"widget\" data-e-type=\"widget\" data-widget_type=\"image.default\">\n\t\t\t\t<div class=\"elementor-widget-container\">\n\t\t\t\t\t\t\t\t\t\t\t\t\t\t\t<img decoding=\"async\" src=\"https:\/\/ordemdosfisioterapeutas.pt\/wp-content\/uploads\/elementor\/thumbs\/logo__0008_TURIM_I-1-rkr5lftyfdik51uc5e3p4bd7cwptxa2rq8b5wf47wg.png\" title=\"logo__0008_TURIM_I\" alt=\"logo__0008_TURIM_I\" loading=\"lazy\" \/>\t\t\t\t\t\t\t\t\t\t\t\t\t\t\t<\/div>\n\t\t\t\t<\/div>\n\t\t\t\t<div class=\"elementor-element elementor-element-1e32579 elementor-widget elementor-widget-image\" data-id=\"1e32579\" data-element_type=\"widget\" data-e-type=\"widget\" data-widget_type=\"image.default\">\n\t\t\t\t<div class=\"elementor-widget-container\">\n\t\t\t\t\t\t\t\t\t\t\t\t\t\t\t<img decoding=\"async\" src=\"https:\/\/ordemdosfisioterapeutas.pt\/wp-content\/uploads\/elementor\/thumbs\/parcerias-r1e5sfsz0l2px9fc2vf1dqmethbbh5ts4btblfpj40.png\" title=\"asociaciones.png\" alt=\"parcerias.png\" loading=\"lazy\" \/>\t\t\t\t\t\t\t\t\t\t\t\t\t\t\t<\/div>\n\t\t\t\t<\/div>\n\t\t\t\t\t<\/div>\n\t\t\t\t<\/div>\n\t\t<div class=\"elementor-element elementor-element-14c51a9 e-flex e-con-boxed e-con e-parent\" data-id=\"14c51a9\" data-element_type=\"container\" data-e-type=\"container\">\n\t\t\t\t\t<div class=\"e-con-inner\">\n\t\t\t\t<div class=\"elementor-element elementor-element-05f3aee elementor-widget elementor-widget-heading\" data-id=\"05f3aee\" data-element_type=\"widget\" data-e-type=\"widget\" data-widget_type=\"heading.default\">\n\t\t\t\t<div class=\"elementor-widget-container\">\n\t\t\t\t\t<h2 class=\"elementor-heading-title elementor-size-default\">Descripci\u00f3n<\/h2>\t\t\t\t<\/div>\n\t\t\t\t<\/div>\n\t\t\t\t<div class=\"elementor-element elementor-element-3129544 elementor-widget elementor-widget-text-editor\" data-id=\"3129544\" data-element_type=\"widget\" data-e-type=\"widget\" data-widget_type=\"text-editor.default\">\n\t\t\t\t<div class=\"elementor-widget-container\">\n\t\t\t\t\t\t\t\t\t<p><span data-ogsc=\"black\" data-olk-copy-source=\"MessageBody\">El grupo Turim Hotels es portugu\u00e9s,\u00a0<\/span><span data-ogsc=\"black\">\u200b<\/span><span data-ogsc=\"black\">\u00a0inici\u00f3 sus actividades en 1992 y tiene su sede en Lisboa. El Grupo cuenta actualmente con 18 hoteles en funcionamiento y 7 m\u00e1s en construcci\u00f3n, repartidos por diversas regiones de Portugal, como Lisboa, Oporto, Madeira, Algarve, Azores, Sintra, \u00c9vora, Coimbra y Aveiro. La marca es reconocida por su compromiso con la calidad, el confort y la modernidad, ofreciendo un alojamiento que combina sofisticaci\u00f3n con espacios funcionales y hospitalidad. A finales de este a\u00f1o est\u00e1 prevista la apertura del Turim Sintra Palace Hotel, que, como su nombre indica, est\u00e1 situado en Sintra, regi\u00f3n clasificada como Patrimonio de la Humanidad.<\/span><\/p>\t\t\t\t\t\t\t\t<\/div>\n\t\t\t\t<\/div>\n\t\t\t\t\t<\/div>\n\t\t\t\t<\/div>\n\t\t<div class=\"elementor-element elementor-element-f08340d condicoes e-flex e-con-boxed e-con e-parent\" data-id=\"f08340d\" data-element_type=\"container\" data-e-type=\"container\">\n\t\t\t\t\t<div class=\"e-con-inner\">\n\t\t\t\t<div class=\"elementor-element elementor-element-25c8b4d elementor-widget elementor-widget-heading\" data-id=\"25c8b4d\" data-element_type=\"widget\" data-e-type=\"widget\" data-widget_type=\"heading.default\">\n\t\t\t\t<div class=\"elementor-widget-container\">\n\t\t\t\t\t<h2 class=\"elementor-heading-title elementor-size-default\">Condiciones<\/h2>\t\t\t\t<\/div>\n\t\t\t\t<\/div>\n\t\t\t\t<div class=\"elementor-element elementor-element-8dc7c0b elementor-widget elementor-widget-text-editor\" data-id=\"8dc7c0b\" data-element_type=\"widget\" data-e-type=\"widget\" data-widget_type=\"text-editor.default\">\n\t\t\t\t<div class=\"elementor-widget-container\">\n\t\t\t\t\t\t\t\t\t<p><span data-olk-copy-source=\"MessageBody\">- 15% de descuento sobre la mejor tarifa de alojamiento disponible en el sitio web\u00a0<a title=\"http:\/\/www.turim-hotels.com\" href=\"http:\/\/www.turim-hotels.com\/\" data-auth=\"NotApplicable\" data-linkindex=\"0\" data-ogsc=\"\" target=\"_blank\" rel=\"noopener\">www.turim-hotels.com<\/a>.<\/span><\/p><p>Descuento aplicable a cualquier tipo de habitaci\u00f3n y en r\u00e9gimen de \"alojamiento y desayuno\" o \"s\u00f3lo alojamiento\".<\/p><p>Acceso a la prestaci\u00f3n:<\/p><p>Al efectuar la reserva, los miembros y empleados de la Orden deber\u00e1n introducir el c\u00f3digo promocional\u00a0<b>ORDEN DE FISIOTERAPEUTAS<\/b>.<\/p>\t\t\t\t\t\t\t\t<\/div>\n\t\t\t\t<\/div>\n\t\t\t\t\t<\/div>\n\t\t\t\t<\/div>\n\t\t<div class=\"elementor-element elementor-element-247ad11 condicoes-btn e-flex e-con-boxed e-con e-parent\" data-id=\"247ad11\" data-element_type=\"container\" data-e-type=\"container\">\n\t\t\t\t\t<div class=\"e-con-inner\">\n\t\t\t\t<div class=\"elementor-element elementor-element-75628fe elementor-align-right elementor-mobile-align-center elementor-widget elementor-widget-button\" data-id=\"75628fe\" data-element_type=\"widget\" data-e-type=\"widget\" data-widget_type=\"button.default\">\n\t\t\t\t<div class=\"elementor-widget-container\">\n\t\t\t\t\t\t\t\t\t<div class=\"elementor-button-wrapper\">\n\t\t\t\t\t<a class=\"elementor-button elementor-button-link elementor-size-xs\" href=\"https:\/\/portal.ordemdosfisioterapeutas.pt\/of-auth\/?app_ref=e985d1b30a025a19af003c638a7f64a2\" target=\"_blank\">\n\t\t\t\t\t\t<span class=\"elementor-button-content-wrapper\">\n\t\t\t\t\t\t\t\t\t<span class=\"elementor-button-text\">Conozca las condiciones<\/span>\n\t\t\t\t\t<\/span>\n\t\t\t\t\t<\/a>\n\t\t\t\t<\/div>\n\t\t\t\t\t\t\t\t<\/div>\n\t\t\t\t<\/div>\n\t\t\t\t\t<\/div>\n\t\t\t\t<\/div>\n\t\t<div class=\"elementor-element elementor-element-ec7e52d e-flex e-con-boxed e-con e-parent\" data-id=\"ec7e52d\" data-element_type=\"container\" data-e-type=\"container\">\n\t\t\t\t\t<div class=\"e-con-inner\">\n\t\t\t\t<div class=\"elementor-element elementor-element-19b295f elementor-align-right elementor-mobile-align-center elementor-widget elementor-widget-button\" data-id=\"19b295f\" data-element_type=\"widget\" data-e-type=\"widget\" data-widget_type=\"button.default\">\n\t\t\t\t<div class=\"elementor-widget-container\">\n\t\t\t\t\t\t\t\t\t<div class=\"elementor-button-wrapper\">\n\t\t\t\t\t<a class=\"elementor-button elementor-button-link elementor-size-xs\" href=\"https:\/\/ordemdosfisioterapeutas.pt\/es\/parcerias\/\">\n\t\t\t\t\t\t<span class=\"elementor-button-content-wrapper\">\n\t\t\t\t\t\t\t\t\t<span class=\"elementor-button-text\">Volver<\/span>\n\t\t\t\t\t<\/span>\n\t\t\t\t\t<\/a>\n\t\t\t\t<\/div>\n\t\t\t\t\t\t\t\t<\/div>\n\t\t\t\t<\/div>\n\t\t\t\t\t<\/div>\n\t\t\t\t<\/div>\n\t\t\t\t<\/div>","protected":false},"excerpt":{"rendered":"<p>Descri\u00e7\u00e3o O Grupo Turim Hot\u00e9is\u00a0\u00e9 portugu\u00eas,\u00a0\u200b\u00a0iniciou a sua opera\u00e7\u00e3o em 1992, e tem sede em Lisboa. O Grupo tem atualmente em funcionamento 18 Hot\u00e9is, e mais 7 em fase de constru\u00e7\u00e3o, distribu\u00eddos por v\u00e1rias regi\u00f5es de Portugal, incluindo Lisboa, Porto, Madeira, Algarve, A\u00e7ores, Sintra, \u00c9vora, Coimbra e Aveiro. A marca \u00e9 reconhecida pelo seu compromisso &#8230; <a title=\"Tur\u00edn\" class=\"read-more\" href=\"https:\/\/ordemdosfisioterapeutas.pt\/es\/turim\/\" aria-label=\"Leer m\u00e1s sobre Turim\">Seguir leyendo<\/a><\/p>","protected":false},"author":1,"featured_media":0,"parent":0,"menu_order":0,"comment_status":"closed","ping_status":"closed","template":"","meta":{"footnotes":""},"class_list":["post-11417","page","type-page","status-publish"],"_links":{"self":[{"href":"https:\/\/ordemdosfisioterapeutas.pt\/es\/wp-json\/wp\/v2\/pages\/11417","targetHints":{"allow":["GET"]}}],"collection":[{"href":"https:\/\/ordemdosfisioterapeutas.pt\/es\/wp-json\/wp\/v2\/pages"}],"about":[{"href":"https:\/\/ordemdosfisioterapeutas.pt\/es\/wp-json\/wp\/v2\/types\/page"}],"author":[{"embeddable":true,"href":"https:\/\/ordemdosfisioterapeutas.pt\/es\/wp-json\/wp\/v2\/users\/1"}],"replies":[{"embeddable":true,"href":"https:\/\/ordemdosfisioterapeutas.pt\/es\/wp-json\/wp\/v2\/comments?post=11417"}],"version-history":[{"count":4,"href":"https:\/\/ordemdosfisioterapeutas.pt\/es\/wp-json\/wp\/v2\/pages\/11417\/revisions"}],"predecessor-version":[{"id":13092,"href":"https:\/\/ordemdosfisioterapeutas.pt\/es\/wp-json\/wp\/v2\/pages\/11417\/revisions\/13092"}],"wp:attachment":[{"href":"https:\/\/ordemdosfisioterapeutas.pt\/es\/wp-json\/wp\/v2\/media?parent=11417"}],"curies":[{"name":"wp","href":"https:\/\/api.w.org\/{rel}","templated":true}]}}