{"id":11047,"date":"2025-08-02T12:20:05","date_gmt":"2025-08-02T11:20:05","guid":{"rendered":"https:\/\/ordemdosfisioterapeutas.pt\/?page_id=11047"},"modified":"2026-01-16T17:42:11","modified_gmt":"2026-01-16T17:42:11","slug":"resultados-oficiais-2025","status":"publish","type":"page","link":"https:\/\/ordemdosfisioterapeutas.pt\/es\/resultados-oficiais-2025\/","title":{"rendered":"Resultados oficiales"},"content":{"rendered":"<div data-elementor-type=\"wp-page\" data-elementor-id=\"11047\" class=\"elementor elementor-11047\" data-elementor-post-type=\"page\">\n\t\t\t\t<div class=\"elementor-element elementor-element-04f39e5 e-flex e-con-boxed e-con e-parent\" data-id=\"04f39e5\" data-element_type=\"container\" data-e-type=\"container\">\n\t\t\t\t\t<div class=\"e-con-inner\">\n\t\t<div class=\"elementor-element elementor-element-22db3df e-grid e-con-full e-con e-child\" data-id=\"22db3df\" data-element_type=\"container\" data-e-type=\"container\">\n\t\t\t\t<div class=\"elementor-element elementor-element-2770b2c elementor-nav-menu__text-align-aside elementor-nav-menu--toggle elementor-nav-menu--burger elementor-widget elementor-widget-nav-menu\" data-id=\"2770b2c\" data-element_type=\"widget\" data-e-type=\"widget\" data-settings=\"{&quot;layout&quot;:&quot;dropdown&quot;,&quot;submenu_icon&quot;:{&quot;value&quot;:&quot;&lt;i class=\\&quot;\\&quot; aria-hidden=\\&quot;true\\&quot;&gt;&lt;\\\/i&gt;&quot;,&quot;library&quot;:&quot;&quot;},&quot;toggle&quot;:&quot;burger&quot;}\" data-widget_type=\"nav-menu.default\">\n\t\t\t\t<div class=\"elementor-widget-container\">\n\t\t\t\t\t\t\t<div class=\"elementor-menu-toggle\" role=\"button\" tabindex=\"0\" aria-label=\"Men\u00fa Cambiar\" aria-expanded=\"false\">\n\t\t\t<i aria-hidden=\"true\" role=\"presentation\" class=\"elementor-menu-toggle__icon--open eicon-menu-bar\"><\/i><i aria-hidden=\"true\" role=\"presentation\" class=\"elementor-menu-toggle__icon--close eicon-close\"><\/i>\t\t<\/div>\n\t\t\t\t\t<nav class=\"elementor-nav-menu--dropdown elementor-nav-menu__container\" aria-hidden=\"true\">\n\t\t\t\t<ul id=\"menu-2-2770b2c\" class=\"elementor-nav-menu\"><li class=\"menu-item menu-item-type-post_type menu-item-object-page menu-item-11230\"><a href=\"https:\/\/ordemdosfisioterapeutas.pt\/es\/eleicoes-2025\/\" class=\"elementor-item\" tabindex=\"-1\">Elecciones<\/a><\/li>\n<li class=\"menu-item menu-item-type-post_type menu-item-object-page menu-item-11231\"><a href=\"https:\/\/ordemdosfisioterapeutas.pt\/es\/calendario-eleitoral-2025\/\" class=\"elementor-item\" tabindex=\"-1\">Calendario electoral<\/a><\/li>\n<li class=\"menu-item menu-item-type-post_type menu-item-object-page menu-item-11229\"><a href=\"https:\/\/ordemdosfisioterapeutas.pt\/es\/comissao-eleitoral-2025\/\" class=\"elementor-item\" tabindex=\"-1\">Comisi\u00f3n Electoral<\/a><\/li>\n<li class=\"menu-item menu-item-type-post_type menu-item-object-page menu-item-11228\"><a href=\"https:\/\/ordemdosfisioterapeutas.pt\/es\/recenseamento-2025\/\" class=\"elementor-item\" tabindex=\"-1\">Censo<\/a><\/li>\n<li class=\"menu-item menu-item-type-post_type menu-item-object-page menu-item-11227\"><a href=\"https:\/\/ordemdosfisioterapeutas.pt\/es\/caderno-eleitoral-2025\/\" class=\"elementor-item\" tabindex=\"-1\">Censo electoral<\/a><\/li>\n<li class=\"menu-item menu-item-type-post_type menu-item-object-page menu-item-11226\"><a href=\"https:\/\/ordemdosfisioterapeutas.pt\/es\/candidaturas-2025\/\" class=\"elementor-item\" tabindex=\"-1\">Aplicaciones<\/a><\/li>\n<li class=\"menu-item menu-item-type-post_type menu-item-object-page menu-item-11225\"><a href=\"https:\/\/ordemdosfisioterapeutas.pt\/es\/listas-candidatas-2025\/\" class=\"elementor-item\" tabindex=\"-1\">Listas de candidatos<\/a><\/li>\n<li class=\"menu-item menu-item-type-post_type menu-item-object-page menu-item-11224\"><a href=\"https:\/\/ordemdosfisioterapeutas.pt\/es\/campanha-eleitoral-2025\/\" class=\"elementor-item\" tabindex=\"-1\">Campa\u00f1a electoral<\/a><\/li>\n<li class=\"menu-item menu-item-type-post_type menu-item-object-page menu-item-11223\"><a href=\"https:\/\/ordemdosfisioterapeutas.pt\/es\/ato-eleitoral-2025\/\" class=\"elementor-item\" tabindex=\"-1\">Ley electoral<\/a><\/li>\n<li class=\"menu-item menu-item-type-post_type menu-item-object-page menu-item-11221\"><a href=\"https:\/\/ordemdosfisioterapeutas.pt\/es\/resultados-provisorios-2025\/\" class=\"elementor-item\" tabindex=\"-1\">Resultados provisionales<\/a><\/li>\n<li class=\"menu-item menu-item-type-post_type menu-item-object-page menu-item-11222\"><a href=\"https:\/\/ordemdosfisioterapeutas.pt\/es\/resultados-oficiais-2025\/\" class=\"elementor-item\" tabindex=\"-1\">Resultados oficiales<\/a><\/li>\n<li class=\"menu-item menu-item-type-post_type menu-item-object-page menu-item-11220\"><a href=\"https:\/\/ordemdosfisioterapeutas.pt\/es\/tomada-de-posse-2025\/\" class=\"elementor-item\" tabindex=\"-1\">Inauguraci\u00f3n<\/a><\/li>\n<li class=\"menu-item menu-item-type-post_type menu-item-object-page menu-item-11216\"><a href=\"https:\/\/ordemdosfisioterapeutas.pt\/es\/perguntas-frequentes-2025\/\" class=\"elementor-item\" tabindex=\"-1\">Preguntas frecuentes<\/a><\/li>\n<\/ul>\t\t\t<\/nav>\n\t\t\t\t\t\t<\/div>\n\t\t\t\t<\/div>\n\t\t\t\t<\/div>\n\t\t\t\t<div class=\"elementor-element elementor-element-f088b4c elementor-widget elementor-widget-text-editor\" data-id=\"f088b4c\" data-element_type=\"widget\" data-e-type=\"widget\" data-widget_type=\"text-editor.default\">\n\t\t\t\t<div class=\"elementor-widget-container\">\n\t\t\t\t\t\t\t\t\t<p>Tras la validaci\u00f3n final, se publicaron en\u00a0<em>Diario Oficial<\/em>\u00a0los resultados oficiales de las Elecciones 2025 para los \u00d3rganos Sociales del Colegio de Fisioterapeutas.\u00a0<strong>Consulte el aviso publicado en el Diario Oficial, <span style=\"text-decoration: underline;\"><a href=\"https:\/\/ordemdosfisioterapeutas.pt\/wp-content\/uploads\/2025\/12\/Relatorios-Resultados-Eleicoes-2025.pdf\" target=\"_blank\" rel=\"noopener\">aqu\u00ed<\/a><\/span>.<\/strong><\/p><p><strong>A continuaci\u00f3n se puede consultar la composici\u00f3n nominal de los \u00d3rganos de Gobierno del Colegio de Fisioterapeutas, resultante del proceso electoral y de los mecanismos estatutarios aplicables.<\/strong><\/p><h3><strong>Organismos nacionales<\/strong><\/h3><p><strong>Consejo General<\/strong><\/p><p><strong>Presidente del Consejo General: <\/strong>Maria Ant\u00f3nio Ferreira de Castro, CP n\u00ba 410<\/p><p><strong>Secretario de la Mesa: <\/strong>Ad\u00e9rito Ricardo Duarte Seixas, CP n\u00ba 1054<\/p><p><strong>Secretario de la Mesa: <\/strong>Ana Catarina Monteiro Casaca, CP n\u00ba 1107<\/p><p><strong>Miembros efectivos:<\/strong><\/p><p>Manuel Francisco Nunes de Medeiros, CP 3119<\/p><p>Cl\u00e1udia dos Ramos Aguiar, CP n\u00ba 1787<\/p><p>Jo\u00e3o Alberto Branco Valeriano, CP n\u00ba 129<\/p><p>Manuela da Concei\u00e7\u00e3o Ferreira Martinho, CP n\u00ba 4014<\/p><p>Paulo Jorge Cordeiro Gomes Pereira, CP n\u00ba 242<\/p><p>Ana Maria Nunes Machado Moreira, CP 4175<\/p><p>Bernardo de Amorim Gon\u00e7alves Monteiro Pinto, CP 3744<\/p><p>Ana Sofia Cardoso Pontes Magalh\u00e3es Pacheco, CP n\u00ba 1710<\/p><p>Pedro Ven\u00e2ncio Morais Maciel Barbosa, CP 1010<\/p><p>Beatriz Oliveira da Silva, CP n\u00ba 1586<\/p><p>V\u00edtor Hugo do Carmo Azevedo, CP n\u00ba 2358<\/p><p>Maria da Concei\u00e7\u00e3o Sanina Gra\u00e7a, CP n\u00ba 1268<\/p><p>Nelson Jo\u00e3o da Cunha Azevedo, CP n\u00ba 2227<\/p><p>Paula Clara Ribeiro Santos, CP n\u00ba 732<\/p><p>Nuno Filipe Pina, CP 3894<\/p><p>Anabela Gon\u00e7alves da Silva, CP n\u00ba 499<\/p><p>Duarte Rafael Sampaio Pereira, CP 548<\/p><p>Alda Sofia Pires de Dias Marques, CP n\u00ba 1299<\/p><p>H\u00e9lio Manuel Bragan\u00e7a da Silva, CP n\u00ba 3704<\/p><p>Ana Rita Carujo Saramago, CP n\u00ba 1066<\/p><p>Bruno Miguel Gon\u00e7alves da Silva, CP 3711<\/p><p>Mariana Miguel Santos Fonseca, CP n\u00ba 2247<\/p><p>Ana Maria Concei\u00e7\u00e3o Tom\u00e9, CP n\u00ba 1294<\/p><p>Rui Alberto Fernandes Antunes Viana, CP n\u00ba 1956<\/p><p>Eliana Cibel Abreu Sousa, CP n\u00ba 10850<\/p><p>S\u00e9rgio Mendes Neto, CP n\u00ba 326<\/p><p>Sara Palos Souto de Miranda, CP n\u00ba 1235<\/p><p>Germano Jos\u00e9 da Silva Ferreira, CP 3563<\/p><p>Mariana Rodrigues Sim\u00f5es Costa Fonseca, CP n\u00ba 136<\/p><p>Ricardo Jorge Afonso Dias, CP n\u00ba 1696<\/p><p>Marta In\u00eas Ribeiro Gon\u00e7alves, CP 4735<\/p><p>Carolina Maria Welbers, CP n\u00ba 6378<\/p><p>C\u00e9sar da Silva Nat\u00e1rio, CP 7038<\/p><p>Marta Pereira Duarte, CP n\u00ba 4926<\/p><p>T\u00e2nia Lu\u00edsa Tavares Santo, CP 3585<\/p><p>Cust\u00f3dio Gabriel Martins da Costa, CP 3816<\/p><p>Joaquina Vieira da Palma Cristina, CP n\u00ba 10946<\/p><p>Ana Maria Favinha Paraiba de Oliveira Ferreira Pinto, CP 3471<\/p><p>Jo\u00e3o Frederico de Amorim Gon\u00e7alves Monteiro Pinto, CP n\u00ba 2077<\/p><p>Angela Patricia \u00c1guas Bonaparte Vieira, CP n\u00ba 1505<\/p><p>Andreia Sara da Silva Rocha, CP n\u00ba 1353<\/p><p>Jo\u00e3o Pedro Oliveira dos Santos Neto, CP 1429<\/p><p>Elsa Maria Gil Louren\u00e7o da Silva, CP 3515<\/p><p>Telma Filipa Rodrigues Pereira Pires, CP n\u00ba 2847<\/p><p>Pedro Miguel da Silva Catarro, CP n\u00ba 2579<\/p><p>Teresa Miguel Marques Pinto, CP n\u00ba 2224<\/p><p>Cl\u00e1udia Sofia da Costa Ver\u00edssimo, CP 1258<\/p><p><strong>Suplentes:<\/strong><\/p><p>Emanuel Tiago Santos Heleno, CP n\u00ba 397<\/p><p>Francisco Lu\u00eds Rocha Neto, CP n\u00ba 3210<\/p><p>Susana Patr\u00edcia Tinoco da Silva Duarte, CP n\u00ba 2524<\/p><p>\u00c2ngela Jorge Mesquita, CP n\u00ba 3436<\/p><p>David Dam\u00e1sio Francisco, CP n\u00ba 974<\/p><p>S\u00f3nia Manuela Torrinha Machado, CP n\u00ba 7789<\/p><p>Rosa Maria de Sousa Andias, CP n\u00ba 2261<\/p><p>Tiago Miguel Figueiredo de Brito, CP n\u00ba 1980<\/p><p>Carla Mendes Pereira, CP 2732<\/p><p>Soraia Juliana Pires, CP 5570<\/p><p>Pedro Jorge Reis de Almeida, CP n\u00ba 243<\/p><p>Marlene Cris\udbc0\udd9fna Neves Rosa, CP n\u00ba 10043<\/p><p>Catarina Isabel Correia Pereira Teixeira de Almada, CP n\u00ba 1989<\/p><p>Bruno Teixeira de Carvalho, CP n\u00ba 11011<\/p><p>Clara Daniela Dias Ferreira, CP n\u00ba 3499<\/p><p>Lu\u00eds Miguel Eva Ferreira, CP n\u00ba 1538<\/p><p>Rita Maria Rodrigues Pires Afonso, CP n\u00ba 976<\/p><p>Rubina Lu\u00edsa Teixeira Moniz, CP n\u00ba 3089<\/p><p>Diogo Sousa Silva, CP n\u00ba 11329<\/p><p>Cristina Teresa Torr\u00e3o de Carvalho Mesquita, CP n\u00ba 4397<\/p><p>Joana Medeiros Andrade, CP 2709<\/p><p>Patrick Jimmy Soares Morais CP n\u00ba 9698<\/p><p>Joana Isabel Duarte Tiago, CP n\u00ba 2917<\/p><p>Andr\u00e9 Lu\u00eds Rocha Pinhal, CP n\u00ba 13121<\/p><p>Ana Sofia Garcez Barbosa do Couto, CP n\u00ba 1440<\/p><p><strong>Bastonary<\/strong><\/p><p>Ant\u00f3nio Manuel Fernandes Lopes, CP n\u00ba 2<\/p><p><strong>Direcci\u00f3n<br \/><\/strong><br \/><strong>Presidente:<\/strong> Ant\u00f3nio Manuel Fernandes Lopes, CP n\u00ba 2<br \/><br \/><strong>Vicepresidente 1\u00ba:<\/strong> Maria da Concei\u00e7\u00e3o Mada\u00edl Caldeira Bettencourt, CP n\u00ba 5<br \/><br \/><strong>Vicepresidente 2\u00ba:<\/strong> Pedro Jorge Lapa Rebelo, CP n\u00ba 4<br \/><br \/><strong>1er Miembro:<\/strong> Afonso Rodrigues Neutel, CP n\u00ba 8<br \/><br \/><strong>2\u00ba Miembro:<\/strong> Sofia Mendes Alves Pereira Jord\u00e3o, CP n\u00ba4683<br \/><br \/><\/p><p><strong>Consejo Jurisdiccional<\/strong><\/p><p><strong>Presidente: <\/strong>Rui Manuel Tom\u00e9 Torres, CP n\u00ba 3050<\/p><p><strong>1er Miembro: <\/strong>Ana Cabral de Noronha e Menezes Cordeiro de Sousa, CP n\u00ba 3230<\/p><p><strong>2\u00ba Miembro: <\/strong>Rui Miguel Monteiro Soles Gon\u00e7alves, CP n\u00ba 15<\/p><p><strong>3er Miembro: <\/strong>L\u00facia Maria Sim\u00f5es Fernandes Costa<\/p><p><strong>4\u00ba Miembro: <\/strong>Helder Rui Martins Fonseca<\/p><p><strong>Suplentes:<\/strong><\/p><p>Diana Filipa Salvador Bernardo, CP 5510<\/p><p>Rui Miguel Faria Furtado Cintra, CP n\u00ba 2697<\/p><p>Isabel Maria Pires Sebasti\u00e3o Ramalhinho<br \/><br \/><\/p><p><strong>Consejo Fiscal<\/strong><\/p><p><strong>Presidente:<\/strong> Jos\u00e9 Manuel Fernandes Esteves, CP n\u00ba605<\/p><p><strong>Miembro: <\/strong>Ana Maria Campos Matias Marreiros Cajera, CP n\u00ba3238<\/p><p><strong>Censor Jurado de Cuentas: <\/strong>Joaquim Jos\u00e9 dos Santos Alves, CP ROC n\u00ba 1239<br \/><br \/><\/p><p><strong>Consejo de Supervisi\u00f3n<\/strong><\/p><p><strong>Miembros efectivos:<\/strong><\/p><p>Ana Isabel Alves Silva de Almeida, CP 3994<\/p><p>Rui Jorge Dias Costa, CP 11<\/p><p>Jorge Manuel dos Santos Conde<\/p><p>Maria Jo\u00e3o Moreira Gon\u00e7alves<\/p><p><strong>Suplentes:<\/strong><\/p><p>Joana Batista de Castro Pinto, CP 4178<\/p><p>Raul Alberto Carrilho Cordeiro<\/p><h3><strong>Organismos regionales<\/strong><\/h3><p><strong>Direcci\u00f3n Regional Septentrional<\/strong><\/p><p><strong>Presidente: <\/strong>Jos\u00e9 Pedro Pinto Leite, CP n\u00ba 4512<\/p><p><strong>1er Miembro: <\/strong>Henriqueta Manuela Fernandes, CP n\u00ba 8304<\/p><p><strong>2\u00ba Miembro: <\/strong>Jos\u00e9 Lu\u00eds Martins Alves Sousa, CP n\u00ba 2294<\/p><p><strong>Suplentes: <\/strong>Maria Gabriela Mendes da Rocha Brochado, CP n\u00ba 14<\/p><p><strong>Direcci\u00f3n Regional Centro<\/strong><\/p><p><strong>Presidente: <\/strong>Lu\u00eds Manuel Pereira Br\u00e1s, CP n\u00ba 4158<\/p><p><strong>1er Miembro: <\/strong>Maria Leonor Ferreira de Oliveira Manuel Adri\u00e3o, CP 9441<\/p><p><strong>2\u00ba Miembro: <\/strong>Joana Cristina de Oliveira Rosado, CP 1009<\/p><p><strong>Suplentes: <\/strong>Jo\u00e3o Afonso Belo Duarte Aires Moreira, CP 543<\/p><p><strong>Oficina Regional Sur<\/strong><\/p><p><strong>Presidente: <\/strong>Sandra Margarida Quintas Alves Veloso, CP n\u00ba 897<\/p><p><strong>1er Miembro: <\/strong>Cl\u00e1udio Miguel Dias Correia, CP 3851<\/p><p><strong>2\u00ba Miembro: <\/strong>Carla Sofia Cruzinha de Sousa, CP 660<\/p><p><strong>Suplentes: <\/strong>Jos\u00e9 Alexandre de Ara\u00fajo Melo Marques Coelho, CP 415<\/p><p><strong>Oficina Regional de las Azores<\/strong><\/p><p><strong>Presidente: <\/strong>Lu\u00eds Carlos Martins Duarte, CP n\u00ba 269<\/p><p><strong>1er Miembro: <\/strong>Juliana Sofia da Silva Fernandes, CP 560<\/p><p><strong>2\u00ba Miembro: <\/strong>Nuno Miguel Leal Ribeiro, CP n\u00ba 4258<\/p><p><strong>Suplentes: <\/strong>Joana Amaral Silva da Costa Dias, CP 3196<\/p><p>Luciana Lib\u00e2nio da Silva, CP n\u00ba 3477<\/p><p><strong>Junta de la Asamblea Regional del Norte<\/strong><\/p><p><strong>Presidente: <\/strong>Andrea Miguel Lopes Rodrigues Ribeiro Macedo, CP n\u00ba 802<\/p><p><strong>1er Miembro: <\/strong>M\u00e1rcio Miguel Fernandes Ferreira Vieira, CP n\u00ba 1347<\/p><p><strong>2\u00ba Miembro: <\/strong>Sandrine Jorge Ferreira, CP 1464<\/p><p><strong>Suplentes: <\/strong>Jo\u00e3o Nuno Pereira dos Reis Sousa, CP n\u00ba 193<\/p><p><strong>Mesa de la Asamblea Regional del Centro<\/strong><\/p><p><strong>Presidente: <\/strong>Fernando Manuel Tavares da Silva Ribeiro, CP n\u00ba 2560<\/p><p><strong>1er Miembro: <\/strong>Ana Claudia Bexiga Monteiro, CP n\u00ba 8936<\/p><p><strong>2\u00ba Miembro: <\/strong>Sofia P\u00e1scoa Tavares, CP n\u00ba 16<\/p><p><strong>Suplentes: <\/strong>Vitor Manuel Carvalho Ferreira Gon\u00e7alves, CP n\u00ba 7766<\/p><p><strong>Mesa de la Asamblea Regional de las Azores<\/strong><\/p><p><strong>Presidente: <\/strong>Carlos Alberto Medeiros Mendon\u00e7a, CP n\u00ba 10993<\/p><p><strong>1er Miembro: <\/strong>In\u00eas Margarida Pereira Cardoso, CP n\u00ba 1272<\/p><p><strong>2\u00ba Miembro: <\/strong>L\u00facia Maria de Dias Matos, CP n\u00ba 11189<\/p><p><strong>Suplentes: <\/strong>Tib\u00e9rio Pereira Cabral, CP n\u00ba 2989<\/p><p><strong>Junta de la Asamblea Regional de Madeira<\/strong><\/p><p><strong>Presidente: <\/strong>Carolina Lu\u00edsa Quintal Caldeira, CP n\u00ba 424<\/p><p><strong>1er Miembro: <\/strong>Jo\u00e3o Tiago Teixeira Silva, CP n\u00ba 12653<\/p><p><strong>2\u00ba Miembro: <\/strong>Carolina Silva Vieira, CP 1725<\/p><p><strong>Suplentes: <\/strong>Jo\u00e3o Rodolfo Novita, CP 9556<\/p><p><span data-olk-copy-source=\"MessageBody\">\u00a0<\/span><\/p>\t\t\t\t\t\t\t\t<\/div>\n\t\t\t\t<\/div>\n\t\t\t\t\t<\/div>\n\t\t\t\t<\/div>\n\t\t\t\t<\/div>","protected":false},"excerpt":{"rendered":"<p>Ap\u00f3s a valida\u00e7\u00e3o final, foram publicados em\u00a0Di\u00e1rio da Rep\u00fablica\u00a0os resultados oficiais das Elei\u00e7\u00f5es 2025 para os \u00d3rg\u00e3os Sociais da Ordem dos Fisioterapeutas.\u00a0Consulte o Aviso publicado em Di\u00e1rio da Rep\u00fablica, aqui. A composi\u00e7\u00e3o nominal dos \u00d3rg\u00e3os Sociais da Ordem dos Fisioterapeutas, resultante do processo eleitoral e dos mecanismos estatut\u00e1rios aplic\u00e1veis, encontra-se dispon\u00edvel abaixo, para consulta. \u00d3rg\u00e3os &#8230; <a title=\"Resultados oficiales\" class=\"read-more\" href=\"https:\/\/ordemdosfisioterapeutas.pt\/es\/resultados-oficiais-2025\/\" aria-label=\"Leer m\u00e1s sobre Resultados Oficiais\">Seguir leyendo<\/a><\/p>","protected":false},"author":1,"featured_media":0,"parent":0,"menu_order":0,"comment_status":"closed","ping_status":"closed","template":"","meta":{"footnotes":""},"class_list":["post-11047","page","type-page","status-publish"],"_links":{"self":[{"href":"https:\/\/ordemdosfisioterapeutas.pt\/es\/wp-json\/wp\/v2\/pages\/11047","targetHints":{"allow":["GET"]}}],"collection":[{"href":"https:\/\/ordemdosfisioterapeutas.pt\/es\/wp-json\/wp\/v2\/pages"}],"about":[{"href":"https:\/\/ordemdosfisioterapeutas.pt\/es\/wp-json\/wp\/v2\/types\/page"}],"author":[{"embeddable":true,"href":"https:\/\/ordemdosfisioterapeutas.pt\/es\/wp-json\/wp\/v2\/users\/1"}],"replies":[{"embeddable":true,"href":"https:\/\/ordemdosfisioterapeutas.pt\/es\/wp-json\/wp\/v2\/comments?post=11047"}],"version-history":[{"count":15,"href":"https:\/\/ordemdosfisioterapeutas.pt\/es\/wp-json\/wp\/v2\/pages\/11047\/revisions"}],"predecessor-version":[{"id":12493,"href":"https:\/\/ordemdosfisioterapeutas.pt\/es\/wp-json\/wp\/v2\/pages\/11047\/revisions\/12493"}],"wp:attachment":[{"href":"https:\/\/ordemdosfisioterapeutas.pt\/es\/wp-json\/wp\/v2\/media?parent=11047"}],"curies":[{"name":"wp","href":"https:\/\/api.w.org\/{rel}","templated":true}]}}