{"id":11046,"date":"2025-08-02T12:20:35","date_gmt":"2025-08-02T11:20:35","guid":{"rendered":"https:\/\/ordemdosfisioterapeutas.pt\/?page_id=11046"},"modified":"2025-12-05T22:05:43","modified_gmt":"2025-12-05T22:05:43","slug":"resultados-provisorios-2025","status":"publish","type":"page","link":"https:\/\/ordemdosfisioterapeutas.pt\/es\/resultados-provisorios-2025\/","title":{"rendered":"Resultados provisionales"},"content":{"rendered":"<div data-elementor-type=\"wp-page\" data-elementor-id=\"11046\" class=\"elementor elementor-11046\" data-elementor-post-type=\"page\">\n\t\t\t\t<div class=\"elementor-element elementor-element-d0d097b e-flex e-con-boxed e-con e-parent\" data-id=\"d0d097b\" data-element_type=\"container\" data-e-type=\"container\">\n\t\t\t\t\t<div class=\"e-con-inner\">\n\t\t<div class=\"elementor-element elementor-element-89ce8a6 e-grid e-con-full e-con e-child\" data-id=\"89ce8a6\" data-element_type=\"container\" data-e-type=\"container\">\n\t\t\t\t<div class=\"elementor-element elementor-element-a7f5ff0 elementor-nav-menu__text-align-aside elementor-nav-menu--toggle elementor-nav-menu--burger elementor-widget elementor-widget-nav-menu\" data-id=\"a7f5ff0\" data-element_type=\"widget\" data-e-type=\"widget\" data-settings=\"{&quot;layout&quot;:&quot;dropdown&quot;,&quot;submenu_icon&quot;:{&quot;value&quot;:&quot;&lt;i class=\\&quot;\\&quot; aria-hidden=\\&quot;true\\&quot;&gt;&lt;\\\/i&gt;&quot;,&quot;library&quot;:&quot;&quot;},&quot;toggle&quot;:&quot;burger&quot;}\" data-widget_type=\"nav-menu.default\">\n\t\t\t\t<div class=\"elementor-widget-container\">\n\t\t\t\t\t\t\t<div class=\"elementor-menu-toggle\" role=\"button\" tabindex=\"0\" aria-label=\"Men\u00fa Cambiar\" aria-expanded=\"false\">\n\t\t\t<i aria-hidden=\"true\" role=\"presentation\" class=\"elementor-menu-toggle__icon--open eicon-menu-bar\"><\/i><i aria-hidden=\"true\" role=\"presentation\" class=\"elementor-menu-toggle__icon--close eicon-close\"><\/i>\t\t<\/div>\n\t\t\t\t\t<nav class=\"elementor-nav-menu--dropdown elementor-nav-menu__container\" aria-hidden=\"true\">\n\t\t\t\t<ul id=\"menu-2-a7f5ff0\" class=\"elementor-nav-menu\"><li class=\"menu-item menu-item-type-post_type menu-item-object-page menu-item-11230\"><a href=\"https:\/\/ordemdosfisioterapeutas.pt\/es\/eleicoes-2025\/\" class=\"elementor-item\" tabindex=\"-1\">Elecciones<\/a><\/li>\n<li class=\"menu-item menu-item-type-post_type menu-item-object-page menu-item-11231\"><a href=\"https:\/\/ordemdosfisioterapeutas.pt\/es\/calendario-eleitoral-2025\/\" class=\"elementor-item\" tabindex=\"-1\">Calendario electoral<\/a><\/li>\n<li class=\"menu-item menu-item-type-post_type menu-item-object-page menu-item-11229\"><a href=\"https:\/\/ordemdosfisioterapeutas.pt\/es\/comissao-eleitoral-2025\/\" class=\"elementor-item\" tabindex=\"-1\">Comisi\u00f3n Electoral<\/a><\/li>\n<li class=\"menu-item menu-item-type-post_type menu-item-object-page menu-item-11228\"><a href=\"https:\/\/ordemdosfisioterapeutas.pt\/es\/recenseamento-2025\/\" class=\"elementor-item\" tabindex=\"-1\">Censo<\/a><\/li>\n<li class=\"menu-item menu-item-type-post_type menu-item-object-page menu-item-11227\"><a href=\"https:\/\/ordemdosfisioterapeutas.pt\/es\/caderno-eleitoral-2025\/\" class=\"elementor-item\" tabindex=\"-1\">Censo electoral<\/a><\/li>\n<li class=\"menu-item menu-item-type-post_type menu-item-object-page menu-item-11226\"><a href=\"https:\/\/ordemdosfisioterapeutas.pt\/es\/candidaturas-2025\/\" class=\"elementor-item\" tabindex=\"-1\">Aplicaciones<\/a><\/li>\n<li class=\"menu-item menu-item-type-post_type menu-item-object-page menu-item-11225\"><a href=\"https:\/\/ordemdosfisioterapeutas.pt\/es\/listas-candidatas-2025\/\" class=\"elementor-item\" tabindex=\"-1\">Listas de candidatos<\/a><\/li>\n<li class=\"menu-item menu-item-type-post_type menu-item-object-page menu-item-11224\"><a href=\"https:\/\/ordemdosfisioterapeutas.pt\/es\/campanha-eleitoral-2025\/\" class=\"elementor-item\" tabindex=\"-1\">Campa\u00f1a electoral<\/a><\/li>\n<li class=\"menu-item menu-item-type-post_type menu-item-object-page menu-item-11223\"><a href=\"https:\/\/ordemdosfisioterapeutas.pt\/es\/ato-eleitoral-2025\/\" class=\"elementor-item\" tabindex=\"-1\">Ley electoral<\/a><\/li>\n<li class=\"menu-item menu-item-type-post_type menu-item-object-page menu-item-11221\"><a href=\"https:\/\/ordemdosfisioterapeutas.pt\/es\/resultados-provisorios-2025\/\" class=\"elementor-item\" tabindex=\"-1\">Resultados provisionales<\/a><\/li>\n<li class=\"menu-item menu-item-type-post_type menu-item-object-page menu-item-11222\"><a href=\"https:\/\/ordemdosfisioterapeutas.pt\/es\/resultados-oficiais-2025\/\" class=\"elementor-item\" tabindex=\"-1\">Resultados oficiales<\/a><\/li>\n<li class=\"menu-item menu-item-type-post_type menu-item-object-page menu-item-11220\"><a href=\"https:\/\/ordemdosfisioterapeutas.pt\/es\/tomada-de-posse-2025\/\" class=\"elementor-item\" tabindex=\"-1\">Inauguraci\u00f3n<\/a><\/li>\n<li class=\"menu-item menu-item-type-post_type menu-item-object-page menu-item-11216\"><a href=\"https:\/\/ordemdosfisioterapeutas.pt\/es\/perguntas-frequentes-2025\/\" class=\"elementor-item\" tabindex=\"-1\">Preguntas frecuentes<\/a><\/li>\n<\/ul>\t\t\t<\/nav>\n\t\t\t\t\t\t<\/div>\n\t\t\t\t<\/div>\n\t\t\t\t<\/div>\n\t\t\t\t<div class=\"elementor-element elementor-element-a046a02 elementor-widget elementor-widget-text-editor\" data-id=\"a046a02\" data-element_type=\"widget\" data-e-type=\"widget\" data-widget_type=\"text-editor.default\">\n\t\t\t\t<div class=\"elementor-widget-container\">\n\t\t\t\t\t\t\t\t\t<p>Ya est\u00e1n disponibles los resultados provisionales de las elecciones para los \u00d3rganos Nacionales y Regionales de la Orden de Fisioterapeutas.<br \/>A continuaci\u00f3n figuran los resultados de cada organizaci\u00f3n.<\/p>\t\t\t\t\t\t\t\t<\/div>\n\t\t\t\t<\/div>\n\t\t\t\t<div class=\"elementor-element elementor-element-97f2e51 elementor-widget elementor-widget-heading\" data-id=\"97f2e51\" data-element_type=\"widget\" data-e-type=\"widget\" data-widget_type=\"heading.default\">\n\t\t\t\t<div class=\"elementor-widget-container\">\n\t\t\t\t\t<h2 class=\"elementor-heading-title elementor-size-default\">ORGANIZACIONES NACIONALES<\/h2>\t\t\t\t<\/div>\n\t\t\t\t<\/div>\n\t\t\t\t<div class=\"elementor-element elementor-element-fc2aecb elementor-widget elementor-widget-image\" data-id=\"fc2aecb\" data-element_type=\"widget\" data-e-type=\"widget\" data-widget_type=\"image.default\">\n\t\t\t\t<div class=\"elementor-widget-container\">\n\t\t\t\t\t\t\t\t\t\t\t\t<figure class=\"wp-caption\">\n\t\t\t\t\t\t\t\t\t\t<img fetchpriority=\"high\" decoding=\"async\" width=\"855\" height=\"686\" src=\"https:\/\/ordemdosfisioterapeutas.pt\/wp-content\/uploads\/2025\/12\/Imagem-2-Conselho-Geral-1024x822.jpg\" class=\"attachment-large size-large wp-image-12102\" alt=\"\" srcset=\"https:\/\/ordemdosfisioterapeutas.pt\/wp-content\/uploads\/2025\/12\/Imagem-2-Conselho-Geral-1024x822.jpg 1024w, https:\/\/ordemdosfisioterapeutas.pt\/wp-content\/uploads\/2025\/12\/Imagem-2-Conselho-Geral-300x241.jpg 300w, https:\/\/ordemdosfisioterapeutas.pt\/wp-content\/uploads\/2025\/12\/Imagem-2-Conselho-Geral-768x617.jpg 768w, https:\/\/ordemdosfisioterapeutas.pt\/wp-content\/uploads\/2025\/12\/Imagem-2-Conselho-Geral-15x12.jpg 15w, https:\/\/ordemdosfisioterapeutas.pt\/wp-content\/uploads\/2025\/12\/Imagem-2-Conselho-Geral.jpg 1245w\" sizes=\"(max-width: 855px) 100vw, 855px\" \/>\t\t\t\t\t\t\t\t\t\t\t<figcaption class=\"widget-image-caption wp-caption-text\">Consejo General<\/figcaption>\n\t\t\t\t\t\t\t\t\t\t<\/figure>\n\t\t\t\t\t\t\t\t\t<\/div>\n\t\t\t\t<\/div>\n\t\t\t\t<div class=\"elementor-element elementor-element-5e86906 elementor-widget elementor-widget-image\" data-id=\"5e86906\" data-element_type=\"widget\" data-e-type=\"widget\" data-widget_type=\"image.default\">\n\t\t\t\t<div class=\"elementor-widget-container\">\n\t\t\t\t\t\t\t\t\t\t\t\t<figure class=\"wp-caption\">\n\t\t\t\t\t\t\t\t\t\t<img decoding=\"async\" width=\"855\" height=\"686\" src=\"https:\/\/ordemdosfisioterapeutas.pt\/wp-content\/uploads\/2025\/12\/Imagem-3-Bastonario.jpeg-1024x822.jpeg\" class=\"attachment-large size-large wp-image-12108\" alt=\"\" srcset=\"https:\/\/ordemdosfisioterapeutas.pt\/wp-content\/uploads\/2025\/12\/Imagem-3-Bastonario.jpeg-1024x822.jpeg 1024w, https:\/\/ordemdosfisioterapeutas.pt\/wp-content\/uploads\/2025\/12\/Imagem-3-Bastonario.jpeg-300x241.jpeg 300w, https:\/\/ordemdosfisioterapeutas.pt\/wp-content\/uploads\/2025\/12\/Imagem-3-Bastonario.jpeg-768x617.jpeg 768w, https:\/\/ordemdosfisioterapeutas.pt\/wp-content\/uploads\/2025\/12\/Imagem-3-Bastonario.jpeg-15x12.jpeg 15w, https:\/\/ordemdosfisioterapeutas.pt\/wp-content\/uploads\/2025\/12\/Imagem-3-Bastonario.jpeg.jpeg 1245w\" sizes=\"(max-width: 855px) 100vw, 855px\" \/>\t\t\t\t\t\t\t\t\t\t\t<figcaption class=\"widget-image-caption wp-caption-text\">Bastonary<\/figcaption>\n\t\t\t\t\t\t\t\t\t\t<\/figure>\n\t\t\t\t\t\t\t\t\t<\/div>\n\t\t\t\t<\/div>\n\t\t\t\t<div class=\"elementor-element elementor-element-70b6e77 elementor-widget elementor-widget-image\" data-id=\"70b6e77\" data-element_type=\"widget\" data-e-type=\"widget\" data-widget_type=\"image.default\">\n\t\t\t\t<div class=\"elementor-widget-container\">\n\t\t\t\t\t\t\t\t\t\t\t\t<figure class=\"wp-caption\">\n\t\t\t\t\t\t\t\t\t\t<img decoding=\"async\" width=\"855\" height=\"686\" src=\"https:\/\/ordemdosfisioterapeutas.pt\/wp-content\/uploads\/2025\/12\/Imagem-4-Conselho-Jurisdicional.jpeg-1024x822.jpeg\" class=\"attachment-large size-large wp-image-12109\" alt=\"\" srcset=\"https:\/\/ordemdosfisioterapeutas.pt\/wp-content\/uploads\/2025\/12\/Imagem-4-Conselho-Jurisdicional.jpeg-1024x822.jpeg 1024w, https:\/\/ordemdosfisioterapeutas.pt\/wp-content\/uploads\/2025\/12\/Imagem-4-Conselho-Jurisdicional.jpeg-300x241.jpeg 300w, https:\/\/ordemdosfisioterapeutas.pt\/wp-content\/uploads\/2025\/12\/Imagem-4-Conselho-Jurisdicional.jpeg-768x617.jpeg 768w, https:\/\/ordemdosfisioterapeutas.pt\/wp-content\/uploads\/2025\/12\/Imagem-4-Conselho-Jurisdicional.jpeg-15x12.jpeg 15w, https:\/\/ordemdosfisioterapeutas.pt\/wp-content\/uploads\/2025\/12\/Imagem-4-Conselho-Jurisdicional.jpeg.jpeg 1245w\" sizes=\"(max-width: 855px) 100vw, 855px\" \/>\t\t\t\t\t\t\t\t\t\t\t<figcaption class=\"widget-image-caption wp-caption-text\">Consejo Jurisdiccional<\/figcaption>\n\t\t\t\t\t\t\t\t\t\t<\/figure>\n\t\t\t\t\t\t\t\t\t<\/div>\n\t\t\t\t<\/div>\n\t\t\t\t<div class=\"elementor-element elementor-element-77f363e elementor-widget elementor-widget-image\" data-id=\"77f363e\" data-element_type=\"widget\" data-e-type=\"widget\" data-widget_type=\"image.default\">\n\t\t\t\t<div class=\"elementor-widget-container\">\n\t\t\t\t\t\t\t\t\t\t\t\t<figure class=\"wp-caption\">\n\t\t\t\t\t\t\t\t\t\t<img loading=\"lazy\" decoding=\"async\" width=\"855\" height=\"686\" src=\"https:\/\/ordemdosfisioterapeutas.pt\/wp-content\/uploads\/2025\/12\/Imagem-5-Conselho-de-Supervisao.jpeg-1024x822.jpeg\" class=\"attachment-large size-large wp-image-12110\" alt=\"\" srcset=\"https:\/\/ordemdosfisioterapeutas.pt\/wp-content\/uploads\/2025\/12\/Imagem-5-Conselho-de-Supervisao.jpeg-1024x822.jpeg 1024w, https:\/\/ordemdosfisioterapeutas.pt\/wp-content\/uploads\/2025\/12\/Imagem-5-Conselho-de-Supervisao.jpeg-300x241.jpeg 300w, https:\/\/ordemdosfisioterapeutas.pt\/wp-content\/uploads\/2025\/12\/Imagem-5-Conselho-de-Supervisao.jpeg-768x617.jpeg 768w, https:\/\/ordemdosfisioterapeutas.pt\/wp-content\/uploads\/2025\/12\/Imagem-5-Conselho-de-Supervisao.jpeg-15x12.jpeg 15w, https:\/\/ordemdosfisioterapeutas.pt\/wp-content\/uploads\/2025\/12\/Imagem-5-Conselho-de-Supervisao.jpeg.jpeg 1245w\" sizes=\"(max-width: 855px) 100vw, 855px\" \/>\t\t\t\t\t\t\t\t\t\t\t<figcaption class=\"widget-image-caption wp-caption-text\">Consejo de Supervisi\u00f3n<\/figcaption>\n\t\t\t\t\t\t\t\t\t\t<\/figure>\n\t\t\t\t\t\t\t\t\t<\/div>\n\t\t\t\t<\/div>\n\t\t\t\t<div class=\"elementor-element elementor-element-b5838c1 elementor-widget elementor-widget-heading\" data-id=\"b5838c1\" data-element_type=\"widget\" data-e-type=\"widget\" data-widget_type=\"heading.default\">\n\t\t\t\t<div class=\"elementor-widget-container\">\n\t\t\t\t\t<h2 class=\"elementor-heading-title elementor-size-default\">ORGANISMOS REGIONALES<\/h2>\t\t\t\t<\/div>\n\t\t\t\t<\/div>\n\t\t\t\t\t<\/div>\n\t\t\t\t<\/div>\n\t\t<div class=\"elementor-element elementor-element-45e98d8 e-flex e-con-boxed e-con e-parent\" data-id=\"45e98d8\" data-element_type=\"container\" data-e-type=\"container\">\n\t\t\t\t\t<div class=\"e-con-inner\">\n\t\t\t\t<div class=\"elementor-element elementor-element-33bd5dd elementor-widget elementor-widget-image\" data-id=\"33bd5dd\" data-element_type=\"widget\" data-e-type=\"widget\" data-widget_type=\"image.default\">\n\t\t\t\t<div class=\"elementor-widget-container\">\n\t\t\t\t\t\t\t\t\t\t\t\t<figure class=\"wp-caption\">\n\t\t\t\t\t\t\t\t\t\t<img loading=\"lazy\" decoding=\"async\" width=\"855\" height=\"686\" src=\"https:\/\/ordemdosfisioterapeutas.pt\/wp-content\/uploads\/2025\/12\/Imagem-6-Direcao-Regional-Norte.jpeg-1024x822.jpg\" class=\"attachment-large size-large wp-image-12111\" alt=\"\" srcset=\"https:\/\/ordemdosfisioterapeutas.pt\/wp-content\/uploads\/2025\/12\/Imagem-6-Direcao-Regional-Norte.jpeg-1024x822.jpg 1024w, https:\/\/ordemdosfisioterapeutas.pt\/wp-content\/uploads\/2025\/12\/Imagem-6-Direcao-Regional-Norte.jpeg-300x241.jpg 300w, https:\/\/ordemdosfisioterapeutas.pt\/wp-content\/uploads\/2025\/12\/Imagem-6-Direcao-Regional-Norte.jpeg-768x617.jpg 768w, https:\/\/ordemdosfisioterapeutas.pt\/wp-content\/uploads\/2025\/12\/Imagem-6-Direcao-Regional-Norte.jpeg-15x12.jpg 15w, https:\/\/ordemdosfisioterapeutas.pt\/wp-content\/uploads\/2025\/12\/Imagem-6-Direcao-Regional-Norte.jpeg.jpg 1245w\" sizes=\"(max-width: 855px) 100vw, 855px\" \/>\t\t\t\t\t\t\t\t\t\t\t<figcaption class=\"widget-image-caption wp-caption-text\">Direcci\u00f3n Regional Septentrional<\/figcaption>\n\t\t\t\t\t\t\t\t\t\t<\/figure>\n\t\t\t\t\t\t\t\t\t<\/div>\n\t\t\t\t<\/div>\n\t\t\t\t<div class=\"elementor-element elementor-element-8d1b541 elementor-widget elementor-widget-image\" data-id=\"8d1b541\" data-element_type=\"widget\" data-e-type=\"widget\" data-widget_type=\"image.default\">\n\t\t\t\t<div class=\"elementor-widget-container\">\n\t\t\t\t\t\t\t\t\t\t\t\t<figure class=\"wp-caption\">\n\t\t\t\t\t\t\t\t\t\t<img loading=\"lazy\" decoding=\"async\" width=\"855\" height=\"686\" src=\"https:\/\/ordemdosfisioterapeutas.pt\/wp-content\/uploads\/2025\/12\/Imagem-7-Direcao-Regional-Centro.jpeg-1024x822.jpeg\" class=\"attachment-large size-large wp-image-12112\" alt=\"\" srcset=\"https:\/\/ordemdosfisioterapeutas.pt\/wp-content\/uploads\/2025\/12\/Imagem-7-Direcao-Regional-Centro.jpeg-1024x822.jpeg 1024w, https:\/\/ordemdosfisioterapeutas.pt\/wp-content\/uploads\/2025\/12\/Imagem-7-Direcao-Regional-Centro.jpeg-300x241.jpeg 300w, https:\/\/ordemdosfisioterapeutas.pt\/wp-content\/uploads\/2025\/12\/Imagem-7-Direcao-Regional-Centro.jpeg-768x617.jpeg 768w, https:\/\/ordemdosfisioterapeutas.pt\/wp-content\/uploads\/2025\/12\/Imagem-7-Direcao-Regional-Centro.jpeg-15x12.jpeg 15w, https:\/\/ordemdosfisioterapeutas.pt\/wp-content\/uploads\/2025\/12\/Imagem-7-Direcao-Regional-Centro.jpeg.jpeg 1245w\" sizes=\"(max-width: 855px) 100vw, 855px\" \/>\t\t\t\t\t\t\t\t\t\t\t<figcaption class=\"widget-image-caption wp-caption-text\">Direcci\u00f3n Regional Centro<\/figcaption>\n\t\t\t\t\t\t\t\t\t\t<\/figure>\n\t\t\t\t\t\t\t\t\t<\/div>\n\t\t\t\t<\/div>\n\t\t\t\t<div class=\"elementor-element elementor-element-ea516b8 elementor-widget elementor-widget-image\" data-id=\"ea516b8\" data-element_type=\"widget\" data-e-type=\"widget\" data-widget_type=\"image.default\">\n\t\t\t\t<div class=\"elementor-widget-container\">\n\t\t\t\t\t\t\t\t\t\t\t\t<figure class=\"wp-caption\">\n\t\t\t\t\t\t\t\t\t\t<img loading=\"lazy\" decoding=\"async\" width=\"855\" height=\"686\" src=\"https:\/\/ordemdosfisioterapeutas.pt\/wp-content\/uploads\/2025\/12\/Imagem-8-Direcao-Regional-Sul.jpeg-1024x822.jpeg\" class=\"attachment-large size-large wp-image-12113\" alt=\"\" srcset=\"https:\/\/ordemdosfisioterapeutas.pt\/wp-content\/uploads\/2025\/12\/Imagem-8-Direcao-Regional-Sul.jpeg-1024x822.jpeg 1024w, https:\/\/ordemdosfisioterapeutas.pt\/wp-content\/uploads\/2025\/12\/Imagem-8-Direcao-Regional-Sul.jpeg-300x241.jpeg 300w, https:\/\/ordemdosfisioterapeutas.pt\/wp-content\/uploads\/2025\/12\/Imagem-8-Direcao-Regional-Sul.jpeg-768x617.jpeg 768w, https:\/\/ordemdosfisioterapeutas.pt\/wp-content\/uploads\/2025\/12\/Imagem-8-Direcao-Regional-Sul.jpeg-15x12.jpeg 15w, https:\/\/ordemdosfisioterapeutas.pt\/wp-content\/uploads\/2025\/12\/Imagem-8-Direcao-Regional-Sul.jpeg.jpeg 1245w\" sizes=\"(max-width: 855px) 100vw, 855px\" \/>\t\t\t\t\t\t\t\t\t\t\t<figcaption class=\"widget-image-caption wp-caption-text\">Oficina Regional Sur<\/figcaption>\n\t\t\t\t\t\t\t\t\t\t<\/figure>\n\t\t\t\t\t\t\t\t\t<\/div>\n\t\t\t\t<\/div>\n\t\t\t\t<div class=\"elementor-element elementor-element-021f0ab elementor-widget elementor-widget-image\" data-id=\"021f0ab\" data-element_type=\"widget\" data-e-type=\"widget\" data-widget_type=\"image.default\">\n\t\t\t\t<div class=\"elementor-widget-container\">\n\t\t\t\t\t\t\t\t\t\t\t\t<figure class=\"wp-caption\">\n\t\t\t\t\t\t\t\t\t\t<img loading=\"lazy\" decoding=\"async\" width=\"855\" height=\"686\" src=\"https:\/\/ordemdosfisioterapeutas.pt\/wp-content\/uploads\/2025\/12\/Imagem-9-Direcao-Regional-Acores-1024x822.jpeg\" class=\"attachment-large size-large wp-image-12114\" alt=\"\" srcset=\"https:\/\/ordemdosfisioterapeutas.pt\/wp-content\/uploads\/2025\/12\/Imagem-9-Direcao-Regional-Acores-1024x822.jpeg 1024w, https:\/\/ordemdosfisioterapeutas.pt\/wp-content\/uploads\/2025\/12\/Imagem-9-Direcao-Regional-Acores-300x241.jpeg 300w, https:\/\/ordemdosfisioterapeutas.pt\/wp-content\/uploads\/2025\/12\/Imagem-9-Direcao-Regional-Acores-768x617.jpeg 768w, https:\/\/ordemdosfisioterapeutas.pt\/wp-content\/uploads\/2025\/12\/Imagem-9-Direcao-Regional-Acores-15x12.jpeg 15w, https:\/\/ordemdosfisioterapeutas.pt\/wp-content\/uploads\/2025\/12\/Imagem-9-Direcao-Regional-Acores.jpeg 1245w\" sizes=\"(max-width: 855px) 100vw, 855px\" \/>\t\t\t\t\t\t\t\t\t\t\t<figcaption class=\"widget-image-caption wp-caption-text\">Oficina Regional de las Azores<\/figcaption>\n\t\t\t\t\t\t\t\t\t\t<\/figure>\n\t\t\t\t\t\t\t\t\t<\/div>\n\t\t\t\t<\/div>\n\t\t\t\t<div class=\"elementor-element elementor-element-4131c13 elementor-widget elementor-widget-image\" data-id=\"4131c13\" data-element_type=\"widget\" data-e-type=\"widget\" data-widget_type=\"image.default\">\n\t\t\t\t<div class=\"elementor-widget-container\">\n\t\t\t\t\t\t\t\t\t\t\t\t<figure class=\"wp-caption\">\n\t\t\t\t\t\t\t\t\t\t<img loading=\"lazy\" decoding=\"async\" width=\"855\" height=\"686\" src=\"https:\/\/ordemdosfisioterapeutas.pt\/wp-content\/uploads\/2025\/12\/Imagem-10-Mesa-da-Assembleia-Regional-Norte-1024x822.jpeg\" class=\"attachment-large size-large wp-image-12115\" alt=\"\" srcset=\"https:\/\/ordemdosfisioterapeutas.pt\/wp-content\/uploads\/2025\/12\/Imagem-10-Mesa-da-Assembleia-Regional-Norte-1024x822.jpeg 1024w, https:\/\/ordemdosfisioterapeutas.pt\/wp-content\/uploads\/2025\/12\/Imagem-10-Mesa-da-Assembleia-Regional-Norte-300x241.jpeg 300w, https:\/\/ordemdosfisioterapeutas.pt\/wp-content\/uploads\/2025\/12\/Imagem-10-Mesa-da-Assembleia-Regional-Norte-768x617.jpeg 768w, https:\/\/ordemdosfisioterapeutas.pt\/wp-content\/uploads\/2025\/12\/Imagem-10-Mesa-da-Assembleia-Regional-Norte-15x12.jpeg 15w, https:\/\/ordemdosfisioterapeutas.pt\/wp-content\/uploads\/2025\/12\/Imagem-10-Mesa-da-Assembleia-Regional-Norte.jpeg 1245w\" sizes=\"(max-width: 855px) 100vw, 855px\" \/>\t\t\t\t\t\t\t\t\t\t\t<figcaption class=\"widget-image-caption wp-caption-text\">Mesa de la Asamblea Regional del Norte<\/figcaption>\n\t\t\t\t\t\t\t\t\t\t<\/figure>\n\t\t\t\t\t\t\t\t\t<\/div>\n\t\t\t\t<\/div>\n\t\t\t\t<div class=\"elementor-element elementor-element-e1d39ba elementor-widget elementor-widget-image\" data-id=\"e1d39ba\" data-element_type=\"widget\" data-e-type=\"widget\" data-widget_type=\"image.default\">\n\t\t\t\t<div class=\"elementor-widget-container\">\n\t\t\t\t\t\t\t\t\t\t\t\t<figure class=\"wp-caption\">\n\t\t\t\t\t\t\t\t\t\t<img loading=\"lazy\" decoding=\"async\" width=\"855\" height=\"686\" src=\"https:\/\/ordemdosfisioterapeutas.pt\/wp-content\/uploads\/2025\/12\/Imagem-11-Mesa-da-Assembleia-Regional-Centro-1024x822.jpeg\" class=\"attachment-large size-large wp-image-12116\" alt=\"\" srcset=\"https:\/\/ordemdosfisioterapeutas.pt\/wp-content\/uploads\/2025\/12\/Imagem-11-Mesa-da-Assembleia-Regional-Centro-1024x822.jpeg 1024w, https:\/\/ordemdosfisioterapeutas.pt\/wp-content\/uploads\/2025\/12\/Imagem-11-Mesa-da-Assembleia-Regional-Centro-300x241.jpeg 300w, https:\/\/ordemdosfisioterapeutas.pt\/wp-content\/uploads\/2025\/12\/Imagem-11-Mesa-da-Assembleia-Regional-Centro-768x617.jpeg 768w, https:\/\/ordemdosfisioterapeutas.pt\/wp-content\/uploads\/2025\/12\/Imagem-11-Mesa-da-Assembleia-Regional-Centro-15x12.jpeg 15w, https:\/\/ordemdosfisioterapeutas.pt\/wp-content\/uploads\/2025\/12\/Imagem-11-Mesa-da-Assembleia-Regional-Centro.jpeg 1245w\" sizes=\"(max-width: 855px) 100vw, 855px\" \/>\t\t\t\t\t\t\t\t\t\t\t<figcaption class=\"widget-image-caption wp-caption-text\">Mesa de la Asamblea Regional del Centro<\/figcaption>\n\t\t\t\t\t\t\t\t\t\t<\/figure>\n\t\t\t\t\t\t\t\t\t<\/div>\n\t\t\t\t<\/div>\n\t\t\t\t<div class=\"elementor-element elementor-element-a4ef5c5 elementor-widget elementor-widget-image\" data-id=\"a4ef5c5\" data-element_type=\"widget\" data-e-type=\"widget\" data-widget_type=\"image.default\">\n\t\t\t\t<div class=\"elementor-widget-container\">\n\t\t\t\t\t\t\t\t\t\t\t\t<figure class=\"wp-caption\">\n\t\t\t\t\t\t\t\t\t\t<img loading=\"lazy\" decoding=\"async\" width=\"855\" height=\"686\" src=\"https:\/\/ordemdosfisioterapeutas.pt\/wp-content\/uploads\/2025\/12\/Imagem-12-Mesa-da-Assembleia-Regional-Acores-1024x822.jpeg\" class=\"attachment-large size-large wp-image-12117\" alt=\"\" srcset=\"https:\/\/ordemdosfisioterapeutas.pt\/wp-content\/uploads\/2025\/12\/Imagem-12-Mesa-da-Assembleia-Regional-Acores-1024x822.jpeg 1024w, https:\/\/ordemdosfisioterapeutas.pt\/wp-content\/uploads\/2025\/12\/Imagem-12-Mesa-da-Assembleia-Regional-Acores-300x241.jpeg 300w, https:\/\/ordemdosfisioterapeutas.pt\/wp-content\/uploads\/2025\/12\/Imagem-12-Mesa-da-Assembleia-Regional-Acores-768x617.jpeg 768w, https:\/\/ordemdosfisioterapeutas.pt\/wp-content\/uploads\/2025\/12\/Imagem-12-Mesa-da-Assembleia-Regional-Acores-15x12.jpeg 15w, https:\/\/ordemdosfisioterapeutas.pt\/wp-content\/uploads\/2025\/12\/Imagem-12-Mesa-da-Assembleia-Regional-Acores.jpeg 1245w\" sizes=\"(max-width: 855px) 100vw, 855px\" \/>\t\t\t\t\t\t\t\t\t\t\t<figcaption class=\"widget-image-caption wp-caption-text\">Mesa de la Asamblea Regional de las Azores<\/figcaption>\n\t\t\t\t\t\t\t\t\t\t<\/figure>\n\t\t\t\t\t\t\t\t\t<\/div>\n\t\t\t\t<\/div>\n\t\t\t\t<div class=\"elementor-element elementor-element-56999b8 elementor-widget elementor-widget-image\" data-id=\"56999b8\" data-element_type=\"widget\" data-e-type=\"widget\" data-widget_type=\"image.default\">\n\t\t\t\t<div class=\"elementor-widget-container\">\n\t\t\t\t\t\t\t\t\t\t\t\t<figure class=\"wp-caption\">\n\t\t\t\t\t\t\t\t\t\t<img loading=\"lazy\" decoding=\"async\" width=\"855\" height=\"686\" src=\"https:\/\/ordemdosfisioterapeutas.pt\/wp-content\/uploads\/2025\/12\/Imagem-13-Mesa-da-Assembleia-Regional-Madeira-1024x822.jpeg\" class=\"attachment-large size-large wp-image-12118\" alt=\"\" srcset=\"https:\/\/ordemdosfisioterapeutas.pt\/wp-content\/uploads\/2025\/12\/Imagem-13-Mesa-da-Assembleia-Regional-Madeira-1024x822.jpeg 1024w, https:\/\/ordemdosfisioterapeutas.pt\/wp-content\/uploads\/2025\/12\/Imagem-13-Mesa-da-Assembleia-Regional-Madeira-300x241.jpeg 300w, https:\/\/ordemdosfisioterapeutas.pt\/wp-content\/uploads\/2025\/12\/Imagem-13-Mesa-da-Assembleia-Regional-Madeira-768x617.jpeg 768w, https:\/\/ordemdosfisioterapeutas.pt\/wp-content\/uploads\/2025\/12\/Imagem-13-Mesa-da-Assembleia-Regional-Madeira-15x12.jpeg 15w, https:\/\/ordemdosfisioterapeutas.pt\/wp-content\/uploads\/2025\/12\/Imagem-13-Mesa-da-Assembleia-Regional-Madeira.jpeg 1245w\" sizes=\"(max-width: 855px) 100vw, 855px\" \/>\t\t\t\t\t\t\t\t\t\t\t<figcaption class=\"widget-image-caption wp-caption-text\">Mesa de la Asamblea Regional de Madeira<\/figcaption>\n\t\t\t\t\t\t\t\t\t\t<\/figure>\n\t\t\t\t\t\t\t\t\t<\/div>\n\t\t\t\t<\/div>\n\t\t\t\t\t<\/div>\n\t\t\t\t<\/div>\n\t\t\t\t<\/div>","protected":false},"excerpt":{"rendered":"<p>Ya est\u00e1n disponibles los resultados provisionales de las elecciones para los \u00d3rganos Nacionales y Regionales de la Orden de Fisioterapeutas. Consulte a continuaci\u00f3n los resultados de cada \u00f3rgano. \u00d3RGANOS NACIONALES Consejo General Presidente Consejo Jurisdiccional Consejo de Supervisi\u00f3n \u00d3RGANOS REGIONALES Direcci\u00f3n Regional Norte Direcci\u00f3n Regional Centro Direcci\u00f3n Regional Sur Junta de las Azores de la Asamblea Regional Norte ... <a title=\"Resultados provisionales\" class=\"read-more\" href=\"https:\/\/ordemdosfisioterapeutas.pt\/es\/resultados-provisorios-2025\/\" aria-label=\"Leer m\u00e1s sobre Resultados provisionales\">Seguir leyendo<\/a><\/p>","protected":false},"author":1,"featured_media":0,"parent":0,"menu_order":0,"comment_status":"closed","ping_status":"closed","template":"","meta":{"footnotes":""},"class_list":["post-11046","page","type-page","status-publish"],"_links":{"self":[{"href":"https:\/\/ordemdosfisioterapeutas.pt\/es\/wp-json\/wp\/v2\/pages\/11046","targetHints":{"allow":["GET"]}}],"collection":[{"href":"https:\/\/ordemdosfisioterapeutas.pt\/es\/wp-json\/wp\/v2\/pages"}],"about":[{"href":"https:\/\/ordemdosfisioterapeutas.pt\/es\/wp-json\/wp\/v2\/types\/page"}],"author":[{"embeddable":true,"href":"https:\/\/ordemdosfisioterapeutas.pt\/es\/wp-json\/wp\/v2\/users\/1"}],"replies":[{"embeddable":true,"href":"https:\/\/ordemdosfisioterapeutas.pt\/es\/wp-json\/wp\/v2\/comments?post=11046"}],"version-history":[{"count":12,"href":"https:\/\/ordemdosfisioterapeutas.pt\/es\/wp-json\/wp\/v2\/pages\/11046\/revisions"}],"predecessor-version":[{"id":12121,"href":"https:\/\/ordemdosfisioterapeutas.pt\/es\/wp-json\/wp\/v2\/pages\/11046\/revisions\/12121"}],"wp:attachment":[{"href":"https:\/\/ordemdosfisioterapeutas.pt\/es\/wp-json\/wp\/v2\/media?parent=11046"}],"curies":[{"name":"wp","href":"https:\/\/api.w.org\/{rel}","templated":true}]}}