{"id":11042,"date":"2025-08-02T12:16:43","date_gmt":"2025-08-02T11:16:43","guid":{"rendered":"https:\/\/ordemdosfisioterapeutas.pt\/?page_id=11042"},"modified":"2025-09-27T11:54:08","modified_gmt":"2025-09-27T10:54:08","slug":"campanha-eleitoral-2025","status":"publish","type":"page","link":"https:\/\/ordemdosfisioterapeutas.pt\/es\/campanha-eleitoral-2025\/","title":{"rendered":"Campa\u00f1a electoral"},"content":{"rendered":"<div data-elementor-type=\"wp-page\" data-elementor-id=\"11042\" class=\"elementor elementor-11042\" data-elementor-post-type=\"page\">\n\t\t\t\t<div class=\"elementor-element elementor-element-1a1f2b7 e-flex e-con-boxed e-con e-parent\" data-id=\"1a1f2b7\" data-element_type=\"container\" data-e-type=\"container\">\n\t\t\t\t\t<div class=\"e-con-inner\">\n\t\t<div class=\"elementor-element elementor-element-3941d8e e-grid e-con-full e-con e-child\" data-id=\"3941d8e\" data-element_type=\"container\" data-e-type=\"container\">\n\t\t\t\t<div class=\"elementor-element elementor-element-89d134f elementor-nav-menu__text-align-aside elementor-nav-menu--toggle elementor-nav-menu--burger elementor-widget elementor-widget-nav-menu\" data-id=\"89d134f\" data-element_type=\"widget\" data-e-type=\"widget\" data-settings=\"{&quot;layout&quot;:&quot;dropdown&quot;,&quot;submenu_icon&quot;:{&quot;value&quot;:&quot;&lt;i class=\\&quot;\\&quot; aria-hidden=\\&quot;true\\&quot;&gt;&lt;\\\/i&gt;&quot;,&quot;library&quot;:&quot;&quot;},&quot;toggle&quot;:&quot;burger&quot;}\" data-widget_type=\"nav-menu.default\">\n\t\t\t\t<div class=\"elementor-widget-container\">\n\t\t\t\t\t\t\t<div class=\"elementor-menu-toggle\" role=\"button\" tabindex=\"0\" aria-label=\"Men\u00fa Cambiar\" aria-expanded=\"false\">\n\t\t\t<i aria-hidden=\"true\" role=\"presentation\" class=\"elementor-menu-toggle__icon--open eicon-menu-bar\"><\/i><i aria-hidden=\"true\" role=\"presentation\" class=\"elementor-menu-toggle__icon--close eicon-close\"><\/i>\t\t<\/div>\n\t\t\t\t\t<nav class=\"elementor-nav-menu--dropdown elementor-nav-menu__container\" aria-hidden=\"true\">\n\t\t\t\t<ul id=\"menu-2-89d134f\" class=\"elementor-nav-menu\"><li class=\"menu-item menu-item-type-post_type menu-item-object-page menu-item-11230\"><a href=\"https:\/\/ordemdosfisioterapeutas.pt\/es\/eleicoes-2025\/\" class=\"elementor-item\" tabindex=\"-1\">Elecciones<\/a><\/li>\n<li class=\"menu-item menu-item-type-post_type menu-item-object-page menu-item-11231\"><a href=\"https:\/\/ordemdosfisioterapeutas.pt\/es\/calendario-eleitoral-2025\/\" class=\"elementor-item\" tabindex=\"-1\">Calendario electoral<\/a><\/li>\n<li class=\"menu-item menu-item-type-post_type menu-item-object-page menu-item-11229\"><a href=\"https:\/\/ordemdosfisioterapeutas.pt\/es\/comissao-eleitoral-2025\/\" class=\"elementor-item\" tabindex=\"-1\">Comisi\u00f3n Electoral<\/a><\/li>\n<li class=\"menu-item menu-item-type-post_type menu-item-object-page menu-item-11228\"><a href=\"https:\/\/ordemdosfisioterapeutas.pt\/es\/recenseamento-2025\/\" class=\"elementor-item\" tabindex=\"-1\">Censo<\/a><\/li>\n<li class=\"menu-item menu-item-type-post_type menu-item-object-page menu-item-11227\"><a href=\"https:\/\/ordemdosfisioterapeutas.pt\/es\/caderno-eleitoral-2025\/\" class=\"elementor-item\" tabindex=\"-1\">Censo electoral<\/a><\/li>\n<li class=\"menu-item menu-item-type-post_type menu-item-object-page menu-item-11226\"><a href=\"https:\/\/ordemdosfisioterapeutas.pt\/es\/candidaturas-2025\/\" class=\"elementor-item\" tabindex=\"-1\">Aplicaciones<\/a><\/li>\n<li class=\"menu-item menu-item-type-post_type menu-item-object-page menu-item-11225\"><a href=\"https:\/\/ordemdosfisioterapeutas.pt\/es\/listas-candidatas-2025\/\" class=\"elementor-item\" tabindex=\"-1\">Listas de candidatos<\/a><\/li>\n<li class=\"menu-item menu-item-type-post_type menu-item-object-page menu-item-11224\"><a href=\"https:\/\/ordemdosfisioterapeutas.pt\/es\/campanha-eleitoral-2025\/\" class=\"elementor-item\" tabindex=\"-1\">Campa\u00f1a electoral<\/a><\/li>\n<li class=\"menu-item menu-item-type-post_type menu-item-object-page menu-item-11223\"><a href=\"https:\/\/ordemdosfisioterapeutas.pt\/es\/ato-eleitoral-2025\/\" class=\"elementor-item\" tabindex=\"-1\">Ley electoral<\/a><\/li>\n<li class=\"menu-item menu-item-type-post_type menu-item-object-page menu-item-11221\"><a href=\"https:\/\/ordemdosfisioterapeutas.pt\/es\/resultados-provisorios-2025\/\" class=\"elementor-item\" tabindex=\"-1\">Resultados provisionales<\/a><\/li>\n<li class=\"menu-item menu-item-type-post_type menu-item-object-page menu-item-11222\"><a href=\"https:\/\/ordemdosfisioterapeutas.pt\/es\/resultados-oficiais-2025\/\" class=\"elementor-item\" tabindex=\"-1\">Resultados oficiales<\/a><\/li>\n<li class=\"menu-item menu-item-type-post_type menu-item-object-page menu-item-11220\"><a href=\"https:\/\/ordemdosfisioterapeutas.pt\/es\/tomada-de-posse-2025\/\" class=\"elementor-item\" tabindex=\"-1\">Inauguraci\u00f3n<\/a><\/li>\n<li class=\"menu-item menu-item-type-post_type menu-item-object-page menu-item-11216\"><a href=\"https:\/\/ordemdosfisioterapeutas.pt\/es\/perguntas-frequentes-2025\/\" class=\"elementor-item\" tabindex=\"-1\">Preguntas frecuentes<\/a><\/li>\n<\/ul>\t\t\t<\/nav>\n\t\t\t\t\t\t<\/div>\n\t\t\t\t<\/div>\n\t\t\t\t<\/div>\n\t\t\t\t<div class=\"elementor-element elementor-element-5ed4e5d elementor-widget elementor-widget-text-editor\" data-id=\"5ed4e5d\" data-element_type=\"widget\" data-e-type=\"widget\" data-widget_type=\"text-editor.default\">\n\t\t\t\t<div class=\"elementor-widget-container\">\n\t\t\t\t\t\t\t\t\t<p>La campa\u00f1a electoral comienza el d\u00eda siguiente a la publicaci\u00f3n de los candidatos admitidos a las votaciones, es decir, el d\u00eda de las elecciones. <b>20 de noviembre de 2025 <\/b>y terminar\u00e1 el <b>3 de diciembre de 2025 <\/b>(la v\u00edspera de las elecciones).<\/p><p>Durante este periodo, <b>la Orden pondr\u00e1 a disposici\u00f3n <\/b>los medios de los candidatos para promover sus propuestas e interactuar con los votantes, de la siguiente manera:<\/p><ul><li>Cada lista podr\u00e1 enviar hasta dos correos electr\u00f3nicos a los votantes, que se difundir\u00e1n a trav\u00e9s de los canales oficiales de la Orden;<\/li><li>Los mensajes deben enviarse en formato HTML a: eleicoes@ordemdosfisioterapeutas.pt, identificando claramente la lista;<\/li><li>Las respuestas a los contactos recibidos en la direcci\u00f3n arriba indicada se enviar\u00e1n en horario de oficina, en d\u00edas laborables, de 09.00 a 18.00 horas;<\/li><li>El calendario ser\u00e1 definido por la Comisi\u00f3n Electoral, en funci\u00f3n del orden de recepci\u00f3n y del periodo de campa\u00f1a;<\/li><li>No se facilitar\u00e1 ning\u00fan contacto de los miembros ni se enviar\u00e1n SMS\/MMS en nombre de las listas;<\/li><li>A petici\u00f3n de las listas, se podr\u00e1n publicar hiperv\u00ednculos en el sitio web de la Orden que redirijan a las p\u00e1ginas oficiales de los candidatos.<\/li><\/ul><p>A <b>La Orden har\u00e1 <\/b>tambi\u00e9n el acceso ocasional a los locales de la Orden en Rua D. Jo\u00e3o V, n\u00b0 24 - 1.06, 1250-091 Lisboa.<\/p><ul><li>Se puede disponer de una sala con capacidad para 15 personas previa solicitud con 48 horas de antelaci\u00f3n;<\/li><li>Las solicitudes deben enviarse a la direcci\u00f3n de correo electr\u00f3nico oficial arriba indicada;<\/li><li>La respuesta se dar\u00e1 en un plazo de 24 horas;<\/li><li>El espacio estar\u00e1 disponible los d\u00edas laborables entre las 9.00 y las 18.00 horas.<\/li><li>De conformidad con el apartado 2 del art\u00edculo 49 de los Estatutos, la Junta decidi\u00f3 no contribuir al coste de las campa\u00f1as electorales, como en elecciones anteriores.<\/li><\/ul>\t\t\t\t\t\t\t\t<\/div>\n\t\t\t\t<\/div>\n\t\t\t\t\t<\/div>\n\t\t\t\t<\/div>\n\t\t\t\t<\/div>","protected":false},"excerpt":{"rendered":"<p>La campa\u00f1a electoral se iniciar\u00e1 al d\u00eda siguiente de la publicaci\u00f3n de los candidatos admitidos a las elecciones, es decir, comenzar\u00e1 el 20 de noviembre de 2025 y finalizar\u00e1 el 3 de diciembre de 2025 (v\u00edspera de las elecciones). Durante este periodo, el Colegio de Abogados pondr\u00e1 a disposici\u00f3n de los candidatos los medios para promocionar sus propuestas e interactuar con ... <a title=\"Campa\u00f1a electoral\" class=\"read-more\" href=\"https:\/\/ordemdosfisioterapeutas.pt\/es\/campanha-eleitoral-2025\/\" aria-label=\"M\u00e1s informaci\u00f3n sobre las campa\u00f1as electorales\">Seguir leyendo<\/a><\/p>","protected":false},"author":1,"featured_media":0,"parent":0,"menu_order":0,"comment_status":"closed","ping_status":"closed","template":"","meta":{"footnotes":""},"class_list":["post-11042","page","type-page","status-publish"],"_links":{"self":[{"href":"https:\/\/ordemdosfisioterapeutas.pt\/es\/wp-json\/wp\/v2\/pages\/11042","targetHints":{"allow":["GET"]}}],"collection":[{"href":"https:\/\/ordemdosfisioterapeutas.pt\/es\/wp-json\/wp\/v2\/pages"}],"about":[{"href":"https:\/\/ordemdosfisioterapeutas.pt\/es\/wp-json\/wp\/v2\/types\/page"}],"author":[{"embeddable":true,"href":"https:\/\/ordemdosfisioterapeutas.pt\/es\/wp-json\/wp\/v2\/users\/1"}],"replies":[{"embeddable":true,"href":"https:\/\/ordemdosfisioterapeutas.pt\/es\/wp-json\/wp\/v2\/comments?post=11042"}],"version-history":[{"count":3,"href":"https:\/\/ordemdosfisioterapeutas.pt\/es\/wp-json\/wp\/v2\/pages\/11042\/revisions"}],"predecessor-version":[{"id":11707,"href":"https:\/\/ordemdosfisioterapeutas.pt\/es\/wp-json\/wp\/v2\/pages\/11042\/revisions\/11707"}],"wp:attachment":[{"href":"https:\/\/ordemdosfisioterapeutas.pt\/es\/wp-json\/wp\/v2\/media?parent=11042"}],"curies":[{"name":"wp","href":"https:\/\/api.w.org\/{rel}","templated":true}]}}