{"id":11040,"date":"2025-08-02T12:15:39","date_gmt":"2025-08-02T11:15:39","guid":{"rendered":"https:\/\/ordemdosfisioterapeutas.pt\/?page_id=11040"},"modified":"2025-11-25T08:18:40","modified_gmt":"2025-11-25T08:18:40","slug":"listas-candidatas-2025","status":"publish","type":"page","link":"https:\/\/ordemdosfisioterapeutas.pt\/es\/listas-candidatas-2025\/","title":{"rendered":"Listas de candidatos"},"content":{"rendered":"<div data-elementor-type=\"wp-page\" data-elementor-id=\"11040\" class=\"elementor elementor-11040\" data-elementor-post-type=\"page\">\n\t\t\t\t<div class=\"elementor-element elementor-element-b95a3e4 e-flex e-con-boxed e-con e-parent\" data-id=\"b95a3e4\" data-element_type=\"container\" data-e-type=\"container\">\n\t\t\t\t\t<div class=\"e-con-inner\">\n\t\t<div class=\"elementor-element elementor-element-10f6622 e-grid e-con-full e-con e-child\" data-id=\"10f6622\" data-element_type=\"container\" data-e-type=\"container\">\n\t\t\t\t<div class=\"elementor-element elementor-element-8d7b303 elementor-nav-menu__text-align-aside elementor-nav-menu--toggle elementor-nav-menu--burger elementor-widget elementor-widget-nav-menu\" data-id=\"8d7b303\" data-element_type=\"widget\" data-e-type=\"widget\" data-settings=\"{&quot;layout&quot;:&quot;dropdown&quot;,&quot;submenu_icon&quot;:{&quot;value&quot;:&quot;&lt;i class=\\&quot;\\&quot; aria-hidden=\\&quot;true\\&quot;&gt;&lt;\\\/i&gt;&quot;,&quot;library&quot;:&quot;&quot;},&quot;toggle&quot;:&quot;burger&quot;}\" data-widget_type=\"nav-menu.default\">\n\t\t\t\t<div class=\"elementor-widget-container\">\n\t\t\t\t\t\t\t<div class=\"elementor-menu-toggle\" role=\"button\" tabindex=\"0\" aria-label=\"Men\u00fa Cambiar\" aria-expanded=\"false\">\n\t\t\t<i aria-hidden=\"true\" role=\"presentation\" class=\"elementor-menu-toggle__icon--open eicon-menu-bar\"><\/i><i aria-hidden=\"true\" role=\"presentation\" class=\"elementor-menu-toggle__icon--close eicon-close\"><\/i>\t\t<\/div>\n\t\t\t\t\t<nav class=\"elementor-nav-menu--dropdown elementor-nav-menu__container\" aria-hidden=\"true\">\n\t\t\t\t<ul id=\"menu-2-8d7b303\" class=\"elementor-nav-menu\"><li class=\"menu-item menu-item-type-post_type menu-item-object-page menu-item-11230\"><a href=\"https:\/\/ordemdosfisioterapeutas.pt\/es\/eleicoes-2025\/\" class=\"elementor-item\" tabindex=\"-1\">Elecciones<\/a><\/li>\n<li class=\"menu-item menu-item-type-post_type menu-item-object-page menu-item-11231\"><a href=\"https:\/\/ordemdosfisioterapeutas.pt\/es\/calendario-eleitoral-2025\/\" class=\"elementor-item\" tabindex=\"-1\">Calendario electoral<\/a><\/li>\n<li class=\"menu-item menu-item-type-post_type menu-item-object-page menu-item-11229\"><a href=\"https:\/\/ordemdosfisioterapeutas.pt\/es\/comissao-eleitoral-2025\/\" class=\"elementor-item\" tabindex=\"-1\">Comisi\u00f3n Electoral<\/a><\/li>\n<li class=\"menu-item menu-item-type-post_type menu-item-object-page menu-item-11228\"><a href=\"https:\/\/ordemdosfisioterapeutas.pt\/es\/recenseamento-2025\/\" class=\"elementor-item\" tabindex=\"-1\">Censo<\/a><\/li>\n<li class=\"menu-item menu-item-type-post_type menu-item-object-page menu-item-11227\"><a href=\"https:\/\/ordemdosfisioterapeutas.pt\/es\/caderno-eleitoral-2025\/\" class=\"elementor-item\" tabindex=\"-1\">Censo electoral<\/a><\/li>\n<li class=\"menu-item menu-item-type-post_type menu-item-object-page menu-item-11226\"><a href=\"https:\/\/ordemdosfisioterapeutas.pt\/es\/candidaturas-2025\/\" class=\"elementor-item\" tabindex=\"-1\">Aplicaciones<\/a><\/li>\n<li class=\"menu-item menu-item-type-post_type menu-item-object-page menu-item-11225\"><a href=\"https:\/\/ordemdosfisioterapeutas.pt\/es\/listas-candidatas-2025\/\" class=\"elementor-item\" tabindex=\"-1\">Listas de candidatos<\/a><\/li>\n<li class=\"menu-item menu-item-type-post_type menu-item-object-page menu-item-11224\"><a href=\"https:\/\/ordemdosfisioterapeutas.pt\/es\/campanha-eleitoral-2025\/\" class=\"elementor-item\" tabindex=\"-1\">Campa\u00f1a electoral<\/a><\/li>\n<li class=\"menu-item menu-item-type-post_type menu-item-object-page menu-item-11223\"><a href=\"https:\/\/ordemdosfisioterapeutas.pt\/es\/ato-eleitoral-2025\/\" class=\"elementor-item\" tabindex=\"-1\">Ley electoral<\/a><\/li>\n<li class=\"menu-item menu-item-type-post_type menu-item-object-page menu-item-11221\"><a href=\"https:\/\/ordemdosfisioterapeutas.pt\/es\/resultados-provisorios-2025\/\" class=\"elementor-item\" tabindex=\"-1\">Resultados provisionales<\/a><\/li>\n<li class=\"menu-item menu-item-type-post_type menu-item-object-page menu-item-11222\"><a href=\"https:\/\/ordemdosfisioterapeutas.pt\/es\/resultados-oficiais-2025\/\" class=\"elementor-item\" tabindex=\"-1\">Resultados oficiales<\/a><\/li>\n<li class=\"menu-item menu-item-type-post_type menu-item-object-page menu-item-11220\"><a href=\"https:\/\/ordemdosfisioterapeutas.pt\/es\/tomada-de-posse-2025\/\" class=\"elementor-item\" tabindex=\"-1\">Inauguraci\u00f3n<\/a><\/li>\n<li class=\"menu-item menu-item-type-post_type menu-item-object-page menu-item-11216\"><a href=\"https:\/\/ordemdosfisioterapeutas.pt\/es\/perguntas-frequentes-2025\/\" class=\"elementor-item\" tabindex=\"-1\">Preguntas frecuentes<\/a><\/li>\n<\/ul>\t\t\t<\/nav>\n\t\t\t\t\t\t<\/div>\n\t\t\t\t<\/div>\n\t\t\t\t<\/div>\n\t\t\t\t\t<\/div>\n\t\t\t\t<\/div>\n\t\t<div class=\"elementor-element elementor-element-2cccaae e-flex e-con-boxed e-con e-parent\" data-id=\"2cccaae\" data-element_type=\"container\" data-e-type=\"container\">\n\t\t\t\t\t<div class=\"e-con-inner\">\n\t\t\t\t<div class=\"elementor-element elementor-element-e91476f elementor-widget elementor-widget-text-editor\" data-id=\"e91476f\" data-element_type=\"widget\" data-e-type=\"widget\" data-widget_type=\"text-editor.default\">\n\t\t\t\t<div class=\"elementor-widget-container\">\n\t\t\t\t\t\t\t\t\t<h3><strong>Organismos nacionales<\/strong><\/h3><p><span style=\"text-decoration: underline;\"><strong>Consejo General - Lista A<\/strong><\/span><\/p><p><strong>Cabeza de lista:<\/strong> Maria Ant\u00f3nio Ferreira de Castro, CP n\u00ba 410<\/p><p><strong>Fideicomisario:<\/strong> Maria Isabel Dias Rasgado Rodrigues Monteiro, CP n\u00ba 2540<\/p><p><strong>Candidatos eficaces:<\/strong><\/p><ul><li>Maria Ant\u00f3nio Ferreira de Castro, CP n\u00ba 410<\/li><li>Ad\u00e9rito Ricardo Duarte Seixas, CP n\u00ba 1054<\/li><li>Ana Catarina Monteiro Casaca, CP n\u00ba 1107<\/li><li>Manuel Francisco Nunes de Medeiros, CP 3119<\/li><li>Cl\u00e1udia dos Ramos Aguiar, CP n\u00ba 1787<\/li><li>Jo\u00e3o Alberto Branco Valeriano, CP n\u00ba 129<\/li><li>Manuela da Concei\u00e7\u00e3o Ferreira Martinho, CP n\u00ba 4014<\/li><li>Paulo Jorge Cordeiro Gomes Pereira, CP n\u00ba 242<\/li><li>Ana Maria Nunes Machado Moreira, CP 4175<\/li><li>Bernardo de Amorim Gon\u00e7alves Monteiro Pinto, CP 3744<\/li><li>Ana Sofia Cardoso Pontes Magalh\u00e3es Pacheco, CP n\u00ba 1710<\/li><li>Pedro Ven\u00e2ncio Morais Maciel Barbosa, CP 1010<\/li><li>Beatriz Oliveira da Silva, CP n\u00ba 1586<\/li><li>V\u00edtor Hugo do Carmo Azevedo, CP n\u00ba 2358<\/li><li>Maria da Concei\u00e7\u00e3o Sanina Gra\u00e7a, CP n\u00ba 1268<\/li><li>Nelson Jo\u00e3o da Cunha Azevedo, CP n\u00ba 2227<\/li><li>Paula Clara Ribeiro Santos, CP n\u00ba 732<\/li><li>Nuno Filipe Pina, CP 3894<\/li><li>Anabela Gon\u00e7alves da Silva, CP n\u00ba 499<\/li><li>Duarte Rafael Sampaio Pereira, CP 548<\/li><li>Alda Sofia Pires de Dias Marques, CP n\u00ba 1299<\/li><li>H\u00e9lio Manuel Bragan\u00e7a da Silva, CP n\u00ba 3704<\/li><li>Ana Rita Carujo Saramago, CP n\u00ba 1066<\/li><li>Bruno Miguel Gon\u00e7alves da Silva, CP 3711<\/li><li>Mariana Miguel Santos Fonseca, CP n\u00ba 2247<\/li><li>Ana Maria Concei\u00e7\u00e3o Tom\u00e9, CP n\u00ba 1294<\/li><li>Rui Alberto Fernandes Antunes Viana, CP n\u00ba 1956<\/li><li>Eliana Cibel Abreu Sousa, CP n\u00ba 10850<\/li><li>S\u00e9rgio Mendes Neto, CP n\u00ba 326<\/li><li>Sara Palos Souto de Miranda, CP n\u00ba 1235<\/li><li>Germano Jos\u00e9 da Silva Ferreira, CP 3563<\/li><li>Mariana Rodrigues Sim\u00f5es Costa Fonseca, CP n\u00ba 136<\/li><li>Ricardo Jorge Afonso Dias, CP n\u00ba 1696<\/li><li>Marta In\u00eas Ribeiro Gon\u00e7alves, CP 4735<\/li><li>Carolina Maria Welbers, CP n\u00ba 6378<\/li><li>C\u00e9sar da Silva Nat\u00e1rio, CP 7038<\/li><li>Marta Pereira Duarte, CP n\u00ba 4926<\/li><li>T\u00e2nia Lu\u00edsa Tavares Santo, CP 3585<\/li><li>Cust\u00f3dio Gabriel Martins da Costa, CP 3816<\/li><li>Joaquina Vieira da Palma Cristina, CP n\u00ba 10946<\/li><li>Ana Maria Favinha Paraiba de Oliveira Ferreira Pinto, CP 3471<\/li><li>Jo\u00e3o Frederico de Amorim Gon\u00e7alves Monteiro Pinto, CP n\u00ba 2077<\/li><li>Angela Patricia \u00c1guas Bonaparte Vieira, CP n\u00ba 1505<\/li><li>Andreia Sara da Silva Rocha, CP n\u00ba 1353<\/li><li>Jo\u00e3o Pedro Oliveira dos Santos Neto, CP 1429<\/li><li>Elsa Maria Gil Louren\u00e7o da Silva, CP 3515<\/li><li>Telma Filipa Rodrigues Pereira Pires, CP n\u00ba 2847<\/li><li>Pedro Miguel da Silva Catarro, CP n\u00ba 2579<\/li><li>Teresa Miguel Marques Pinto, CP n\u00ba 2224<\/li><li>Cl\u00e1udia Sofia da Costa Ver\u00edssimo, CP 1258<\/li><\/ul><p><strong>Candidatos suplentes:<\/strong><\/p><ul><li>Emanuel Tiago Santos Heleno, CP n\u00ba 397<\/li><li>Francisco Lu\u00eds Rocha Neto, CP n\u00ba 3210<\/li><li>Susana Patr\u00edcia Tinoco da Silva Duarte, CP n\u00ba 2524<\/li><li>\u00c2ngela Jorge Mesquita, CP n\u00ba 3436<\/li><li>David Dam\u00e1sio Francisco, CP n\u00ba 974<\/li><li>S\u00f3nia Manuela Torrinha Machado, CP n\u00ba 7789<\/li><li>Rosa Maria de Sousa Andias, CP n\u00ba 2261<\/li><li>Tiago Miguel Figueiredo de Brito, CP n\u00ba 1980<\/li><li>Carla Mendes Pereira, CP 2732<\/li><li>Soraia Juliana Pires, CP 5570<\/li><li>Pedro Jorge Reis de Almeida, CP n\u00ba 243<\/li><li>Marlene Cris\udbc0\udd9fna Neves Rosa, CP n\u00ba 10043<\/li><li>Catarina Isabel Correia Pereira Teixeira de Almada, CP n\u00ba 1989<\/li><li>Bruno Teixeira de Carvalho, CP n\u00ba 11011<\/li><li>Clara Daniela Dias Ferreira, CP n\u00ba 3499<\/li><li>Lu\u00eds Miguel Eva Ferreira, CP n\u00ba 1538<\/li><li>Rita Maria Rodrigues Pires Afonso, CP n\u00ba 976<\/li><li>Rubina Lu\u00edsa Teixeira Moniz, CP n\u00ba 3089<\/li><li>Diogo Sousa Silva, CP n\u00ba 11329<\/li><li>Cristina Teresa Torr\u00e3o de Carvalho Mesquita, CP n\u00ba 4397<\/li><li>Joana Medeiros Andrade, CP 2709<\/li><li>Patrick Jimmy Soares Morais CP n\u00ba 9698<\/li><li>Joana Isabel Duarte Tiago, CP n\u00ba 2917<\/li><li>Andr\u00e9 Lu\u00eds Rocha Pinhal, CP n\u00ba 13121<\/li><li>Ana Sofia Garcez Barbosa do Couto, CP n\u00ba 1440<\/li><\/ul><p><span style=\"text-decoration: underline;\"><strong>Presidente - Lista A<\/strong><\/span><\/p><p><strong>Cabeza de lista:<\/strong> Ant\u00f3nio Manuel Fernandes Lopes, CP n\u00ba 2+<\/p><p><strong>Fideicomisario:<\/strong> Nuno do Carmo Antunes Cordeiro, CP n\u00ba 7<\/p><p><strong>Candidatos eficaces:<\/strong><\/p><ul><li>Ant\u00f3nio Manuel Fernandes Lopes, CP n\u00ba 2<\/li><\/ul><p><strong>Candidatos suplentes:<\/strong><\/p><ul><li>NA<\/li><\/ul><p><span style=\"text-decoration: underline;\"><strong>Consejo Jurisdiccional - Lista A<\/strong><\/span><\/p><p><strong>Cabeza de lista:<\/strong> Rui Manuel Tom\u00e9 Torres, CP n\u00ba 3050<\/p><p><strong>Fideicomisario:<\/strong> Isabel Maria Sander de Souza Guerra, CP n\u00ba 1<\/p><p><strong>Candidatos eficaces:<\/strong><\/p><ul><li>Rui Manuel Tom\u00e9 Torres, CP n\u00ba 3050<\/li><li>Ana Cabral de Noronha e Menezes Cordeiro de Sousa, CP n\u00ba 3230<\/li><li>Rui Miguel Monteiro Soles Gon\u00e7alves, CP n\u00ba 15<\/li><li>L\u00facia Maria Sim\u00f5es Fernandes Costa<\/li><li>Helder Rui Martins Fonseca<\/li><\/ul><p><strong>Candidatos suplentes:<\/strong><\/p><ul><li>Diana Filipa Salvador Bernardo, CP 5510<\/li><li>Rui Miguel Faria Furtado Cintra, CP n\u00ba 2697<\/li><li>Isabel Maria Pires Sebasti\u00e3o Ramalhinho<\/li><\/ul><p><span style=\"text-decoration: underline;\"><strong>Consejo de Supervisi\u00f3n - Lista A<\/strong><\/span><\/p><p><strong>Cabeza de lista:<\/strong> Jorge Manuel dos Santos Conde<\/p><p><strong>Fideicomisario:<\/strong> Leonor Bento Camilo Bravo Correia, CP n\u00ba 11207<\/p><p><strong>Candidatos eficaces:<\/strong><\/p><ul><li>Ana Isabel Alves Silva de Almeida, CP 3994<\/li><li>Rui Jorge Dias Costa, CP 11<\/li><li>Jorge Manuel dos Santos Conde<\/li><li>Maria Jo\u00e3o Ferreira Gon\u00e7alves<\/li><\/ul><p><strong>Candidatos suplentes:<\/strong><\/p><ul><li>Joana Batista de Castro Pinto, CP 4178<\/li><li>Raul Alberto Carrilho Cordeiro<\/li><\/ul><h3>\u00a0<\/h3><h3>\u00a0<\/h3><h3><strong>Organismos regionales<\/strong><\/h3><p><span style=\"text-decoration: underline;\"><strong>Direcci\u00f3n Regional Septentrional - Lista A<\/strong><\/span><\/p><p><strong>Cabeza de lista:<\/strong> Jos\u00e9 Pedro Pinto Leite, CP n\u00ba 4512<\/p><p><strong>Fideicomisario:<\/strong> Maria Cristina Damas Argel de Melo, CP n\u00ba 10<\/p><p><strong>Candidatos eficaces:<\/strong><\/p><ul><li>Jos\u00e9 Pedro Pinto Leite, CP n\u00ba 4512<\/li><li>Henriqueta Manuela Fernandes, CP n\u00ba 8304<\/li><li>Jos\u00e9 Lu\u00eds Martins Alves Sousa, CP n\u00ba 2294<\/li><\/ul><p><strong>Candidatos suplentes:<\/strong><\/p><ul><li>Maria Gabriela Mendes da Rocha Brochado, CP n\u00ba 14<\/li><\/ul><p><span style=\"text-decoration: underline;\"><strong>Direcci\u00f3n Regional Centro - Lista A<\/strong><\/span><\/p><p><strong>Cabeza de lista:<\/strong> Lu\u00eds Manuel Pereira Br\u00e1s, CP n\u00ba 4158<\/p><p><strong>Fideicomisario:<\/strong> Marco Teixeira Clemente, CP n\u00ba 1165<\/p><p><strong>Candidatos eficaces:<\/strong><\/p><ul><li>Lu\u00eds Manuel Pereira Br\u00e1s, CP n\u00ba 4158<\/li><li>Maria Leonor Ferreira de Oliveira Manuel Adri\u00e3o, CP 9441<\/li><li>Joana Cristina de Oliveira Rosado, CP 1009<\/li><\/ul><p><strong>Candidatos suplentes:<\/strong><\/p><ul><li>Jo\u00e3o Afonso Belo Duarte Aires Moreira, CP 543\u00a0 \u00a0 \u00a0 \u00a0 \u00a0 \u00a0 \u00a0 \u00a0 \u00a0 \u00a0 \u00a0 \u00a0 \u00a0 \u00a0 \u00a0 \u00a0 \u00a0 \u00a0 \u00a0 \u00a0 \u00a0 \u00a0 \u00a0 \u00a0 \u00a0 \u00a0 \u00a0 \u00a0 \u00a0 \u00a0 \u00a0 \u00a0 \u00a0 \u00a0 \u00a0 \u00a0 \u00a0 \u00a0 \u00a0 \u00a0 \u00a0 \u00a0 \u00a0 \u00a0 \u00a0 \u00a0 \u00a0 \u00a0 \u00a0 \u00a0 \u00a0 \u00a0 \u00a0 \u00a0 \u00a0 \u00a0 \u00a0 \u00a0 \u00a0 \u00a0 \u00a0 \u00a0 \u00a0 \u00a0 \u00a0 \u00a0 \u00a0 \u00a0 \u00a0 \u00a0 \u00a0 \u00a0 \u00a0 \u00a0 \u00a0<\/li><\/ul><p><span style=\"text-decoration: underline;\"><strong>Direcci\u00f3n Regional Centro - Lista B<\/strong><\/span><\/p><p><strong>Cabeza de lista:<\/strong> Carlos Alberto Morgado dos Santos, CP n\u00ba 1560<\/p><p><strong>Fideicomisario:<\/strong>\u00a0 Jo\u00e3o Rodrigo Rodrigues Videira, CP n\u00ba 6159<\/p><p><strong>Candidatos eficaces:<\/strong><\/p><ul><li>Carlos Alberto Morgado dos Santos, CP n\u00ba 1560<\/li><li>Joana Maria Boa-Alma Cardoso Pais, CP n\u00ba 6644<\/li><li>Pedro Miguel Malta Ferreira, CP n\u00ba 14182<\/li><\/ul><p><strong>Candidatos suplentes:<\/strong><\/p><ul><li>In\u00eas Bernardo Pinto \u00c2ngelo, CP n\u00ba 2029<\/li><\/ul><p><span style=\"text-decoration: underline;\"><strong>Direcci\u00f3n Regional Sur - Lista A<\/strong><\/span><\/p><p><strong>Cabeza de lista:<\/strong> Sandra Margarida Quintas Alves Veloso, CP n\u00ba 897<\/p><p><strong>Fideicomisario:<\/strong>\u00a0 Eduardo Jos\u00e9 Brazete Carvalho Cruz, CP n\u00ba 2191<\/p><p><strong>Candidatos eficaces:<\/strong><\/p><ul><li>Sandra Margarida Quintas Alves Veloso, CP n\u00ba 897<\/li><li>Cl\u00e1udio Miguel Dias Correia, CP 3851<\/li><li>Carla Sofia Cruzinha de Sousa, CP 660<\/li><\/ul><p><strong>Candidatos suplentes:<\/strong><\/p><ul><li>Jos\u00e9 Alexandre de Ara\u00fajo Melo Marques Coelho, CP 415<\/li><\/ul><p><span style=\"text-decoration: underline;\"><strong>Direcci\u00f3n Regional de Azores - Lista A<\/strong><\/span><\/p><p><strong>Cabeza de lista:<\/strong> Lu\u00eds Carlos Martins Duarte, CP n\u00ba 269<\/p><p><strong>Fideicomisario:<\/strong>\u00a0 In\u00eas Filipa Goulart Pinho Botelho, CP n\u00ba 13070<\/p><p><strong>Candidatos eficaces:<\/strong><\/p><ul><li>Lu\u00eds Carlos Martins Duarte, CP n\u00ba 269<\/li><li>Joana Amaral Silva da Costa Dias, CP 3196<\/li><li>Luciana Lib\u00e2nio da Silva, CP n\u00ba 3477<\/li><li>Nuno Miguel Leal Ribeiro, CP n\u00ba 4258<\/li><li>Juliana Sofia da Silva Fernandes, CP 560<\/li><\/ul><p><strong>Candidatos suplentes:<\/strong><\/p><ul><li>Carlos Eduardo Terra Garcia, CP 325<\/li><li>Sabrina de F\u00e1tima Silva Medeiros, n\u00ba 6677<\/li><\/ul><p><span style=\"text-decoration: underline;\"><strong>Junta de la Asamblea Regional del Norte - Lista A<\/strong><\/span><\/p><p><strong>Cabeza de lista:<\/strong> Andrea Miguel Lopes Rodrigues Ribeiro Macedo, CP n\u00ba 802<\/p><p><strong>Fideicomisario:<\/strong>\u00a0 Elisa d`Assun\u00e7\u00e3o dos Santos Rodrigues, CP n\u00ba 953<\/p><p><strong>Candidatos eficaces:<\/strong><\/p><ul><li>Andrea Miguel Lopes Rodrigues Ribeiro Macedo, CP n\u00ba 802<\/li><li>M\u00e1rcio Miguel Fernandes Ferreira Vieira, CP n\u00ba 1347<\/li><li>Sandrine Jorge Ferreira, CP 1464<\/li><\/ul><p><strong>Candidatos suplentes:<\/strong><\/p><ul><li>Jo\u00e3o Nuno Pereira dos Reis Sousa, CP n\u00ba 193<\/li><\/ul><p><span style=\"text-decoration: underline;\"><strong>Mesa de la Asamblea Regional del Centro - Lista A<\/strong><\/span><\/p><p><strong>Cabeza de lista:<\/strong> Fernando Manuel Tavares da Silva Ribeiro, CP n\u00ba 2560<\/p><p><strong>Fideicomisario:<\/strong>\u00a0 Cust\u00f3dio Gabriel Martins da Costa, CP 3816<\/p><p><strong>Candidatos eficaces:<\/strong><\/p><ul><li>Fernando Manuel Tavares da Silva Ribeiro, CP n\u00ba 2560<\/li><li>Ana Claudia Bexiga Monteiro, CP n\u00ba 8936<\/li><li>Sofia P\u00e1scoa Tavares, CP n\u00ba 16<\/li><\/ul><p><strong>Candidatos suplentes:<\/strong><\/p><ul><li>Vitor Manuel Carvalho Ferreira Gon\u00e7alves, CP n\u00ba 7766<\/li><\/ul><p><span style=\"text-decoration: underline;\"><a id=\"anchor-df35f07d-61f4-9554-7845-7a49bfceff00\" title=\"https:\/\/checkpoint.url-protection.com\/v1\/r02\/url?o=https%3A\/\/www.instagram.com\/listaa_mesa_centro_of\/&amp;g=OWU3MTQ4NTM4NzcxNTc5NA==&amp;h=OGM3ZTQzNzZiNTM2YjQ1ODc2OTAxYWIwMDlkNzc0NTZiMzgyM2U3YmQ2N2I0ODQxYzdjNjhhMTAyM2U4YzEwZA==&amp;p=YzJlOm9yZGVtZG9zZmlzaW90ZXJhcGV1dGFzMTpjOm86NGVmNGM1M2RmNDJmZDJhNTU2OTE1N2I2ODRmZjFhZTc6NzpwOlQ=\" href=\"https:\/\/www.instagram.com\/listaa_mesa_centro_of\/\" target=\"_blank\" rel=\"noopener\" data-auth=\"NotApplicable\" data-linkindex=\"0\" data-olk-copy-source=\"MessageBody\">P\u00e1gina de campa\u00f1a de la Mesa de la Asamblea Regional del Centro - Lista A (Instagram)<\/a><\/span><\/p><p>\u00a0<\/p><p><span style=\"text-decoration: underline;\"><strong>Mesa de la Asamblea Regional del Centro - Lista B<\/strong><\/span><\/p><p><strong>Cabeza de lista:<\/strong> Marina Sofia Oliveira Saraiva, CP 356<\/p><p><strong>Fideicomisario:<\/strong>\u00a0 Joel Emidio Duarte Marouvo, CP n\u00ba 6471<\/p><p><strong>Candidatos eficaces:<\/strong><\/p><ul><li>Marina Sofia Oliveira Saraiva, CP 356<\/li><li>Jo\u00e3o Paulo Gomes Reis, CP n\u00ba 2825<\/li><li>Nat\u00e1lia da Silva Martins, CP n\u00ba 2829<\/li><\/ul><p><strong>Candidatos suplentes:<\/strong><\/p><ul><li>Nuno Andr\u00e9 dos Santos Tavares, CP 5004<\/li><\/ul><p><span style=\"text-decoration: underline;\"><strong>Mesa de la Asamblea Regional de las Azores - Lista A<\/strong><\/span><\/p><p><strong>Cabeza de lista:<\/strong> Carlos Alberto Medeiros Mendon\u00e7a, CP n\u00ba 10993<\/p><p><strong>Fideicomisario:<\/strong>\u00a0 Carla Sofia Almeida Reis, CP n\u00ba 1078<\/p><p><strong>Candidatos eficaces:<\/strong><\/p><ul><li>Carlos Alberto Medeiros Mendon\u00e7a, CP n\u00ba 10993<\/li><li>In\u00eas Margarida Pereira Cardoso, CP n\u00ba 1272<\/li><li>L\u00facia Maria de Dias Matos, CP n\u00ba 11189<\/li><\/ul><p><strong>Candidatos suplentes:<\/strong><\/p><ul><li>Tib\u00e9rio Pereira Cabral, CP n\u00ba 2989<\/li><\/ul><p><span style=\"text-decoration: underline;\"><strong>Junta de la Asamblea Regional de Madeira - Lista A<\/strong><\/span><\/p><p><strong>Cabeza de lista:<\/strong> Carolina Lu\u00edsa Quintal Caldeira, CP n\u00ba 424<\/p><p><strong>Fideicomisario:<\/strong>\u00a0 Cust\u00f3dia Maria Correia Caba\u00e7a Ara\u00fajo, CP no. 2139<\/p><p><strong>Candidatos eficaces:<\/strong><\/p><ul><li>Carolina Lu\u00edsa Quintal Caldeira, CP n\u00ba 424<\/li><li>Jo\u00e3o Tiago Teixeira Silva, CP n\u00ba 12653<\/li><li>Carolina Silva Vieira, CP 1725<\/li><\/ul><p><strong>Candidatos suplentes:<\/strong><\/p><ul><li>Jo\u00e3o Rodolfo Novita, CP 9556<\/li><\/ul>\t\t\t\t\t\t\t\t<\/div>\n\t\t\t\t<\/div>\n\t\t\t\t\t<\/div>\n\t\t\t\t<\/div>\n\t\t\t\t<\/div>","protected":false},"excerpt":{"rendered":"<p>\u00d3rganos Nacionales de Gobierno Consejo General - Lista A Cabeza de lista: Maria Ant\u00f3nio Ferreira de Castro, CP n\u00ba 410 Representante: Maria Isabel Dias Rasgado Rodrigues Monteiro, CP n\u00ba 2540 Candidatos efectivos: Maria Ant\u00f3nio Ferreira de Castro, CP n\u00ba 410 Ad\u00e9rito Ricardo Duarte Seixas, CP n\u00ba 1054 Ana Catarina Monteiro Casaca, CP n\u00ba 1107 Manuel Francisco Nunes ... <a title=\"Listas de candidatos\" class=\"read-more\" href=\"https:\/\/ordemdosfisioterapeutas.pt\/es\/listas-candidatas-2025\/\" aria-label=\"M\u00e1s informaci\u00f3n sobre las listas de candidatos\">Seguir leyendo<\/a><\/p>","protected":false},"author":1,"featured_media":0,"parent":0,"menu_order":0,"comment_status":"closed","ping_status":"closed","template":"","meta":{"footnotes":""},"class_list":["post-11040","page","type-page","status-publish"],"_links":{"self":[{"href":"https:\/\/ordemdosfisioterapeutas.pt\/es\/wp-json\/wp\/v2\/pages\/11040","targetHints":{"allow":["GET"]}}],"collection":[{"href":"https:\/\/ordemdosfisioterapeutas.pt\/es\/wp-json\/wp\/v2\/pages"}],"about":[{"href":"https:\/\/ordemdosfisioterapeutas.pt\/es\/wp-json\/wp\/v2\/types\/page"}],"author":[{"embeddable":true,"href":"https:\/\/ordemdosfisioterapeutas.pt\/es\/wp-json\/wp\/v2\/users\/1"}],"replies":[{"embeddable":true,"href":"https:\/\/ordemdosfisioterapeutas.pt\/es\/wp-json\/wp\/v2\/comments?post=11040"}],"version-history":[{"count":24,"href":"https:\/\/ordemdosfisioterapeutas.pt\/es\/wp-json\/wp\/v2\/pages\/11040\/revisions"}],"predecessor-version":[{"id":12040,"href":"https:\/\/ordemdosfisioterapeutas.pt\/es\/wp-json\/wp\/v2\/pages\/11040\/revisions\/12040"}],"wp:attachment":[{"href":"https:\/\/ordemdosfisioterapeutas.pt\/es\/wp-json\/wp\/v2\/media?parent=11040"}],"curies":[{"name":"wp","href":"https:\/\/api.w.org\/{rel}","templated":true}]}}