{"id":11036,"date":"2025-08-02T12:13:30","date_gmt":"2025-08-02T11:13:30","guid":{"rendered":"https:\/\/ordemdosfisioterapeutas.pt\/?page_id=11036"},"modified":"2025-11-21T08:15:23","modified_gmt":"2025-11-21T08:15:23","slug":"caderno-eleitoral-2025","status":"publish","type":"page","link":"https:\/\/ordemdosfisioterapeutas.pt\/es\/caderno-eleitoral-2025\/","title":{"rendered":"Censo electoral"},"content":{"rendered":"<div data-elementor-type=\"wp-page\" data-elementor-id=\"11036\" class=\"elementor elementor-11036\" data-elementor-post-type=\"page\">\n\t\t\t\t<div class=\"elementor-element elementor-element-1653387 e-flex e-con-boxed e-con e-parent\" data-id=\"1653387\" data-element_type=\"container\" data-e-type=\"container\">\n\t\t\t\t\t<div class=\"e-con-inner\">\n\t\t<div class=\"elementor-element elementor-element-c0e8c6d e-grid e-con-full e-con e-child\" data-id=\"c0e8c6d\" data-element_type=\"container\" data-e-type=\"container\">\n\t\t\t\t<div class=\"elementor-element elementor-element-30f8612 elementor-nav-menu__text-align-aside elementor-nav-menu--toggle elementor-nav-menu--burger elementor-widget elementor-widget-nav-menu\" data-id=\"30f8612\" data-element_type=\"widget\" data-e-type=\"widget\" data-settings=\"{&quot;layout&quot;:&quot;dropdown&quot;,&quot;submenu_icon&quot;:{&quot;value&quot;:&quot;&lt;i class=\\&quot;\\&quot; aria-hidden=\\&quot;true\\&quot;&gt;&lt;\\\/i&gt;&quot;,&quot;library&quot;:&quot;&quot;},&quot;toggle&quot;:&quot;burger&quot;}\" data-widget_type=\"nav-menu.default\">\n\t\t\t\t<div class=\"elementor-widget-container\">\n\t\t\t\t\t\t\t<div class=\"elementor-menu-toggle\" role=\"button\" tabindex=\"0\" aria-label=\"Men\u00fa Cambiar\" aria-expanded=\"false\">\n\t\t\t<i aria-hidden=\"true\" role=\"presentation\" class=\"elementor-menu-toggle__icon--open eicon-menu-bar\"><\/i><i aria-hidden=\"true\" role=\"presentation\" class=\"elementor-menu-toggle__icon--close eicon-close\"><\/i>\t\t<\/div>\n\t\t\t\t\t<nav class=\"elementor-nav-menu--dropdown elementor-nav-menu__container\" aria-hidden=\"true\">\n\t\t\t\t<ul id=\"menu-2-30f8612\" class=\"elementor-nav-menu\"><li class=\"menu-item menu-item-type-post_type menu-item-object-page menu-item-11230\"><a href=\"https:\/\/ordemdosfisioterapeutas.pt\/es\/eleicoes-2025\/\" class=\"elementor-item\" tabindex=\"-1\">Elecciones<\/a><\/li>\n<li class=\"menu-item menu-item-type-post_type menu-item-object-page menu-item-11231\"><a href=\"https:\/\/ordemdosfisioterapeutas.pt\/es\/calendario-eleitoral-2025\/\" class=\"elementor-item\" tabindex=\"-1\">Calendario electoral<\/a><\/li>\n<li class=\"menu-item menu-item-type-post_type menu-item-object-page menu-item-11229\"><a href=\"https:\/\/ordemdosfisioterapeutas.pt\/es\/comissao-eleitoral-2025\/\" class=\"elementor-item\" tabindex=\"-1\">Comisi\u00f3n Electoral<\/a><\/li>\n<li class=\"menu-item menu-item-type-post_type menu-item-object-page menu-item-11228\"><a href=\"https:\/\/ordemdosfisioterapeutas.pt\/es\/recenseamento-2025\/\" class=\"elementor-item\" tabindex=\"-1\">Censo<\/a><\/li>\n<li class=\"menu-item menu-item-type-post_type menu-item-object-page menu-item-11227\"><a href=\"https:\/\/ordemdosfisioterapeutas.pt\/es\/caderno-eleitoral-2025\/\" class=\"elementor-item\" tabindex=\"-1\">Censo electoral<\/a><\/li>\n<li class=\"menu-item menu-item-type-post_type menu-item-object-page menu-item-11226\"><a href=\"https:\/\/ordemdosfisioterapeutas.pt\/es\/candidaturas-2025\/\" class=\"elementor-item\" tabindex=\"-1\">Aplicaciones<\/a><\/li>\n<li class=\"menu-item menu-item-type-post_type menu-item-object-page menu-item-11225\"><a href=\"https:\/\/ordemdosfisioterapeutas.pt\/es\/listas-candidatas-2025\/\" class=\"elementor-item\" tabindex=\"-1\">Listas de candidatos<\/a><\/li>\n<li class=\"menu-item menu-item-type-post_type menu-item-object-page menu-item-11224\"><a href=\"https:\/\/ordemdosfisioterapeutas.pt\/es\/campanha-eleitoral-2025\/\" class=\"elementor-item\" tabindex=\"-1\">Campa\u00f1a electoral<\/a><\/li>\n<li class=\"menu-item menu-item-type-post_type menu-item-object-page menu-item-11223\"><a href=\"https:\/\/ordemdosfisioterapeutas.pt\/es\/ato-eleitoral-2025\/\" class=\"elementor-item\" tabindex=\"-1\">Ley electoral<\/a><\/li>\n<li class=\"menu-item menu-item-type-post_type menu-item-object-page menu-item-11221\"><a href=\"https:\/\/ordemdosfisioterapeutas.pt\/es\/resultados-provisorios-2025\/\" class=\"elementor-item\" tabindex=\"-1\">Resultados provisionales<\/a><\/li>\n<li class=\"menu-item menu-item-type-post_type menu-item-object-page menu-item-11222\"><a href=\"https:\/\/ordemdosfisioterapeutas.pt\/es\/resultados-oficiais-2025\/\" class=\"elementor-item\" tabindex=\"-1\">Resultados oficiales<\/a><\/li>\n<li class=\"menu-item menu-item-type-post_type menu-item-object-page menu-item-11220\"><a href=\"https:\/\/ordemdosfisioterapeutas.pt\/es\/tomada-de-posse-2025\/\" class=\"elementor-item\" tabindex=\"-1\">Inauguraci\u00f3n<\/a><\/li>\n<li class=\"menu-item menu-item-type-post_type menu-item-object-page menu-item-11216\"><a href=\"https:\/\/ordemdosfisioterapeutas.pt\/es\/perguntas-frequentes-2025\/\" class=\"elementor-item\" tabindex=\"-1\">Preguntas frecuentes<\/a><\/li>\n<\/ul>\t\t\t<\/nav>\n\t\t\t\t\t\t<\/div>\n\t\t\t\t<\/div>\n\t\t\t\t<\/div>\n\t\t\t\t\t<\/div>\n\t\t\t\t<\/div>\n\t\t<div class=\"elementor-element elementor-element-71db3cc condicoes-btn e-flex e-con-boxed e-con e-parent\" data-id=\"71db3cc\" data-element_type=\"container\" data-e-type=\"container\">\n\t\t\t\t\t<div class=\"e-con-inner\">\n\t\t\t\t<div class=\"elementor-element elementor-element-7d4fada elementor-widget elementor-widget-text-editor\" data-id=\"7d4fada\" data-element_type=\"widget\" data-e-type=\"widget\" data-widget_type=\"text-editor.default\">\n\t\t\t\t<div class=\"elementor-widget-container\">\n\t\t\t\t\t\t\t\t\t<p><span data-olk-copy-source=\"MessageBody\">El censo electoral definitivo puede consultarse.<\/span><\/p><p>El documento incluye a todos los fisioterapeutas con colegiaci\u00f3n activa (sin suspensiones, cancelaciones ni procesos caducados), colegiaci\u00f3n finalizada antes del 7 de julio de 2025 y sin deudas de m\u00e1s de 180 d\u00edas a fecha de extracci\u00f3n del censo electoral, es decir, con la \u00faltima cuota pagada antes de abril de 2025.<\/p><p>El folleto puede consultarse en\u00a0<span style=\"text-decoration: underline;\"><b><a title=\"https:\/\/portal.ordemdosfisioterapeutas.pt\/of-auth\/?app_ref=e985d1b30a025a19af003c638a7f64a2&amp;_gl=1*fy8265*_ga*Mjc4NDI1ODQ1LjE3NDE4NjE2MzY.*_ga_HPH7F868RJ*czE3NjM2NTg0ODQkbzckZzEkdDE3NjM2NTg0ODUkajU5JGwwJGgw\" href=\"https:\/\/portal.ordemdosfisioterapeutas.pt\/of-auth\/?app_ref=e985d1b30a025a19af003c638a7f64a2&amp;_gl=1*fy8265*_ga*Mjc4NDI1ODQ1LjE3NDE4NjE2MzY.*_ga_HPH7F868RJ*czE3NjM2NTg0ODQkbzckZzEkdDE3NjM2NTg0ODUkajU5JGwwJGgw\" data-auth=\"NotApplicable\" data-linkindex=\"1\">\u00e1rea reservada<\/a><\/b><\/span>\u00a0en la p\u00e1gina web del Colegio de Fisioterapeutas o en persona en los locales del Colegio de Fisioterapeutas.<br \/>(Centro LEAP - Espa\u00e7o Amoreiras | Rua D. Jo\u00e3o V, n.\u00ba 24 - 1.03, 1250-091 Lisboa).<\/p>\t\t\t\t\t\t\t\t<\/div>\n\t\t\t\t<\/div>\n\t\t\t\t\t<\/div>\n\t\t\t\t<\/div>\n\t\t<div class=\"elementor-element elementor-element-5a6a423 condicoes e-flex e-con-boxed e-con e-parent\" data-id=\"5a6a423\" data-element_type=\"container\" data-e-type=\"container\">\n\t\t\t\t\t<div class=\"e-con-inner\">\n\t\t\t\t<div class=\"elementor-element elementor-element-b0e07d6 elementor-widget elementor-widget-text-editor\" data-id=\"b0e07d6\" data-element_type=\"widget\" data-e-type=\"widget\" data-widget_type=\"text-editor.default\">\n\t\t\t\t<div class=\"elementor-widget-container\">\n\t\t\t\t\t\t\t\t\t<p><span data-olk-copy-source=\"MessageBody\">El censo electoral definitivo puede consultarse.<\/span><\/p><p>El documento incluye a todos los fisioterapeutas con colegiaci\u00f3n activa (sin suspensiones, cancelaciones ni procesos caducados), colegiaci\u00f3n finalizada antes del 7 de julio de 2025 y sin deudas de m\u00e1s de 180 d\u00edas a fecha de extracci\u00f3n del censo electoral, es decir, con la \u00faltima cuota pagada antes de abril de 2025.<\/p><p>El folleto puede consultarse en el enlace que figura a continuaci\u00f3n o personalmente en los locales<br \/>(Centro LEAP - Espa\u00e7o Amoreiras | Rua D. Jo\u00e3o V, n.\u00ba 24 - 1.03, 1250-091 Lisboa).<\/p>\t\t\t\t\t\t\t\t<\/div>\n\t\t\t\t<\/div>\n\t\t\t\t<div class=\"elementor-element elementor-element-0e7e5b8 elementor-widget elementor-widget-button\" data-id=\"0e7e5b8\" data-element_type=\"widget\" data-e-type=\"widget\" data-widget_type=\"button.default\">\n\t\t\t\t<div class=\"elementor-widget-container\">\n\t\t\t\t\t\t\t\t\t<div class=\"elementor-button-wrapper\">\n\t\t\t\t\t<a class=\"elementor-button elementor-button-link elementor-size-sm\" href=\"https:\/\/ordemdosfisioterapeutas.pt\/wp-content\/uploads\/2025\/11\/Cadernos-Eleitorais_NOV2025.pdf\" target=\"_blank\">\n\t\t\t\t\t\t<span class=\"elementor-button-content-wrapper\">\n\t\t\t\t\t\t\t\t\t<span class=\"elementor-button-text\">Censo electoral<\/span>\n\t\t\t\t\t<\/span>\n\t\t\t\t\t<\/a>\n\t\t\t\t<\/div>\n\t\t\t\t\t\t\t\t<\/div>\n\t\t\t\t<\/div>\n\t\t\t\t\t<\/div>\n\t\t\t\t<\/div>\n\t\t\t\t<\/div>","protected":false},"excerpt":{"rendered":"<p>El censo electoral definitivo ya est\u00e1 disponible para su consulta. El documento incluye a todos los fisioterapeutas con colegiaci\u00f3n activa (sin suspensiones, cancelaciones ni procesos caducados), colegiaci\u00f3n finalizada antes del 7 de julio de 2025 y sin deudas de m\u00e1s de 180 d\u00edas en el momento de elaborar el censo electoral, es decir, con la \u00faltima cuota pagada antes de abril de... <a title=\"Censo electoral\" class=\"read-more\" href=\"https:\/\/ordemdosfisioterapeutas.pt\/es\/caderno-eleitoral-2025\/\" aria-label=\"Leer m\u00e1s sobre Censo electoral\">Seguir leyendo<\/a><\/p>","protected":false},"author":1,"featured_media":0,"parent":0,"menu_order":0,"comment_status":"closed","ping_status":"closed","template":"","meta":{"footnotes":""},"class_list":["post-11036","page","type-page","status-publish"],"_links":{"self":[{"href":"https:\/\/ordemdosfisioterapeutas.pt\/es\/wp-json\/wp\/v2\/pages\/11036","targetHints":{"allow":["GET"]}}],"collection":[{"href":"https:\/\/ordemdosfisioterapeutas.pt\/es\/wp-json\/wp\/v2\/pages"}],"about":[{"href":"https:\/\/ordemdosfisioterapeutas.pt\/es\/wp-json\/wp\/v2\/types\/page"}],"author":[{"embeddable":true,"href":"https:\/\/ordemdosfisioterapeutas.pt\/es\/wp-json\/wp\/v2\/users\/1"}],"replies":[{"embeddable":true,"href":"https:\/\/ordemdosfisioterapeutas.pt\/es\/wp-json\/wp\/v2\/comments?post=11036"}],"version-history":[{"count":15,"href":"https:\/\/ordemdosfisioterapeutas.pt\/es\/wp-json\/wp\/v2\/pages\/11036\/revisions"}],"predecessor-version":[{"id":12017,"href":"https:\/\/ordemdosfisioterapeutas.pt\/es\/wp-json\/wp\/v2\/pages\/11036\/revisions\/12017"}],"wp:attachment":[{"href":"https:\/\/ordemdosfisioterapeutas.pt\/es\/wp-json\/wp\/v2\/media?parent=11036"}],"curies":[{"name":"wp","href":"https:\/\/api.w.org\/{rel}","templated":true}]}}