{"id":11030,"date":"2025-08-02T12:00:28","date_gmt":"2025-08-02T11:00:28","guid":{"rendered":"https:\/\/ordemdosfisioterapeutas.pt\/?page_id=11030"},"modified":"2025-10-20T13:11:35","modified_gmt":"2025-10-20T12:11:35","slug":"comissao-eleitoral-2025","status":"publish","type":"page","link":"https:\/\/ordemdosfisioterapeutas.pt\/es\/comissao-eleitoral-2025\/","title":{"rendered":"Comisi\u00f3n Electoral"},"content":{"rendered":"<div data-elementor-type=\"wp-page\" data-elementor-id=\"11030\" class=\"elementor elementor-11030\" data-elementor-post-type=\"page\">\n\t\t\t\t<div class=\"elementor-element elementor-element-a130ba3 e-flex e-con-boxed e-con e-parent\" data-id=\"a130ba3\" data-element_type=\"container\" data-e-type=\"container\">\n\t\t\t\t\t<div class=\"e-con-inner\">\n\t\t<div class=\"elementor-element elementor-element-62852a9 e-grid e-con-full e-con e-child\" data-id=\"62852a9\" data-element_type=\"container\" data-e-type=\"container\">\n\t\t\t\t<div class=\"elementor-element elementor-element-174bbf7 elementor-nav-menu__text-align-aside elementor-nav-menu--toggle elementor-nav-menu--burger elementor-widget elementor-widget-nav-menu\" data-id=\"174bbf7\" data-element_type=\"widget\" data-e-type=\"widget\" data-settings=\"{&quot;layout&quot;:&quot;dropdown&quot;,&quot;submenu_icon&quot;:{&quot;value&quot;:&quot;&lt;i class=\\&quot;\\&quot; aria-hidden=\\&quot;true\\&quot;&gt;&lt;\\\/i&gt;&quot;,&quot;library&quot;:&quot;&quot;},&quot;toggle&quot;:&quot;burger&quot;}\" data-widget_type=\"nav-menu.default\">\n\t\t\t\t<div class=\"elementor-widget-container\">\n\t\t\t\t\t\t\t<div class=\"elementor-menu-toggle\" role=\"button\" tabindex=\"0\" aria-label=\"Men\u00fa Cambiar\" aria-expanded=\"false\">\n\t\t\t<i aria-hidden=\"true\" role=\"presentation\" class=\"elementor-menu-toggle__icon--open eicon-menu-bar\"><\/i><i aria-hidden=\"true\" role=\"presentation\" class=\"elementor-menu-toggle__icon--close eicon-close\"><\/i>\t\t<\/div>\n\t\t\t\t\t<nav class=\"elementor-nav-menu--dropdown elementor-nav-menu__container\" aria-hidden=\"true\">\n\t\t\t\t<ul id=\"menu-2-174bbf7\" class=\"elementor-nav-menu\"><li class=\"menu-item menu-item-type-post_type menu-item-object-page menu-item-11230\"><a href=\"https:\/\/ordemdosfisioterapeutas.pt\/es\/eleicoes-2025\/\" class=\"elementor-item\" tabindex=\"-1\">Elecciones<\/a><\/li>\n<li class=\"menu-item menu-item-type-post_type menu-item-object-page menu-item-11231\"><a href=\"https:\/\/ordemdosfisioterapeutas.pt\/es\/calendario-eleitoral-2025\/\" class=\"elementor-item\" tabindex=\"-1\">Calendario electoral<\/a><\/li>\n<li class=\"menu-item menu-item-type-post_type menu-item-object-page menu-item-11229\"><a href=\"https:\/\/ordemdosfisioterapeutas.pt\/es\/comissao-eleitoral-2025\/\" class=\"elementor-item\" tabindex=\"-1\">Comisi\u00f3n Electoral<\/a><\/li>\n<li class=\"menu-item menu-item-type-post_type menu-item-object-page menu-item-11228\"><a href=\"https:\/\/ordemdosfisioterapeutas.pt\/es\/recenseamento-2025\/\" class=\"elementor-item\" tabindex=\"-1\">Censo<\/a><\/li>\n<li class=\"menu-item menu-item-type-post_type menu-item-object-page menu-item-11227\"><a href=\"https:\/\/ordemdosfisioterapeutas.pt\/es\/caderno-eleitoral-2025\/\" class=\"elementor-item\" tabindex=\"-1\">Censo electoral<\/a><\/li>\n<li class=\"menu-item menu-item-type-post_type menu-item-object-page menu-item-11226\"><a href=\"https:\/\/ordemdosfisioterapeutas.pt\/es\/candidaturas-2025\/\" class=\"elementor-item\" tabindex=\"-1\">Aplicaciones<\/a><\/li>\n<li class=\"menu-item menu-item-type-post_type menu-item-object-page menu-item-11225\"><a href=\"https:\/\/ordemdosfisioterapeutas.pt\/es\/listas-candidatas-2025\/\" class=\"elementor-item\" tabindex=\"-1\">Listas de candidatos<\/a><\/li>\n<li class=\"menu-item menu-item-type-post_type menu-item-object-page menu-item-11224\"><a href=\"https:\/\/ordemdosfisioterapeutas.pt\/es\/campanha-eleitoral-2025\/\" class=\"elementor-item\" tabindex=\"-1\">Campa\u00f1a electoral<\/a><\/li>\n<li class=\"menu-item menu-item-type-post_type menu-item-object-page menu-item-11223\"><a href=\"https:\/\/ordemdosfisioterapeutas.pt\/es\/ato-eleitoral-2025\/\" class=\"elementor-item\" tabindex=\"-1\">Ley electoral<\/a><\/li>\n<li class=\"menu-item menu-item-type-post_type menu-item-object-page menu-item-11221\"><a href=\"https:\/\/ordemdosfisioterapeutas.pt\/es\/resultados-provisorios-2025\/\" class=\"elementor-item\" tabindex=\"-1\">Resultados provisionales<\/a><\/li>\n<li class=\"menu-item menu-item-type-post_type menu-item-object-page menu-item-11222\"><a href=\"https:\/\/ordemdosfisioterapeutas.pt\/es\/resultados-oficiais-2025\/\" class=\"elementor-item\" tabindex=\"-1\">Resultados oficiales<\/a><\/li>\n<li class=\"menu-item menu-item-type-post_type menu-item-object-page menu-item-11220\"><a href=\"https:\/\/ordemdosfisioterapeutas.pt\/es\/tomada-de-posse-2025\/\" class=\"elementor-item\" tabindex=\"-1\">Inauguraci\u00f3n<\/a><\/li>\n<li class=\"menu-item menu-item-type-post_type menu-item-object-page menu-item-11216\"><a href=\"https:\/\/ordemdosfisioterapeutas.pt\/es\/perguntas-frequentes-2025\/\" class=\"elementor-item\" tabindex=\"-1\">Preguntas frecuentes<\/a><\/li>\n<\/ul>\t\t\t<\/nav>\n\t\t\t\t\t\t<\/div>\n\t\t\t\t<\/div>\n\t\t\t\t<\/div>\n\t\t\t\t<div class=\"elementor-element elementor-element-51fcbb2 elementor-widget elementor-widget-text-editor\" data-id=\"51fcbb2\" data-element_type=\"widget\" data-e-type=\"widget\" data-widget_type=\"text-editor.default\">\n\t\t\t\t<div class=\"elementor-widget-container\">\n\t\t\t\t\t\t\t\t\t<p>A <b>Comisi\u00f3n Electoral <\/b>es responsable de garantizar la legalidad y la transparencia de todo el proceso electoral. Desempe\u00f1a un papel clave en la supervisi\u00f3n de todas las etapas del proceso electoral, desde la recepci\u00f3n de las candidaturas hasta la tabulaci\u00f3n de los resultados.<\/p><p>Seg\u00fan el Reglamento Electoral, el <b>Comisi\u00f3n <\/b><b>E<\/b><b>leccionario <\/b>est\u00e1 compuesto por el presidente de la mesa del consejo general y un representante de cada una de las listas admitidas a votaci\u00f3n, que se designar\u00e1 cuando se presenten las candidaturas respectivas.<\/p><p><strong>Composici\u00f3n de la Comisi\u00f3n Electoral - Elecciones 2025<\/strong><\/p><p><strong>Presidente de la Comisi\u00f3n Electoral:<br \/><\/strong>Rui Jorge Dias Costa, CP n\u00ba 11 (Presidente del Consejo General)<\/p><p><strong>Representantes de las candidaturas recibidas:<\/strong><\/p><p>Representante de la lista encabezada por Maria Ant\u00f3nio Ferreira de Castro al Consejo General: Ana Catarina Monteiro Casaca, CP n\u00ba1107<\/p><p>Representante de la Lista encabezada por Ant\u00f3nio Manuel Fernandes Lopes para Presidente: Nuno do Carmo Antunes Cordeiro - CP no. 7<\/p><p>Representante de la Lista encabezada por Rui Manuel Tom\u00e9 Torres ante el Consejo Jurisdiccional: Rui Manuel Tom\u00e9 Torres - CP n\u00ba 3050<\/p><p>Representante de la Lista encabezada por Jorge Manuel dos Santos Conde en el Consejo de Supervisi\u00f3n: Maria Beatriz Dias Fernandes - CP n\u00ba 13<\/p><p>Representante de la lista encabezada por Jos\u00e9 Pedro Pinto Leite para la Direcci\u00f3n Regional Norte: Diana Lima Anjo - CP n\u00ba 5469<\/p><p>Representante de la Lista encabezada por Carlos Alberto Morgado dos Santos ante la Direcci\u00f3n Regional Centro: Joana Maria Boa-Alma Cardoso Pais - CP n\u00ba 6644<\/p><p>Representante de la lista encabezada por Luis Manuel Pereira Br\u00e1s para la Direcci\u00f3n Regional Centro: Luis Manuel Pereira Br\u00e1s - CP n\u00ba 4158<\/p><p>Representante de la lista encabezada por Sandra Margarida Quintas Alves Veloso para la Direcci\u00f3n Regional Sur: Eduardo Jos\u00e9 Brazete Carvalho Cruz - CP no. 2191<\/p><p>Representante de la Lista encabezada por Lu\u00eds Carlos Martins Duarte para la Direcci\u00f3n Regional de Azores: Juliana Sofia da Silva Fernandes - CP n\u00ba 560<\/p><p>Representante de la lista encabezada por Andrea Miguel Lopes Rodrigues Ribeiro Macedo en la Junta de la Asamblea Regional del Norte: Andreia Cristina Cordeiro Nogueira - CP n\u00ba 7974<\/p><p>Representante de la lista encabezada por Fernando Manuel Tavares da Silva Ribeiro en la Mesa de la Asamblea Regional Centro: Maria F\u00e1tima Esteves Domingues Leandro - CP n\u00ba 1901<\/p><p>Representante de la lista encabezada por Marina Sofia Oliveira Saraiva en la Mesa de la Asamblea Regional Centro: Marina Sofia Oliveira Saraiva - CP no. 356<\/p><p>Representante de la Lista encabezada por Carlos Alberto Medeiros Mendon\u00e7a en la Mesa de la Asamblea Regional de las Azores: In\u00eas Margarida Pereira Cardoso - CP n\u00ba 1272<\/p><p>Representante de la lista encabezada por Carolina Lu\u00edsa Quintal Caldeira a la Junta de la Asamblea Regional de Madeira: Cust\u00f3dia Maria Correia Caba\u00e7a Ara\u00fajo - CP no. 2139<\/p>\t\t\t\t\t\t\t\t<\/div>\n\t\t\t\t<\/div>\n\t\t\t\t\t<\/div>\n\t\t\t\t<\/div>\n\t\t\t\t<\/div>","protected":false},"excerpt":{"rendered":"<p>La Comisi\u00f3n Electoral es responsable de garantizar la legalidad y transparencia de todo el proceso electoral. Desempe\u00f1a un papel fundamental en la supervisi\u00f3n de todas las etapas del proceso electoral, desde la recepci\u00f3n de las candidaturas hasta la tabulaci\u00f3n de los resultados. Seg\u00fan el Reglamento Electoral, la Comisi\u00f3n Electoral est\u00e1 compuesta por el presidente de la ... <a title=\"Comisi\u00f3n Electoral\" class=\"read-more\" href=\"https:\/\/ordemdosfisioterapeutas.pt\/es\/comissao-eleitoral-2025\/\" aria-label=\"M\u00e1s informaci\u00f3n sobre la Comisi\u00f3n Electoral\">Seguir leyendo<\/a><\/p>","protected":false},"author":1,"featured_media":0,"parent":0,"menu_order":0,"comment_status":"closed","ping_status":"closed","template":"","meta":{"footnotes":""},"class_list":["post-11030","page","type-page","status-publish"],"_links":{"self":[{"href":"https:\/\/ordemdosfisioterapeutas.pt\/es\/wp-json\/wp\/v2\/pages\/11030","targetHints":{"allow":["GET"]}}],"collection":[{"href":"https:\/\/ordemdosfisioterapeutas.pt\/es\/wp-json\/wp\/v2\/pages"}],"about":[{"href":"https:\/\/ordemdosfisioterapeutas.pt\/es\/wp-json\/wp\/v2\/types\/page"}],"author":[{"embeddable":true,"href":"https:\/\/ordemdosfisioterapeutas.pt\/es\/wp-json\/wp\/v2\/users\/1"}],"replies":[{"embeddable":true,"href":"https:\/\/ordemdosfisioterapeutas.pt\/es\/wp-json\/wp\/v2\/comments?post=11030"}],"version-history":[{"count":13,"href":"https:\/\/ordemdosfisioterapeutas.pt\/es\/wp-json\/wp\/v2\/pages\/11030\/revisions"}],"predecessor-version":[{"id":11858,"href":"https:\/\/ordemdosfisioterapeutas.pt\/es\/wp-json\/wp\/v2\/pages\/11030\/revisions\/11858"}],"wp:attachment":[{"href":"https:\/\/ordemdosfisioterapeutas.pt\/es\/wp-json\/wp\/v2\/media?parent=11030"}],"curies":[{"name":"wp","href":"https:\/\/api.w.org\/{rel}","templated":true}]}}