{"id":11028,"date":"2025-08-02T11:59:03","date_gmt":"2025-08-02T10:59:03","guid":{"rendered":"https:\/\/ordemdosfisioterapeutas.pt\/?page_id=11028"},"modified":"2025-10-06T18:47:00","modified_gmt":"2025-10-06T17:47:00","slug":"eleicoes-2025","status":"publish","type":"page","link":"https:\/\/ordemdosfisioterapeutas.pt\/es\/eleicoes-2025\/","title":{"rendered":"Elecciones para los \u00f3rganos nacionales y regionales de la Orden de Fisioterapeutas"},"content":{"rendered":"<div data-elementor-type=\"wp-page\" data-elementor-id=\"11028\" class=\"elementor elementor-11028\" data-elementor-post-type=\"page\">\n\t\t\t\t<div class=\"elementor-element elementor-element-2234052 e-flex e-con-boxed e-con e-parent\" data-id=\"2234052\" data-element_type=\"container\" data-e-type=\"container\">\n\t\t\t\t\t<div class=\"e-con-inner\">\n\t\t<div class=\"elementor-element elementor-element-8a2ed6e e-grid e-con-full e-con e-child\" data-id=\"8a2ed6e\" data-element_type=\"container\" data-e-type=\"container\">\n\t\t\t\t<div class=\"elementor-element elementor-element-41f47b1 elementor-nav-menu__text-align-aside elementor-nav-menu--toggle elementor-nav-menu--burger elementor-widget elementor-widget-nav-menu\" data-id=\"41f47b1\" data-element_type=\"widget\" data-e-type=\"widget\" data-settings=\"{&quot;layout&quot;:&quot;dropdown&quot;,&quot;submenu_icon&quot;:{&quot;value&quot;:&quot;&lt;i class=\\&quot;\\&quot; aria-hidden=\\&quot;true\\&quot;&gt;&lt;\\\/i&gt;&quot;,&quot;library&quot;:&quot;&quot;},&quot;toggle&quot;:&quot;burger&quot;}\" data-widget_type=\"nav-menu.default\">\n\t\t\t\t<div class=\"elementor-widget-container\">\n\t\t\t\t\t\t\t<div class=\"elementor-menu-toggle\" role=\"button\" tabindex=\"0\" aria-label=\"Men\u00fa Cambiar\" aria-expanded=\"false\">\n\t\t\t<i aria-hidden=\"true\" role=\"presentation\" class=\"elementor-menu-toggle__icon--open eicon-menu-bar\"><\/i><i aria-hidden=\"true\" role=\"presentation\" class=\"elementor-menu-toggle__icon--close eicon-close\"><\/i>\t\t<\/div>\n\t\t\t\t\t<nav class=\"elementor-nav-menu--dropdown elementor-nav-menu__container\" aria-hidden=\"true\">\n\t\t\t\t<ul id=\"menu-2-41f47b1\" class=\"elementor-nav-menu\"><li class=\"menu-item menu-item-type-post_type menu-item-object-page menu-item-11230\"><a href=\"https:\/\/ordemdosfisioterapeutas.pt\/es\/eleicoes-2025\/\" class=\"elementor-item\" tabindex=\"-1\">Elecciones<\/a><\/li>\n<li class=\"menu-item menu-item-type-post_type menu-item-object-page menu-item-11231\"><a href=\"https:\/\/ordemdosfisioterapeutas.pt\/es\/calendario-eleitoral-2025\/\" class=\"elementor-item\" tabindex=\"-1\">Calendario electoral<\/a><\/li>\n<li class=\"menu-item menu-item-type-post_type menu-item-object-page menu-item-11229\"><a href=\"https:\/\/ordemdosfisioterapeutas.pt\/es\/comissao-eleitoral-2025\/\" class=\"elementor-item\" tabindex=\"-1\">Comisi\u00f3n Electoral<\/a><\/li>\n<li class=\"menu-item menu-item-type-post_type menu-item-object-page menu-item-11228\"><a href=\"https:\/\/ordemdosfisioterapeutas.pt\/es\/recenseamento-2025\/\" class=\"elementor-item\" tabindex=\"-1\">Censo<\/a><\/li>\n<li class=\"menu-item menu-item-type-post_type menu-item-object-page menu-item-11227\"><a href=\"https:\/\/ordemdosfisioterapeutas.pt\/es\/caderno-eleitoral-2025\/\" class=\"elementor-item\" tabindex=\"-1\">Censo electoral<\/a><\/li>\n<li class=\"menu-item menu-item-type-post_type menu-item-object-page menu-item-11226\"><a href=\"https:\/\/ordemdosfisioterapeutas.pt\/es\/candidaturas-2025\/\" class=\"elementor-item\" tabindex=\"-1\">Aplicaciones<\/a><\/li>\n<li class=\"menu-item menu-item-type-post_type menu-item-object-page menu-item-11225\"><a href=\"https:\/\/ordemdosfisioterapeutas.pt\/es\/listas-candidatas-2025\/\" class=\"elementor-item\" tabindex=\"-1\">Listas de candidatos<\/a><\/li>\n<li class=\"menu-item menu-item-type-post_type menu-item-object-page menu-item-11224\"><a href=\"https:\/\/ordemdosfisioterapeutas.pt\/es\/campanha-eleitoral-2025\/\" class=\"elementor-item\" tabindex=\"-1\">Campa\u00f1a electoral<\/a><\/li>\n<li class=\"menu-item menu-item-type-post_type menu-item-object-page menu-item-11223\"><a href=\"https:\/\/ordemdosfisioterapeutas.pt\/es\/ato-eleitoral-2025\/\" class=\"elementor-item\" tabindex=\"-1\">Ley electoral<\/a><\/li>\n<li class=\"menu-item menu-item-type-post_type menu-item-object-page menu-item-11221\"><a href=\"https:\/\/ordemdosfisioterapeutas.pt\/es\/resultados-provisorios-2025\/\" class=\"elementor-item\" tabindex=\"-1\">Resultados provisionales<\/a><\/li>\n<li class=\"menu-item menu-item-type-post_type menu-item-object-page menu-item-11222\"><a href=\"https:\/\/ordemdosfisioterapeutas.pt\/es\/resultados-oficiais-2025\/\" class=\"elementor-item\" tabindex=\"-1\">Resultados oficiales<\/a><\/li>\n<li class=\"menu-item menu-item-type-post_type menu-item-object-page menu-item-11220\"><a href=\"https:\/\/ordemdosfisioterapeutas.pt\/es\/tomada-de-posse-2025\/\" class=\"elementor-item\" tabindex=\"-1\">Inauguraci\u00f3n<\/a><\/li>\n<li class=\"menu-item menu-item-type-post_type menu-item-object-page menu-item-11216\"><a href=\"https:\/\/ordemdosfisioterapeutas.pt\/es\/perguntas-frequentes-2025\/\" class=\"elementor-item\" tabindex=\"-1\">Preguntas frecuentes<\/a><\/li>\n<\/ul>\t\t\t<\/nav>\n\t\t\t\t\t\t<\/div>\n\t\t\t\t<\/div>\n\t\t\t\t<\/div>\n\t\t\t\t<div class=\"elementor-element elementor-element-26d41c6 elementor-widget elementor-widget-text-editor\" data-id=\"26d41c6\" data-element_type=\"widget\" data-e-type=\"widget\" data-widget_type=\"text-editor.default\">\n\t\t\t\t<div class=\"elementor-widget-container\">\n\t\t\t\t\t\t\t\t\t<p>Bienvenido a la\u00a0<b>Elecciones para los \u00f3rganos nacionales y regionales del Colegio de Fisioterapeutas 2025<\/b>. Este a\u00f1o tendr\u00e1 lugar un proceso electoral crucial para nuestra Orden, con la elecci\u00f3n de los \u00f3rganos nacionales y regionales el 5 de diciembre de 2025. Esta p\u00e1gina contiene toda la informaci\u00f3n necesaria sobre el proceso electoral, incluidos los plazos importantes, los procedimientos de solicitud y la normativa aplicable.<\/p>\t\t\t\t\t\t\t\t<\/div>\n\t\t\t\t<\/div>\n\t\t\t\t<div class=\"elementor-element elementor-element-cb2f27f elementor-icon-list--layout-traditional elementor-list-item-link-full_width elementor-widget elementor-widget-icon-list\" data-id=\"cb2f27f\" data-element_type=\"widget\" data-e-type=\"widget\" data-widget_type=\"icon-list.default\">\n\t\t\t\t<div class=\"elementor-widget-container\">\n\t\t\t\t\t\t\t<ul class=\"elementor-icon-list-items\">\n\t\t\t\t\t\t\t<li class=\"elementor-icon-list-item\">\n\t\t\t\t\t\t\t\t\t\t\t<a href=\"https:\/\/ordemdosfisioterapeutas.pt\/wp-content\/uploads\/2025\/07\/DR_Regulamento-Eleitoral-836_2025.pdf\" target=\"_blank\">\n\n\t\t\t\t\t\t\t\t\t\t\t\t<span class=\"elementor-icon-list-icon\">\n\t\t\t\t\t\t\t<i aria-hidden=\"true\" class=\"far fa-file-alt\"><\/i>\t\t\t\t\t\t<\/span>\n\t\t\t\t\t\t\t\t\t\t<span class=\"elementor-icon-list-text\">V\u00e9ase el Reglamento Electoral<\/span>\n\t\t\t\t\t\t\t\t\t\t\t<\/a>\n\t\t\t\t\t\t\t\t\t<\/li>\n\t\t\t\t\t\t\t\t<li class=\"elementor-icon-list-item\">\n\t\t\t\t\t\t\t\t\t\t\t<a href=\"https:\/\/ordemdosfisioterapeutas.pt\/wp-content\/uploads\/2025\/07\/deliberacao-Direcao_DL.2.RD_.223.2025-1.pdf\" target=\"_blank\">\n\n\t\t\t\t\t\t\t\t\t\t\t\t<span class=\"elementor-icon-list-icon\">\n\t\t\t\t\t\t\t<i aria-hidden=\"true\" class=\"far fa-file-alt\"><\/i>\t\t\t\t\t\t<\/span>\n\t\t\t\t\t\t\t\t\t\t<span class=\"elementor-icon-list-text\">V\u00e9ase la decisi\u00f3n del Consejo de Administraci\u00f3n<\/span>\n\t\t\t\t\t\t\t\t\t\t\t<\/a>\n\t\t\t\t\t\t\t\t\t<\/li>\n\t\t\t\t\t\t<\/ul>\n\t\t\t\t\t\t<\/div>\n\t\t\t\t<\/div>\n\t\t\t\t\t<\/div>\n\t\t\t\t<\/div>\n\t\t<div class=\"elementor-element elementor-element-b83875f e-flex e-con-boxed e-con e-parent\" data-id=\"b83875f\" data-element_type=\"container\" data-e-type=\"container\">\n\t\t\t\t\t<div class=\"e-con-inner\">\n\t\t\t\t<div class=\"elementor-element elementor-element-ec0f9f7 elementor-widget elementor-widget-text-editor\" data-id=\"ec0f9f7\" data-element_type=\"widget\" data-e-type=\"widget\" data-widget_type=\"text-editor.default\">\n\t\t\t\t<div class=\"elementor-widget-container\">\n\t\t\t\t\t\t\t\t\t<p><b><span data-olk-copy-source=\"MessageBody\">\u26a0\ufe0f<\/span><\/b><b>\u00a0Nota informativa - Formulario de solicitud para el Consejo Jurisdiccional<\/b><\/p><p>Tenga en cuenta que el\u00a0<b>Formulario de solicitud para el Consejo Jurisdiccional<\/b>incluidos en los anexos del\u00a0<b>Reglamento electoral publicado en el Bolet\u00edn Oficial (Reglamento n\u00ba 836\/2025)<\/b>contiene un\u00a0<b>falta de material<\/b>mostrando s\u00f3lo\u00a0<b>50 l\u00edneas para abonados<\/b>cuando el n\u00famero exigido por la normativa sea\u00a0<b>100 abonados<\/b>.<\/p><p>El formulario disponible en\u00a0<b>Sitio web de la Orden de Fisioterapeutas<\/b>\u00a0ya ha sido\u00a0<b>corregido<\/b>El n\u00famero de l\u00edneas es ahora el 100 correcto, de acuerdo con el texto del reglamento.<\/p><p>Por lo tanto, se recomienda a todos los candidatos al Consejo Jurisdiccional que utilicen\u00a0<b>exclusivamente la versi\u00f3n actualizada del formulario<\/b>\u00a0disponible\u00a0<a title=\"https:\/\/ordemdosfisioterapeutas.pt\/pt\/candidaturas-2025\/\" href=\"https:\/\/ordemdosfisioterapeutas.pt\/es\/candidaturas-2025\/\" data-auth=\"NotApplicable\" data-linkindex=\"2\">en este<\/a>\u00a0p\u00e1gina.<\/p>\t\t\t\t\t\t\t\t<\/div>\n\t\t\t\t<\/div>\n\t\t\t\t\t<\/div>\n\t\t\t\t<\/div>\n\t\t\t\t<\/div>","protected":false},"excerpt":{"rendered":"<p>Bienvenido a la p\u00e1gina de las Elecciones 2025 para los \u00f3rganos nacionales y regionales de la Orden de Fisioterapeutas. Este a\u00f1o tendr\u00e1 lugar un proceso electoral crucial para nuestra Orden, con la elecci\u00f3n de los \u00f3rganos nacionales y regionales el 5 de diciembre de 2025. Esta p\u00e1gina contiene toda la informaci\u00f3n necesaria sobre el proceso electoral, ... <a title=\"Elecciones para los \u00f3rganos nacionales y regionales de la Orden de Fisioterapeutas\" class=\"read-more\" href=\"https:\/\/ordemdosfisioterapeutas.pt\/es\/eleicoes-2025\/\" aria-label=\"Leer m\u00e1s sobre Elecciones para los \u00f3rganos nacionales y regionales de la Orden de Fisioterapeutas\">Seguir leyendo<\/a><\/p>","protected":false},"author":1,"featured_media":0,"parent":0,"menu_order":0,"comment_status":"closed","ping_status":"closed","template":"","meta":{"footnotes":""},"class_list":["post-11028","page","type-page","status-publish"],"_links":{"self":[{"href":"https:\/\/ordemdosfisioterapeutas.pt\/es\/wp-json\/wp\/v2\/pages\/11028","targetHints":{"allow":["GET"]}}],"collection":[{"href":"https:\/\/ordemdosfisioterapeutas.pt\/es\/wp-json\/wp\/v2\/pages"}],"about":[{"href":"https:\/\/ordemdosfisioterapeutas.pt\/es\/wp-json\/wp\/v2\/types\/page"}],"author":[{"embeddable":true,"href":"https:\/\/ordemdosfisioterapeutas.pt\/es\/wp-json\/wp\/v2\/users\/1"}],"replies":[{"embeddable":true,"href":"https:\/\/ordemdosfisioterapeutas.pt\/es\/wp-json\/wp\/v2\/comments?post=11028"}],"version-history":[{"count":6,"href":"https:\/\/ordemdosfisioterapeutas.pt\/es\/wp-json\/wp\/v2\/pages\/11028\/revisions"}],"predecessor-version":[{"id":11754,"href":"https:\/\/ordemdosfisioterapeutas.pt\/es\/wp-json\/wp\/v2\/pages\/11028\/revisions\/11754"}],"wp:attachment":[{"href":"https:\/\/ordemdosfisioterapeutas.pt\/es\/wp-json\/wp\/v2\/media?parent=11028"}],"curies":[{"name":"wp","href":"https:\/\/api.w.org\/{rel}","templated":true}]}}