{"id":10748,"date":"2025-07-13T19:03:59","date_gmt":"2025-07-13T18:03:59","guid":{"rendered":"https:\/\/ordemdosfisioterapeutas.pt\/?page_id=10748"},"modified":"2025-07-13T19:51:53","modified_gmt":"2025-07-13T18:51:53","slug":"portal-da-bolsa-de-ofertas-de-trabalho","status":"publish","type":"page","link":"https:\/\/ordemdosfisioterapeutas.pt\/es\/portal-da-bolsa-de-ofertas-de-trabalho\/","title":{"rendered":"Portal de la Bolsa de Trabajo"},"content":{"rendered":"<div data-elementor-type=\"wp-page\" data-elementor-id=\"10748\" class=\"elementor elementor-10748\" data-elementor-post-type=\"page\">\n\t\t\t\t<div class=\"elementor-element elementor-element-2af946a4 e-flex e-con-boxed e-con e-parent\" data-id=\"2af946a4\" data-element_type=\"container\" data-e-type=\"container\">\n\t\t\t\t\t<div class=\"e-con-inner\">\n\t\t\t\t<div class=\"elementor-element elementor-element-103446a5 elementor-widget elementor-widget-image\" data-id=\"103446a5\" data-element_type=\"widget\" data-e-type=\"widget\" data-widget_type=\"image.default\">\n\t\t\t\t<div class=\"elementor-widget-container\">\n\t\t\t\t\t\t\t\t\t\t\t\t\t\t\t<img fetchpriority=\"high\" decoding=\"async\" width=\"768\" height=\"476\" src=\"https:\/\/ordemdosfisioterapeutas.pt\/wp-content\/uploads\/2025\/07\/bolsa-de-emprego_hor-768x476.jpg\" class=\"attachment-medium_large size-medium_large wp-image-10750\" alt=\"\" srcset=\"https:\/\/ordemdosfisioterapeutas.pt\/wp-content\/uploads\/2025\/07\/bolsa-de-emprego_hor-768x476.jpg 768w, https:\/\/ordemdosfisioterapeutas.pt\/wp-content\/uploads\/2025\/07\/bolsa-de-emprego_hor-300x186.jpg 300w, https:\/\/ordemdosfisioterapeutas.pt\/wp-content\/uploads\/2025\/07\/bolsa-de-emprego_hor-1024x634.jpg 1024w, https:\/\/ordemdosfisioterapeutas.pt\/wp-content\/uploads\/2025\/07\/bolsa-de-emprego_hor-18x12.jpg 18w, https:\/\/ordemdosfisioterapeutas.pt\/wp-content\/uploads\/2025\/07\/bolsa-de-emprego_hor.jpg 1279w\" sizes=\"(max-width: 768px) 100vw, 768px\" \/>\t\t\t\t\t\t\t\t\t\t\t\t\t\t\t<\/div>\n\t\t\t\t<\/div>\n\t\t\t\t<div class=\"elementor-element elementor-element-78856da4 elementor-widget elementor-widget-text-editor\" data-id=\"78856da4\" data-element_type=\"widget\" data-e-type=\"widget\" data-widget_type=\"text-editor.default\">\n\t\t\t\t<div class=\"elementor-widget-container\">\n\t\t\t\t\t\t\t\t\t<p>El portal de ofertas de empleo es un espacio para que todos los miembros de la Orden compartan ofertas de empleo con el fin de ofrecer m\u00e1s oportunidades a los fisioterapeutas.  Para acceder a las ofertas de empleo, debe iniciar sesi\u00f3n en su \u00e1rea reservada.<\/p><p>Las empresas que deseen publicar ofertas de empleo deben inscribirse en el portal de la Bolsa de Empleo y publicar sus ofertas siguiendo la gu\u00eda paso a paso que figura a continuaci\u00f3n.<\/p>\t\t\t\t\t\t\t\t<\/div>\n\t\t\t\t<\/div>\n\t\t\t\t\t<\/div>\n\t\t\t\t<\/div>\n\t\t<div class=\"elementor-element elementor-element-5ff4cbea e-grid e-con-boxed e-con e-parent\" data-id=\"5ff4cbea\" data-element_type=\"container\" data-e-type=\"container\">\n\t\t\t\t\t<div class=\"e-con-inner\">\n\t\t<div class=\"elementor-element elementor-element-55adf764 e-con-full e-flex e-con e-child\" data-id=\"55adf764\" data-element_type=\"container\" data-e-type=\"container\">\n\t\t\t\t<div class=\"elementor-element elementor-element-652cbab3 elementor-widget elementor-widget-text-editor\" data-id=\"652cbab3\" data-element_type=\"widget\" data-e-type=\"widget\" data-widget_type=\"text-editor.default\">\n\t\t\t\t<div class=\"elementor-widget-container\">\n\t\t\t\t\t\t\t\t\t<p><a href=\"https:\/\/ordemdosfisioterapeutas.pt\/wp-content\/uploads\/2025\/07\/BOT_GUIA_PASSO-A-PASSO_empresa_compressed.pdf\" target=\"_blank\" rel=\"noopener\"><span style=\"text-decoration: underline;\">Gu\u00eda paso a paso<\/span><\/a><\/p>\t\t\t\t\t\t\t\t<\/div>\n\t\t\t\t<\/div>\n\t\t\t\t<div class=\"elementor-element elementor-element-5c54c5f5 elementor-widget elementor-widget-button\" data-id=\"5c54c5f5\" data-element_type=\"widget\" data-e-type=\"widget\" data-widget_type=\"button.default\">\n\t\t\t\t<div class=\"elementor-widget-container\">\n\t\t\t\t\t\t\t\t\t<div class=\"elementor-button-wrapper\">\n\t\t\t\t\t<a class=\"elementor-button elementor-button-link elementor-size-sm\" href=\"https:\/\/portalbolsadeemprego.ordemdosfisioterapeutas.pt\/index.aspx\" target=\"_blank\">\n\t\t\t\t\t\t<span class=\"elementor-button-content-wrapper\">\n\t\t\t\t\t\t\t\t\t<span class=\"elementor-button-text\">Acceso empresarial <\/span>\n\t\t\t\t\t<\/span>\n\t\t\t\t\t<\/a>\n\t\t\t\t<\/div>\n\t\t\t\t\t\t\t\t<\/div>\n\t\t\t\t<\/div>\n\t\t\t\t<div class=\"elementor-element elementor-element-7ec38e45 elementor-widget elementor-widget-text-editor\" data-id=\"7ec38e45\" data-element_type=\"widget\" data-e-type=\"widget\" data-widget_type=\"text-editor.default\">\n\t\t\t\t<div class=\"elementor-widget-container\">\n\t\t\t\t\t\t\t\t\t<p>\u00bfNo tiene acceso? P\u00f3ngase en contacto con nosotros <a href=\"https:\/\/portalbolsadeemprego.ordemdosfisioterapeutas.pt\/Login\/new-register.aspx\" target=\"_blank\" rel=\"noopener\"><span style=\"text-decoration: underline;\">reg\u00edstrese en<\/span><\/a> aqu\u00ed.<\/p>\t\t\t\t\t\t\t\t<\/div>\n\t\t\t\t<\/div>\n\t\t\t\t<\/div>\n\t\t<div class=\"elementor-element elementor-element-1fb422c0 e-con-full e-flex e-con e-child\" data-id=\"1fb422c0\" data-element_type=\"container\" data-e-type=\"container\">\n\t\t\t\t<div class=\"elementor-element elementor-element-7914b36e elementor-widget elementor-widget-text-editor\" data-id=\"7914b36e\" data-element_type=\"widget\" data-e-type=\"widget\" data-widget_type=\"text-editor.default\">\n\t\t\t\t<div class=\"elementor-widget-container\">\n\t\t\t\t\t\t\t\t\t<p><a href=\"https:\/\/ordemdosfisioterapeutas.pt\/wp-content\/uploads\/2025\/07\/BOT_GUIA_PASSO-A-PASSO_fisioterapeuta_compressed.pdf\" target=\"_blank\" rel=\"noopener\"><span style=\"text-decoration: underline;\">Gu\u00eda paso a paso<\/span><\/a><\/p>\t\t\t\t\t\t\t\t<\/div>\n\t\t\t\t<\/div>\n\t\t\t\t<div class=\"elementor-element elementor-element-5f6412c5 elementor-align-center elementor-widget elementor-widget-button\" data-id=\"5f6412c5\" data-element_type=\"widget\" data-e-type=\"widget\" data-widget_type=\"button.default\">\n\t\t\t\t<div class=\"elementor-widget-container\">\n\t\t\t\t\t\t\t\t\t<div class=\"elementor-button-wrapper\">\n\t\t\t\t\t<a class=\"elementor-button elementor-button-link elementor-size-sm\" href=\"https:\/\/portal.ordemdosfisioterapeutas.pt\/of-auth\/?app_ref=e985d1b30a025a19af003c638a7f64a2&#038;redirect=portal-emprego\" target=\"_blank\">\n\t\t\t\t\t\t<span class=\"elementor-button-content-wrapper\">\n\t\t\t\t\t\t\t\t\t<span class=\"elementor-button-text\">Acceso a los miembros de la Orden <\/span>\n\t\t\t\t\t<\/span>\n\t\t\t\t\t<\/a>\n\t\t\t\t<\/div>\n\t\t\t\t\t\t\t\t<\/div>\n\t\t\t\t<\/div>\n\t\t\t\t<\/div>\n\t\t\t\t\t<\/div>\n\t\t\t\t<\/div>\n\t\t<div class=\"elementor-element elementor-element-45c1fce3 e-flex e-con-boxed e-con e-parent\" data-id=\"45c1fce3\" data-element_type=\"container\" data-e-type=\"container\">\n\t\t\t\t\t<div class=\"e-con-inner\">\n\t\t\t\t<div class=\"elementor-element elementor-element-1e49d38d elementor-widget elementor-widget-text-editor\" data-id=\"1e49d38d\" data-element_type=\"widget\" data-e-type=\"widget\" data-widget_type=\"text-editor.default\">\n\t\t\t\t<div class=\"elementor-widget-container\">\n\t\t\t\t\t\t\t\t\t<p><strong>Nota:<\/strong> El Colegio de Fisioterapeutas no interviene ni controla los procesos de selecci\u00f3n convocados, ni certifica o garantiza la calidad de las propuestas presentadas. El an\u00e1lisis individual de cada oferta de empleo es responsabilidad exclusiva de los colegiados que la soliciten, sin perjuicio de que la Orden se reserve el derecho de informar que no ha publicado tal o cual oferta de empleo si considera que no dignifican la profesi\u00f3n, vulneran sus principios y valores y\/o infringen la ley.<\/p>\t\t\t\t\t\t\t\t<\/div>\n\t\t\t\t<\/div>\n\t\t\t\t\t<\/div>\n\t\t\t\t<\/div>\n\t\t\t\t<\/div>","protected":false},"excerpt":{"rendered":"<p>El portal de ofertas de empleo es un espacio para que todos los miembros de la Orden compartan ofertas de empleo con el fin de ofrecer m\u00e1s oportunidades a los fisioterapeutas.  Para acceder a las ofertas de empleo, debe entrar en su \u00e1rea reservada. Las empresas que deseen dar a conocer sus ofertas de empleo deben ... <a title=\"Portal de la Bolsa de Trabajo\" class=\"read-more\" href=\"https:\/\/ordemdosfisioterapeutas.pt\/es\/portal-da-bolsa-de-ofertas-de-trabalho\/\" aria-label=\"M\u00e1s informaci\u00f3n sobre el Portal de la Bolsa de Trabajo\">Seguir leyendo<\/a><\/p>","protected":false},"author":1,"featured_media":0,"parent":0,"menu_order":0,"comment_status":"closed","ping_status":"closed","template":"","meta":{"footnotes":""},"class_list":["post-10748","page","type-page","status-publish"],"_links":{"self":[{"href":"https:\/\/ordemdosfisioterapeutas.pt\/es\/wp-json\/wp\/v2\/pages\/10748","targetHints":{"allow":["GET"]}}],"collection":[{"href":"https:\/\/ordemdosfisioterapeutas.pt\/es\/wp-json\/wp\/v2\/pages"}],"about":[{"href":"https:\/\/ordemdosfisioterapeutas.pt\/es\/wp-json\/wp\/v2\/types\/page"}],"author":[{"embeddable":true,"href":"https:\/\/ordemdosfisioterapeutas.pt\/es\/wp-json\/wp\/v2\/users\/1"}],"replies":[{"embeddable":true,"href":"https:\/\/ordemdosfisioterapeutas.pt\/es\/wp-json\/wp\/v2\/comments?post=10748"}],"version-history":[{"count":0,"href":"https:\/\/ordemdosfisioterapeutas.pt\/es\/wp-json\/wp\/v2\/pages\/10748\/revisions"}],"wp:attachment":[{"href":"https:\/\/ordemdosfisioterapeutas.pt\/es\/wp-json\/wp\/v2\/media?parent=10748"}],"curies":[{"name":"wp","href":"https:\/\/api.w.org\/{rel}","templated":true}]}}