{"id":10704,"date":"2025-07-06T20:14:15","date_gmt":"2025-07-06T19:14:15","guid":{"rendered":"https:\/\/ordemdosfisioterapeutas.pt\/?page_id=10704"},"modified":"2026-01-06T19:48:23","modified_gmt":"2026-01-06T19:48:23","slug":"santogal","status":"publish","type":"page","link":"https:\/\/ordemdosfisioterapeutas.pt\/es\/santogal\/","title":{"rendered":"Santogal"},"content":{"rendered":"<div data-elementor-type=\"wp-page\" data-elementor-id=\"10704\" class=\"elementor elementor-10704\" data-elementor-post-type=\"page\">\n\t\t\t\t<div class=\"elementor-element elementor-element-3dcbd55c e-grid e-con-boxed e-con e-parent\" data-id=\"3dcbd55c\" data-element_type=\"container\" data-e-type=\"container\">\n\t\t\t\t\t<div class=\"e-con-inner\">\n\t\t\t\t<div class=\"elementor-element elementor-element-a6b49ae elementor-widget elementor-widget-image\" data-id=\"a6b49ae\" data-element_type=\"widget\" data-e-type=\"widget\" data-widget_type=\"image.default\">\n\t\t\t\t<div class=\"elementor-widget-container\">\n\t\t\t\t\t\t\t\t\t\t\t\t\t\t\t<img decoding=\"async\" src=\"https:\/\/ordemdosfisioterapeutas.pt\/wp-content\/uploads\/elementor\/thumbs\/logo__0000_santogal-1-r8dgomdbwrmwt2hyoce0swomochro5chgf4bflbxmo.png\" title=\"logo__0000_santogal-1.png\" alt=\"logo__0000_santogal-1.png\" loading=\"lazy\" \/>\t\t\t\t\t\t\t\t\t\t\t\t\t\t\t<\/div>\n\t\t\t\t<\/div>\n\t\t\t\t<div class=\"elementor-element elementor-element-5534e105 elementor-widget elementor-widget-image\" data-id=\"5534e105\" data-element_type=\"widget\" data-e-type=\"widget\" data-widget_type=\"image.default\">\n\t\t\t\t<div class=\"elementor-widget-container\">\n\t\t\t\t\t\t\t\t\t\t\t\t\t\t\t<img decoding=\"async\" src=\"https:\/\/ordemdosfisioterapeutas.pt\/wp-content\/uploads\/elementor\/thumbs\/parcerias-r1e5sfsz0l2px9fc2vf1dqmethbbh5ts4btblfpj40.png\" title=\"asociaciones.png\" alt=\"parcerias.png\" loading=\"lazy\" \/>\t\t\t\t\t\t\t\t\t\t\t\t\t\t\t<\/div>\n\t\t\t\t<\/div>\n\t\t\t\t\t<\/div>\n\t\t\t\t<\/div>\n\t\t<div class=\"elementor-element elementor-element-1dbcc5d5 e-flex e-con-boxed e-con e-parent\" data-id=\"1dbcc5d5\" data-element_type=\"container\" data-e-type=\"container\">\n\t\t\t\t\t<div class=\"e-con-inner\">\n\t\t\t\t<div class=\"elementor-element elementor-element-20b0a235 elementor-widget elementor-widget-heading\" data-id=\"20b0a235\" data-element_type=\"widget\" data-e-type=\"widget\" data-widget_type=\"heading.default\">\n\t\t\t\t<div class=\"elementor-widget-container\">\n\t\t\t\t\t<h2 class=\"elementor-heading-title elementor-size-default\">Descripci\u00f3n<\/h2>\t\t\t\t<\/div>\n\t\t\t\t<\/div>\n\t\t\t\t<div class=\"elementor-element elementor-element-22ed882c elementor-widget elementor-widget-text-editor\" data-id=\"22ed882c\" data-element_type=\"widget\" data-e-type=\"widget\" data-widget_type=\"text-editor.default\">\n\t\t\t\t<div class=\"elementor-widget-container\">\n\t\t\t\t\t\t\t\t\t<p>Santogal es uno de los mayores grupos automovil\u00edsticos de Portugal y representa a m\u00e1s de 30 marcas de veh\u00edculos nuevos y usados. Sus servicios abarcan desde la venta hasta el mantenimiento y la financiaci\u00f3n de autom\u00f3viles. La empresa apuesta por un servicio personalizado y una experiencia completa, garantizando soluciones eficaces para la movilidad personal y empresarial.<\/p>\t\t\t\t\t\t\t\t<\/div>\n\t\t\t\t<\/div>\n\t\t\t\t\t<\/div>\n\t\t\t\t<\/div>\n\t\t<div class=\"elementor-element elementor-element-69290d8f condicoes e-flex e-con-boxed e-con e-parent\" data-id=\"69290d8f\" data-element_type=\"container\" data-e-type=\"container\">\n\t\t\t\t\t<div class=\"e-con-inner\">\n\t\t\t\t<div class=\"elementor-element elementor-element-7bc4f219 elementor-widget elementor-widget-heading\" data-id=\"7bc4f219\" data-element_type=\"widget\" data-e-type=\"widget\" data-widget_type=\"heading.default\">\n\t\t\t\t<div class=\"elementor-widget-container\">\n\t\t\t\t\t<h2 class=\"elementor-heading-title elementor-size-default\">Condiciones<\/h2>\t\t\t\t<\/div>\n\t\t\t\t<\/div>\n\t\t\t\t<div class=\"elementor-element elementor-element-25484a32 elementor-widget elementor-widget-text-editor\" data-id=\"25484a32\" data-element_type=\"widget\" data-e-type=\"widget\" data-widget_type=\"text-editor.default\">\n\t\t\t\t<div class=\"elementor-widget-container\">\n\t\t\t\t\t\t\t\t\t<div class=\"ewa-rteLine\"><div class=\"ewa-rteLine\">Apoyo dedicado de un \u00fanico interlocutor Santogal al servicio de los Miembros y Empleados de la Orden de Fisioterapeutas;<\/div><div class=\"ewa-rteLine\">Apoyo personalizado en:<\/div><div class=\"ewa-rteLine\">Adquisici\u00f3n de veh\u00edculos nuevos y usados de todas las marcas representadas por Santogal;<\/div><div class=\"ewa-rteLine\">Reserva de pruebas de conducci\u00f3n;<\/div><div class=\"ewa-rteLine\">Presentaci\u00f3n de propuestas de adquisici\u00f3n y apoyo en la elecci\u00f3n del veh\u00edculo m\u00e1s adecuado (marca, modelo y equipamiento);<\/div><div class=\"ewa-rteLine\">Presentaci\u00f3n de las mejores soluciones de financiaci\u00f3n y seguros;<\/div><div class=\"ewa-rteLine\">Valoraci\u00f3n y compra de veh\u00edculos usados (aunque no se compre un veh\u00edculo nuevo).<\/div><div class=\"ewa-rteLine\">Apoyo en los talleres Santogal en caso de dificultades<\/div><div class=\"ewa-rteLine\">Mejores condiciones para la compra de coches, limitadas a un coche por afiliado.<\/div><div class=\"ewa-rteLine\">Las mejores condiciones de financiaci\u00f3n, seguros de coche y planes de mantenimiento.<\/div><div class=\"ewa-rteLine\">\u00a0<\/div><div class=\"ewa-rteLine\">Puede beneficiarse de estas condiciones especiales enviando un correo electr\u00f3nico a\u00a0<span style=\"text-decoration: underline;\"><a title=\"mailto:geral@ordemdosfisioterapeutas.pt\" href=\"mailto:geral@ordemdosfisioterapeutas.pt\" data-linkindex=\"0\">geral@ordemdosfisioterapeutas.pt<\/a><\/span>\u00a0con el asunto \u201c<b>Asociaci\u00f3n Santogal\u201d.\u201d<\/b>.<\/div><\/div>\t\t\t\t\t\t\t\t<\/div>\n\t\t\t\t<\/div>\n\t\t\t\t\t<\/div>\n\t\t\t\t<\/div>\n\t\t<div class=\"elementor-element elementor-element-f9bf0af condicoes-btn e-flex e-con-boxed e-con e-parent\" data-id=\"f9bf0af\" data-element_type=\"container\" data-e-type=\"container\">\n\t\t\t\t\t<div class=\"e-con-inner\">\n\t\t\t\t<div class=\"elementor-element elementor-element-daeb46b elementor-align-right elementor-mobile-align-center elementor-widget elementor-widget-button\" data-id=\"daeb46b\" data-element_type=\"widget\" data-e-type=\"widget\" data-widget_type=\"button.default\">\n\t\t\t\t<div class=\"elementor-widget-container\">\n\t\t\t\t\t\t\t\t\t<div class=\"elementor-button-wrapper\">\n\t\t\t\t\t<a class=\"elementor-button elementor-button-link elementor-size-xs\" href=\"https:\/\/portal.ordemdosfisioterapeutas.pt\/of-auth\/?app_ref=e985d1b30a025a19af003c638a7f64a2\" target=\"_blank\">\n\t\t\t\t\t\t<span class=\"elementor-button-content-wrapper\">\n\t\t\t\t\t\t\t\t\t<span class=\"elementor-button-text\">Conozca las condiciones<\/span>\n\t\t\t\t\t<\/span>\n\t\t\t\t\t<\/a>\n\t\t\t\t<\/div>\n\t\t\t\t\t\t\t\t<\/div>\n\t\t\t\t<\/div>\n\t\t\t\t\t<\/div>\n\t\t\t\t<\/div>\n\t\t<div class=\"elementor-element elementor-element-22ab0f1 e-flex e-con-boxed e-con e-parent\" data-id=\"22ab0f1\" data-element_type=\"container\" data-e-type=\"container\">\n\t\t\t\t\t<div class=\"e-con-inner\">\n\t\t\t\t<div class=\"elementor-element elementor-element-df537e2 elementor-align-right elementor-mobile-align-center elementor-widget elementor-widget-button\" data-id=\"df537e2\" data-element_type=\"widget\" data-e-type=\"widget\" data-widget_type=\"button.default\">\n\t\t\t\t<div class=\"elementor-widget-container\">\n\t\t\t\t\t\t\t\t\t<div class=\"elementor-button-wrapper\">\n\t\t\t\t\t<a class=\"elementor-button elementor-button-link elementor-size-xs\" href=\"https:\/\/ordemdosfisioterapeutas.pt\/es\/parcerias\/\">\n\t\t\t\t\t\t<span class=\"elementor-button-content-wrapper\">\n\t\t\t\t\t\t\t\t\t<span class=\"elementor-button-text\">Volver<\/span>\n\t\t\t\t\t<\/span>\n\t\t\t\t\t<\/a>\n\t\t\t\t<\/div>\n\t\t\t\t\t\t\t\t<\/div>\n\t\t\t\t<\/div>\n\t\t\t\t\t<\/div>\n\t\t\t\t<\/div>\n\t\t\t\t<\/div>","protected":false},"excerpt":{"rendered":"<p>Descri\u00e7\u00e3o A Santogal\u00a0\u00e9 um dos maiores grupos autom\u00f3veis em Portugal, representando mais de 30 marcas de ve\u00edculos novos e seminovos. Com servi\u00e7os que v\u00e3o desde a venda at\u00e9 \u00e0 manuten\u00e7\u00e3o e financiamento autom\u00f3vel. A empresa aposta num atendimento personalizado e numa experi\u00eancia completa, garantindo solu\u00e7\u00f5es eficazes para a mobilidade pessoal e empresarial. Condi\u00e7\u00f5es Acompanhamento dedicado &#8230; <a title=\"Santogal\" class=\"read-more\" href=\"https:\/\/ordemdosfisioterapeutas.pt\/es\/santogal\/\" aria-label=\"Leer m\u00e1s sobre Santogal\">Seguir leyendo<\/a><\/p>","protected":false},"author":1,"featured_media":0,"parent":0,"menu_order":0,"comment_status":"closed","ping_status":"closed","template":"","meta":{"footnotes":""},"class_list":["post-10704","page","type-page","status-publish"],"_links":{"self":[{"href":"https:\/\/ordemdosfisioterapeutas.pt\/es\/wp-json\/wp\/v2\/pages\/10704","targetHints":{"allow":["GET"]}}],"collection":[{"href":"https:\/\/ordemdosfisioterapeutas.pt\/es\/wp-json\/wp\/v2\/pages"}],"about":[{"href":"https:\/\/ordemdosfisioterapeutas.pt\/es\/wp-json\/wp\/v2\/types\/page"}],"author":[{"embeddable":true,"href":"https:\/\/ordemdosfisioterapeutas.pt\/es\/wp-json\/wp\/v2\/users\/1"}],"replies":[{"embeddable":true,"href":"https:\/\/ordemdosfisioterapeutas.pt\/es\/wp-json\/wp\/v2\/comments?post=10704"}],"version-history":[{"count":3,"href":"https:\/\/ordemdosfisioterapeutas.pt\/es\/wp-json\/wp\/v2\/pages\/10704\/revisions"}],"predecessor-version":[{"id":12452,"href":"https:\/\/ordemdosfisioterapeutas.pt\/es\/wp-json\/wp\/v2\/pages\/10704\/revisions\/12452"}],"wp:attachment":[{"href":"https:\/\/ordemdosfisioterapeutas.pt\/es\/wp-json\/wp\/v2\/media?parent=10704"}],"curies":[{"name":"wp","href":"https:\/\/api.w.org\/{rel}","templated":true}]}}