{"id":10697,"date":"2025-07-06T20:03:50","date_gmt":"2025-07-06T19:03:50","guid":{"rendered":"https:\/\/ordemdosfisioterapeutas.pt\/?page_id=10697"},"modified":"2025-08-16T11:03:33","modified_gmt":"2025-08-16T10:03:33","slug":"quake","status":"publish","type":"page","link":"https:\/\/ordemdosfisioterapeutas.pt\/es\/quake\/","title":{"rendered":"Terremoto"},"content":{"rendered":"<div data-elementor-type=\"wp-page\" data-elementor-id=\"10697\" class=\"elementor elementor-10697\" data-elementor-post-type=\"page\">\n\t\t\t\t<div class=\"elementor-element elementor-element-13576b2f e-grid e-con-boxed e-con e-parent\" data-id=\"13576b2f\" data-element_type=\"container\" data-e-type=\"container\">\n\t\t\t\t\t<div class=\"e-con-inner\">\n\t\t\t\t<div class=\"elementor-element elementor-element-21ce448f elementor-widget elementor-widget-image\" data-id=\"21ce448f\" data-element_type=\"widget\" data-e-type=\"widget\" data-widget_type=\"image.default\">\n\t\t\t\t<div class=\"elementor-widget-container\">\n\t\t\t\t\t\t\t\t\t\t\t\t\t\t\t<img decoding=\"async\" src=\"https:\/\/ordemdosfisioterapeutas.pt\/wp-content\/uploads\/elementor\/thumbs\/logo__0004_quake-1-r8dg9dfl1irggsnbpr3wcr7frbneswt8oy4r5zxukg.png\" title=\"logo__0004_quake-1.png\" alt=\"logo__0004_quake-1.png\" loading=\"lazy\" \/>\t\t\t\t\t\t\t\t\t\t\t\t\t\t\t<\/div>\n\t\t\t\t<\/div>\n\t\t\t\t<div class=\"elementor-element elementor-element-7526ca4b elementor-widget elementor-widget-image\" data-id=\"7526ca4b\" data-element_type=\"widget\" data-e-type=\"widget\" data-widget_type=\"image.default\">\n\t\t\t\t<div class=\"elementor-widget-container\">\n\t\t\t\t\t\t\t\t\t\t\t\t\t\t\t<img decoding=\"async\" src=\"https:\/\/ordemdosfisioterapeutas.pt\/wp-content\/uploads\/elementor\/thumbs\/parcerias-r1e5sfsz0l2px9fc2vf1dqmethbbh5ts4btblfpj40.png\" title=\"asociaciones.png\" alt=\"parcerias.png\" loading=\"lazy\" \/>\t\t\t\t\t\t\t\t\t\t\t\t\t\t\t<\/div>\n\t\t\t\t<\/div>\n\t\t\t\t\t<\/div>\n\t\t\t\t<\/div>\n\t\t<div class=\"elementor-element elementor-element-2b2ae93a e-flex e-con-boxed e-con e-parent\" data-id=\"2b2ae93a\" data-element_type=\"container\" data-e-type=\"container\">\n\t\t\t\t\t<div class=\"e-con-inner\">\n\t\t\t\t<div class=\"elementor-element elementor-element-6efa900d elementor-widget elementor-widget-heading\" data-id=\"6efa900d\" data-element_type=\"widget\" data-e-type=\"widget\" data-widget_type=\"heading.default\">\n\t\t\t\t<div class=\"elementor-widget-container\">\n\t\t\t\t\t<h2 class=\"elementor-heading-title elementor-size-default\">Descripci\u00f3n<\/h2>\t\t\t\t<\/div>\n\t\t\t\t<\/div>\n\t\t\t\t<div class=\"elementor-element elementor-element-42bb8639 elementor-widget elementor-widget-text-editor\" data-id=\"42bb8639\" data-element_type=\"widget\" data-e-type=\"widget\" data-widget_type=\"text-editor.default\">\n\t\t\t\t<div class=\"elementor-widget-container\">\n\t\t\t\t\t\t\t\t\t<p>Situado en Bel\u00e9m, Quake es un museo que combina diversi\u00f3n y conocimiento para ofrecerle una experiencia inmersiva e interactiva que no olvidar\u00e1 f\u00e1cilmente. Dise\u00f1ado para locales y visitantes, familias y grupos de amigos, amantes de la historia, cient\u00edficos aficionados y aquellos que buscan emociones fuertes y actividades diferentes, aqu\u00ed viajar\u00e1 a la Lisboa de 1755 y sentir\u00e1 el impacto de un terremoto, reproducido por un simulador, video-mapping y efectos especiales. Espere lo inesperado en este viaje en el que descubrir\u00e1 c\u00f3mo el terremoto cambi\u00f3 para siempre la faz de Lisboa y sacudi\u00f3 el viejo continente.<\/p>\t\t\t\t\t\t\t\t<\/div>\n\t\t\t\t<\/div>\n\t\t\t\t\t<\/div>\n\t\t\t\t<\/div>\n\t\t<div class=\"elementor-element elementor-element-59d2c6e1 condicoes e-flex e-con-boxed e-con e-parent\" data-id=\"59d2c6e1\" data-element_type=\"container\" data-e-type=\"container\">\n\t\t\t\t\t<div class=\"e-con-inner\">\n\t\t\t\t<div class=\"elementor-element elementor-element-1eabed1e elementor-widget elementor-widget-heading\" data-id=\"1eabed1e\" data-element_type=\"widget\" data-e-type=\"widget\" data-widget_type=\"heading.default\">\n\t\t\t\t<div class=\"elementor-widget-container\">\n\t\t\t\t\t<h2 class=\"elementor-heading-title elementor-size-default\">Condiciones<\/h2>\t\t\t\t<\/div>\n\t\t\t\t<\/div>\n\t\t\t\t<div class=\"elementor-element elementor-element-2afa2202 elementor-widget elementor-widget-text-editor\" data-id=\"2afa2202\" data-element_type=\"widget\" data-e-type=\"widget\" data-widget_type=\"text-editor.default\">\n\t\t\t\t<div class=\"elementor-widget-container\">\n\t\t\t\t\t\t\t\t\t<div class=\"ewa-rteLine\"><p>- Descuento de 20% en las entradas adquiridas entre el 15 de septiembre y el 15 de octubre de 2025, utilizando el c\u00f3digo de descuento FISIO20.<br \/>Descuento aplicable sobre el precio de lista vigente en la fecha de compra, v\u00e1lido para entradas est\u00e1ndar: adulto, ni\u00f1o y senior.<\/p><p>Acceso a la prestaci\u00f3n: <br \/><br \/>Puede beneficiarse de estas condiciones especiales comprando sus entradas en persona en el Museo del Terremoto de Lisboa o en l\u00ednea a trav\u00e9s de la web. <span style=\"text-decoration: underline;\">www.lisbonquake.com<\/span><\/p><p>Los afiliados deben presentar la Tarjeta Profesional de la Orden de Fisioterapeutas, mientras que los empleados deben presentar un justificante de empleo (por ejemplo, la n\u00f3mina).<\/p><\/div>\t\t\t\t\t\t\t\t<\/div>\n\t\t\t\t<\/div>\n\t\t\t\t\t<\/div>\n\t\t\t\t<\/div>\n\t\t<div class=\"elementor-element elementor-element-a75c6c9 condicoes-btn e-flex e-con-boxed e-con e-parent\" data-id=\"a75c6c9\" data-element_type=\"container\" data-e-type=\"container\">\n\t\t\t\t\t<div class=\"e-con-inner\">\n\t\t\t\t<div class=\"elementor-element elementor-element-7429ece elementor-align-right elementor-mobile-align-center elementor-widget elementor-widget-button\" data-id=\"7429ece\" data-element_type=\"widget\" data-e-type=\"widget\" data-widget_type=\"button.default\">\n\t\t\t\t<div class=\"elementor-widget-container\">\n\t\t\t\t\t\t\t\t\t<div class=\"elementor-button-wrapper\">\n\t\t\t\t\t<a class=\"elementor-button elementor-button-link elementor-size-xs\" href=\"https:\/\/portal.ordemdosfisioterapeutas.pt\/of-auth\/?app_ref=e985d1b30a025a19af003c638a7f64a2\" target=\"_blank\">\n\t\t\t\t\t\t<span class=\"elementor-button-content-wrapper\">\n\t\t\t\t\t\t\t\t\t<span class=\"elementor-button-text\">Conozca las condiciones<\/span>\n\t\t\t\t\t<\/span>\n\t\t\t\t\t<\/a>\n\t\t\t\t<\/div>\n\t\t\t\t\t\t\t\t<\/div>\n\t\t\t\t<\/div>\n\t\t\t\t\t<\/div>\n\t\t\t\t<\/div>\n\t\t<div class=\"elementor-element elementor-element-c91c325 e-flex e-con-boxed e-con e-parent\" data-id=\"c91c325\" data-element_type=\"container\" data-e-type=\"container\">\n\t\t\t\t\t<div class=\"e-con-inner\">\n\t\t\t\t<div class=\"elementor-element elementor-element-98bc45e elementor-align-right elementor-mobile-align-center elementor-widget elementor-widget-button\" data-id=\"98bc45e\" data-element_type=\"widget\" data-e-type=\"widget\" data-widget_type=\"button.default\">\n\t\t\t\t<div class=\"elementor-widget-container\">\n\t\t\t\t\t\t\t\t\t<div class=\"elementor-button-wrapper\">\n\t\t\t\t\t<a class=\"elementor-button elementor-button-link elementor-size-xs\" href=\"https:\/\/ordemdosfisioterapeutas.pt\/es\/parcerias\/\">\n\t\t\t\t\t\t<span class=\"elementor-button-content-wrapper\">\n\t\t\t\t\t\t\t\t\t<span class=\"elementor-button-text\">Volver<\/span>\n\t\t\t\t\t<\/span>\n\t\t\t\t\t<\/a>\n\t\t\t\t<\/div>\n\t\t\t\t\t\t\t\t<\/div>\n\t\t\t\t<\/div>\n\t\t\t\t\t<\/div>\n\t\t\t\t<\/div>\n\t\t\t\t<\/div>","protected":false},"excerpt":{"rendered":"<p>Descri\u00e7\u00e3o Situado em Bel\u00e9m, o Quake \u00e9 um museu que combina divers\u00e3o e conhecimento para oferecer-lhe uma experi\u00eancia imersiva e interativa que n\u00e3o vai esquecer brevemente. Pensado para locais e visitantes, fam\u00edlias e grupos de amigos, amantes de hist\u00f3ria, cientistas amadores e aqueles que procuram emo\u00e7\u00f5es fortes e actividades diferentes, aqui viajar\u00e1 at\u00e9 \u00e0 Lisboa &#8230; <a title=\"Terremoto\" class=\"read-more\" href=\"https:\/\/ordemdosfisioterapeutas.pt\/es\/quake\/\" aria-label=\"Leer m\u00e1s sobre Quake\">Seguir leyendo<\/a><\/p>","protected":false},"author":1,"featured_media":0,"parent":0,"menu_order":0,"comment_status":"closed","ping_status":"closed","template":"","meta":{"footnotes":""},"class_list":["post-10697","page","type-page","status-publish"],"_links":{"self":[{"href":"https:\/\/ordemdosfisioterapeutas.pt\/es\/wp-json\/wp\/v2\/pages\/10697","targetHints":{"allow":["GET"]}}],"collection":[{"href":"https:\/\/ordemdosfisioterapeutas.pt\/es\/wp-json\/wp\/v2\/pages"}],"about":[{"href":"https:\/\/ordemdosfisioterapeutas.pt\/es\/wp-json\/wp\/v2\/types\/page"}],"author":[{"embeddable":true,"href":"https:\/\/ordemdosfisioterapeutas.pt\/es\/wp-json\/wp\/v2\/users\/1"}],"replies":[{"embeddable":true,"href":"https:\/\/ordemdosfisioterapeutas.pt\/es\/wp-json\/wp\/v2\/comments?post=10697"}],"version-history":[{"count":0,"href":"https:\/\/ordemdosfisioterapeutas.pt\/es\/wp-json\/wp\/v2\/pages\/10697\/revisions"}],"wp:attachment":[{"href":"https:\/\/ordemdosfisioterapeutas.pt\/es\/wp-json\/wp\/v2\/media?parent=10697"}],"curies":[{"name":"wp","href":"https:\/\/api.w.org\/{rel}","templated":true}]}}