{"id":10690,"date":"2025-07-06T19:56:14","date_gmt":"2025-07-06T18:56:14","guid":{"rendered":"https:\/\/ordemdosfisioterapeutas.pt\/?page_id=10690"},"modified":"2026-01-08T19:31:06","modified_gmt":"2026-01-08T19:31:06","slug":"midas","status":"publish","type":"page","link":"https:\/\/ordemdosfisioterapeutas.pt\/es\/midas\/","title":{"rendered":"Midas"},"content":{"rendered":"<div data-elementor-type=\"wp-page\" data-elementor-id=\"10690\" class=\"elementor elementor-10690\" data-elementor-post-type=\"page\">\n\t\t\t\t<div class=\"elementor-element elementor-element-b9135b1 e-grid e-con-boxed e-con e-parent\" data-id=\"b9135b1\" data-element_type=\"container\" data-e-type=\"container\">\n\t\t\t\t\t<div class=\"e-con-inner\">\n\t\t\t\t<div class=\"elementor-element elementor-element-3d97e3d9 elementor-widget elementor-widget-image\" data-id=\"3d97e3d9\" data-element_type=\"widget\" data-e-type=\"widget\" data-widget_type=\"image.default\">\n\t\t\t\t<div class=\"elementor-widget-container\">\n\t\t\t\t\t\t\t\t\t\t\t\t\t\t\t<img decoding=\"async\" src=\"https:\/\/ordemdosfisioterapeutas.pt\/wp-content\/uploads\/elementor\/thumbs\/logo__0003_Midas-1-r8dfvwev30bi207udxgem5ll8i20h3bqu9i7j7wzr4.png\" title=\"logo__0003_Midas-1.png\" alt=\"logo__0003_Midas-1.png\" loading=\"lazy\" \/>\t\t\t\t\t\t\t\t\t\t\t\t\t\t\t<\/div>\n\t\t\t\t<\/div>\n\t\t\t\t<div class=\"elementor-element elementor-element-2f78a125 elementor-widget elementor-widget-image\" data-id=\"2f78a125\" data-element_type=\"widget\" data-e-type=\"widget\" data-widget_type=\"image.default\">\n\t\t\t\t<div class=\"elementor-widget-container\">\n\t\t\t\t\t\t\t\t\t\t\t\t\t\t\t<img decoding=\"async\" src=\"https:\/\/ordemdosfisioterapeutas.pt\/wp-content\/uploads\/elementor\/thumbs\/parcerias-r1e5sfsz0l2px9fc2vf1dqmethbbh5ts4btblfpj40.png\" title=\"asociaciones.png\" alt=\"parcerias.png\" loading=\"lazy\" \/>\t\t\t\t\t\t\t\t\t\t\t\t\t\t\t<\/div>\n\t\t\t\t<\/div>\n\t\t\t\t\t<\/div>\n\t\t\t\t<\/div>\n\t\t<div class=\"elementor-element elementor-element-24504e49 e-flex e-con-boxed e-con e-parent\" data-id=\"24504e49\" data-element_type=\"container\" data-e-type=\"container\">\n\t\t\t\t\t<div class=\"e-con-inner\">\n\t\t\t\t<div class=\"elementor-element elementor-element-190d73fa elementor-widget elementor-widget-heading\" data-id=\"190d73fa\" data-element_type=\"widget\" data-e-type=\"widget\" data-widget_type=\"heading.default\">\n\t\t\t\t<div class=\"elementor-widget-container\">\n\t\t\t\t\t<h2 class=\"elementor-heading-title elementor-size-default\">Descripci\u00f3n<\/h2>\t\t\t\t<\/div>\n\t\t\t\t<\/div>\n\t\t\t\t<div class=\"elementor-element elementor-element-1b4e0705 elementor-widget elementor-widget-text-editor\" data-id=\"1b4e0705\" data-element_type=\"widget\" data-e-type=\"widget\" data-widget_type=\"text-editor.default\">\n\t\t\t\t<div class=\"elementor-widget-container\">\n\t\t\t\t\t\t\t\t\t<div class=\"ewa-rteLine\"><div class=\"ewa-rteLine\">Midas es una marca l\u00edder multimarca de mantenimiento del autom\u00f3vil con presencia en los cinco continentes y m\u00e1s de 2.200 talleres abiertos en todo el mundo.<\/div><div class=\"ewa-rteLine\">\u00a0<\/div><div class=\"ewa-rteLine\">Dotada de conocimientos t\u00e9cnicos avanzados y un equipo de profesionales altamente especializados, la marca ofrece una amplia y variada gama de servicios y productos, todos ellos dise\u00f1ados pensando en la sostenibilidad:<\/div><div class=\"ewa-rteLine\">Revisi\u00f3n de coches;<\/div><div class=\"ewa-rteLine\">Diagn\u00f3stico electr\u00f3nico;<\/div><div class=\"ewa-rteLine\">Neum\u00e1ticos;<\/div><div class=\"ewa-rteLine\">Bater\u00edas;<\/div><div class=\"ewa-rteLine\">Frenos;<\/div><div class=\"ewa-rteLine\">Aire acondicionado;<\/div><div class=\"ewa-rteLine\">Cintur\u00f3n de distribuci\u00f3n;<\/div><div class=\"ewa-rteLine\">Embrague;<\/div><div class=\"ewa-rteLine\">Revisiones gratuitas;<\/div><div class=\"ewa-rteLine\">Productos propios;<\/div><div class=\"ewa-rteLine\">Y mucho m\u00e1s.<\/div><\/div>\t\t\t\t\t\t\t\t<\/div>\n\t\t\t\t<\/div>\n\t\t\t\t\t<\/div>\n\t\t\t\t<\/div>\n\t\t<div class=\"elementor-element elementor-element-2b377b45 condicoes e-flex e-con-boxed e-con e-parent\" data-id=\"2b377b45\" data-element_type=\"container\" data-e-type=\"container\">\n\t\t\t\t\t<div class=\"e-con-inner\">\n\t\t\t\t<div class=\"elementor-element elementor-element-14ff2b45 elementor-widget elementor-widget-heading\" data-id=\"14ff2b45\" data-element_type=\"widget\" data-e-type=\"widget\" data-widget_type=\"heading.default\">\n\t\t\t\t<div class=\"elementor-widget-container\">\n\t\t\t\t\t<h2 class=\"elementor-heading-title elementor-size-default\">Condiciones<\/h2>\t\t\t\t<\/div>\n\t\t\t\t<\/div>\n\t\t\t\t<div class=\"elementor-element elementor-element-43a6aaba elementor-widget elementor-widget-text-editor\" data-id=\"43a6aaba\" data-element_type=\"widget\" data-e-type=\"widget\" data-widget_type=\"text-editor.default\">\n\t\t\t\t<div class=\"elementor-widget-container\">\n\t\t\t\t\t\t\t\t\t<div class=\"ewa-rteLine\"><div class=\"ewa-rteLine\">5% de descuento en todas las marcas de neum\u00e1ticos (no aplicable a la mano de obra)<\/div><div class=\"ewa-rteLine\">10% descuento en: Revisiones oficiales Essential y Plus; Recambios; Servicios Midas Go (incluye mano de obra y producto)<\/div><div class=\"ewa-rteLine\">Descuentos calculados sobre la base de la lista actual de precios de venta al p\u00fablico de Midas.<\/div><div class=\"ewa-rteLine\">\u00a0<\/div><div class=\"ewa-rteLine\">Puedes beneficiarte de estas condiciones especiales en los centros Midas adheridos identific\u00e1ndote y presentando la Tarjeta Profesional del Colegio de Fisioterapeutas (para colegiados) o un documento acreditativo de tu relaci\u00f3n laboral (para trabajadores por cuenta ajena).<\/div><\/div>\t\t\t\t\t\t\t\t<\/div>\n\t\t\t\t<\/div>\n\t\t<div class=\"elementor-element elementor-element-ff6a331 e-grid e-con-full e-con e-child\" data-id=\"ff6a331\" data-element_type=\"container\" data-e-type=\"container\">\n\t\t\t\t<div class=\"elementor-element elementor-element-306da2f elementor-widget elementor-widget-image\" data-id=\"306da2f\" data-element_type=\"widget\" data-e-type=\"widget\" data-widget_type=\"image.default\">\n\t\t\t\t<div class=\"elementor-widget-container\">\n\t\t\t\t\t\t\t\t\t\t\t\t\t\t\t<img fetchpriority=\"high\" decoding=\"async\" width=\"855\" height=\"855\" src=\"https:\/\/ordemdosfisioterapeutas.pt\/wp-content\/uploads\/2026\/01\/Midas-Campanhas_Baterias_janfev-1024x1024.webp\" class=\"attachment-large size-large wp-image-12460\" alt=\"\" srcset=\"https:\/\/ordemdosfisioterapeutas.pt\/wp-content\/uploads\/2026\/01\/Midas-Campanhas_Baterias_janfev-1024x1024.webp 1024w, https:\/\/ordemdosfisioterapeutas.pt\/wp-content\/uploads\/2026\/01\/Midas-Campanhas_Baterias_janfev-300x300.webp 300w, https:\/\/ordemdosfisioterapeutas.pt\/wp-content\/uploads\/2026\/01\/Midas-Campanhas_Baterias_janfev-150x150.webp 150w, https:\/\/ordemdosfisioterapeutas.pt\/wp-content\/uploads\/2026\/01\/Midas-Campanhas_Baterias_janfev-768x768.webp 768w, https:\/\/ordemdosfisioterapeutas.pt\/wp-content\/uploads\/2026\/01\/Midas-Campanhas_Baterias_janfev-12x12.webp 12w, https:\/\/ordemdosfisioterapeutas.pt\/wp-content\/uploads\/2026\/01\/Midas-Campanhas_Baterias_janfev.webp 1080w\" sizes=\"(max-width: 855px) 100vw, 855px\" \/>\t\t\t\t\t\t\t\t\t\t\t\t\t\t\t<\/div>\n\t\t\t\t<\/div>\n\t\t\t\t<div class=\"elementor-element elementor-element-e8465ce elementor-widget elementor-widget-image\" data-id=\"e8465ce\" data-element_type=\"widget\" data-e-type=\"widget\" data-widget_type=\"image.default\">\n\t\t\t\t<div class=\"elementor-widget-container\">\n\t\t\t\t\t\t\t\t\t\t\t\t\t\t\t<img decoding=\"async\" width=\"855\" height=\"855\" src=\"https:\/\/ordemdosfisioterapeutas.pt\/wp-content\/uploads\/2026\/01\/Midas-Campanhas_Oleo-filtro_janfev-1024x1024.webp\" class=\"attachment-large size-large wp-image-12461\" alt=\"\" srcset=\"https:\/\/ordemdosfisioterapeutas.pt\/wp-content\/uploads\/2026\/01\/Midas-Campanhas_Oleo-filtro_janfev-1024x1024.webp 1024w, https:\/\/ordemdosfisioterapeutas.pt\/wp-content\/uploads\/2026\/01\/Midas-Campanhas_Oleo-filtro_janfev-300x300.webp 300w, https:\/\/ordemdosfisioterapeutas.pt\/wp-content\/uploads\/2026\/01\/Midas-Campanhas_Oleo-filtro_janfev-150x150.webp 150w, https:\/\/ordemdosfisioterapeutas.pt\/wp-content\/uploads\/2026\/01\/Midas-Campanhas_Oleo-filtro_janfev-768x768.webp 768w, https:\/\/ordemdosfisioterapeutas.pt\/wp-content\/uploads\/2026\/01\/Midas-Campanhas_Oleo-filtro_janfev-12x12.webp 12w, https:\/\/ordemdosfisioterapeutas.pt\/wp-content\/uploads\/2026\/01\/Midas-Campanhas_Oleo-filtro_janfev.webp 1080w\" sizes=\"(max-width: 855px) 100vw, 855px\" \/>\t\t\t\t\t\t\t\t\t\t\t\t\t\t\t<\/div>\n\t\t\t\t<\/div>\n\t\t\t\t<div class=\"elementor-element elementor-element-4104349 elementor-widget elementor-widget-image\" data-id=\"4104349\" data-element_type=\"widget\" data-e-type=\"widget\" data-widget_type=\"image.default\">\n\t\t\t\t<div class=\"elementor-widget-container\">\n\t\t\t\t\t\t\t\t\t\t\t\t\t\t\t<img decoding=\"async\" width=\"855\" height=\"855\" src=\"https:\/\/ordemdosfisioterapeutas.pt\/wp-content\/uploads\/2026\/01\/Midas-Campanhas_Pneus_janfev-1024x1024.webp\" class=\"attachment-large size-large wp-image-12462\" alt=\"\" srcset=\"https:\/\/ordemdosfisioterapeutas.pt\/wp-content\/uploads\/2026\/01\/Midas-Campanhas_Pneus_janfev-1024x1024.webp 1024w, https:\/\/ordemdosfisioterapeutas.pt\/wp-content\/uploads\/2026\/01\/Midas-Campanhas_Pneus_janfev-300x300.webp 300w, https:\/\/ordemdosfisioterapeutas.pt\/wp-content\/uploads\/2026\/01\/Midas-Campanhas_Pneus_janfev-150x150.webp 150w, https:\/\/ordemdosfisioterapeutas.pt\/wp-content\/uploads\/2026\/01\/Midas-Campanhas_Pneus_janfev-768x768.webp 768w, https:\/\/ordemdosfisioterapeutas.pt\/wp-content\/uploads\/2026\/01\/Midas-Campanhas_Pneus_janfev-12x12.webp 12w, https:\/\/ordemdosfisioterapeutas.pt\/wp-content\/uploads\/2026\/01\/Midas-Campanhas_Pneus_janfev.webp 1080w\" sizes=\"(max-width: 855px) 100vw, 855px\" \/>\t\t\t\t\t\t\t\t\t\t\t\t\t\t\t<\/div>\n\t\t\t\t<\/div>\n\t\t\t\t<\/div>\n\t\t\t\t\t<\/div>\n\t\t\t\t<\/div>\n\t\t<div class=\"elementor-element elementor-element-532b924 condicoes-btn e-flex e-con-boxed e-con e-parent\" data-id=\"532b924\" data-element_type=\"container\" data-e-type=\"container\">\n\t\t\t\t\t<div class=\"e-con-inner\">\n\t\t\t\t<div class=\"elementor-element elementor-element-119e949 elementor-align-right elementor-mobile-align-center elementor-widget elementor-widget-button\" data-id=\"119e949\" data-element_type=\"widget\" data-e-type=\"widget\" data-widget_type=\"button.default\">\n\t\t\t\t<div class=\"elementor-widget-container\">\n\t\t\t\t\t\t\t\t\t<div class=\"elementor-button-wrapper\">\n\t\t\t\t\t<a class=\"elementor-button elementor-button-link elementor-size-xs\" href=\"https:\/\/portal.ordemdosfisioterapeutas.pt\/of-auth\/?app_ref=e985d1b30a025a19af003c638a7f64a2\" target=\"_blank\">\n\t\t\t\t\t\t<span class=\"elementor-button-content-wrapper\">\n\t\t\t\t\t\t\t\t\t<span class=\"elementor-button-text\">Conozca las condiciones<\/span>\n\t\t\t\t\t<\/span>\n\t\t\t\t\t<\/a>\n\t\t\t\t<\/div>\n\t\t\t\t\t\t\t\t<\/div>\n\t\t\t\t<\/div>\n\t\t\t\t\t<\/div>\n\t\t\t\t<\/div>\n\t\t<div class=\"elementor-element elementor-element-5893a04 e-flex e-con-boxed e-con e-parent\" data-id=\"5893a04\" data-element_type=\"container\" data-e-type=\"container\">\n\t\t\t\t\t<div class=\"e-con-inner\">\n\t\t\t\t<div class=\"elementor-element elementor-element-58544d5 elementor-align-right elementor-mobile-align-center elementor-widget elementor-widget-button\" data-id=\"58544d5\" data-element_type=\"widget\" data-e-type=\"widget\" data-widget_type=\"button.default\">\n\t\t\t\t<div class=\"elementor-widget-container\">\n\t\t\t\t\t\t\t\t\t<div class=\"elementor-button-wrapper\">\n\t\t\t\t\t<a class=\"elementor-button elementor-button-link elementor-size-xs\" href=\"https:\/\/ordemdosfisioterapeutas.pt\/es\/parcerias\/\">\n\t\t\t\t\t\t<span class=\"elementor-button-content-wrapper\">\n\t\t\t\t\t\t\t\t\t<span class=\"elementor-button-text\">Volver<\/span>\n\t\t\t\t\t<\/span>\n\t\t\t\t\t<\/a>\n\t\t\t\t<\/div>\n\t\t\t\t\t\t\t\t<\/div>\n\t\t\t\t<\/div>\n\t\t\t\t\t<\/div>\n\t\t\t\t<\/div>\n\t\t\t\t<\/div>","protected":false},"excerpt":{"rendered":"<p>Descri\u00e7\u00e3o A Midas \u00e9 uma marca l\u00edder de manuten\u00e7\u00e3o de autom\u00f3veis multimarca, com presen\u00e7a nos cinco continentes e mais de 2.200 oficinas abertas em todo o mundo.\u00a0Munida de um conhecimento t\u00e9cnico avan\u00e7ado e de uma equipa de profissionais altamente especializados, a marca assegura um amplo e variado leque de servi\u00e7os e produtos, todos concebidos sob &#8230; <a title=\"Midas\" class=\"read-more\" href=\"https:\/\/ordemdosfisioterapeutas.pt\/es\/midas\/\" aria-label=\"Leer m\u00e1s sobre Midas\">Seguir leyendo<\/a><\/p>","protected":false},"author":1,"featured_media":0,"parent":0,"menu_order":0,"comment_status":"closed","ping_status":"closed","template":"","meta":{"footnotes":""},"class_list":["post-10690","page","type-page","status-publish"],"_links":{"self":[{"href":"https:\/\/ordemdosfisioterapeutas.pt\/es\/wp-json\/wp\/v2\/pages\/10690","targetHints":{"allow":["GET"]}}],"collection":[{"href":"https:\/\/ordemdosfisioterapeutas.pt\/es\/wp-json\/wp\/v2\/pages"}],"about":[{"href":"https:\/\/ordemdosfisioterapeutas.pt\/es\/wp-json\/wp\/v2\/types\/page"}],"author":[{"embeddable":true,"href":"https:\/\/ordemdosfisioterapeutas.pt\/es\/wp-json\/wp\/v2\/users\/1"}],"replies":[{"embeddable":true,"href":"https:\/\/ordemdosfisioterapeutas.pt\/es\/wp-json\/wp\/v2\/comments?post=10690"}],"version-history":[{"count":9,"href":"https:\/\/ordemdosfisioterapeutas.pt\/es\/wp-json\/wp\/v2\/pages\/10690\/revisions"}],"predecessor-version":[{"id":12465,"href":"https:\/\/ordemdosfisioterapeutas.pt\/es\/wp-json\/wp\/v2\/pages\/10690\/revisions\/12465"}],"wp:attachment":[{"href":"https:\/\/ordemdosfisioterapeutas.pt\/es\/wp-json\/wp\/v2\/media?parent=10690"}],"curies":[{"name":"wp","href":"https:\/\/api.w.org\/{rel}","templated":true}]}}