{"id":10684,"date":"2025-07-06T19:48:19","date_gmt":"2025-07-06T18:48:19","guid":{"rendered":"https:\/\/ordemdosfisioterapeutas.pt\/?page_id=10684"},"modified":"2026-04-09T21:16:46","modified_gmt":"2026-04-09T20:16:46","slug":"meo","status":"publish","type":"page","link":"https:\/\/ordemdosfisioterapeutas.pt\/es\/meo\/","title":{"rendered":"MEO"},"content":{"rendered":"<div data-elementor-type=\"wp-page\" data-elementor-id=\"10684\" class=\"elementor elementor-10684\" data-elementor-post-type=\"page\">\n\t\t\t\t<div class=\"elementor-element elementor-element-9d3bc52 e-grid e-con-boxed e-con e-parent\" data-id=\"9d3bc52\" data-element_type=\"container\" data-e-type=\"container\">\n\t\t\t\t\t<div class=\"e-con-inner\">\n\t\t\t\t<div class=\"elementor-element elementor-element-4af41899 elementor-widget elementor-widget-image\" data-id=\"4af41899\" data-element_type=\"widget\" data-e-type=\"widget\" data-widget_type=\"image.default\">\n\t\t\t\t<div class=\"elementor-widget-container\">\n\t\t\t\t\t\t\t\t\t\t\t\t\t\t\t<img decoding=\"async\" src=\"https:\/\/ordemdosfisioterapeutas.pt\/wp-content\/uploads\/elementor\/thumbs\/logo__0006_meo-1-r8dfjbcnkv3alyhxvhm88bxews33ezd4fz267ukr28.png\" title=\"logo__0006_meo-1.png\" alt=\"logo__0006_meo-1.png\" loading=\"lazy\" \/>\t\t\t\t\t\t\t\t\t\t\t\t\t\t\t<\/div>\n\t\t\t\t<\/div>\n\t\t\t\t<div class=\"elementor-element elementor-element-42b65e6 elementor-widget elementor-widget-image\" data-id=\"42b65e6\" data-element_type=\"widget\" data-e-type=\"widget\" data-widget_type=\"image.default\">\n\t\t\t\t<div class=\"elementor-widget-container\">\n\t\t\t\t\t\t\t\t\t\t\t\t\t\t\t<img decoding=\"async\" src=\"https:\/\/ordemdosfisioterapeutas.pt\/wp-content\/uploads\/elementor\/thumbs\/parcerias-r1e5sfsz0l2px9fc2vf1dqmethbbh5ts4btblfpj40.png\" title=\"asociaciones.png\" alt=\"parcerias.png\" loading=\"lazy\" \/>\t\t\t\t\t\t\t\t\t\t\t\t\t\t\t<\/div>\n\t\t\t\t<\/div>\n\t\t\t\t\t<\/div>\n\t\t\t\t<\/div>\n\t\t<div class=\"elementor-element elementor-element-266d1bcb e-flex e-con-boxed e-con e-parent\" data-id=\"266d1bcb\" data-element_type=\"container\" data-e-type=\"container\">\n\t\t\t\t\t<div class=\"e-con-inner\">\n\t\t\t\t<div class=\"elementor-element elementor-element-5e4fbff0 elementor-widget elementor-widget-heading\" data-id=\"5e4fbff0\" data-element_type=\"widget\" data-e-type=\"widget\" data-widget_type=\"heading.default\">\n\t\t\t\t<div class=\"elementor-widget-container\">\n\t\t\t\t\t<h2 class=\"elementor-heading-title elementor-size-default\">Descripci\u00f3n<\/h2>\t\t\t\t<\/div>\n\t\t\t\t<\/div>\n\t\t\t\t<div class=\"elementor-element elementor-element-40492fbe elementor-widget elementor-widget-text-editor\" data-id=\"40492fbe\" data-element_type=\"widget\" data-e-type=\"widget\" data-widget_type=\"text-editor.default\">\n\t\t\t\t<div class=\"elementor-widget-container\">\n\t\t\t\t\t\t\t\t\t<p>MEO es una de las principales empresas de telecomunicaciones de Portugal, que ofrece televisi\u00f3n, internet, telefon\u00eda y soluciones empresariales. Reconocida por la innovaci\u00f3n, la calidad de la red y la proximidad al cliente, apuesta por la modernizaci\u00f3n digital y la responsabilidad social. MEO contribuye al desarrollo econ\u00f3mico, personal y profesional de la sociedad. Con un enfoque en la sostenibilidad y la inclusi\u00f3n digital, pretende ampliar su base de clientes, reforzando el papel central de las comunicaciones electr\u00f3nicas en la transformaci\u00f3n tecnol\u00f3gica de Portugal.<\/p>\t\t\t\t\t\t\t\t<\/div>\n\t\t\t\t<\/div>\n\t\t\t\t\t<\/div>\n\t\t\t\t<\/div>\n\t\t<div class=\"elementor-element elementor-element-629539a6 condicoes e-flex e-con-boxed e-con e-parent\" data-id=\"629539a6\" data-element_type=\"container\" data-e-type=\"container\">\n\t\t\t\t\t<div class=\"e-con-inner\">\n\t\t\t\t<div class=\"elementor-element elementor-element-31db34a2 elementor-widget elementor-widget-heading\" data-id=\"31db34a2\" data-element_type=\"widget\" data-e-type=\"widget\" data-widget_type=\"heading.default\">\n\t\t\t\t<div class=\"elementor-widget-container\">\n\t\t\t\t\t<h2 class=\"elementor-heading-title elementor-size-default\">Condiciones<\/h2>\t\t\t\t<\/div>\n\t\t\t\t<\/div>\n\t\t\t\t<div class=\"elementor-element elementor-element-aa91be5 elementor-widget elementor-widget-text-editor\" data-id=\"aa91be5\" data-element_type=\"widget\" data-e-type=\"widget\" data-widget_type=\"text-editor.default\">\n\t\t\t\t<div class=\"elementor-widget-container\">\n\t\t\t\t\t\t\t\t\t<p>- Descuento en la cuota mensual del servicio MEO para empleados y familiares (ascendientes y descendientes de 1\u00ba grado y c\u00f3nyuge) seg\u00fan campa\u00f1a vigente. Descuento aplicable durante 24 meses y v\u00e1lido para todas las tecnolog\u00edas disponibles: Fibra, ADSL y Sat\u00e9lite.<\/p><p>Aplicable a: <br \/>Nuevas suscripciones al servicio MEO <br \/>Clientes existentes, a\u00f1adiendo un servicio (TV, Internet, tel\u00e9fono fijo o m\u00f3vil) y aceptando un nuevo periodo de fidelidad de 24 meses. <br \/>El valor del descuento depende del paquete suscrito y se basa en la lista de precios vigente en la fecha de suscripci\u00f3n.<\/p>\t\t\t\t\t\t\t\t<\/div>\n\t\t\t\t<\/div>\n\t\t\t\t<div class=\"elementor-element elementor-element-0f8587e elementor-widget elementor-widget-image\" data-id=\"0f8587e\" data-element_type=\"widget\" data-e-type=\"widget\" data-widget_type=\"image.default\">\n\t\t\t\t<div class=\"elementor-widget-container\">\n\t\t\t\t\t\t\t\t\t\t\t\t\t\t\t<img decoding=\"async\" src=\"https:\/\/ordemdosfisioterapeutas.pt\/wp-content\/uploads\/elementor\/thumbs\/CAMPANHA-PARCERIA-MEO-_-ORDEM-DOS-FISIOTERAPEUTAS-ABR26-scaled-rlrp5u0l9q6fnyz5rstopcabdvq1v8rkogygasmges.webp\" title=\"CAMPA\u00d1A DE ASOCIACI\u00d3N MEO _ ASOCIACI\u00d3N DE FISIOTERAPEUTAS APR26\" alt=\"CAMPANHA PARCERIA MEO _ ORDEM DOS FISIOTERAPEUTAS ABR26\" loading=\"lazy\" \/>\t\t\t\t\t\t\t\t\t\t\t\t\t\t\t<\/div>\n\t\t\t\t<\/div>\n\t\t\t\t<div class=\"elementor-element elementor-element-00f7030 elementor-widget elementor-widget-text-editor\" data-id=\"00f7030\" data-element_type=\"widget\" data-e-type=\"widget\" data-widget_type=\"text-editor.default\">\n\t\t\t\t<div class=\"elementor-widget-container\">\n\t\t\t\t\t\t\t\t\t<p>Acceso a la prestaci\u00f3n: <br \/>Los requisitos de afiliaci\u00f3n son suscribirse a la Factura Electr\u00f3nica y pagar por domiciliaci\u00f3n bancaria.<br \/><br \/>Puede aprovechar estas condiciones especiales para:<br \/>1. Servicio personalizado: Asociaciones en el 800 207 918 (gratuito para tel\u00e9fonos fijos m\u00f3viles, disponible los d\u00edas laborables entre las 09.00 y las 20.00 horas). <br \/>2. Correo electr\u00f3nico: parcerias@telecom.pt <br \/>3. Responsables comerciales del Canal de Asociaciones, presentes en las instalaciones del Socio.<\/p><p>En el momento de la afiliaci\u00f3n, el afiliado o empleado deber\u00e1 facilitar a MEO sus datos personales, es decir, nombre, NIF, n\u00famero de CC, tel\u00e9fono de contacto y n\u00famero de afiliado o empleado.<\/p>\t\t\t\t\t\t\t\t<\/div>\n\t\t\t\t<\/div>\n\t\t\t\t\t<\/div>\n\t\t\t\t<\/div>\n\t\t<div class=\"elementor-element elementor-element-35110a7 condicoes-btn e-flex e-con-boxed e-con e-parent\" data-id=\"35110a7\" data-element_type=\"container\" data-e-type=\"container\">\n\t\t\t\t\t<div class=\"e-con-inner\">\n\t\t\t\t<div class=\"elementor-element elementor-element-9a2a980 elementor-align-right elementor-mobile-align-center elementor-widget elementor-widget-button\" data-id=\"9a2a980\" data-element_type=\"widget\" data-e-type=\"widget\" data-widget_type=\"button.default\">\n\t\t\t\t<div class=\"elementor-widget-container\">\n\t\t\t\t\t\t\t\t\t<div class=\"elementor-button-wrapper\">\n\t\t\t\t\t<a class=\"elementor-button elementor-button-link elementor-size-xs\" href=\"https:\/\/portal.ordemdosfisioterapeutas.pt\/of-auth\/?app_ref=e985d1b30a025a19af003c638a7f64a2\" target=\"_blank\">\n\t\t\t\t\t\t<span class=\"elementor-button-content-wrapper\">\n\t\t\t\t\t\t\t\t\t<span class=\"elementor-button-text\">Conozca las condiciones<\/span>\n\t\t\t\t\t<\/span>\n\t\t\t\t\t<\/a>\n\t\t\t\t<\/div>\n\t\t\t\t\t\t\t\t<\/div>\n\t\t\t\t<\/div>\n\t\t\t\t\t<\/div>\n\t\t\t\t<\/div>\n\t\t<div class=\"elementor-element elementor-element-8f5e632 e-flex e-con-boxed e-con e-parent\" data-id=\"8f5e632\" data-element_type=\"container\" data-e-type=\"container\">\n\t\t\t\t\t<div class=\"e-con-inner\">\n\t\t\t\t<div class=\"elementor-element elementor-element-58e93ba elementor-align-right elementor-mobile-align-center elementor-widget elementor-widget-button\" data-id=\"58e93ba\" data-element_type=\"widget\" data-e-type=\"widget\" data-widget_type=\"button.default\">\n\t\t\t\t<div class=\"elementor-widget-container\">\n\t\t\t\t\t\t\t\t\t<div class=\"elementor-button-wrapper\">\n\t\t\t\t\t<a class=\"elementor-button elementor-button-link elementor-size-xs\" href=\"https:\/\/ordemdosfisioterapeutas.pt\/es\/parcerias\/\">\n\t\t\t\t\t\t<span class=\"elementor-button-content-wrapper\">\n\t\t\t\t\t\t\t\t\t<span class=\"elementor-button-text\">Volver<\/span>\n\t\t\t\t\t<\/span>\n\t\t\t\t\t<\/a>\n\t\t\t\t<\/div>\n\t\t\t\t\t\t\t\t<\/div>\n\t\t\t\t<\/div>\n\t\t\t\t\t<\/div>\n\t\t\t\t<\/div>\n\t\t\t\t<\/div>","protected":false},"excerpt":{"rendered":"<p>Descri\u00e7\u00e3o A MEO \u00e9 uma das principais empresas em telecomunica\u00e7\u00f5es em Portugal, oferecendo servi\u00e7os de televis\u00e3o, internet, telefone e solu\u00e7\u00f5es empresariais. Reconhecida pela inova\u00e7\u00e3o, qualidade de rede e proximidade com o cliente, aposta na moderniza\u00e7\u00e3o digital e responsabilidade social. A MEO contribui para o desenvolvimento econ\u00f3mico, pessoal e profissional da sociedade. Com foco na sustentabilidade &#8230; <a title=\"MEO\" class=\"read-more\" href=\"https:\/\/ordemdosfisioterapeutas.pt\/es\/meo\/\" aria-label=\"Leer m\u00e1s sobre MEO\">Seguir leyendo<\/a><\/p>","protected":false},"author":1,"featured_media":0,"parent":0,"menu_order":0,"comment_status":"closed","ping_status":"closed","template":"","meta":{"footnotes":""},"class_list":["post-10684","page","type-page","status-publish"],"_links":{"self":[{"href":"https:\/\/ordemdosfisioterapeutas.pt\/es\/wp-json\/wp\/v2\/pages\/10684","targetHints":{"allow":["GET"]}}],"collection":[{"href":"https:\/\/ordemdosfisioterapeutas.pt\/es\/wp-json\/wp\/v2\/pages"}],"about":[{"href":"https:\/\/ordemdosfisioterapeutas.pt\/es\/wp-json\/wp\/v2\/types\/page"}],"author":[{"embeddable":true,"href":"https:\/\/ordemdosfisioterapeutas.pt\/es\/wp-json\/wp\/v2\/users\/1"}],"replies":[{"embeddable":true,"href":"https:\/\/ordemdosfisioterapeutas.pt\/es\/wp-json\/wp\/v2\/comments?post=10684"}],"version-history":[{"count":21,"href":"https:\/\/ordemdosfisioterapeutas.pt\/es\/wp-json\/wp\/v2\/pages\/10684\/revisions"}],"predecessor-version":[{"id":13238,"href":"https:\/\/ordemdosfisioterapeutas.pt\/es\/wp-json\/wp\/v2\/pages\/10684\/revisions\/13238"}],"wp:attachment":[{"href":"https:\/\/ordemdosfisioterapeutas.pt\/es\/wp-json\/wp\/v2\/media?parent=10684"}],"curies":[{"name":"wp","href":"https:\/\/api.w.org\/{rel}","templated":true}]}}