{"id":10672,"date":"2025-07-06T19:34:52","date_gmt":"2025-07-06T18:34:52","guid":{"rendered":"https:\/\/ordemdosfisioterapeutas.pt\/?page_id=10672"},"modified":"2025-08-16T10:56:06","modified_gmt":"2025-08-16T09:56:06","slug":"cp","status":"publish","type":"page","link":"https:\/\/ordemdosfisioterapeutas.pt\/es\/cp\/","title":{"rendered":"CP"},"content":{"rendered":"<div data-elementor-type=\"wp-page\" data-elementor-id=\"10672\" class=\"elementor elementor-10672\" data-elementor-post-type=\"page\">\n\t\t\t\t<div class=\"elementor-element elementor-element-7fee75cb e-grid e-con-boxed e-con e-parent\" data-id=\"7fee75cb\" data-element_type=\"container\" data-e-type=\"container\">\n\t\t\t\t\t<div class=\"e-con-inner\">\n\t\t\t\t<div class=\"elementor-element elementor-element-3d0a875e elementor-widget elementor-widget-image\" data-id=\"3d0a875e\" data-element_type=\"widget\" data-e-type=\"widget\" data-widget_type=\"image.default\">\n\t\t\t\t<div class=\"elementor-widget-container\">\n\t\t\t\t\t\t\t\t\t\t\t\t\t\t\t<img decoding=\"async\" src=\"https:\/\/ordemdosfisioterapeutas.pt\/wp-content\/uploads\/elementor\/thumbs\/logo__0005_CP-r8deyk2ynkoc7yne30lto2hyngeaflyil8f5ovcqgw.png\" title=\"logo__0005_CP.png\" alt=\"logo__0005_CP.png\" loading=\"lazy\" \/>\t\t\t\t\t\t\t\t\t\t\t\t\t\t\t<\/div>\n\t\t\t\t<\/div>\n\t\t\t\t<div class=\"elementor-element elementor-element-264c89a9 elementor-widget elementor-widget-image\" data-id=\"264c89a9\" data-element_type=\"widget\" data-e-type=\"widget\" data-widget_type=\"image.default\">\n\t\t\t\t<div class=\"elementor-widget-container\">\n\t\t\t\t\t\t\t\t\t\t\t\t\t\t\t<img decoding=\"async\" src=\"https:\/\/ordemdosfisioterapeutas.pt\/wp-content\/uploads\/elementor\/thumbs\/parcerias-r1e5sfsz0l2px9fc2vf1dqmethbbh5ts4btblfpj40.png\" title=\"asociaciones.png\" alt=\"parcerias.png\" loading=\"lazy\" \/>\t\t\t\t\t\t\t\t\t\t\t\t\t\t\t<\/div>\n\t\t\t\t<\/div>\n\t\t\t\t\t<\/div>\n\t\t\t\t<\/div>\n\t\t<div class=\"elementor-element elementor-element-7ec7a0c9 e-flex e-con-boxed e-con e-parent\" data-id=\"7ec7a0c9\" data-element_type=\"container\" data-e-type=\"container\">\n\t\t\t\t\t<div class=\"e-con-inner\">\n\t\t\t\t<div class=\"elementor-element elementor-element-396776fd elementor-widget elementor-widget-heading\" data-id=\"396776fd\" data-element_type=\"widget\" data-e-type=\"widget\" data-widget_type=\"heading.default\">\n\t\t\t\t<div class=\"elementor-widget-container\">\n\t\t\t\t\t<h2 class=\"elementor-heading-title elementor-size-default\">Descripci\u00f3n<\/h2>\t\t\t\t<\/div>\n\t\t\t\t<\/div>\n\t\t\t\t<div class=\"elementor-element elementor-element-91cba87 elementor-widget elementor-widget-text-editor\" data-id=\"91cba87\" data-element_type=\"widget\" data-e-type=\"widget\" data-widget_type=\"text-editor.default\">\n\t\t\t\t<div class=\"elementor-widget-container\">\n\t\t\t\t\t\t\t\t\t<p>CP - Comboios de Portugal es el principal transportista terrestre de pasajeros de Portugal y ofrece una amplia gama de servicios, desde conexiones urbanas hasta rutas de larga distancia. Con m\u00e1s de 160 a\u00f1os de historia, CP sigue innovando, centr\u00e1ndose en la sostenibilidad, la modernizaci\u00f3n y la excelencia en el servicio. La empresa destaca por su compromiso con la preservaci\u00f3n del medio ambiente y el fortalecimiento de la movilidad nacional.<\/p>\t\t\t\t\t\t\t\t<\/div>\n\t\t\t\t<\/div>\n\t\t\t\t\t<\/div>\n\t\t\t\t<\/div>\n\t\t<div class=\"elementor-element elementor-element-38eb8d1 condicoes e-flex e-con-boxed e-con e-parent\" data-id=\"38eb8d1\" data-element_type=\"container\" data-e-type=\"container\">\n\t\t\t\t\t<div class=\"e-con-inner\">\n\t\t\t\t<div class=\"elementor-element elementor-element-50820fc9 elementor-widget elementor-widget-heading\" data-id=\"50820fc9\" data-element_type=\"widget\" data-e-type=\"widget\" data-widget_type=\"heading.default\">\n\t\t\t\t<div class=\"elementor-widget-container\">\n\t\t\t\t\t<h2 class=\"elementor-heading-title elementor-size-default\">Condiciones<\/h2>\t\t\t\t<\/div>\n\t\t\t\t<\/div>\n\t\t\t\t<div class=\"elementor-element elementor-element-119e6b91 elementor-widget elementor-widget-text-editor\" data-id=\"119e6b91\" data-element_type=\"widget\" data-e-type=\"widget\" data-widget_type=\"text-editor.default\">\n\t\t\t\t<div class=\"elementor-widget-container\">\n\t\t\t\t\t\t\t\t\t<p>- Descuento de 15% sobre el precio del billete sencillo CP, aplicable a los billetes de clase Confort (Alfa Pendular) o 1\u00aa clase (Intercidades). <br \/>V\u00e1lido para afiliados y empleados.<br \/>Sujeto a disponibilidad de plazas en los trenes Alfa Pendular e Intercidades <br \/>El precio del billete se redondea al c\u00e9ntimo m\u00e1s pr\u00f3ximo <br \/>El descuento se aplica en el momento de la compra del billete y no puede combinarse con ning\u00fan otro descuento.<br \/><br \/>Acceso a la prestaci\u00f3n:<\/p><p>Las entradas pueden adquirirse de las siguientes maneras: <br \/>1. En las taquillas de las estaciones de venta de billetes Alfa Pendular e Intercidades - Para ello, el solicitante deber\u00e1 presentar en las taquillas el Carn\u00e9 Profesional de la Orden de Fisioterapeutas. <br \/>2. A trav\u00e9s de Internet (sitio web o app de CP) - Para ello, el solicitante debe utilizar el c\u00f3digo de descuento \"33969\".<br \/>3. A trav\u00e9s de las m\u00e1quinas expendedoras de las Estaciones. <br \/>4. A trav\u00e9s de agencias de viajes acreditadas para la venta de billetes de CP y previa autorizaci\u00f3n para la emisi\u00f3n de billetes con descuento \"ORDEM FISIOTERAPEUTAS\". El Colegiado de la Orden de Fisioterapeutas deber\u00e1 hacer constar que se trata de un billete acogido al Protocolo suscrito con CP y deber\u00e1 indicar el nombre del Cliente que viaja. <br \/><br \/>Durante el viaje es obligatorio presentar la Tarjeta Profesional de la Orden de Fisioterapeutas y un documento acreditativo de su identidad, si se le solicita.<\/p>\t\t\t\t\t\t\t\t<\/div>\n\t\t\t\t<\/div>\n\t\t\t\t\t<\/div>\n\t\t\t\t<\/div>\n\t\t<div class=\"elementor-element elementor-element-b9f6b39 condicoes-btn e-flex e-con-boxed e-con e-parent\" data-id=\"b9f6b39\" data-element_type=\"container\" data-e-type=\"container\">\n\t\t\t\t\t<div class=\"e-con-inner\">\n\t\t\t\t<div class=\"elementor-element elementor-element-44316e3 elementor-align-right elementor-mobile-align-center elementor-widget elementor-widget-button\" data-id=\"44316e3\" data-element_type=\"widget\" data-e-type=\"widget\" data-widget_type=\"button.default\">\n\t\t\t\t<div class=\"elementor-widget-container\">\n\t\t\t\t\t\t\t\t\t<div class=\"elementor-button-wrapper\">\n\t\t\t\t\t<a class=\"elementor-button elementor-button-link elementor-size-xs\" href=\"https:\/\/portal.ordemdosfisioterapeutas.pt\/of-auth\/?app_ref=e985d1b30a025a19af003c638a7f64a2\" target=\"_blank\">\n\t\t\t\t\t\t<span class=\"elementor-button-content-wrapper\">\n\t\t\t\t\t\t\t\t\t<span class=\"elementor-button-text\">Conozca las condiciones<\/span>\n\t\t\t\t\t<\/span>\n\t\t\t\t\t<\/a>\n\t\t\t\t<\/div>\n\t\t\t\t\t\t\t\t<\/div>\n\t\t\t\t<\/div>\n\t\t\t\t\t<\/div>\n\t\t\t\t<\/div>\n\t\t<div class=\"elementor-element elementor-element-a97dc5d e-flex e-con-boxed e-con e-parent\" data-id=\"a97dc5d\" data-element_type=\"container\" data-e-type=\"container\">\n\t\t\t\t\t<div class=\"e-con-inner\">\n\t\t\t\t<div class=\"elementor-element elementor-element-ad5c61a elementor-align-right elementor-mobile-align-center elementor-widget elementor-widget-button\" data-id=\"ad5c61a\" data-element_type=\"widget\" data-e-type=\"widget\" data-widget_type=\"button.default\">\n\t\t\t\t<div class=\"elementor-widget-container\">\n\t\t\t\t\t\t\t\t\t<div class=\"elementor-button-wrapper\">\n\t\t\t\t\t<a class=\"elementor-button elementor-button-link elementor-size-xs\" href=\"https:\/\/ordemdosfisioterapeutas.pt\/es\/parcerias\/\">\n\t\t\t\t\t\t<span class=\"elementor-button-content-wrapper\">\n\t\t\t\t\t\t\t\t\t<span class=\"elementor-button-text\">Volver<\/span>\n\t\t\t\t\t<\/span>\n\t\t\t\t\t<\/a>\n\t\t\t\t<\/div>\n\t\t\t\t\t\t\t\t<\/div>\n\t\t\t\t<\/div>\n\t\t\t\t\t<\/div>\n\t\t\t\t<\/div>\n\t\t\t\t<\/div>","protected":false},"excerpt":{"rendered":"<p>Descri\u00e7\u00e3o A CP \u2013 Comboios de Portugal \u00e9 o principal transportador terrestre de passageiros em Portugal, oferecendo uma vasta gama de servi\u00e7os que v\u00e3o desde liga\u00e7\u00f5es urbanas a rotas de longa dist\u00e2ncia. Com mais de 160 anos de hist\u00f3ria, a CP continua a inovar, focando-se na sustentabilidade, na moderniza\u00e7\u00e3o e na excel\u00eancia do servi\u00e7o. A &#8230; <a title=\"CP\" class=\"read-more\" href=\"https:\/\/ordemdosfisioterapeutas.pt\/es\/cp\/\" aria-label=\"Leer m\u00e1s sobre CP\">Seguir leyendo<\/a><\/p>","protected":false},"author":1,"featured_media":0,"parent":0,"menu_order":0,"comment_status":"closed","ping_status":"closed","template":"","meta":{"footnotes":""},"class_list":["post-10672","page","type-page","status-publish"],"_links":{"self":[{"href":"https:\/\/ordemdosfisioterapeutas.pt\/es\/wp-json\/wp\/v2\/pages\/10672","targetHints":{"allow":["GET"]}}],"collection":[{"href":"https:\/\/ordemdosfisioterapeutas.pt\/es\/wp-json\/wp\/v2\/pages"}],"about":[{"href":"https:\/\/ordemdosfisioterapeutas.pt\/es\/wp-json\/wp\/v2\/types\/page"}],"author":[{"embeddable":true,"href":"https:\/\/ordemdosfisioterapeutas.pt\/es\/wp-json\/wp\/v2\/users\/1"}],"replies":[{"embeddable":true,"href":"https:\/\/ordemdosfisioterapeutas.pt\/es\/wp-json\/wp\/v2\/comments?post=10672"}],"version-history":[{"count":1,"href":"https:\/\/ordemdosfisioterapeutas.pt\/es\/wp-json\/wp\/v2\/pages\/10672\/revisions"}],"predecessor-version":[{"id":11897,"href":"https:\/\/ordemdosfisioterapeutas.pt\/es\/wp-json\/wp\/v2\/pages\/10672\/revisions\/11897"}],"wp:attachment":[{"href":"https:\/\/ordemdosfisioterapeutas.pt\/es\/wp-json\/wp\/v2\/media?parent=10672"}],"curies":[{"name":"wp","href":"https:\/\/api.w.org\/{rel}","templated":true}]}}