{"id":10667,"date":"2025-07-06T19:24:59","date_gmt":"2025-07-06T18:24:59","guid":{"rendered":"https:\/\/ordemdosfisioterapeutas.pt\/?page_id=10667"},"modified":"2025-08-16T11:06:58","modified_gmt":"2025-08-16T10:06:58","slug":"top-atlantico","status":"publish","type":"page","link":"https:\/\/ordemdosfisioterapeutas.pt\/es\/top-atlantico\/","title":{"rendered":"Top Atl\u00e1ntico"},"content":{"rendered":"<div data-elementor-type=\"wp-page\" data-elementor-id=\"10667\" class=\"elementor elementor-10667\" data-elementor-post-type=\"page\">\n\t\t\t\t<div class=\"elementor-element elementor-element-61948ab2 e-grid e-con-boxed e-con e-parent\" data-id=\"61948ab2\" data-element_type=\"container\" data-e-type=\"container\">\n\t\t\t\t\t<div class=\"e-con-inner\">\n\t\t\t\t<div class=\"elementor-element elementor-element-d5a7cbf elementor-widget elementor-widget-image\" data-id=\"d5a7cbf\" data-element_type=\"widget\" data-e-type=\"widget\" data-widget_type=\"image.default\">\n\t\t\t\t<div class=\"elementor-widget-container\">\n\t\t\t\t\t\t\t\t\t\t\t\t\t\t\t<img decoding=\"async\" src=\"https:\/\/ordemdosfisioterapeutas.pt\/wp-content\/uploads\/elementor\/thumbs\/imagem-CARD_TA-r1e64zxcbw9cteigkricxim4cw6romp2vquyf1tou8.png\" title=\"image-CARD_TA.png\" alt=\"imagem-CARD_TA.png\" loading=\"lazy\" \/>\t\t\t\t\t\t\t\t\t\t\t\t\t\t\t<\/div>\n\t\t\t\t<\/div>\n\t\t\t\t<div class=\"elementor-element elementor-element-31c9b2f3 elementor-widget elementor-widget-image\" data-id=\"31c9b2f3\" data-element_type=\"widget\" data-e-type=\"widget\" data-widget_type=\"image.default\">\n\t\t\t\t<div class=\"elementor-widget-container\">\n\t\t\t\t\t\t\t\t\t\t\t\t\t\t\t<img decoding=\"async\" src=\"https:\/\/ordemdosfisioterapeutas.pt\/wp-content\/uploads\/elementor\/thumbs\/parcerias-r1e5sfsz0l2px9fc2vf1dqmethbbh5ts4btblfpj40.png\" title=\"asociaciones.png\" alt=\"parcerias.png\" loading=\"lazy\" \/>\t\t\t\t\t\t\t\t\t\t\t\t\t\t\t<\/div>\n\t\t\t\t<\/div>\n\t\t\t\t\t<\/div>\n\t\t\t\t<\/div>\n\t\t<div class=\"elementor-element elementor-element-78293535 e-flex e-con-boxed e-con e-parent\" data-id=\"78293535\" data-element_type=\"container\" data-e-type=\"container\">\n\t\t\t\t\t<div class=\"e-con-inner\">\n\t\t\t\t<div class=\"elementor-element elementor-element-28a93f3a elementor-widget elementor-widget-heading\" data-id=\"28a93f3a\" data-element_type=\"widget\" data-e-type=\"widget\" data-widget_type=\"heading.default\">\n\t\t\t\t<div class=\"elementor-widget-container\">\n\t\t\t\t\t<h2 class=\"elementor-heading-title elementor-size-default\">Descripci\u00f3n<\/h2>\t\t\t\t<\/div>\n\t\t\t\t<\/div>\n\t\t\t\t<div class=\"elementor-element elementor-element-2a16c3a1 elementor-widget elementor-widget-text-editor\" data-id=\"2a16c3a1\" data-element_type=\"widget\" data-e-type=\"widget\" data-widget_type=\"text-editor.default\">\n\t\t\t\t<div class=\"elementor-widget-container\">\n\t\t\t\t\t\t\t\t\t<p>Top Atl\u00e2ntico es una marca de agencias de viajes l\u00edder en el mercado portugu\u00e9s. Ofrece una gama completa de productos y servicios de viaje de alta calidad. Con m\u00e1s de 20 a\u00f1os de experiencia, han establecido una fuerte presencia en el mercado y operan en varios segmentos: Ocio, Negocios y Nichos como Turismo Religioso, Viajes de Aventura, entre otros.<\/p><p>Adem\u00e1s de la tienda de atenci\u00f3n preferente a la Orden de Fisioterapeutas descrita en contactos, disponemos de una red de 55 tiendas a disposici\u00f3n de todos los miembros de la Orden.<\/p>\t\t\t\t\t\t\t\t<\/div>\n\t\t\t\t<\/div>\n\t\t\t\t\t<\/div>\n\t\t\t\t<\/div>\n\t\t<div class=\"elementor-element elementor-element-696767b2 condicoes e-flex e-con-boxed e-con e-parent\" data-id=\"696767b2\" data-element_type=\"container\" data-e-type=\"container\">\n\t\t\t\t\t<div class=\"e-con-inner\">\n\t\t\t\t<div class=\"elementor-element elementor-element-3ac5b6bd elementor-widget elementor-widget-heading\" data-id=\"3ac5b6bd\" data-element_type=\"widget\" data-e-type=\"widget\" data-widget_type=\"heading.default\">\n\t\t\t\t<div class=\"elementor-widget-container\">\n\t\t\t\t\t<h2 class=\"elementor-heading-title elementor-size-default\">Condiciones<\/h2>\t\t\t\t<\/div>\n\t\t\t\t<\/div>\n\t\t\t\t<div class=\"elementor-element elementor-element-123223aa elementor-widget elementor-widget-text-editor\" data-id=\"123223aa\" data-element_type=\"widget\" data-e-type=\"widget\" data-widget_type=\"text-editor.default\">\n\t\t\t\t<div class=\"elementor-widget-container\">\n\t\t\t\t\t\t\t\t\t<p>- 6% descuento en programas de operadores tur\u00edsticos; <br \/>- 6% descuento en programaci\u00f3n interna;<br \/>- 5% de descuento en alojamiento con cocina;<br \/>- 5% descuento en alquiler de coches;<br \/>- Descuento de 50% en las Tasas de Servicio (tabla en vigor).<\/p><p>Notas:<br \/>Los descuentos se calculan siempre sin impuestos ni suplementos;<br \/>No acumulable a otros descuentos, ofertas promocionales o campa\u00f1as;<br \/>No permiten el pago con tarjeta de cr\u00e9dito;<\/p><p>Acceso a la prestaci\u00f3n:<\/p><p>Puede beneficiarse de estas condiciones especiales en las tiendas Top Atl\u00e2ntico.<br \/>Los afiliados deben presentar la Tarjeta Profesional de la Orden de Fisioterapeutas, mientras que los empleados deben presentar un justificante de empleo (por ejemplo, la n\u00f3mina).<\/p>\t\t\t\t\t\t\t\t<\/div>\n\t\t\t\t<\/div>\n\t\t\t\t\t<\/div>\n\t\t\t\t<\/div>\n\t\t<div class=\"elementor-element elementor-element-72542dd condicoes-btn e-flex e-con-boxed e-con e-parent\" data-id=\"72542dd\" data-element_type=\"container\" data-e-type=\"container\">\n\t\t\t\t\t<div class=\"e-con-inner\">\n\t\t\t\t<div class=\"elementor-element elementor-element-0b91089 elementor-align-right elementor-mobile-align-center elementor-widget elementor-widget-button\" data-id=\"0b91089\" data-element_type=\"widget\" data-e-type=\"widget\" data-widget_type=\"button.default\">\n\t\t\t\t<div class=\"elementor-widget-container\">\n\t\t\t\t\t\t\t\t\t<div class=\"elementor-button-wrapper\">\n\t\t\t\t\t<a class=\"elementor-button elementor-button-link elementor-size-xs\" href=\"https:\/\/portal.ordemdosfisioterapeutas.pt\/of-auth\/?app_ref=e985d1b30a025a19af003c638a7f64a2\" target=\"_blank\">\n\t\t\t\t\t\t<span class=\"elementor-button-content-wrapper\">\n\t\t\t\t\t\t\t\t\t<span class=\"elementor-button-text\">Conozca las condiciones<\/span>\n\t\t\t\t\t<\/span>\n\t\t\t\t\t<\/a>\n\t\t\t\t<\/div>\n\t\t\t\t\t\t\t\t<\/div>\n\t\t\t\t<\/div>\n\t\t\t\t\t<\/div>\n\t\t\t\t<\/div>\n\t\t<div class=\"elementor-element elementor-element-2d265738 e-flex e-con-boxed e-con e-parent\" data-id=\"2d265738\" data-element_type=\"container\" data-e-type=\"container\">\n\t\t\t\t\t<div class=\"e-con-inner\">\n\t\t\t\t<div class=\"elementor-element elementor-element-3cc8b6ab elementor-widget elementor-widget-heading\" data-id=\"3cc8b6ab\" data-element_type=\"widget\" data-e-type=\"widget\" data-widget_type=\"heading.default\">\n\t\t\t\t<div class=\"elementor-widget-container\">\n\t\t\t\t\t<h2 class=\"elementor-heading-title elementor-size-default\">P\u00f3ngase en contacto con nosotros<\/h2>\t\t\t\t<\/div>\n\t\t\t\t<\/div>\n\t\t\t\t<div class=\"elementor-element elementor-element-979930a elementor-widget elementor-widget-text-editor\" data-id=\"979930a\" data-element_type=\"widget\" data-e-type=\"widget\" data-widget_type=\"text-editor.default\">\n\t\t\t\t<div class=\"elementor-widget-container\">\n\t\t\t\t\t\t\t\t\t<p>Servicio preferente en Top Atl\u00e2ntico:<\/p><p>Top Atl\u00e2ntico Marqu\u00eas de Pombal<\/p><p>Rua Mouzinho da Silveira, 24 - Tienda<\/p><p>1250-167 Lisboa Portugal<\/p><p>Tel: +351 213108800<br \/>Correo electr\u00f3nico: <span style=\"text-decoration: underline;\"><a href=\"mailto:marques.pombal@topatlantico.com\">marques.pombal@topatlantico.com<\/a><\/span><\/p>\t\t\t\t\t\t\t\t<\/div>\n\t\t\t\t<\/div>\n\t\t\t\t\t<\/div>\n\t\t\t\t<\/div>\n\t\t<div class=\"elementor-element elementor-element-7ae424a e-flex e-con-boxed e-con e-parent\" data-id=\"7ae424a\" data-element_type=\"container\" data-e-type=\"container\">\n\t\t\t\t\t<div class=\"e-con-inner\">\n\t\t\t\t<div class=\"elementor-element elementor-element-0b11880 elementor-align-right elementor-mobile-align-center elementor-widget elementor-widget-button\" data-id=\"0b11880\" data-element_type=\"widget\" data-e-type=\"widget\" data-widget_type=\"button.default\">\n\t\t\t\t<div class=\"elementor-widget-container\">\n\t\t\t\t\t\t\t\t\t<div class=\"elementor-button-wrapper\">\n\t\t\t\t\t<a class=\"elementor-button elementor-button-link elementor-size-xs\" href=\"https:\/\/ordemdosfisioterapeutas.pt\/es\/parcerias\/\">\n\t\t\t\t\t\t<span class=\"elementor-button-content-wrapper\">\n\t\t\t\t\t\t\t\t\t<span class=\"elementor-button-text\">Volver<\/span>\n\t\t\t\t\t<\/span>\n\t\t\t\t\t<\/a>\n\t\t\t\t<\/div>\n\t\t\t\t\t\t\t\t<\/div>\n\t\t\t\t<\/div>\n\t\t\t\t\t<\/div>\n\t\t\t\t<\/div>\n\t\t\t\t<\/div>","protected":false},"excerpt":{"rendered":"<p>Descri\u00e7\u00e3o A Top Atl\u00e2ntico \u00e9 uma marca de ag\u00eancias de viagens l\u00edder no mercado portugu\u00eas. Oferece uma gama abrangente de produtos e servi\u00e7os de viagens de elevada qualidade. Com mais de 20 anos de experi\u00eancia, estabeleceram uma forte presen\u00e7a no mercado e operam nos diversos segmentos: Lazer, Neg\u00f3cios e Nichos como Turismo Religioso, Viagens de &#8230; <a title=\"Top Atl\u00e1ntico\" class=\"read-more\" href=\"https:\/\/ordemdosfisioterapeutas.pt\/es\/top-atlantico\/\" aria-label=\"Leer m\u00e1s sobre Top Atl\u00e2ntico\">Seguir leyendo<\/a><\/p>","protected":false},"author":1,"featured_media":0,"parent":0,"menu_order":0,"comment_status":"closed","ping_status":"closed","template":"","meta":{"footnotes":""},"class_list":["post-10667","page","type-page","status-publish"],"_links":{"self":[{"href":"https:\/\/ordemdosfisioterapeutas.pt\/es\/wp-json\/wp\/v2\/pages\/10667","targetHints":{"allow":["GET"]}}],"collection":[{"href":"https:\/\/ordemdosfisioterapeutas.pt\/es\/wp-json\/wp\/v2\/pages"}],"about":[{"href":"https:\/\/ordemdosfisioterapeutas.pt\/es\/wp-json\/wp\/v2\/types\/page"}],"author":[{"embeddable":true,"href":"https:\/\/ordemdosfisioterapeutas.pt\/es\/wp-json\/wp\/v2\/users\/1"}],"replies":[{"embeddable":true,"href":"https:\/\/ordemdosfisioterapeutas.pt\/es\/wp-json\/wp\/v2\/comments?post=10667"}],"version-history":[{"count":0,"href":"https:\/\/ordemdosfisioterapeutas.pt\/es\/wp-json\/wp\/v2\/pages\/10667\/revisions"}],"wp:attachment":[{"href":"https:\/\/ordemdosfisioterapeutas.pt\/es\/wp-json\/wp\/v2\/media?parent=10667"}],"curies":[{"name":"wp","href":"https:\/\/api.w.org\/{rel}","templated":true}]}}