{"id":10065,"date":"2025-03-23T16:03:15","date_gmt":"2025-03-23T16:03:15","guid":{"rendered":"https:\/\/ordemdosfisioterapeutas.pt\/?page_id=10065"},"modified":"2026-03-10T21:36:25","modified_gmt":"2026-03-10T21:36:25","slug":"perguntas-frequentes-cidadao","status":"publish","type":"page","link":"https:\/\/ordemdosfisioterapeutas.pt\/es\/perguntas-frequentes-cidadao\/","title":{"rendered":"Preguntas frecuentes"},"content":{"rendered":"<div data-elementor-type=\"wp-page\" data-elementor-id=\"10065\" class=\"elementor elementor-10065\" data-elementor-post-type=\"page\">\n\t\t\t\t<div class=\"elementor-element elementor-element-5691d27f e-flex e-con-boxed e-con e-parent\" data-id=\"5691d27f\" data-element_type=\"container\" data-e-type=\"container\">\n\t\t\t\t\t<div class=\"e-con-inner\">\n\t\t\t\t<div class=\"elementor-element elementor-element-4af0ce2d elementor-widget elementor-widget-toggle\" data-id=\"4af0ce2d\" data-element_type=\"widget\" data-e-type=\"widget\" data-widget_type=\"toggle.default\">\n\t\t\t\t<div class=\"elementor-widget-container\">\n\t\t\t\t\t\t\t<div class=\"elementor-toggle\">\n\t\t\t\t\t\t\t<div class=\"elementor-toggle-item\">\n\t\t\t\t\t<div id=\"elementor-tab-title-1251\" class=\"elementor-tab-title\" data-tab=\"1\" role=\"button\" aria-controls=\"elementor-tab-content-1251\" aria-expanded=\"false\">\n\t\t\t\t\t\t\t\t\t\t\t\t<span class=\"elementor-toggle-icon elementor-toggle-icon-left\" aria-hidden=\"true\">\n\t\t\t\t\t\t\t\t\t\t\t\t\t\t\t<span class=\"elementor-toggle-icon-closed\"><i class=\"fas fa-caret-right\"><\/i><\/span>\n\t\t\t\t\t\t\t\t<span class=\"elementor-toggle-icon-opened\"><i class=\"elementor-toggle-icon-opened fas fa-caret-up\"><\/i><\/span>\n\t\t\t\t\t\t\t\t\t\t\t\t\t<\/span>\n\t\t\t\t\t\t\t\t\t\t\t\t<a class=\"elementor-toggle-title\" tabindex=\"0\">\u00bfC\u00f3mo puedo estar seguro de que alguien es realmente fisioterapeuta?<\/a>\n\t\t\t\t\t<\/div>\n\n\t\t\t\t\t<div id=\"elementor-tab-content-1251\" class=\"elementor-tab-content elementor-clearfix\" data-tab=\"1\" role=\"region\" aria-labelledby=\"elementor-tab-title-1251\"><p>Todos los fisioterapeutas son titulares de una tarjeta profesional expedida por el Colegio de Fisioterapeutas. Si quieres confirmar que una intervenci\u00f3n la est\u00e1 realizando un fisioterapeuta debidamente cualificado, puedes pedir que te ense\u00f1en su tarjeta profesional.<\/p><p>El Colegio de Fisioterapeutas aconseja a los ciudadanos que soliciten una tarjeta profesional al inicio de su sesi\u00f3n de fisioterapia.<\/p><p>Tambi\u00e9n puede buscar a su fisioterapeuta en el Directorio disponible en el sitio web del Colegio de Fisioterapeutas.<\/p><\/div>\n\t\t\t\t<\/div>\n\t\t\t\t\t\t\t<div class=\"elementor-toggle-item\">\n\t\t\t\t\t<div id=\"elementor-tab-title-1252\" class=\"elementor-tab-title\" data-tab=\"2\" role=\"button\" aria-controls=\"elementor-tab-content-1252\" aria-expanded=\"false\">\n\t\t\t\t\t\t\t\t\t\t\t\t<span class=\"elementor-toggle-icon elementor-toggle-icon-left\" aria-hidden=\"true\">\n\t\t\t\t\t\t\t\t\t\t\t\t\t\t\t<span class=\"elementor-toggle-icon-closed\"><i class=\"fas fa-caret-right\"><\/i><\/span>\n\t\t\t\t\t\t\t\t<span class=\"elementor-toggle-icon-opened\"><i class=\"elementor-toggle-icon-opened fas fa-caret-up\"><\/i><\/span>\n\t\t\t\t\t\t\t\t\t\t\t\t\t<\/span>\n\t\t\t\t\t\t\t\t\t\t\t\t<a class=\"elementor-toggle-title\" tabindex=\"0\">\u00bfQu\u00e9 puede hacer por m\u00ed un fisioterapeuta?<\/a>\n\t\t\t\t\t<\/div>\n\n\t\t\t\t\t<div id=\"elementor-tab-content-1252\" class=\"elementor-tab-content elementor-clearfix\" data-tab=\"2\" role=\"region\" aria-labelledby=\"elementor-tab-title-1252\"><p>El fisioterapeuta le ayudar\u00e1 con intervenciones fisioterap\u00e9uticas espec\u00edficas centradas en promover el movimiento y la funcionalidad. La fisioterapia se define como el estudio, prevenci\u00f3n, diagn\u00f3stico y tratamiento de las condiciones de salud que afectan a las estructuras y funciones del sistema de movimiento, as\u00ed como a la funcionalidad de las personas, grupos o comunidades.<\/p><p>Cuando usted acude a un fisioterapeuta inscrito en el Colegio de Abogados portugu\u00e9s, est\u00e1 buscando un profesional sanitario debidamente cualificado, que debe actuar dentro de unos est\u00e1ndares de calidad y someterse a un <span style=\"text-decoration: underline;\"><a href=\"https:\/\/ordemdosfisioterapeutas.pt\/wp-content\/uploads\/2023\/05\/codigo-dre.pdf\" target=\"_blank\" rel=\"noopener\">C\u00f3digo \u00e9tico<\/a><\/span>, a un <span style=\"text-decoration: underline;\"><a href=\"https:\/\/ordemdosfisioterapeutas.pt\/wp-content\/uploads\/2023\/05\/regulamento-disciplinar-dre.pdf\" target=\"_blank\" rel=\"noopener\">Reglamento disciplinario<\/a><\/span> y la garant\u00eda de un seguro de responsabilidad civil profesional.<\/p><\/div>\n\t\t\t\t<\/div>\n\t\t\t\t\t\t\t<div class=\"elementor-toggle-item\">\n\t\t\t\t\t<div id=\"elementor-tab-title-1253\" class=\"elementor-tab-title\" data-tab=\"3\" role=\"button\" aria-controls=\"elementor-tab-content-1253\" aria-expanded=\"false\">\n\t\t\t\t\t\t\t\t\t\t\t\t<span class=\"elementor-toggle-icon elementor-toggle-icon-left\" aria-hidden=\"true\">\n\t\t\t\t\t\t\t\t\t\t\t\t\t\t\t<span class=\"elementor-toggle-icon-closed\"><i class=\"fas fa-caret-right\"><\/i><\/span>\n\t\t\t\t\t\t\t\t<span class=\"elementor-toggle-icon-opened\"><i class=\"elementor-toggle-icon-opened fas fa-caret-up\"><\/i><\/span>\n\t\t\t\t\t\t\t\t\t\t\t\t\t<\/span>\n\t\t\t\t\t\t\t\t\t\t\t\t<a class=\"elementor-toggle-title\" tabindex=\"0\">\u00bfPuede el fisioterapeuta realizar las sesiones en su propio domicilio?<\/a>\n\t\t\t\t\t<\/div>\n\n\t\t\t\t\t<div id=\"elementor-tab-content-1253\" class=\"elementor-tab-content elementor-clearfix\" data-tab=\"3\" role=\"region\" aria-labelledby=\"elementor-tab-title-1253\"><p>No. El fisioterapeuta no puede realizar sesiones de fisioterapia en su propio domicilio, salvo que disponga de un local con acceso y zonas reservadas aut\u00f3nomas, debidamente adaptado y autorizado.<\/p><\/div>\n\t\t\t\t<\/div>\n\t\t\t\t\t\t\t<div class=\"elementor-toggle-item\">\n\t\t\t\t\t<div id=\"elementor-tab-title-1254\" class=\"elementor-tab-title\" data-tab=\"4\" role=\"button\" aria-controls=\"elementor-tab-content-1254\" aria-expanded=\"false\">\n\t\t\t\t\t\t\t\t\t\t\t\t<span class=\"elementor-toggle-icon elementor-toggle-icon-left\" aria-hidden=\"true\">\n\t\t\t\t\t\t\t\t\t\t\t\t\t\t\t<span class=\"elementor-toggle-icon-closed\"><i class=\"fas fa-caret-right\"><\/i><\/span>\n\t\t\t\t\t\t\t\t<span class=\"elementor-toggle-icon-opened\"><i class=\"elementor-toggle-icon-opened fas fa-caret-up\"><\/i><\/span>\n\t\t\t\t\t\t\t\t\t\t\t\t\t<\/span>\n\t\t\t\t\t\t\t\t\t\t\t\t<a class=\"elementor-toggle-title\" tabindex=\"0\">\u00bfPuede el fisioterapeuta realizar sesiones en el domicilio de la persona que utiliza sus servicios?<\/a>\n\t\t\t\t\t<\/div>\n\n\t\t\t\t\t<div id=\"elementor-tab-content-1254\" class=\"elementor-tab-content elementor-clearfix\" data-tab=\"4\" role=\"region\" aria-labelledby=\"elementor-tab-title-1254\"><p>S\u00ed, los fisioterapeutas legalmente cualificados pueden realizar sesiones de fisioterapia en el domicilio del paciente.<\/p><p>Para ello, deben estar registradas en el ERS como unidad m\u00f3vil y cumplir todas las normas aplicables a este tipo de estructuras, incluida, por ejemplo, la provisi\u00f3n de un libro de reclamaciones.<\/p><\/div>\n\t\t\t\t<\/div>\n\t\t\t\t\t\t\t<div class=\"elementor-toggle-item\">\n\t\t\t\t\t<div id=\"elementor-tab-title-1255\" class=\"elementor-tab-title\" data-tab=\"5\" role=\"button\" aria-controls=\"elementor-tab-content-1255\" aria-expanded=\"false\">\n\t\t\t\t\t\t\t\t\t\t\t\t<span class=\"elementor-toggle-icon elementor-toggle-icon-left\" aria-hidden=\"true\">\n\t\t\t\t\t\t\t\t\t\t\t\t\t\t\t<span class=\"elementor-toggle-icon-closed\"><i class=\"fas fa-caret-right\"><\/i><\/span>\n\t\t\t\t\t\t\t\t<span class=\"elementor-toggle-icon-opened\"><i class=\"elementor-toggle-icon-opened fas fa-caret-up\"><\/i><\/span>\n\t\t\t\t\t\t\t\t\t\t\t\t\t<\/span>\n\t\t\t\t\t\t\t\t\t\t\t\t<a class=\"elementor-toggle-title\" tabindex=\"0\">\u00bfPueden los fisioterapeutas realizar consultas de fisioterapia en l\u00ednea?<\/a>\n\t\t\t\t\t<\/div>\n\n\t\t\t\t\t<div id=\"elementor-tab-content-1255\" class=\"elementor-tab-content elementor-clearfix\" data-tab=\"5\" role=\"region\" aria-labelledby=\"elementor-tab-title-1255\"><p>S\u00ed, los fisioterapeutas legalmente habilitados pueden realizar consultas de fisioterapia en l\u00ednea, siempre que est\u00e9n registrados en el ERS como unidad de telemedicina y cumplan todas las normas aplicables a este tipo de estructura, incluida, por ejemplo, la disposici\u00f3n de un libro de reclamaciones.<\/p><\/div>\n\t\t\t\t<\/div>\n\t\t\t\t\t\t\t<div class=\"elementor-toggle-item\">\n\t\t\t\t\t<div id=\"elementor-tab-title-1256\" class=\"elementor-tab-title\" data-tab=\"6\" role=\"button\" aria-controls=\"elementor-tab-content-1256\" aria-expanded=\"false\">\n\t\t\t\t\t\t\t\t\t\t\t\t<span class=\"elementor-toggle-icon elementor-toggle-icon-left\" aria-hidden=\"true\">\n\t\t\t\t\t\t\t\t\t\t\t\t\t\t\t<span class=\"elementor-toggle-icon-closed\"><i class=\"fas fa-caret-right\"><\/i><\/span>\n\t\t\t\t\t\t\t\t<span class=\"elementor-toggle-icon-opened\"><i class=\"elementor-toggle-icon-opened fas fa-caret-up\"><\/i><\/span>\n\t\t\t\t\t\t\t\t\t\t\t\t\t<\/span>\n\t\t\t\t\t\t\t\t\t\t\t\t<a class=\"elementor-toggle-title\" tabindex=\"0\">\u00bfDeben explicar los fisioterapeutas, en una primera sesi\u00f3n de tratamiento, qu\u00e9 m\u00e9todo utilizan y utilizar\u00e1n a lo largo de su intervenci\u00f3n?<\/a>\n\t\t\t\t\t<\/div>\n\n\t\t\t\t\t<div id=\"elementor-tab-content-1256\" class=\"elementor-tab-content elementor-clearfix\" data-tab=\"6\" role=\"region\" aria-labelledby=\"elementor-tab-title-1256\"><p>El fisioterapeuta tiene el deber de proporcionar aclaraciones para permitir una elecci\u00f3n informada. El usuario, o quien est\u00e9 autorizado para ello, tiene derecho a ser informado sobre la finalidad y la naturaleza de la intervenci\u00f3n, as\u00ed como derecho a consentir, rechazar o revocar el consentimiento a la intervenci\u00f3n.<\/p><p>El art\u00edculo 11 del cap\u00edtulo IX del C\u00f3digo Deontol\u00f3gico del Fisioterapeuta, que puede consultarse aqu\u00ed, est\u00e1 dedicado al consentimiento informado de los usuarios.<\/p><p>Existe un procedimiento para el registro y an\u00e1lisis de todas las denuncias, dependiendo de su naturaleza, que requiere una respuesta a la persona o entidad que present\u00f3 la denuncia, y el respectivo reenv\u00edo.<\/p><p>Si desea presentar una denuncia\/queja\/queja sobre un Fisioterapeuta, rellene el formulario disponible <span style=\"text-decoration: underline;\"><a href=\"https:\/\/ordemdosfisioterapeutas.pt\/wp-content\/uploads\/2025\/10\/Formulario-de-Participacao_-Reclamacao_-Denuncia-OF_CJ_14102025.pdf\" target=\"_blank\" rel=\"noopener\">aqu\u00ed<\/a><\/span> <i>y enviarlo a <span style=\"text-decoration: underline;\"><a href=\"mailto:geral@ordemdosfisioterapeutas.pt\" target=\"_blank\" rel=\"noopener\">geral@ordemdosfisioterapeutas.pt<\/a><\/span>.<\/i><\/p><\/div>\n\t\t\t\t<\/div>\n\t\t\t\t\t\t\t<div class=\"elementor-toggle-item\">\n\t\t\t\t\t<div id=\"elementor-tab-title-1257\" class=\"elementor-tab-title\" data-tab=\"7\" role=\"button\" aria-controls=\"elementor-tab-content-1257\" aria-expanded=\"false\">\n\t\t\t\t\t\t\t\t\t\t\t\t<span class=\"elementor-toggle-icon elementor-toggle-icon-left\" aria-hidden=\"true\">\n\t\t\t\t\t\t\t\t\t\t\t\t\t\t\t<span class=\"elementor-toggle-icon-closed\"><i class=\"fas fa-caret-right\"><\/i><\/span>\n\t\t\t\t\t\t\t\t<span class=\"elementor-toggle-icon-opened\"><i class=\"elementor-toggle-icon-opened fas fa-caret-up\"><\/i><\/span>\n\t\t\t\t\t\t\t\t\t\t\t\t\t<\/span>\n\t\t\t\t\t\t\t\t\t\t\t\t<a class=\"elementor-toggle-title\" tabindex=\"0\">\u00bfLa fisioterapia s\u00f3lo sirve para tratar el dolor?<\/a>\n\t\t\t\t\t<\/div>\n\n\t\t\t\t\t<div id=\"elementor-tab-content-1257\" class=\"elementor-tab-content elementor-clearfix\" data-tab=\"7\" role=\"region\" aria-labelledby=\"elementor-tab-title-1257\"><p>No. Aunque el dolor es un s\u00edntoma frecuente y relevante, la fisioterapia no se limita a su tratamiento.<\/p><p>La fisioterapia es una profesi\u00f3n sanitaria centrada en la promoci\u00f3n, prevenci\u00f3n, evaluaci\u00f3n, tratamiento, habilitaci\u00f3n, rehabilitaci\u00f3n y mantenimiento de la funcionalidad y el movimiento. La intervenci\u00f3n tiene lugar en diversos \u00e1mbitos de la pr\u00e1ctica cl\u00ednica.<\/p><\/div>\n\t\t\t\t<\/div>\n\t\t\t\t\t\t\t<div class=\"elementor-toggle-item\">\n\t\t\t\t\t<div id=\"elementor-tab-title-1258\" class=\"elementor-tab-title\" data-tab=\"8\" role=\"button\" aria-controls=\"elementor-tab-content-1258\" aria-expanded=\"false\">\n\t\t\t\t\t\t\t\t\t\t\t\t<span class=\"elementor-toggle-icon elementor-toggle-icon-left\" aria-hidden=\"true\">\n\t\t\t\t\t\t\t\t\t\t\t\t\t\t\t<span class=\"elementor-toggle-icon-closed\"><i class=\"fas fa-caret-right\"><\/i><\/span>\n\t\t\t\t\t\t\t\t<span class=\"elementor-toggle-icon-opened\"><i class=\"elementor-toggle-icon-opened fas fa-caret-up\"><\/i><\/span>\n\t\t\t\t\t\t\t\t\t\t\t\t\t<\/span>\n\t\t\t\t\t\t\t\t\t\t\t\t<a class=\"elementor-toggle-title\" tabindex=\"0\">Conozco a alguien que hace fisioterapia pero no es fisioterapeuta. \u00bfEs legal?<\/a>\n\t\t\t\t\t<\/div>\n\n\t\t\t\t\t<div id=\"elementor-tab-content-1258\" class=\"elementor-tab-content elementor-clearfix\" data-tab=\"8\" role=\"region\" aria-labelledby=\"elementor-tab-title-1258\"><p>No. La fisioterapia s\u00f3lo puede ser practicada por fisioterapeutas.<\/p><p>La realizaci\u00f3n de actos de fisioterapia por alguien que no sea fisioterapeuta puede constituir usurpaci\u00f3n de funciones y debe ser denunciada.<\/p><p>Averig\u00fce qu\u00e9 hacer en esta situaci\u00f3n <span style=\"text-decoration: underline;\"><a href=\"https:\/\/ordemdosfisioterapeutas.pt\/es\/participacao-reclamacao-ou-denuncia\/\" target=\"_blank\" rel=\"noopener\">aqu\u00ed<\/a><\/span>.<\/p><p>Hay que recordar que el Colegio de Fisioterapeutas es competente para recibir informes, quejas o denuncias de casos de usurpaci\u00f3n del t\u00edtulo profesional. Como \u00f3rgano regulador de la profesi\u00f3n, el Colegio procura que la profesi\u00f3n s\u00f3lo sea ejercida por profesionales competentes y cualificados, garantizando la protecci\u00f3n y seguridad de los ciudadanos.<\/p><\/div>\n\t\t\t\t<\/div>\n\t\t\t\t\t\t\t<div class=\"elementor-toggle-item\">\n\t\t\t\t\t<div id=\"elementor-tab-title-1259\" class=\"elementor-tab-title\" data-tab=\"9\" role=\"button\" aria-controls=\"elementor-tab-content-1259\" aria-expanded=\"false\">\n\t\t\t\t\t\t\t\t\t\t\t\t<span class=\"elementor-toggle-icon elementor-toggle-icon-left\" aria-hidden=\"true\">\n\t\t\t\t\t\t\t\t\t\t\t\t\t\t\t<span class=\"elementor-toggle-icon-closed\"><i class=\"fas fa-caret-right\"><\/i><\/span>\n\t\t\t\t\t\t\t\t<span class=\"elementor-toggle-icon-opened\"><i class=\"elementor-toggle-icon-opened fas fa-caret-up\"><\/i><\/span>\n\t\t\t\t\t\t\t\t\t\t\t\t\t<\/span>\n\t\t\t\t\t\t\t\t\t\t\t\t<a class=\"elementor-toggle-title\" tabindex=\"0\">\u00bfRecibe el Colegio de Fisioterapeutas quejas del p\u00fablico?<\/a>\n\t\t\t\t\t<\/div>\n\n\t\t\t\t\t<div id=\"elementor-tab-content-1259\" class=\"elementor-tab-content elementor-clearfix\" data-tab=\"9\" role=\"region\" aria-labelledby=\"elementor-tab-title-1259\"><p>S\u00ed. El Colegio de Fisioterapeutas tiene entre sus funciones estatutarias la defensa de los intereses generales de los usuarios de los servicios prestados por sus colegiados, velando y haciendo efectivo el derecho a la salud de los ciudadanos.<\/p><p>El Colegio de Fisioterapeutas cuenta con un Consejo Jurisdiccional que, entre otras competencias, puede instruir y juzgar procedimientos disciplinarios contra miembros del Colegio.<\/p><p>Existe un procedimiento de registro y an\u00e1lisis de todas las denuncias presentadas, en funci\u00f3n de su naturaleza, que requiere una respuesta a la persona o entidad que present\u00f3 la denuncia y su traslado.<\/p><p>Si desea presentar una denuncia, queja o reclamaci\u00f3n relativa a un fisioterapeuta, rellene el formulario disponible <span style=\"text-decoration: underline;\"><a href=\"https:\/\/ordemdosfisioterapeutas.pt\/wp-content\/uploads\/2025\/10\/Formulario-de-Participacao_-Reclamacao_-Denuncia-OF_CJ_14102025.pdf\" target=\"_blank\" rel=\"noopener\">aqu\u00ed<\/a><\/span> y enviarlo a geral@ordemdosfisioterapeutas.pt.<\/p><p>Inf\u00f3rmese sobre otros canales de participaci\u00f3n, quejas o reclamaciones <span style=\"text-decoration: underline;\"><a href=\"https:\/\/ordemdosfisioterapeutas.pt\/es\/participacao-reclamacao-ou-denuncia\/\" target=\"_blank\" rel=\"noopener\">aqu\u00ed<\/a><\/span>.<\/p><\/div>\n\t\t\t\t<\/div>\n\t\t\t\t\t\t\t\t<\/div>\n\t\t\t\t\t\t<\/div>\n\t\t\t\t<\/div>\n\t\t\t\t\t<\/div>\n\t\t\t\t<\/div>\n\t\t\t\t<\/div>","protected":false},"excerpt":{"rendered":"<p>Como posso ter a certeza de que uma pessoa \u00e9 mesmo Fisioterapeuta? Todos os fisioterapeutas s\u00e3o detentores de uma c\u00e9dula profissional emitida pela Ordem dos Fisioterapeutas. Caso pretenda confirmar se uma interven\u00e7\u00e3o est\u00e1 a ser realizada por um fisioterapeuta devidamente habilitado, pode solicitar a apresenta\u00e7\u00e3o da respetiva c\u00e9dula profissional. A Ordem dos Fisioterapeutas aconselha os &#8230; <a title=\"Preguntas frecuentes\" class=\"read-more\" href=\"https:\/\/ordemdosfisioterapeutas.pt\/es\/perguntas-frequentes-cidadao\/\" aria-label=\"M\u00e1s informaci\u00f3n sobre Preguntas frecuentes\">Seguir leyendo<\/a><\/p>","protected":false},"author":1,"featured_media":0,"parent":0,"menu_order":0,"comment_status":"closed","ping_status":"closed","template":"","meta":{"footnotes":""},"class_list":["post-10065","page","type-page","status-publish"],"_links":{"self":[{"href":"https:\/\/ordemdosfisioterapeutas.pt\/es\/wp-json\/wp\/v2\/pages\/10065","targetHints":{"allow":["GET"]}}],"collection":[{"href":"https:\/\/ordemdosfisioterapeutas.pt\/es\/wp-json\/wp\/v2\/pages"}],"about":[{"href":"https:\/\/ordemdosfisioterapeutas.pt\/es\/wp-json\/wp\/v2\/types\/page"}],"author":[{"embeddable":true,"href":"https:\/\/ordemdosfisioterapeutas.pt\/es\/wp-json\/wp\/v2\/users\/1"}],"replies":[{"embeddable":true,"href":"https:\/\/ordemdosfisioterapeutas.pt\/es\/wp-json\/wp\/v2\/comments?post=10065"}],"version-history":[{"count":6,"href":"https:\/\/ordemdosfisioterapeutas.pt\/es\/wp-json\/wp\/v2\/pages\/10065\/revisions"}],"predecessor-version":[{"id":13034,"href":"https:\/\/ordemdosfisioterapeutas.pt\/es\/wp-json\/wp\/v2\/pages\/10065\/revisions\/13034"}],"wp:attachment":[{"href":"https:\/\/ordemdosfisioterapeutas.pt\/es\/wp-json\/wp\/v2\/media?parent=10065"}],"curies":[{"name":"wp","href":"https:\/\/api.w.org\/{rel}","templated":true}]}}