{"id":10059,"date":"2025-03-23T15:57:21","date_gmt":"2025-03-23T15:57:21","guid":{"rendered":"https:\/\/ordemdosfisioterapeutas.pt\/?page_id=10059"},"modified":"2025-10-15T10:52:36","modified_gmt":"2025-10-15T09:52:36","slug":"participacao-reclamacao-ou-denuncia","status":"publish","type":"page","link":"https:\/\/ordemdosfisioterapeutas.pt\/es\/participacao-reclamacao-ou-denuncia\/","title":{"rendered":"Participaci\u00f3n, queja o denuncia"},"content":{"rendered":"<div data-elementor-type=\"wp-page\" data-elementor-id=\"10059\" class=\"elementor elementor-10059\" data-elementor-post-type=\"page\">\n\t\t\t\t<div class=\"elementor-element elementor-element-377d1538 e-grid e-con-boxed e-con e-parent\" data-id=\"377d1538\" data-element_type=\"container\" data-e-type=\"container\">\n\t\t\t\t\t<div class=\"e-con-inner\">\n\t\t\t\t<div class=\"elementor-element elementor-element-51245273 elementor-widget elementor-widget-image\" data-id=\"51245273\" data-element_type=\"widget\" data-e-type=\"widget\" data-widget_type=\"image.default\">\n\t\t\t\t<div class=\"elementor-widget-container\">\n\t\t\t\t\t\t\t\t\t\t\t\t\t\t\t<img fetchpriority=\"high\" decoding=\"async\" width=\"400\" height=\"266\" src=\"https:\/\/ordemdosfisioterapeutas.pt\/wp-content\/uploads\/2025\/03\/reclamacao_400.png\" class=\"attachment-large size-large wp-image-10061\" alt=\"\" srcset=\"https:\/\/ordemdosfisioterapeutas.pt\/wp-content\/uploads\/2025\/03\/reclamacao_400.png 400w, https:\/\/ordemdosfisioterapeutas.pt\/wp-content\/uploads\/2025\/03\/reclamacao_400-300x200.png 300w, https:\/\/ordemdosfisioterapeutas.pt\/wp-content\/uploads\/2025\/03\/reclamacao_400-18x12.png 18w\" sizes=\"(max-width: 400px) 100vw, 400px\" \/>\t\t\t\t\t\t\t\t\t\t\t\t\t\t\t<\/div>\n\t\t\t\t<\/div>\n\t\t\t\t<div class=\"elementor-element elementor-element-1ef136d9 elementor-widget elementor-widget-text-editor\" data-id=\"1ef136d9\" data-element_type=\"widget\" data-e-type=\"widget\" data-widget_type=\"text-editor.default\">\n\t\t\t\t<div class=\"elementor-widget-container\">\n\t\t\t\t\t\t\t\t\t<p>Utiliza nuestro formulario para denunciar cualquier situaci\u00f3n relacionada con un Fisioterapeuta que consideres que no cumple con las normas \u00e9ticas y deontol\u00f3gicas de la profesi\u00f3n.<\/p>\t\t\t\t\t\t\t\t<\/div>\n\t\t\t\t<\/div>\n\t\t\t\t\t<\/div>\n\t\t\t\t<\/div>\n\t\t<div class=\"elementor-element elementor-element-213bf2b7 e-flex e-con-boxed e-con e-parent\" data-id=\"213bf2b7\" data-element_type=\"container\" data-e-type=\"container\">\n\t\t\t\t\t<div class=\"e-con-inner\">\n\t\t\t\t<div class=\"elementor-element elementor-element-5a42ca4e elementor-widget elementor-widget-text-editor\" data-id=\"5a42ca4e\" data-element_type=\"widget\" data-e-type=\"widget\" data-widget_type=\"text-editor.default\">\n\t\t\t\t<div class=\"elementor-widget-container\">\n\t\t\t\t\t\t\t\t\t<p><strong>C\u00f3mo presentar una denuncia\/queja\/reclamaci\u00f3n<\/strong><\/p><p>El Colegio de Fisioterapeutas cuenta con un Consejo Jurisdiccional que, entre otras competencias, puede instruir y juzgar expedientes disciplinarios contra miembros del Colegio. Existe un procedimiento de registro y an\u00e1lisis de todas las denuncias presentadas, en funci\u00f3n de su naturaleza, que requiere una respuesta a la persona o entidad que present\u00f3 la denuncia, y la respectiva remisi\u00f3n. Si desea presentar una denuncia\/queja\/denuncia relativa a un Fisioterapeuta, rellene el formulario disponible.\u00a0<u><a href=\"https:\/\/ordemdosfisioterapeutas.pt\/wp-content\/uploads\/2025\/10\/Formulario-de-Participacao_-Reclamacao_-Denuncia-OF_CJ_14102025.pdf\" target=\"_blank\" rel=\"noopener\">aqu\u00ed<\/a><\/u>\u00a0<em>y enviarlo a\u00a0<u><a href=\"mailto:geral@ordemdosfisioterapeutas.pt\">geral@ordemdosfisioterapeutas.pt<\/a><\/u>.<\/em><\/p><p><strong>Otros canales de informaci\u00f3n<\/strong><\/p><p>1 \u2013 <span style=\"text-decoration: underline;\">Autoridad de Reglamentaci\u00f3n Sanitaria (ERS)<\/span><\/p><p>La misi\u00f3n del ERS es regular la actividad de los establecimientos sanitarios en los sectores p\u00fablico, privado, cooperativo y social. Su cometido incluye supervisar las actividades de los establecimientos sanitarios, en particular en lo que respecta al cumplimiento de los requisitos para el ejercicio de la actividad y el funcionamiento, incluida la autorizaci\u00f3n de los establecimientos, garantizar los derechos relativos al acceso a la asistencia sanitaria, la prestaci\u00f3n de una asistencia sanitaria de calidad y otros derechos de los usuarios, y verificar la legalidad y transparencia de las relaciones econ\u00f3micas entre los distintos operadores, entidades financiadoras y usuarios. Puede presentar su denuncia en <span style=\"text-decoration: underline;\"><a href=\"https:\/\/www.ers.pt\/pt\/utentes\/formularios\/reclamacoes-online\/\" target=\"_blank\" rel=\"noopener\">ERS - Reclamaciones en l\u00ednea<\/a><\/span>.<\/p><p>2 \u2013 <span style=\"text-decoration: underline;\">Ministerio Fiscal (MP)<\/span><\/p><p>El Ministerio P\u00fablico (Minist\u00e9rio P\u00fablico - MP) es un \u00f3rgano constitucional con competencia para perseguir, participar en la ejecuci\u00f3n de la pol\u00edtica criminal definida por los \u00f3rganos soberanos, representar al Estado y defender la legalidad democr\u00e1tica y los intereses determinados por la ley (Art\u00edculo\u00a0<span style=\"text-decoration: underline;\"><a href=\"https:\/\/www.ministeriopublico.pt\/pagina\/o-ministerio-publico?mid=3294\" target=\"_blank\" rel=\"noopener\">219.\u00ba<\/a><\/span>\/1, CRP). M\u00e1s informaci\u00f3n en <a href=\"https:\/\/queixaselectronicas.mai.gov.pt\/\" target=\"_blank\" rel=\"noopener\"><span style=\"text-decoration: underline;\">QUEIXA ELETR\u00d3NICA - Denuncia electr\u00f3nica<\/span><\/a>.<\/p><p>3 \u2013 <span style=\"text-decoration: underline;\">Inspecci\u00f3n General de Actividades Sanitarias (IGAS)<\/span><\/p><p>El IGAS es un servicio central de la administraci\u00f3n directa del Estado, dotado de autonom\u00eda administrativa e integrado en el Ministerio de Sanidad. Su misi\u00f3n es \"fiscalizar, inspeccionar, supervisar y ejercer la acci\u00f3n disciplinaria en el sector sanitario, con el fin de garantizar el cumplimiento de la legalidad y un alto nivel t\u00e9cnico de actuaci\u00f3n en todos los \u00e1mbitos de actividad y prestaci\u00f3n de la asistencia sanitaria, tanto si se lleva a cabo por los servicios, establecimientos y organismos del Ministerio de Sanidad, en adelante MdS, o de los dependientes del mismo, como por entidades privadas, sean personas f\u00edsicas o jur\u00eddicas, con o sin \u00e1nimo de lucro\". Puede presentar su denuncia en <a href=\"https:\/\/www.igas.min-saude.pt\/canal-de-denuncias\/\" target=\"_blank\" rel=\"noopener\">Canal de denuncias - IGAS<\/a>.<\/p>\t\t\t\t\t\t\t\t<\/div>\n\t\t\t\t<\/div>\n\t\t\t\t\t<\/div>\n\t\t\t\t<\/div>\n\t\t\t\t<\/div>","protected":false},"excerpt":{"rendered":"<p>Utiliza nuestro formulario para denunciar cualquier situaci\u00f3n relativa a un Fisioterapeuta que consideres que no se ajusta a las normas \u00e9ticas y deontol\u00f3gicas de la profesi\u00f3n. C\u00f3mo presentar una denuncia\/queja\/denuncia La Orden de Fisioterapeutas cuenta con un Consejo Jurisdiccional que, entre otras competencias, puede instruir y juzgar expedientes disciplinarios contra miembros de la Orden. Existe un ... <a title=\"Participaci\u00f3n, queja o denuncia\" class=\"read-more\" href=\"https:\/\/ordemdosfisioterapeutas.pt\/es\/participacao-reclamacao-ou-denuncia\/\" aria-label=\"M\u00e1s informaci\u00f3n sobre Participaci\u00f3n, queja o informe\">Seguir leyendo<\/a><\/p>","protected":false},"author":1,"featured_media":0,"parent":0,"menu_order":0,"comment_status":"closed","ping_status":"closed","template":"","meta":{"footnotes":""},"class_list":["post-10059","page","type-page","status-publish"],"_links":{"self":[{"href":"https:\/\/ordemdosfisioterapeutas.pt\/es\/wp-json\/wp\/v2\/pages\/10059","targetHints":{"allow":["GET"]}}],"collection":[{"href":"https:\/\/ordemdosfisioterapeutas.pt\/es\/wp-json\/wp\/v2\/pages"}],"about":[{"href":"https:\/\/ordemdosfisioterapeutas.pt\/es\/wp-json\/wp\/v2\/types\/page"}],"author":[{"embeddable":true,"href":"https:\/\/ordemdosfisioterapeutas.pt\/es\/wp-json\/wp\/v2\/users\/1"}],"replies":[{"embeddable":true,"href":"https:\/\/ordemdosfisioterapeutas.pt\/es\/wp-json\/wp\/v2\/comments?post=10059"}],"version-history":[{"count":4,"href":"https:\/\/ordemdosfisioterapeutas.pt\/es\/wp-json\/wp\/v2\/pages\/10059\/revisions"}],"predecessor-version":[{"id":11825,"href":"https:\/\/ordemdosfisioterapeutas.pt\/es\/wp-json\/wp\/v2\/pages\/10059\/revisions\/11825"}],"wp:attachment":[{"href":"https:\/\/ordemdosfisioterapeutas.pt\/es\/wp-json\/wp\/v2\/media?parent=10059"}],"curies":[{"name":"wp","href":"https:\/\/api.w.org\/{rel}","templated":true}]}}