{"id":9768,"date":"2025-02-12T10:22:38","date_gmt":"2025-02-12T10:22:38","guid":{"rendered":"https:\/\/ordemdosfisioterapeutas.pt\/?page_id=9768"},"modified":"2025-08-16T11:16:03","modified_gmt":"2025-08-16T10:16:03","slug":"vila-gale","status":"publish","type":"page","link":"https:\/\/ordemdosfisioterapeutas.pt\/en\/vila-gale\/","title":{"rendered":"Vila Gal\u00e9"},"content":{"rendered":"<div data-elementor-type=\"wp-page\" data-elementor-id=\"9768\" class=\"elementor elementor-9768\" data-elementor-post-type=\"page\">\n\t\t\t\t<div class=\"elementor-element elementor-element-74634981 e-grid e-con-boxed e-con e-parent\" data-id=\"74634981\" data-element_type=\"container\" data-e-type=\"container\">\n\t\t\t\t\t<div class=\"e-con-inner\">\n\t\t\t\t<div class=\"elementor-element elementor-element-7e3f5482 elementor-widget elementor-widget-image\" data-id=\"7e3f5482\" data-element_type=\"widget\" data-e-type=\"widget\" data-widget_type=\"image.default\">\n\t\t\t\t<div class=\"elementor-widget-container\">\n\t\t\t\t\t\t\t\t\t\t\t\t\t\t\t<img decoding=\"async\" src=\"https:\/\/ordemdosfisioterapeutas.pt\/wp-content\/uploads\/elementor\/thumbs\/imagem-CARD-r1e5sfsz0l2foyr6wu2t46pemk37u7u6tl2ekyg1z4.jpg\" title=\"image-CARD.jpg\" alt=\"imagem-CARD.jpg\" loading=\"lazy\" \/>\t\t\t\t\t\t\t\t\t\t\t\t\t\t\t<\/div>\n\t\t\t\t<\/div>\n\t\t\t\t<div class=\"elementor-element elementor-element-68f46c07 elementor-widget elementor-widget-image\" data-id=\"68f46c07\" data-element_type=\"widget\" data-e-type=\"widget\" data-widget_type=\"image.default\">\n\t\t\t\t<div class=\"elementor-widget-container\">\n\t\t\t\t\t\t\t\t\t\t\t\t\t\t\t<img decoding=\"async\" src=\"https:\/\/ordemdosfisioterapeutas.pt\/wp-content\/uploads\/elementor\/thumbs\/parcerias-r1e5sfsz0l2px9fc2vf1dqmethbbh5ts4btblfpj40.png\" title=\"partnerships.png\" alt=\"parcerias.png\" loading=\"lazy\" \/>\t\t\t\t\t\t\t\t\t\t\t\t\t\t\t<\/div>\n\t\t\t\t<\/div>\n\t\t\t\t\t<\/div>\n\t\t\t\t<\/div>\n\t\t<div class=\"elementor-element elementor-element-36c43291 e-flex e-con-boxed e-con e-parent\" data-id=\"36c43291\" data-element_type=\"container\" data-e-type=\"container\">\n\t\t\t\t\t<div class=\"e-con-inner\">\n\t\t\t\t<div class=\"elementor-element elementor-element-75914549 elementor-widget elementor-widget-heading\" data-id=\"75914549\" data-element_type=\"widget\" data-e-type=\"widget\" data-widget_type=\"heading.default\">\n\t\t\t\t<div class=\"elementor-widget-container\">\n\t\t\t\t\t<h2 class=\"elementor-heading-title elementor-size-default\">Description<\/h2>\t\t\t\t<\/div>\n\t\t\t\t<\/div>\n\t\t\t\t\t<\/div>\n\t\t\t\t<\/div>\n\t\t<div class=\"elementor-element elementor-element-4346b0b3 e-flex e-con-boxed e-con e-parent\" data-id=\"4346b0b3\" data-element_type=\"container\" data-e-type=\"container\">\n\t\t\t\t\t<div class=\"e-con-inner\">\n\t\t\t\t<div class=\"elementor-element elementor-element-29916fbc elementor-widget elementor-widget-text-editor\" data-id=\"29916fbc\" data-element_type=\"widget\" data-e-type=\"widget\" data-widget_type=\"text-editor.default\">\n\t\t\t\t<div class=\"elementor-widget-container\">\n\t\t\t\t\t\t\t\t\t<p>The Vila Gal\u00e9 group is one of Portugal's leading hotel groups and is now in 120th position in Hotels magazine's ranking of the 200 largest hotel companies. It is made up of several companies, of which VILA GAL\u00c9 - Sociedade de Empreendimentos Tur\u00edsticos, S.A. stands out for its size and importance.\u00a0<em>ranking<\/em> 1 of Portuguese companies.<\/p><p>This company, founded in 1986, is dedicated to the operation and management of all the hotel units that make up the group, as well as the realisation of projects and the construction of new tourist developments.<\/p><p>The Vila Gal\u00e9 group currently manages 44 hotels: 32 in Portugal (Algarve, Beja, \u00c9vora, Elvas, Alter do Ch\u00e3o, Oeiras, Cascais, Sintra, Ericeira, Estoril, Lisbon, Coimbra, Serra da Estrela, Tomar, Figueira da Foz, Porto, Braga, Douro, Madeira and the Azores), 10 in Brazil (Alagoas, Rio de Janeiro, Fortaleza, Caucaia, Salvador, Guarajuba, Pernambuco, Touros, Angra dos Reis and S\u00e3o Paulo), 1 in Cuba and 1 in Spain with a further 9.800 rooms and more than 24,000 beds.<\/p>\t\t\t\t\t\t\t\t<\/div>\n\t\t\t\t<\/div>\n\t\t\t\t\t<\/div>\n\t\t\t\t<\/div>\n\t\t<div class=\"elementor-element elementor-element-5229090e condicoes e-flex e-con-boxed e-con e-parent\" data-id=\"5229090e\" data-element_type=\"container\" data-e-type=\"container\">\n\t\t\t\t\t<div class=\"e-con-inner\">\n\t\t\t\t<div class=\"elementor-element elementor-element-1188c0ac elementor-widget elementor-widget-heading\" data-id=\"1188c0ac\" data-element_type=\"widget\" data-e-type=\"widget\" data-widget_type=\"heading.default\">\n\t\t\t\t<div class=\"elementor-widget-container\">\n\t\t\t\t\t<h2 class=\"elementor-heading-title elementor-size-default\">Conditions<\/h2>\t\t\t\t<\/div>\n\t\t\t\t<\/div>\n\t\t\t\t<div class=\"elementor-element elementor-element-6e5dbb3 elementor-widget elementor-widget-text-editor\" data-id=\"6e5dbb3\" data-element_type=\"widget\" data-e-type=\"widget\" data-widget_type=\"text-editor.default\">\n\t\t\t\t<div class=\"elementor-widget-container\">\n\t\t\t\t\t\t\t\t\t<p>- Free membership<br \/>- Access to exclusive promotions<br \/>- Direct discount of 10%, calculated on the Online Rates published on the website <a href=\"https:\/\/u2654599.ct.sendgrid.net\/ls\/click?upn=u001.6J25MkZgmY94bAvcC2doBvtQoudgz0TM6UbRU5tBMuoLQ2wyNuywFdUWQTENoGj-2Fo6d8L7RcHwYQfyQt9gAMVmIocdghukXxcYtramnNPe80BstDrCigYnTt8IrHUqYz8lCuLb0cDK2lNZAnrIYi2qUE7CCEBfgskJi6kj4kbKUOEjRftYF6uYaOqYB0k4zjmDmxxXxVo-2BA7-2B0ueyOagb7O-2BE2wBdhncsOp2FoJs7fnlH-2FFi4Uve98X08CM6D11kg69MMCD8bVR3CCuHJ5Dp3hciTvZDYlV-2FSyAAhEljXCAcYRLH-2F-2FU7oA9wfvUgRbeNKsyyhhiPjwH0uFrFNciqtSx-2BNt4bzPjiTapoKqbv03awI8eyHoJQ-2BOwJvS-2BMQjQpi55u_Cjsmoy8Ze1tEWbhn-2BUOaUeK-2BH5S2EL5GXFR3mWFP3xMtCM6rY11CAkGI0KBa8aAfDqMTmvgIgI3AfyUUdc5ZX8-2Fzo0r0csiInq5es-2FI95gA-2FP85DEOI5JRfNVBCs9zykSrAICp235rXMT14fs6TT-2BevXdBTfoulaoXGZV8IMlPWMRjd7wNVtFe-2B7pFpbGFj6-2B-2FvGnzETRKfKfosjmOBI82SCiAWhzQPP4Y-2BqE0UKQlcAd0P7-2FO9uqe5xxXJ9kJuU\" target=\"_blank\" rel=\"noopener\"><span style=\"text-decoration: underline;\">www.vilagale.com<\/span><\/a>\u00a0in accommodation, services and in spas and health clubs<br \/>- Early check-in from 11am (subject to availability)<br \/>- Late check-out until 3pm (subject to availability)<br \/>- Booking priority<\/p><p>Access to the benefit:<\/p><p>You can sign up for the Order of Physiotherapists Card - VILA GAL\u00c9 at <a href=\"https:\/\/bit.ly\/PARCERIA_OF_VilaGale\" target=\"_blank\" rel=\"noopener\">Membership of the Ordem dos Fisioterapeutas benefits card - Vila Gal\u00e9<\/a>.<\/p>\t\t\t\t\t\t\t\t<\/div>\n\t\t\t\t<\/div>\n\t\t\t\t<div class=\"elementor-element elementor-element-2f79cdf7 elementor-align-right elementor-mobile-align-center condicoes elementor-widget elementor-widget-button\" data-id=\"2f79cdf7\" data-element_type=\"widget\" data-e-type=\"widget\" data-widget_type=\"button.default\">\n\t\t\t\t<div class=\"elementor-widget-container\">\n\t\t\t\t\t\t\t\t\t<div class=\"elementor-button-wrapper\">\n\t\t\t\t\t<a class=\"elementor-button elementor-button-link elementor-size-xs\" href=\"https:\/\/bit.ly\/PARCERIA_OF_VilaGale\" target=\"_blank\" rel=\"noopener\">\n\t\t\t\t\t\t<span class=\"elementor-button-content-wrapper\">\n\t\t\t\t\t\t\t\t\t<span class=\"elementor-button-text\">Join here<\/span>\n\t\t\t\t\t<\/span>\n\t\t\t\t\t<\/a>\n\t\t\t\t<\/div>\n\t\t\t\t\t\t\t\t<\/div>\n\t\t\t\t<\/div>\n\t\t\t\t\t<\/div>\n\t\t\t\t<\/div>\n\t\t<div class=\"elementor-element elementor-element-199c312b condicoes-btn e-flex e-con-boxed e-con e-parent\" data-id=\"199c312b\" data-element_type=\"container\" data-e-type=\"container\">\n\t\t\t\t\t<div class=\"e-con-inner\">\n\t\t\t\t<div class=\"elementor-element elementor-element-7d527b8 elementor-align-right elementor-mobile-align-center elementor-widget elementor-widget-button\" data-id=\"7d527b8\" data-element_type=\"widget\" data-e-type=\"widget\" data-widget_type=\"button.default\">\n\t\t\t\t<div class=\"elementor-widget-container\">\n\t\t\t\t\t\t\t\t\t<div class=\"elementor-button-wrapper\">\n\t\t\t\t\t<a class=\"elementor-button elementor-button-link elementor-size-xs\" href=\"https:\/\/portal.ordemdosfisioterapeutas.pt\/of-auth\/?app_ref=e985d1b30a025a19af003c638a7f64a2\" target=\"_blank\">\n\t\t\t\t\t\t<span class=\"elementor-button-content-wrapper\">\n\t\t\t\t\t\t\t\t\t<span class=\"elementor-button-text\">Get to know the conditions<\/span>\n\t\t\t\t\t<\/span>\n\t\t\t\t\t<\/a>\n\t\t\t\t<\/div>\n\t\t\t\t\t\t\t\t<\/div>\n\t\t\t\t<\/div>\n\t\t\t\t\t<\/div>\n\t\t\t\t<\/div>\n\t\t<div class=\"elementor-element elementor-element-e423823 e-flex e-con-boxed e-con e-parent\" data-id=\"e423823\" data-element_type=\"container\" data-e-type=\"container\">\n\t\t\t\t\t<div class=\"e-con-inner\">\n\t\t\t\t<div class=\"elementor-element elementor-element-cc4e204 elementor-widget elementor-widget-heading\" data-id=\"cc4e204\" data-element_type=\"widget\" data-e-type=\"widget\" data-widget_type=\"heading.default\">\n\t\t\t\t<div class=\"elementor-widget-container\">\n\t\t\t\t\t<h2 class=\"elementor-heading-title elementor-size-default\">Contact us<\/h2>\t\t\t\t<\/div>\n\t\t\t\t<\/div>\n\t\t\t\t\t<\/div>\n\t\t\t\t<\/div>\n\t\t<div class=\"elementor-element elementor-element-6ba2b32 e-flex e-con-boxed e-con e-parent\" data-id=\"6ba2b32\" data-element_type=\"container\" data-e-type=\"container\">\n\t\t\t\t\t<div class=\"e-con-inner\">\n\t\t\t\t<div class=\"elementor-element elementor-element-6fa96865 elementor-widget elementor-widget-text-editor\" data-id=\"6fa96865\" data-element_type=\"widget\" data-e-type=\"widget\" data-widget_type=\"text-editor.default\">\n\t\t\t\t<div class=\"elementor-widget-container\">\n\t\t\t\t\t\t\t\t\t<p><strong>Telephone: <\/strong><a href=\"tel:(+351)%20212%20460%20650\">(+351) 212 460 650 <\/a>(call to national fixed network)<\/p><p>Monday to Friday from 9am to 7.30pm<\/p><p>Saturdays and public holidays* from 9am to 6pm<\/p><p>*excludes 1st January, 1st May, 1st, 8th and 25th December<\/p><p><strong>Email:<\/strong> <a href=\"mailto:portugal.reservas@vilagale.com\">portugal.reservas@vilagale.com <\/a><\/p>\t\t\t\t\t\t\t\t<\/div>\n\t\t\t\t<\/div>\n\t\t\t\t<div class=\"elementor-element elementor-element-8d752bd elementor-align-right elementor-mobile-align-center elementor-widget elementor-widget-button\" data-id=\"8d752bd\" data-element_type=\"widget\" data-e-type=\"widget\" data-widget_type=\"button.default\">\n\t\t\t\t<div class=\"elementor-widget-container\">\n\t\t\t\t\t\t\t\t\t<div class=\"elementor-button-wrapper\">\n\t\t\t\t\t<a class=\"elementor-button elementor-button-link elementor-size-xs\" href=\"https:\/\/ordemdosfisioterapeutas.pt\/en\/parcerias\/\">\n\t\t\t\t\t\t<span class=\"elementor-button-content-wrapper\">\n\t\t\t\t\t\t\t\t\t<span class=\"elementor-button-text\">Back<\/span>\n\t\t\t\t\t<\/span>\n\t\t\t\t\t<\/a>\n\t\t\t\t<\/div>\n\t\t\t\t\t\t\t\t<\/div>\n\t\t\t\t<\/div>\n\t\t\t\t\t<\/div>\n\t\t\t\t<\/div>\n\t\t\t\t<\/div>","protected":false},"excerpt":{"rendered":"<p>Descri\u00e7\u00e3o O grupo Vila Gal\u00e9 \u00e9 um dos principais grupos hoteleiros portugueses e est\u00e1 agora na 120\u00ba posi\u00e7\u00e3o no ranking das 200 maiores empresas de hotelaria da revista Hotels. \u00c9 composto por diversas sociedades, das quais se destaca, pela sua dimens\u00e3o e import\u00e2ncia, a VILA GAL\u00c9 \u2013 Sociedade de Empreendimentos Tur\u00edsticos, S.A., que faz parte &#8230; <a title=\"Vila Gal\u00e9\" class=\"read-more\" href=\"https:\/\/ordemdosfisioterapeutas.pt\/en\/vila-gale\/\" aria-label=\"Read more about Vila Gal\u00e9\">Read more<\/a><\/p>","protected":false},"author":1,"featured_media":0,"parent":0,"menu_order":0,"comment_status":"closed","ping_status":"closed","template":"","meta":{"footnotes":""},"class_list":["post-9768","page","type-page","status-publish"],"_links":{"self":[{"href":"https:\/\/ordemdosfisioterapeutas.pt\/en\/wp-json\/wp\/v2\/pages\/9768","targetHints":{"allow":["GET"]}}],"collection":[{"href":"https:\/\/ordemdosfisioterapeutas.pt\/en\/wp-json\/wp\/v2\/pages"}],"about":[{"href":"https:\/\/ordemdosfisioterapeutas.pt\/en\/wp-json\/wp\/v2\/types\/page"}],"author":[{"embeddable":true,"href":"https:\/\/ordemdosfisioterapeutas.pt\/en\/wp-json\/wp\/v2\/users\/1"}],"replies":[{"embeddable":true,"href":"https:\/\/ordemdosfisioterapeutas.pt\/en\/wp-json\/wp\/v2\/comments?post=9768"}],"version-history":[{"count":0,"href":"https:\/\/ordemdosfisioterapeutas.pt\/en\/wp-json\/wp\/v2\/pages\/9768\/revisions"}],"wp:attachment":[{"href":"https:\/\/ordemdosfisioterapeutas.pt\/en\/wp-json\/wp\/v2\/media?parent=9768"}],"curies":[{"name":"wp","href":"https:\/\/api.w.org\/{rel}","templated":true}]}}