{"id":8660,"date":"2024-08-22T10:30:39","date_gmt":"2024-08-22T09:30:39","guid":{"rendered":"https:\/\/ordemdosfisioterapeutas.pt\/?page_id=8660"},"modified":"2025-11-21T08:22:01","modified_gmt":"2025-11-21T08:22:01","slug":"protocolos","status":"publish","type":"page","link":"https:\/\/ordemdosfisioterapeutas.pt\/en\/protocolos\/","title":{"rendered":"Protocols"},"content":{"rendered":"<div data-elementor-type=\"wp-page\" data-elementor-id=\"8660\" class=\"elementor elementor-8660\" data-elementor-post-type=\"page\">\n\t\t\t\t<div class=\"elementor-element elementor-element-deaed35 e-flex e-con-boxed e-con e-parent\" data-id=\"deaed35\" data-element_type=\"container\" data-e-type=\"container\">\n\t\t\t\t\t<div class=\"e-con-inner\">\n\t\t<div class=\"elementor-element elementor-element-f61067d e-con-full e-flex e-con e-child\" data-id=\"f61067d\" data-element_type=\"container\" data-e-type=\"container\">\n\t\t\t\t<div class=\"elementor-element elementor-element-2067e2d elementor-widget elementor-widget-image\" data-id=\"2067e2d\" data-element_type=\"widget\" data-e-type=\"widget\" data-widget_type=\"image.default\">\n\t\t\t\t<div class=\"elementor-widget-container\">\n\t\t\t\t\t\t\t\t\t\t\t\t\t\t\t<img decoding=\"async\" src=\"https:\/\/ordemdosfisioterapeutas.pt\/wp-content\/uploads\/elementor\/thumbs\/protocolos-qtv9ef9q5emv59j1plbd4rwohiq8bvwj57drdsetz0.png\" title=\"protocols\" alt=\"protocolos\" loading=\"lazy\" \/>\t\t\t\t\t\t\t\t\t\t\t\t\t\t\t<\/div>\n\t\t\t\t<\/div>\n\t\t\t\t<\/div>\n\t\t\t\t\t<\/div>\n\t\t\t\t<\/div>\n\t\t<div class=\"elementor-element elementor-element-28ab6ea e-flex e-con-boxed e-con e-parent\" data-id=\"28ab6ea\" data-element_type=\"container\" data-e-type=\"container\">\n\t\t\t\t\t<div class=\"e-con-inner\">\n\t\t\t\t<div class=\"elementor-element elementor-element-3c9371e elementor-widget elementor-widget-text-editor\" data-id=\"3c9371e\" data-element_type=\"widget\" data-e-type=\"widget\" data-widget_type=\"text-editor.default\">\n\t\t\t\t<div class=\"elementor-widget-container\">\n\t\t\t\t\t\t\t\t\t<p>The Order of Physiotherapists maintains several institutional protocols aimed at strengthening cooperation with various organisations, both national and international. These protocols facilitate the exchange of knowledge, the realisation of joint projects and the promotion of good practice in physiotherapy. By establishing and maintaining these agreements, the Order ensures that its members have access to a vast network of resources and opportunities that contribute to professional development and the continuous improvement of the services provided to society. The Order has protocols with the following organisations:<\/p><ul><li><a href=\"https:\/\/www.ers.pt\/pt\/institucional\/cooperacao-institucional\/selecionar-area\/protocolos\/\" target=\"_blank\" rel=\"noopener\"><span style=\"text-decoration: underline;\">Health Regulatory Authority<\/span> <\/a>(ERS)<\/li><li><span style=\"text-decoration: underline;\"><a href=\"https:\/\/prociv.gov.pt\/pt\/home\/\" target=\"_blank\" rel=\"noopener\">National Emergency and Civil Protection Authority <\/a><\/span>(ANEPC)<\/li><li><span style=\"text-decoration: underline;\"><a href=\"https:\/\/www.chlc.min-saude.pt\/\" target=\"_blank\" rel=\"noopener\">Local Health Unit of S\u00e3o Jos\u00e9 <\/a><\/span>(ULS S\u00e3o Jos\u00e9)<\/li><li><a href=\"https:\/\/ordemdosfisioterapeutas.pt\/wp-content\/uploads\/2025\/07\/Protocolo-Lidel.pdf\" target=\"_blank\" rel=\"noopener\"><span style=\"text-decoration: underline;\">LIDEL - Edi\u00e7\u00f5es T\u00e9cnicas, Lda.<\/span><\/a><\/li><\/ul>\t\t\t\t\t\t\t\t<\/div>\n\t\t\t\t<\/div>\n\t\t\t\t\t<\/div>\n\t\t\t\t<\/div>\n\t\t<div class=\"elementor-element elementor-element-0223002 e-grid e-con-boxed e-con e-parent\" data-id=\"0223002\" data-element_type=\"container\" data-e-type=\"container\">\n\t\t\t\t\t<div class=\"e-con-inner\">\n\t\t\t\t<div class=\"elementor-element elementor-element-f199082 elementor-widget elementor-widget-image\" data-id=\"f199082\" data-element_type=\"widget\" data-e-type=\"widget\" data-widget_type=\"image.default\">\n\t\t\t\t<div class=\"elementor-widget-container\">\n\t\t\t\t\t\t\t\t\t\t\t\t\t\t\t<img fetchpriority=\"high\" decoding=\"async\" width=\"398\" height=\"300\" src=\"https:\/\/ordemdosfisioterapeutas.pt\/wp-content\/uploads\/2024\/09\/logos_protocolos-_01.png\" class=\"attachment-large size-large wp-image-8769\" alt=\"\" srcset=\"https:\/\/ordemdosfisioterapeutas.pt\/wp-content\/uploads\/2024\/09\/logos_protocolos-_01.png 398w, https:\/\/ordemdosfisioterapeutas.pt\/wp-content\/uploads\/2024\/09\/logos_protocolos-_01-300x226.png 300w, https:\/\/ordemdosfisioterapeutas.pt\/wp-content\/uploads\/2024\/09\/logos_protocolos-_01-16x12.png 16w\" sizes=\"(max-width: 398px) 100vw, 398px\" \/>\t\t\t\t\t\t\t\t\t\t\t\t\t\t\t<\/div>\n\t\t\t\t<\/div>\n\t\t\t\t<div class=\"elementor-element elementor-element-ece7747 elementor-widget elementor-widget-image\" data-id=\"ece7747\" data-element_type=\"widget\" data-e-type=\"widget\" data-widget_type=\"image.default\">\n\t\t\t\t<div class=\"elementor-widget-container\">\n\t\t\t\t\t\t\t\t\t\t\t\t\t\t\t<img decoding=\"async\" width=\"402\" height=\"300\" src=\"https:\/\/ordemdosfisioterapeutas.pt\/wp-content\/uploads\/2024\/09\/logos_protocolos-_02.png\" class=\"attachment-large size-large wp-image-8770\" alt=\"\" srcset=\"https:\/\/ordemdosfisioterapeutas.pt\/wp-content\/uploads\/2024\/09\/logos_protocolos-_02.png 402w, https:\/\/ordemdosfisioterapeutas.pt\/wp-content\/uploads\/2024\/09\/logos_protocolos-_02-300x224.png 300w, https:\/\/ordemdosfisioterapeutas.pt\/wp-content\/uploads\/2024\/09\/logos_protocolos-_02-16x12.png 16w\" sizes=\"(max-width: 402px) 100vw, 402px\" \/>\t\t\t\t\t\t\t\t\t\t\t\t\t\t\t<\/div>\n\t\t\t\t<\/div>\n\t\t\t\t<div class=\"elementor-element elementor-element-e201388 elementor-widget elementor-widget-image\" data-id=\"e201388\" data-element_type=\"widget\" data-e-type=\"widget\" data-widget_type=\"image.default\">\n\t\t\t\t<div class=\"elementor-widget-container\">\n\t\t\t\t\t\t\t\t\t\t\t\t\t\t\t<img decoding=\"async\" width=\"800\" height=\"300\" src=\"https:\/\/ordemdosfisioterapeutas.pt\/wp-content\/uploads\/2024\/09\/logos_protocolos-_03.png\" class=\"attachment-large size-large wp-image-8793\" alt=\"\" srcset=\"https:\/\/ordemdosfisioterapeutas.pt\/wp-content\/uploads\/2024\/09\/logos_protocolos-_03.png 800w, https:\/\/ordemdosfisioterapeutas.pt\/wp-content\/uploads\/2024\/09\/logos_protocolos-_03-300x113.png 300w, https:\/\/ordemdosfisioterapeutas.pt\/wp-content\/uploads\/2024\/09\/logos_protocolos-_03-768x288.png 768w, https:\/\/ordemdosfisioterapeutas.pt\/wp-content\/uploads\/2024\/09\/logos_protocolos-_03-18x7.png 18w\" sizes=\"(max-width: 800px) 100vw, 800px\" \/>\t\t\t\t\t\t\t\t\t\t\t\t\t\t\t<\/div>\n\t\t\t\t<\/div>\n\t\t\t\t<div class=\"elementor-element elementor-element-a3bb29d elementor-widget elementor-widget-image\" data-id=\"a3bb29d\" data-element_type=\"widget\" data-e-type=\"widget\" data-widget_type=\"image.default\">\n\t\t\t\t<div class=\"elementor-widget-container\">\n\t\t\t\t\t\t\t\t\t\t\t\t\t\t\t<img loading=\"lazy\" decoding=\"async\" width=\"855\" height=\"680\" src=\"https:\/\/ordemdosfisioterapeutas.pt\/wp-content\/uploads\/2025\/07\/Logo-Lidel-original-1024x815.png\" class=\"attachment-large size-large wp-image-11012\" alt=\"\" srcset=\"https:\/\/ordemdosfisioterapeutas.pt\/wp-content\/uploads\/2025\/07\/Logo-Lidel-original-1024x815.png 1024w, https:\/\/ordemdosfisioterapeutas.pt\/wp-content\/uploads\/2025\/07\/Logo-Lidel-original-300x239.png 300w, https:\/\/ordemdosfisioterapeutas.pt\/wp-content\/uploads\/2025\/07\/Logo-Lidel-original-768x611.png 768w, https:\/\/ordemdosfisioterapeutas.pt\/wp-content\/uploads\/2025\/07\/Logo-Lidel-original-15x12.png 15w, https:\/\/ordemdosfisioterapeutas.pt\/wp-content\/uploads\/2025\/07\/Logo-Lidel-original.png 1092w\" sizes=\"(max-width: 855px) 100vw, 855px\" \/>\t\t\t\t\t\t\t\t\t\t\t\t\t\t\t<\/div>\n\t\t\t\t<\/div>\n\t\t\t\t\t<\/div>\n\t\t\t\t<\/div>\n\t\t\t\t<\/div>","protected":false},"excerpt":{"rendered":"<p>The Order of Physiotherapists maintains several institutional protocols aimed at strengthening cooperation with various organisations, both national and international. These protocols facilitate the exchange of knowledge, the realisation of joint projects and the promotion of good practice in physiotherapy. By establishing and maintaining these agreements, the Order ensures that its members have access to ... <a title=\"Protocols\" class=\"read-more\" href=\"https:\/\/ordemdosfisioterapeutas.pt\/en\/protocolos\/\" aria-label=\"Read more about Protocols\">Read more<\/a><\/p>","protected":false},"author":1,"featured_media":0,"parent":0,"menu_order":0,"comment_status":"closed","ping_status":"closed","template":"","meta":{"footnotes":""},"class_list":["post-8660","page","type-page","status-publish"],"_links":{"self":[{"href":"https:\/\/ordemdosfisioterapeutas.pt\/en\/wp-json\/wp\/v2\/pages\/8660","targetHints":{"allow":["GET"]}}],"collection":[{"href":"https:\/\/ordemdosfisioterapeutas.pt\/en\/wp-json\/wp\/v2\/pages"}],"about":[{"href":"https:\/\/ordemdosfisioterapeutas.pt\/en\/wp-json\/wp\/v2\/types\/page"}],"author":[{"embeddable":true,"href":"https:\/\/ordemdosfisioterapeutas.pt\/en\/wp-json\/wp\/v2\/users\/1"}],"replies":[{"embeddable":true,"href":"https:\/\/ordemdosfisioterapeutas.pt\/en\/wp-json\/wp\/v2\/comments?post=8660"}],"version-history":[{"count":3,"href":"https:\/\/ordemdosfisioterapeutas.pt\/en\/wp-json\/wp\/v2\/pages\/8660\/revisions"}],"predecessor-version":[{"id":12020,"href":"https:\/\/ordemdosfisioterapeutas.pt\/en\/wp-json\/wp\/v2\/pages\/8660\/revisions\/12020"}],"wp:attachment":[{"href":"https:\/\/ordemdosfisioterapeutas.pt\/en\/wp-json\/wp\/v2\/media?parent=8660"}],"curies":[{"name":"wp","href":"https:\/\/api.w.org\/{rel}","templated":true}]}}