{"id":5994,"date":"2023-05-11T15:10:53","date_gmt":"2023-05-11T14:10:53","guid":{"rendered":"https:\/\/ordemdosfisioterapeutas.pt\/?page_id=5994"},"modified":"2026-04-19T19:21:05","modified_gmt":"2026-04-19T18:21:05","slug":"formacao-pos-graduada","status":"publish","type":"page","link":"https:\/\/ordemdosfisioterapeutas.pt\/en\/formacao-pos-graduada\/","title":{"rendered":"Postgraduate Training"},"content":{"rendered":"<div data-elementor-type=\"wp-page\" data-elementor-id=\"5994\" class=\"elementor elementor-5994\" data-elementor-post-type=\"page\">\n\t\t\t\t\t\t<section class=\"elementor-section elementor-top-section elementor-element elementor-element-ecf45ad elementor-section-boxed elementor-section-height-default elementor-section-height-default\" data-id=\"ecf45ad\" data-element_type=\"section\" data-e-type=\"section\">\n\t\t\t\t\t\t<div class=\"elementor-container elementor-column-gap-default\">\n\t\t\t\t\t<div class=\"elementor-column elementor-col-100 elementor-top-column elementor-element elementor-element-724a1b3\" data-id=\"724a1b3\" data-element_type=\"column\" data-e-type=\"column\">\n\t\t\t<div class=\"elementor-widget-wrap elementor-element-populated\">\n\t\t\t\t\t\t<div class=\"elementor-element elementor-element-3d21354 elementor-widget elementor-widget-heading\" data-id=\"3d21354\" data-element_type=\"widget\" data-e-type=\"widget\" data-widget_type=\"heading.default\">\n\t\t\t\t<div class=\"elementor-widget-container\">\n\t\t\t\t\t<h2 class=\"elementor-heading-title elementor-size-default\">Master's Degree<\/h2>\t\t\t\t<\/div>\n\t\t\t\t<\/div>\n\t\t\t\t\t<\/div>\n\t\t<\/div>\n\t\t\t\t\t<\/div>\n\t\t<\/section>\n\t\t\t\t<section class=\"elementor-section elementor-top-section elementor-element elementor-element-366c180 elementor-section-boxed elementor-section-height-default elementor-section-height-default\" data-id=\"366c180\" data-element_type=\"section\" data-e-type=\"section\">\n\t\t\t\t\t\t<div class=\"elementor-container elementor-column-gap-default\">\n\t\t\t\t\t<div class=\"elementor-column elementor-col-100 elementor-top-column elementor-element elementor-element-2113fbe\" data-id=\"2113fbe\" data-element_type=\"column\" data-e-type=\"column\">\n\t\t\t<div class=\"elementor-widget-wrap elementor-element-populated\">\n\t\t\t\t\t\t<div class=\"elementor-element elementor-element-bf801f5 elementor-widget elementor-widget-text-editor\" data-id=\"bf801f5\" data-element_type=\"widget\" data-e-type=\"widget\" data-widget_type=\"text-editor.default\">\n\t\t\t\t<div class=\"elementor-widget-container\">\n\t\t\t\t\t\t\t\t\t<p>Master's study cycles in Physiotherapy*:<\/p>\t\t\t\t\t\t\t\t<\/div>\n\t\t\t\t<\/div>\n\t\t\t\t<div class=\"elementor-element elementor-element-c769b6b elementor-widget elementor-widget-text-editor\" data-id=\"c769b6b\" data-element_type=\"widget\" data-e-type=\"widget\" data-widget_type=\"text-editor.default\">\n\t\t\t\t<div class=\"elementor-widget-container\">\n\t\t\t\t\t\t\t\t\t<ul><li><p>Masters in Physiotherapy - University of Aveiro School of Health<br \/><a href=\"https:\/\/www.ua.pt\/pt\/curso\/1715\" target=\"_blank\" rel=\"noopener\">Master's Degree in Cardiovascular and Respiratory Physiotherapy<\/a><br \/><a href=\"https:\/\/si.a3es.pt\/sia3es\/page?stage=ConsultaPublicaProcesso&amp;processID=129\" target=\"_blank\" rel=\"noopener\">Accreditation by A3ES\u00a0<\/a>- Total number of ECTS: 120<\/p><\/li><\/ul>\t\t\t\t\t\t\t\t<\/div>\n\t\t\t\t<\/div>\n\t\t\t\t<div class=\"elementor-element elementor-element-bff5a69 elementor-widget elementor-widget-text-editor\" data-id=\"bff5a69\" data-element_type=\"widget\" data-e-type=\"widget\" data-widget_type=\"text-editor.default\">\n\t\t\t\t<div class=\"elementor-widget-container\">\n\t\t\t\t\t\t\t\t\t<ul><li>Master in Physiotherapy - <span style=\"text-decoration: underline;\"><a href=\"https:\/\/www.ua.pt\/pt\/curso\/1792\" target=\"_blank\" rel=\"noopener\">School of Health of the University of Aveiro<\/a><\/span> e <span style=\"text-decoration: underline;\"><a href=\"https:\/\/ess.ips.pt\/estudar\/mestrados\/fisioterapia-do-desporto\/\" target=\"_blank\" rel=\"noopener\">School of Health of the Polytechnic Institute of Set\u00fabal<\/a><\/span><br \/>Masters in Sports Physiotherapy<br \/><span style=\"text-decoration: underline;\"><a href=\"https:\/\/si.a3es.pt\/sia3es\/page?stage=ConsultaPublicaProcesso&amp;processID=4335\" target=\"_blank\" rel=\"noopener\">Accreditation by A3ES<\/a><\/span>\u00a0- Total number of ECTS: 120<\/li><\/ul>\t\t\t\t\t\t\t\t<\/div>\n\t\t\t\t<\/div>\n\t\t\t\t<div class=\"elementor-element elementor-element-1067a0d elementor-widget elementor-widget-text-editor\" data-id=\"1067a0d\" data-element_type=\"widget\" data-e-type=\"widget\" data-widget_type=\"text-editor.default\">\n\t\t\t\t<div class=\"elementor-widget-container\">\n\t\t\t\t\t\t\t\t\t<ul><li><a href=\"https:\/\/www.ipleiria.pt\/curso\/fisioterapia\/\" target=\"_blank\" rel=\"noopener\"><span style=\"text-decoration: underline;\">Master in Physiotherapy<\/span><\/a> - School of Health of the Polytechnic Institute of Leiria<br \/>Area of Specialisation in Paediatric Physiotherapy<br \/>Area of Expertise in Physical Exercise Prescription<br \/><span style=\"text-decoration: underline;\"><a href=\"https:\/\/a3es.pt\/pt\/resultados-acreditacao\/fisioterapia-47\" target=\"_blank\" rel=\"noopener\">Accreditation by A3ES<\/a><\/span> - Total number of ECTS: 120<\/li><\/ul>\t\t\t\t\t\t\t\t<\/div>\n\t\t\t\t<\/div>\n\t\t\t\t<div class=\"elementor-element elementor-element-19df999 elementor-widget elementor-widget-text-editor\" data-id=\"19df999\" data-element_type=\"widget\" data-e-type=\"widget\" data-widget_type=\"text-editor.default\">\n\t\t\t\t<div class=\"elementor-widget-container\">\n\t\t\t\t\t\t\t\t\t<ul><li>Master's in Physiotherapy - Escola Superior de Sa\u00fade - Polit\u00e9cnico do Porto<br \/>Cardio-Respiratory Specialisation Area<br \/>Specialisation in Sport<br \/>Area of Specialisation in Neurology<br \/>Area of Specialisation in Neuro-musculo-skeletal<br \/>Women's Health and Pelvic Floor Specialisation Area<br \/><span style=\"text-decoration: underline;\"><a href=\"https:\/\/si.a3es.pt\/sia3es\/page?stage=ConsultaPublicaProcesso&amp;processID=21844#none\" target=\"_blank\" rel=\"noopener\">Accreditation by A3ES<\/a><\/span> - Total number of ECTS: 120<\/li><\/ul>\t\t\t\t\t\t\t\t<\/div>\n\t\t\t\t<\/div>\n\t\t\t\t<div class=\"elementor-element elementor-element-04ed7a1 elementor-widget elementor-widget-text-editor\" data-id=\"04ed7a1\" data-element_type=\"widget\" data-e-type=\"widget\" data-widget_type=\"text-editor.default\">\n\t\t\t\t<div class=\"elementor-widget-container\">\n\t\t\t\t\t\t\t\t\t<ul><li><span style=\"text-decoration: underline;\"><a href=\"https:\/\/www.santamariasaude.pt\/mestrados\/mestrado-em-fisioterapia-em-condicoes-neuro-musculo-esqueleticas\/\" target=\"_blank\" rel=\"noopener\">Master of Physiotherapy in Neuro-Musculoskeletal Conditions<\/a><\/span> - Santa Maria School of Health<br \/><a href=\"https:\/\/www.a3es.pt\/pt\/resultados-acreditacao\/mestrado-em-fisioterapia-em-condicoes-neuro-musculo-esqueleticas\" target=\"_blank\" rel=\"noopener\"><span style=\"text-decoration: underline;\">Accreditation by A3ES<\/span><\/a> - Total number of ECTS: 90<\/li><\/ul>\t\t\t\t\t\t\t\t<\/div>\n\t\t\t\t<\/div>\n\t\t\t\t<div class=\"elementor-element elementor-element-23a0a67 elementor-widget elementor-widget-text-editor\" data-id=\"23a0a67\" data-element_type=\"widget\" data-e-type=\"widget\" data-widget_type=\"text-editor.default\">\n\t\t\t\t<div class=\"elementor-widget-container\">\n\t\t\t\t\t\t\t\t\t<ul><li><a href=\"https:\/\/www.ess.ips.pt\/pr-tica-avan-ada-de-fisioterapia-em-neurologia\" target=\"_blank\" rel=\"noopener\"><span style=\"text-decoration: underline;\">Master of Advanced Physiotherapy Practice in Neurology<\/span><\/a> - School of Health of the Polytechnic Institute of Set\u00fabal<br \/><span style=\"text-decoration: underline;\"><a href=\"https:\/\/a3es.pt\/pt\/resultados-acreditacao\/mestrado-de-pratica-avancada-de-fisioterapia-em-neurologia\" target=\"_blank\" rel=\"noopener\">Accreditation by A3ES<\/a><\/span> - Total number of ECTS: 90<\/li><\/ul>\t\t\t\t\t\t\t\t<\/div>\n\t\t\t\t<\/div>\n\t\t\t\t<div class=\"elementor-element elementor-element-e36be58 elementor-widget elementor-widget-text-editor\" data-id=\"e36be58\" data-element_type=\"widget\" data-e-type=\"widget\" data-widget_type=\"text-editor.default\">\n\t\t\t\t<div class=\"elementor-widget-container\">\n\t\t\t\t\t\t\t\t\t<ul><li><a href=\"https:\/\/www.ess.ips.pt\/cursos\/mestrados\/mfcme\" target=\"_blank\" rel=\"noopener\"><span style=\"text-decoration: underline;\">Master of Physiotherapy in Musculoskeletal Conditions<\/span><\/a> - Course organised in partnership between the Escola Superior de Sa\u00fade of the Instituto Polit\u00e9cnico de Set\u00fabal, NOVA Medical School and the Escola Nacional de Sa\u00fade P\u00fablica of the Universidade Nova de Lisboa.<br \/><a href=\"https:\/\/a3es.pt\/pt\/resultados-acreditacao\/fisioterapia-em-condicoes-musculo-esqueleticas\" target=\"_blank\" rel=\"noopener\"><span style=\"text-decoration: underline;\">Accreditation by A3ES<\/span><\/a> - Total number of ECTS: 120<\/li><\/ul>\t\t\t\t\t\t\t\t<\/div>\n\t\t\t\t<\/div>\n\t\t\t\t<div class=\"elementor-element elementor-element-d9f5143 elementor-widget elementor-widget-text-editor\" data-id=\"d9f5143\" data-element_type=\"widget\" data-e-type=\"widget\" data-widget_type=\"text-editor.default\">\n\t\t\t\t<div class=\"elementor-widget-container\">\n\t\t\t\t\t\t\t\t\t<ul><li><a href=\"https:\/\/www.essa.pt\/portal\/cursos\/mestrados\/\" target=\"_blank\" rel=\"noopener\"><span style=\"text-decoration: underline;\">Master in Physiotherapy<\/span><\/a> - Alcoit\u00e3o School of Health<br \/>Area of specialisation in Neurofunctional Physiotherapy<br \/>Specialisation area in Physiotherapy in Musculoskeletal Conditions<br \/>Specialisation area in Physiotherapy in Pelvic and Women's Health<br \/>Accreditation by A3ES - Total number of ECTS: 120<\/li><\/ul>\t\t\t\t\t\t\t\t<\/div>\n\t\t\t\t<\/div>\n\t\t\t\t<div class=\"elementor-element elementor-element-928e635 elementor-widget elementor-widget-text-editor\" data-id=\"928e635\" data-element_type=\"widget\" data-e-type=\"widget\" data-widget_type=\"text-editor.default\">\n\t\t\t\t<div class=\"elementor-widget-container\">\n\t\t\t\t\t\t\t\t\t<ul><li><a href=\"https:\/\/candidaturas.cespu.pt\/cursos\/mestrados\/mestrado-em-fisioterapia-gandra-paredes\" target=\"_blank\" rel=\"noopener\"><span style=\"text-decoration: underline;\">Master in Physiotherapy<\/span><\/a>- Northern Polytechnic Institute of Health - T\u00e2mega e Sousa School of Health Technologies<br \/>Area of expertise in Musculoskeletal<br \/>Area of expertise in Neurology<br \/>Area of expertise in Cardiorespiratory<br \/><span style=\"text-decoration: underline;\"><a href=\"https:\/\/web01.a3es.pt\/pt\/resultados-acreditacao\/fisioterapia-64\" target=\"_blank\" rel=\"noopener\">Accreditation by A3ES<\/a><\/span> - Total number of ECTS: 120<\/li><\/ul>\t\t\t\t\t\t\t\t<\/div>\n\t\t\t\t<\/div>\n\t\t\t\t<div class=\"elementor-element elementor-element-6d82d84 elementor-widget elementor-widget-text-editor\" data-id=\"6d82d84\" data-element_type=\"widget\" data-e-type=\"widget\" data-widget_type=\"text-editor.default\">\n\t\t\t\t<div class=\"elementor-widget-container\">\n\t\t\t\t\t\t\t\t\t<ul><li><a href=\"https:\/\/www.egasmoniz.com.pt\/courses\/mestrado-fisioterapia\" target=\"_blank\" rel=\"noopener\"><span style=\"text-decoration: underline;\">Master in Physiotherapy<\/span><\/a> - Egas Moniz Higher School of Health<br \/>Specialisation area in Physiotherapy in Sport<br \/>Area of specialisation in Neuromusculoskeletal Physiotherapy<br \/><a href=\"https:\/\/www.a3es.pt\/pt\/resultados-acreditacao\/fisioterapia-48\" target=\"_blank\" rel=\"noopener\"><span style=\"text-decoration: underline;\">Accreditation by A3ES<\/span><\/a> - Total number of ECTS: 120<\/li><\/ul>\t\t\t\t\t\t\t\t<\/div>\n\t\t\t\t<\/div>\n\t\t\t\t<div class=\"elementor-element elementor-element-b37b7a9 elementor-widget elementor-widget-text-editor\" data-id=\"b37b7a9\" data-element_type=\"widget\" data-e-type=\"widget\" data-widget_type=\"text-editor.default\">\n\t\t\t\t<div class=\"elementor-widget-container\">\n\t\t\t\t\t\t\t\t\t<ul><li><a href=\"https:\/\/www.estesc.ipc.pt\/index.php\/candidato\/candidaturas-a-mestrados\/fisioterapia\/\" target=\"_blank\" rel=\"noopener\"><span style=\"text-decoration: underline;\">Master in Physiotherapy<\/span><\/a> - Coimbra Polytechnic Institute - School of Health Technology<br \/>Specialisation area of Movement Evaluation and Clinical Application<br \/><a href=\"https:\/\/www.a3es.pt\/pt\/resultados-acreditacao\/fisioterapia-54\" target=\"_blank\" rel=\"noopener\"><span style=\"text-decoration: underline;\">Accreditation by A3ES<\/span><\/a> - Total number of ECTS: 120<\/li><\/ul>\t\t\t\t\t\t\t\t<\/div>\n\t\t\t\t<\/div>\n\t\t\t\t<div class=\"elementor-element elementor-element-4626373 elementor-widget elementor-widget-text-editor\" data-id=\"4626373\" data-element_type=\"widget\" data-e-type=\"widget\" data-widget_type=\"text-editor.default\">\n\t\t\t\t<div class=\"elementor-widget-container\">\n\t\t\t\t\t\t\t\t\t<ul><li><a href=\"https:\/\/www.essl.ipl.pt\/estudar\/mestrados\" target=\"_blank\" rel=\"noopener\"><span style=\"text-decoration: underline;\">Master in Physiotherapy<\/span><\/a>- School of Health - Polytechnic Institute of Lisbon <br \/><span style=\"text-decoration: underline;\"><a href=\"https:\/\/www.essl.ipl.pt\/estudar\/fisioterapia-neurologica\" target=\"_blank\" rel=\"noopener\">Specialisation area of Neurological Physiotherapy<\/a><\/span><br \/>Specialisation area of Active Aging and Physiotherapy<br \/><span style=\"text-decoration: underline;\"><a href=\"https:\/\/www.essl.ipl.pt\/estudar\/mestrados\/fisioterapia-saude-da-mulher\" target=\"_blank\" rel=\"noopener\">Specialist area of Physiotherapy in Women's Health<\/a><\/span><br \/><span style=\"text-decoration: underline;\"><a href=\"https:\/\/si.a3es.pt\/sia3es\/page?stage=ConsultaPublicaProcesso&amp;processID=3212\" target=\"_blank\" rel=\"noopener\">Accreditation by A3ES\u00a0<\/a><\/span>- Total number of ECTS: 120<\/li><\/ul>\t\t\t\t\t\t\t\t<\/div>\n\t\t\t\t<\/div>\n\t\t\t\t<div class=\"elementor-element elementor-element-ee67266 elementor-widget elementor-widget-text-editor\" data-id=\"ee67266\" data-element_type=\"widget\" data-e-type=\"widget\" data-widget_type=\"text-editor.default\">\n\t\t\t\t<div class=\"elementor-widget-container\">\n\t\t\t\t\t\t\t\t\t<ul><li><a href=\"https:\/\/ess.fernandopessoa.pt\/cursos\/mestrado-fisioterapia\/\" target=\"_blank\" rel=\"noopener\"><span style=\"text-decoration: underline;\">Master in Physiotherapy<\/span><\/a> - Fernando Pessoa Foundation School of Health<p>Field of specialization in Physiotherapy Maternal-Child<br \/>Area of specialisation in Senescence Physiotherapy<br \/>Specialisation area in Sports Physiotherapy<br \/><span style=\"text-decoration: underline;\"><a href=\"https:\/\/www.a3es.pt\/pt\/resultados-acreditacao\/fisioterapia-57\" target=\"_blank\" rel=\"noopener\">Accreditation by A3ES<\/a><\/span> - Total number of ECTS: 120<\/p><\/li><\/ul>\t\t\t\t\t\t\t\t<\/div>\n\t\t\t\t<\/div>\n\t\t\t\t\t<\/div>\n\t\t<\/div>\n\t\t\t\t\t<\/div>\n\t\t<\/section>\n\t\t\t\t<section class=\"elementor-section elementor-top-section elementor-element elementor-element-ec424e3 elementor-section-boxed elementor-section-height-default elementor-section-height-default\" data-id=\"ec424e3\" data-element_type=\"section\" data-e-type=\"section\">\n\t\t\t\t\t\t<div class=\"elementor-container elementor-column-gap-default\">\n\t\t\t\t\t<div class=\"elementor-column elementor-col-100 elementor-top-column elementor-element elementor-element-80ac38e\" data-id=\"80ac38e\" data-element_type=\"column\" data-e-type=\"column\">\n\t\t\t<div class=\"elementor-widget-wrap elementor-element-populated\">\n\t\t\t\t\t\t<div class=\"elementor-element elementor-element-1ec916e elementor-widget elementor-widget-heading\" data-id=\"1ec916e\" data-element_type=\"widget\" data-e-type=\"widget\" data-widget_type=\"heading.default\">\n\t\t\t\t<div class=\"elementor-widget-container\">\n\t\t\t\t\t<h2 class=\"elementor-heading-title elementor-size-default\">PhD<\/h2>\t\t\t\t<\/div>\n\t\t\t\t<\/div>\n\t\t\t\t\t<\/div>\n\t\t<\/div>\n\t\t\t\t\t<\/div>\n\t\t<\/section>\n\t\t\t\t<section class=\"elementor-section elementor-top-section elementor-element elementor-element-2023ba2 elementor-section-boxed elementor-section-height-default elementor-section-height-default\" data-id=\"2023ba2\" data-element_type=\"section\" data-e-type=\"section\">\n\t\t\t\t\t\t<div class=\"elementor-container elementor-column-gap-default\">\n\t\t\t\t\t<div class=\"elementor-column elementor-col-100 elementor-top-column elementor-element elementor-element-b58e484\" data-id=\"b58e484\" data-element_type=\"column\" data-e-type=\"column\">\n\t\t\t<div class=\"elementor-widget-wrap elementor-element-populated\">\n\t\t\t\t\t\t<div class=\"elementor-element elementor-element-936470c elementor-widget elementor-widget-text-editor\" data-id=\"936470c\" data-element_type=\"widget\" data-e-type=\"widget\" data-widget_type=\"text-editor.default\">\n\t\t\t\t<div class=\"elementor-widget-container\">\n\t\t\t\t\t\t\t\t\t<p>Doctorate in Physiotherapy<strong>*<\/strong>:<\/p>\t\t\t\t\t\t\t\t<\/div>\n\t\t\t\t<\/div>\n\t\t\t\t<div class=\"elementor-element elementor-element-3859878 elementor-widget elementor-widget-text-editor\" data-id=\"3859878\" data-element_type=\"widget\" data-e-type=\"widget\" data-widget_type=\"text-editor.default\">\n\t\t\t\t<div class=\"elementor-widget-container\">\n\t\t\t\t\t\t\t\t\t<ul><li><p><span style=\"text-decoration: underline;\"><a href=\"https:\/\/sigarra.up.pt\/fadeup\/pt\/cur_geral.cur_view?pv_curso_id=861\" target=\"_blank\" rel=\"noopener\">Doctoral Programme in Physiotherapy<\/a> <\/span>- Faculty of Sport, University of Porto<br \/><span style=\"text-decoration: underline;\"><a href=\"https:\/\/www.a3es.pt\/pt\/resultados-acreditacao\/fisioterapia\" target=\"_blank\" rel=\"noopener\">Accreditation by A3ES<\/a><\/span> - Total number of ECTS: 180<\/p><\/li><\/ul>\t\t\t\t\t\t\t\t<\/div>\n\t\t\t\t<\/div>\n\t\t\t\t\t<\/div>\n\t\t<\/div>\n\t\t\t\t\t<\/div>\n\t\t<\/section>\n\t\t\t\t<section class=\"elementor-section elementor-top-section elementor-element elementor-element-5c37238 elementor-section-boxed elementor-section-height-default elementor-section-height-default\" data-id=\"5c37238\" data-element_type=\"section\" data-e-type=\"section\">\n\t\t\t\t\t\t<div class=\"elementor-container elementor-column-gap-default\">\n\t\t\t\t\t<div class=\"elementor-column elementor-col-100 elementor-top-column elementor-element elementor-element-092b269\" data-id=\"092b269\" data-element_type=\"column\" data-e-type=\"column\">\n\t\t\t<div class=\"elementor-widget-wrap elementor-element-populated\">\n\t\t\t\t\t\t<div class=\"elementor-element elementor-element-d28ac00 elementor-widget elementor-widget-text-editor\" data-id=\"d28ac00\" data-element_type=\"widget\" data-e-type=\"widget\" data-widget_type=\"text-editor.default\">\n\t\t\t\t<div class=\"elementor-widget-container\">\n\t\t\t\t\t\t\t\t\t<p>*Corresponds to the information sent by the Higher Education Institutions. There may be occasional divergences or delays in certain updates of the information available on this page. The Order of Physiotherapists does not guarantee its accuracy, nor is it responsible for the accidental reproduction of incorrect data.<\/p>\t\t\t\t\t\t\t\t<\/div>\n\t\t\t\t<\/div>\n\t\t\t\t\t<\/div>\n\t\t<\/div>\n\t\t\t\t\t<\/div>\n\t\t<\/section>\n\t\t\t\t<\/div>","protected":false},"excerpt":{"rendered":"<p>Mestrado Ciclos de estudo de mestrado em Fisioterapia*: Mestrados em Fisioterapia &#8211; Escola Superior de Sa\u00fade da Universidade de AveiroMestrado em Fisioterapia Cardiovascular e Respirat\u00f3riaAcredita\u00e7\u00e3o pela A3ES\u00a0\u2013 N\u00famero total de ECTS: 120 Mestrado em Fisioterapia \u2013 Escola Superior de Sa\u00fade da Universidade de Aveiro e Escola Superior de Sa\u00fade do Instituto Polit\u00e9cnico de Set\u00fabalMestrado em &#8230; <a title=\"Postgraduate Training\" class=\"read-more\" href=\"https:\/\/ordemdosfisioterapeutas.pt\/en\/formacao-pos-graduada\/\" aria-label=\"Read more about Postgraduate training\">Read more<\/a><\/p>","protected":false},"author":1,"featured_media":0,"parent":0,"menu_order":0,"comment_status":"closed","ping_status":"closed","template":"","meta":{"footnotes":""},"class_list":["post-5994","page","type-page","status-publish"],"_links":{"self":[{"href":"https:\/\/ordemdosfisioterapeutas.pt\/en\/wp-json\/wp\/v2\/pages\/5994","targetHints":{"allow":["GET"]}}],"collection":[{"href":"https:\/\/ordemdosfisioterapeutas.pt\/en\/wp-json\/wp\/v2\/pages"}],"about":[{"href":"https:\/\/ordemdosfisioterapeutas.pt\/en\/wp-json\/wp\/v2\/types\/page"}],"author":[{"embeddable":true,"href":"https:\/\/ordemdosfisioterapeutas.pt\/en\/wp-json\/wp\/v2\/users\/1"}],"replies":[{"embeddable":true,"href":"https:\/\/ordemdosfisioterapeutas.pt\/en\/wp-json\/wp\/v2\/comments?post=5994"}],"version-history":[{"count":12,"href":"https:\/\/ordemdosfisioterapeutas.pt\/en\/wp-json\/wp\/v2\/pages\/5994\/revisions"}],"predecessor-version":[{"id":13282,"href":"https:\/\/ordemdosfisioterapeutas.pt\/en\/wp-json\/wp\/v2\/pages\/5994\/revisions\/13282"}],"wp:attachment":[{"href":"https:\/\/ordemdosfisioterapeutas.pt\/en\/wp-json\/wp\/v2\/media?parent=5994"}],"curies":[{"name":"wp","href":"https:\/\/api.w.org\/{rel}","templated":true}]}}