{"id":2740,"date":"2021-08-17T14:31:35","date_gmt":"2021-08-17T13:31:35","guid":{"rendered":"https:\/\/ordemdosfisioterapeutas.pt\/?page_id=2740"},"modified":"2024-03-01T12:22:58","modified_gmt":"2024-03-01T12:22:58","slug":"erros-frequentes-preenchimento-requerimento-inscricao","status":"publish","type":"page","link":"https:\/\/ordemdosfisioterapeutas.pt\/en\/erros-frequentes-preenchimento-requerimento-inscricao\/","title":{"rendered":"Frequent Errors when filling in the Application Form"},"content":{"rendered":"<div data-elementor-type=\"wp-page\" data-elementor-id=\"2740\" class=\"elementor elementor-2740\" data-elementor-post-type=\"page\">\n\t\t\t\t\t\t<section class=\"elementor-section elementor-top-section elementor-element elementor-element-19dd88d9 elementor-section-boxed elementor-section-height-default elementor-section-height-default\" data-id=\"19dd88d9\" data-element_type=\"section\" data-e-type=\"section\">\n\t\t\t\t\t\t<div class=\"elementor-container elementor-column-gap-default\">\n\t\t\t\t\t<div class=\"elementor-column elementor-col-100 elementor-top-column elementor-element elementor-element-36417d4e\" data-id=\"36417d4e\" data-element_type=\"column\" data-e-type=\"column\">\n\t\t\t<div class=\"elementor-widget-wrap elementor-element-populated\">\n\t\t\t\t\t\t<div class=\"elementor-element elementor-element-2d94bdcb elementor-widget elementor-widget-text-editor\" data-id=\"2d94bdcb\" data-element_type=\"widget\" data-e-type=\"widget\" data-widget_type=\"text-editor.default\">\n\t\t\t\t<div class=\"elementor-widget-container\">\n\t\t\t\t\t\t\t\t\t<p>Help us improve the efficiency of the enrolment process. We have observed a number of difficulties and frequent errors\/mistakes, which make it necessary to return applications and delay the whole enrolment process.<\/p>\n<p>Avoid having your application returned.<\/p>\n<p><strong>Main difficulties and frequent mistakes\/mistakes that you can easily avoid:<\/strong><\/p>\t\t\t\t\t\t\t\t<\/div>\n\t\t\t\t<\/div>\n\t\t\t\t<div class=\"elementor-element elementor-element-616b1955 elementor-widget elementor-widget-heading\" data-id=\"616b1955\" data-element_type=\"widget\" data-e-type=\"widget\" data-widget_type=\"heading.default\">\n\t\t\t\t<div class=\"elementor-widget-container\">\n\t\t\t\t\t<h2 class=\"elementor-heading-title elementor-size-default\">1. choose the option of filling out the form<\/h2>\t\t\t\t<\/div>\n\t\t\t\t<\/div>\n\t\t\t\t<div class=\"elementor-element elementor-element-77e6a7a8 elementor-widget elementor-widget-text-editor\" data-id=\"77e6a7a8\" data-element_type=\"widget\" data-e-type=\"widget\" data-widget_type=\"text-editor.default\">\n\t\t\t\t<div class=\"elementor-widget-container\">\n\t\t\t\t\t\t\t\t\t<p>The form is designed in a way that is adapted to each of the most common situations on the formative journey:<\/p><ul><li>Physiotherapist graduated in Portugal with a Bachelor degree (before 1993);<\/li><li>Physiotherapist graduated in Portugal with a Biotherapic degree (1993-2008);<\/li><li>Physiotherapist graduated in Portugal with a degree (after 2008);<\/li><li>Physiotherapist trained in an EU\/EFTA country;<\/li><li>Physiotherapist trained in a country outside the EU\/EFTA.<\/li><\/ul><p>The initial choice of the wrong option naturally leads the form to open options that are not fully adapted, generating difficulties and filling errors.<\/p><p>For example, those who have a bachelor's degree and choose the option \"Licenciatura ( after 2008 )\", will have their form returned for correction, due to lack of data.<\/p><p><strong>If you are unsure which form to follow please refer to the Step-by-Step Application Guides to confirm your route to completing the form, and the documents you will need to submit:<\/strong><\/p><ul><li><span style=\"text-decoration: underline;\"><a href=\"https:\/\/ordemdosfisioterapeutas.pt\/wp-content\/uploads\/2021\/05\/guia-passopasso-nacionais-bacharelato-12017-12773.pdf\" target=\"_blank\" rel=\"noopener\">Physiotherapist graduated in Portugal with Bachelor degree ( before 1993 )<\/a><\/span><\/li><li><span style=\"text-decoration: underline;\"><a href=\"https:\/\/ordemdosfisioterapeutas.pt\/wp-content\/uploads\/2021\/05\/guia-passopasso-nacionais-bietapica-12019-12772.pdf\" target=\"_blank\" rel=\"noopener\">Physiotherapist graduated in Portugal with a Biotherapic degree ( 1993-2008 )<\/a><\/span><\/li><li><span style=\"text-decoration: underline;\"><a href=\"https:\/\/ordemdosfisioterapeutas.pt\/wp-content\/uploads\/2021\/05\/guia-passopasso-nacionais-licenciatura-12015-12774.pdf\" target=\"_blank\" rel=\"noopener\">Physiotherapist graduated in Portugal with a degree ( after 2008 )<\/a><\/span><\/li><li><span style=\"text-decoration: underline;\"><a href=\"https:\/\/ordemdosfisioterapeutas.pt\/wp-content\/uploads\/2022\/03\/guia_passopasso_EU_EFTA1201612770-Final-com-CPE.pdf\" target=\"_blank\" rel=\"noopener\">Physiotherapist trained in an EU\/EFTA country (with CPE)<\/a><\/span><\/li><li><span style=\"text-decoration: underline;\"><a href=\"https:\/\/ordemdosfisioterapeutas.pt\/wp-content\/uploads\/2022\/03\/guia_passopasso_EU_EFTA1201612770-Final-sem-CPE.pdf\" target=\"_blank\" rel=\"noopener\">Physiotherapist trained in an EU\/EFTA country (without CPE)<\/a><\/span><\/li><li><span style=\"text-decoration: underline;\"><a href=\"https:\/\/ordemdosfisioterapeutas.pt\/wp-content\/uploads\/2021\/05\/guia-passopasso-estrangeirospaisesterceiros-12018-12771.pdf\" target=\"_blank\" rel=\"noopener\">Physiotherapist trained in a country outside the EU\/EFTA<\/a><\/span><\/li><\/ul>\t\t\t\t\t\t\t\t<\/div>\n\t\t\t\t<\/div>\n\t\t\t\t<div class=\"elementor-element elementor-element-6dc798d elementor-widget elementor-widget-heading\" data-id=\"6dc798d\" data-element_type=\"widget\" data-e-type=\"widget\" data-widget_type=\"heading.default\">\n\t\t\t\t<div class=\"elementor-widget-container\">\n\t\t\t\t\t<h2 class=\"elementor-heading-title elementor-size-default\">2. Non-use of the signature form provided, and of a pen of the correct colour<\/h2>\t\t\t\t<\/div>\n\t\t\t\t<\/div>\n\t\t\t\t<div class=\"elementor-element elementor-element-11fb91e1 elementor-widget elementor-widget-text-editor\" data-id=\"11fb91e1\" data-element_type=\"widget\" data-e-type=\"widget\" data-widget_type=\"text-editor.default\">\n\t\t\t\t<div class=\"elementor-widget-container\">\n\t\t\t\t\t\t\t\t\t<p>The signature form provided for that purpose on the website of the Order should be used and a black ink pen should be used.<\/p>\n<p>This will be the signature to use on your ballot (card), so size, ink colour and contrast are essential.<\/p>\t\t\t\t\t\t\t\t<\/div>\n\t\t\t\t<\/div>\n\t\t\t\t<div class=\"elementor-element elementor-element-507ed9f6 elementor-widget elementor-widget-heading\" data-id=\"507ed9f6\" data-element_type=\"widget\" data-e-type=\"widget\" data-widget_type=\"heading.default\">\n\t\t\t\t<div class=\"elementor-widget-container\">\n\t\t\t\t\t<h2 class=\"elementor-heading-title elementor-size-default\">3. Non-placement of the ACSS c\u00e9dula number, in the case of those who have this document<\/h2>\t\t\t\t<\/div>\n\t\t\t\t<\/div>\n\t\t\t\t<div class=\"elementor-element elementor-element-24ce926a elementor-widget elementor-widget-text-editor\" data-id=\"24ce926a\" data-element_type=\"widget\" data-e-type=\"widget\" data-widget_type=\"text-editor.default\">\n\t\t\t\t<div class=\"elementor-widget-container\">\n\t\t\t\t\t\t\t\t\t<p>This element is critical to the application analysis process, and in particular to avoid the need to confirm the authenticity of academic qualifications submitted in PDF.<\/p><p>Don't forget to put the ballot number.<\/p><p>If you can't remember the number, check the ACSS database, <a href=\"https:\/\/tdt-rhs.min-saude.pt\/pages\/entradaacss.aspx?ReturnUrl=%2fAPP%2fUserProcess%2fDEFAULT.ASPX\" target=\"_blank\" rel=\"noopener\"><span style=\"text-decoration: underline;\">by clicking here<\/span><\/a>.<\/p>\t\t\t\t\t\t\t\t<\/div>\n\t\t\t\t<\/div>\n\t\t\t\t<div class=\"elementor-element elementor-element-74741710 elementor-widget elementor-widget-heading\" data-id=\"74741710\" data-element_type=\"widget\" data-e-type=\"widget\" data-widget_type=\"heading.default\">\n\t\t\t\t<div class=\"elementor-widget-container\">\n\t\t\t\t\t<h2 class=\"elementor-heading-title elementor-size-default\">4. Course completion date incorrect<\/h2>\t\t\t\t<\/div>\n\t\t\t\t<\/div>\n\t\t\t\t<div class=\"elementor-element elementor-element-128762f8 elementor-widget elementor-widget-text-editor\" data-id=\"128762f8\" data-element_type=\"widget\" data-e-type=\"widget\" data-widget_type=\"text-editor.default\">\n\t\t\t\t<div class=\"elementor-widget-container\">\n\t\t\t\t\t\t\t\t\t<p><strong>4.1. should record the date of completion of the course, not the date of issue of the diploma<\/strong><\/p><p>The date of completion of the course is normally indicated in the body of the diploma\/certificate, not at the end.<\/p><p>The date of completion of the course, in particular the course that gave you access to professional practice, which appears on your diploma or qualification certificate, is relevant for the overall calculation of your length of professional practice (seniority).<\/p><p>It should not be confused with the date of issue of the diploma or certificate itself, which is normally issued at a later date. In the case of a duplicate Diploma, this difference will naturally be even more marked.<\/p><p><strong>4.2 - The date you should put on the form is the date of conclusion of the initial course, which gave you access to the exercise of the profession<\/strong><\/p><p>The date of completion of the course, in particular the course that gave you access to professional practice, which appears on your diploma or qualification certificate, is relevant for the overall calculation of your length of professional practice (seniority).<\/p><p>In the case of colleagues with older training, previous Bologna degree, there have been some doubts and mistakes in filling in the form, which are easy to avoid.<\/p><p><strong>4.2.1 - If your initial course did not confer an academic degree, but you subsequently obtained an equivalence to the degree of Bachelor, the date you should put on the form is the date of completion of the initial course.<\/strong><\/p><p>Example: For a course from 1985, which was the subject of a formal equivalence in 1999, the date on the form should be 1985.<\/p><p>You must, however, submit both documents: the one of the initial training and the one of the formal recognition of the academic degree. As there is only one field in the form for submitting these two documents, you should make a joint copy, in a single PDF.<\/p><p><strong>4.2.2 - The same applies if you have completed a Biopic degree.<\/strong><\/p><p>Taking into account that the first cycle of the Biotherapeutic Licentiate Degree, which corresponds to the Bachelor Degree in Physiotherapy was, at the time, the sufficient qualification for the exercise of the profession of Physiotherapist, and registration for obtaining the respective professional card, this will be the reference qualification for statistical purposes.<\/p><p>On that basis, the date of completion of the Bachelor's degree will be the one we will use to count your professional seniority.<\/p><p>If you have not requested this certificate of completion of the Baccalaureate, you must submit a declaration of honour, with the respective date of completion.<\/p><p>To facilitate your declaration you can use the template available here.<\/p>\t\t\t\t\t\t\t\t<\/div>\n\t\t\t\t<\/div>\n\t\t\t\t<div class=\"elementor-element elementor-element-62895b5d elementor-widget elementor-widget-heading\" data-id=\"62895b5d\" data-element_type=\"widget\" data-e-type=\"widget\" data-widget_type=\"heading.default\">\n\t\t\t\t<div class=\"elementor-widget-container\">\n\t\t\t\t\t<h2 class=\"elementor-heading-title elementor-size-default\">5. Lack of document proving professional domicile<\/h2>\t\t\t\t<\/div>\n\t\t\t\t<\/div>\n\t\t\t\t<div class=\"elementor-element elementor-element-506411e0 elementor-widget elementor-widget-text-editor\" data-id=\"506411e0\" data-element_type=\"widget\" data-e-type=\"widget\" data-widget_type=\"text-editor.default\">\n\t\t\t\t<div class=\"elementor-widget-container\">\n\t\t\t\t\t\t\t\t\t<p>Any of the following up to date documents may be accepted for inclusion:<\/p>\n<ul>\n<li>Salary receipt with professional address (you can hide the amounts);<\/li>\n<li>Declaration of the employer's professional address;<\/li>\n<li>Declaration of the opening of the activity in the Finances Department;<\/li>\n<li>Green Receipt with address;<\/li>\n<li>Declaration of the IEFP in the applicable cases.<\/li>\n<\/ul>\t\t\t\t\t\t\t\t<\/div>\n\t\t\t\t<\/div>\n\t\t\t\t<div class=\"elementor-element elementor-element-46f8c191 elementor-widget elementor-widget-heading\" data-id=\"46f8c191\" data-element_type=\"widget\" data-e-type=\"widget\" data-widget_type=\"heading.default\">\n\t\t\t\t<div class=\"elementor-widget-container\">\n\t\t\t\t\t<h2 class=\"elementor-heading-title elementor-size-default\">6. Difficulty in defining the length and detail of the CV to be submitted<\/h2>\t\t\t\t<\/div>\n\t\t\t\t<\/div>\n\t\t\t\t<div class=\"elementor-element elementor-element-47cd6a94 elementor-widget elementor-widget-text-editor\" data-id=\"47cd6a94\" data-element_type=\"widget\" data-e-type=\"widget\" data-widget_type=\"text-editor.default\">\n\t\t\t\t<div class=\"elementor-widget-container\">\n\t\t\t\t\t\t\t\t\t<p>The CV should document 'relevant professional experience'.<\/p>\n<p>The level of detail of the description of this professional experience will, at this stage, be at the applicant's discretion and under his\/her honour.<\/p>\n<p>It is also informed that this field will be available for updating, at any time, and by their free initiative, in their personal area, accessible through the site of the Order of Physiotherapists.<\/p>\n<p>You can also insert the link to your CV, but in that case, make sure it is accessible that way, without the need for passwords.<\/p>\t\t\t\t\t\t\t\t<\/div>\n\t\t\t\t<\/div>\n\t\t\t\t<div class=\"elementor-element elementor-element-53f7e897 elementor-align-center elementor-widget elementor-widget-button\" data-id=\"53f7e897\" data-element_type=\"widget\" data-e-type=\"widget\" data-widget_type=\"button.default\">\n\t\t\t\t<div class=\"elementor-widget-container\">\n\t\t\t\t\t\t\t\t\t<div class=\"elementor-button-wrapper\">\n\t\t\t\t\t<a class=\"elementor-button elementor-button-link elementor-size-sm\" href=\"https:\/\/portal.ordemdosfisioterapeutas.pt\/\" target=\"_blank\">\n\t\t\t\t\t\t<span class=\"elementor-button-content-wrapper\">\n\t\t\t\t\t\t<span class=\"elementor-button-icon\">\n\t\t\t\t<i aria-hidden=\"true\" class=\"fas fa-pen-alt\"><\/i>\t\t\t<\/span>\n\t\t\t\t\t\t\t\t\t<span class=\"elementor-button-text\">Continue to the Registration Form<\/span>\n\t\t\t\t\t<\/span>\n\t\t\t\t\t<\/a>\n\t\t\t\t<\/div>\n\t\t\t\t\t\t\t\t<\/div>\n\t\t\t\t<\/div>\n\t\t\t\t\t<\/div>\n\t\t<\/div>\n\t\t\t\t\t<\/div>\n\t\t<\/section>\n\t\t\t\t<\/div>","protected":false},"excerpt":{"rendered":"<p>Ajude-nos a melhorar a efici\u00eancia do processo de inscri\u00e7\u00e3o. Temos vindo a observar um conjunto de dificuldades e erros\/enganos frequentes, que obrigam \u00e0 devolu\u00e7\u00e3o dos requerimentos, e atrasam todo o processo de inscri\u00e7\u00e3o. Evite a devolu\u00e7\u00e3o do seu requerimento. Principais dificuldades e erros\/enganos frequentes, que pode facilmente evitar: 1. Escolha da op\u00e7\u00e3o do formul\u00e1rio de &#8230; <a title=\"Frequent Errors when filling in the Application Form\" class=\"read-more\" href=\"https:\/\/ordemdosfisioterapeutas.pt\/en\/erros-frequentes-preenchimento-requerimento-inscricao\/\" aria-label=\"Read more about Erros Frequentes no Preenchimento no Requerimento de Inscri\u00e7\u00e3o\">Read more<\/a><\/p>","protected":false},"author":1,"featured_media":0,"parent":0,"menu_order":0,"comment_status":"closed","ping_status":"closed","template":"","meta":{"footnotes":""},"class_list":["post-2740","page","type-page","status-publish"],"_links":{"self":[{"href":"https:\/\/ordemdosfisioterapeutas.pt\/en\/wp-json\/wp\/v2\/pages\/2740","targetHints":{"allow":["GET"]}}],"collection":[{"href":"https:\/\/ordemdosfisioterapeutas.pt\/en\/wp-json\/wp\/v2\/pages"}],"about":[{"href":"https:\/\/ordemdosfisioterapeutas.pt\/en\/wp-json\/wp\/v2\/types\/page"}],"author":[{"embeddable":true,"href":"https:\/\/ordemdosfisioterapeutas.pt\/en\/wp-json\/wp\/v2\/users\/1"}],"replies":[{"embeddable":true,"href":"https:\/\/ordemdosfisioterapeutas.pt\/en\/wp-json\/wp\/v2\/comments?post=2740"}],"version-history":[{"count":0,"href":"https:\/\/ordemdosfisioterapeutas.pt\/en\/wp-json\/wp\/v2\/pages\/2740\/revisions"}],"wp:attachment":[{"href":"https:\/\/ordemdosfisioterapeutas.pt\/en\/wp-json\/wp\/v2\/media?parent=2740"}],"curies":[{"name":"wp","href":"https:\/\/api.w.org\/{rel}","templated":true}]}}