{"id":13111,"date":"2026-03-20T19:36:05","date_gmt":"2026-03-20T19:36:05","guid":{"rendered":"https:\/\/ordemdosfisioterapeutas.pt\/?page_id=13111"},"modified":"2026-03-20T19:41:08","modified_gmt":"2026-03-20T19:41:08","slug":"fala-sem-fronteiras","status":"publish","type":"page","link":"https:\/\/ordemdosfisioterapeutas.pt\/en\/fala-sem-fronteiras\/","title":{"rendered":"Speak Without Borders"},"content":{"rendered":"<div data-elementor-type=\"wp-page\" data-elementor-id=\"13111\" class=\"elementor elementor-13111\" data-elementor-post-type=\"page\">\n\t\t\t\t<div class=\"elementor-element elementor-element-1139d65 e-grid e-con-boxed e-con e-parent\" data-id=\"1139d65\" data-element_type=\"container\" data-e-type=\"container\">\n\t\t\t\t\t<div class=\"e-con-inner\">\n\t\t\t\t<div class=\"elementor-element elementor-element-8d3c7df elementor-widget elementor-widget-image\" data-id=\"8d3c7df\" data-element_type=\"widget\" data-e-type=\"widget\" data-widget_type=\"image.default\">\n\t\t\t\t<div class=\"elementor-widget-container\">\n\t\t\t\t\t\t\t\t\t\t\t\t\t\t\t<img decoding=\"async\" src=\"https:\/\/ordemdosfisioterapeutas.pt\/wp-content\/uploads\/elementor\/thumbs\/logo__0012_falasemfronteiras-rksuby2k7iof2htihirk7k3p5vpd6kcucfmce15tz4.png\" title=\"logo__0012_falasemfronteiras\" alt=\"logo__0012_falasemfronteiras\" loading=\"lazy\" \/>\t\t\t\t\t\t\t\t\t\t\t\t\t\t\t<\/div>\n\t\t\t\t<\/div>\n\t\t\t\t<div class=\"elementor-element elementor-element-63cdbc0 elementor-widget elementor-widget-image\" data-id=\"63cdbc0\" data-element_type=\"widget\" data-e-type=\"widget\" data-widget_type=\"image.default\">\n\t\t\t\t<div class=\"elementor-widget-container\">\n\t\t\t\t\t\t\t\t\t\t\t\t\t\t\t<img decoding=\"async\" src=\"https:\/\/ordemdosfisioterapeutas.pt\/wp-content\/uploads\/elementor\/thumbs\/parcerias-r1e5sfsz0l2px9fc2vf1dqmethbbh5ts4btblfpj40.png\" title=\"partnerships.png\" alt=\"parcerias.png\" loading=\"lazy\" \/>\t\t\t\t\t\t\t\t\t\t\t\t\t\t\t<\/div>\n\t\t\t\t<\/div>\n\t\t\t\t\t<\/div>\n\t\t\t\t<\/div>\n\t\t<div class=\"elementor-element elementor-element-4e092fe e-flex e-con-boxed e-con e-parent\" data-id=\"4e092fe\" data-element_type=\"container\" data-e-type=\"container\">\n\t\t\t\t\t<div class=\"e-con-inner\">\n\t\t\t\t<div class=\"elementor-element elementor-element-464e55e elementor-widget elementor-widget-heading\" data-id=\"464e55e\" data-element_type=\"widget\" data-e-type=\"widget\" data-widget_type=\"heading.default\">\n\t\t\t\t<div class=\"elementor-widget-container\">\n\t\t\t\t\t<h2 class=\"elementor-heading-title elementor-size-default\">Description<\/h2>\t\t\t\t<\/div>\n\t\t\t\t<\/div>\n\t\t\t\t<div class=\"elementor-element elementor-element-eb5655d elementor-widget elementor-widget-text-editor\" data-id=\"eb5655d\" data-element_type=\"widget\" data-e-type=\"widget\" data-widget_type=\"text-editor.default\">\n\t\t\t\t<div class=\"elementor-widget-container\">\n\t\t\t\t\t\t\t\t\t<p data-olk-copy-source=\"MessageBody\">Fala Sem Fronteiras is an ERS-certified clinic specialising in Speech Therapy and Clinical Psychology. With an individual-centred approach, the team of specialists supports children, young people and adults in developing communication skills and strengthening emotional balance.<\/p><p>It offers the convenience of face-to-face (Lisbon and Aveiro) and online consultations, guaranteeing excellent support wherever you are. The focus is clear: promoting mental health and self-confidence through personalised and effective clinical solutions.<\/p>\t\t\t\t\t\t\t\t<\/div>\n\t\t\t\t<\/div>\n\t\t\t\t\t<\/div>\n\t\t\t\t<\/div>\n\t\t<div class=\"elementor-element elementor-element-ccda0df condicoes e-flex e-con-boxed e-con e-parent\" data-id=\"ccda0df\" data-element_type=\"container\" data-e-type=\"container\">\n\t\t\t\t\t<div class=\"e-con-inner\">\n\t\t\t\t<div class=\"elementor-element elementor-element-470aa51 elementor-widget elementor-widget-heading\" data-id=\"470aa51\" data-element_type=\"widget\" data-e-type=\"widget\" data-widget_type=\"heading.default\">\n\t\t\t\t<div class=\"elementor-widget-container\">\n\t\t\t\t\t<h2 class=\"elementor-heading-title elementor-size-default\">Conditions<\/h2>\t\t\t\t<\/div>\n\t\t\t\t<\/div>\n\t\t\t\t<div class=\"elementor-element elementor-element-f8d46e2 elementor-widget elementor-widget-text-editor\" data-id=\"f8d46e2\" data-element_type=\"widget\" data-e-type=\"widget\" data-widget_type=\"text-editor.default\">\n\t\t\t\t<div class=\"elementor-widget-container\">\n\t\t\t\t\t\t\t\t\t<p data-olk-copy-source=\"MessageBody\">- 15% discount on speech therapy and clinical psychology services for members and their immediate families (parents, children or spouses). This discount applies to the value of the service at the particular price charged, including promotional campaigns.<\/p><p>The sessions can be held: in person or at home, in the districts of Lisbon and Aveiro; online, accessible from anywhere in Portugal.<\/p><p>The terms and conditions applicable to the services provided are available at:\u00a0<a title=\"https:\/\/falasemfronteiras.eu\/termos-e-condicoes\/\" href=\"https:\/\/falasemfronteiras.eu\/termos-e-condicoes\/\" data-auth=\"NotApplicable\" data-linkindex=\"0\" target=\"_blank\" rel=\"noopener\">https:\/\/falasemfronteiras.eu\/termos-e-condicoes\/<\/a><\/p><p><strong>Access to the benefit:<\/strong><\/p><p>To take advantage of the preferential conditions you must enter the discount code \u201c<b>PHYSIO15<\/b>\u201d when booking the service and send proof of eligibility.<\/p><p>Contact Fala Sem Fronteiras via the following channels:<\/p><p>Telephone: 911 924 757<\/p><p>Email:\u00a0<a title=\"mailto:geral@falasemfronteiras.eu\" href=\"mailto:geral@falasemfronteiras.eu\" data-linkindex=\"1\">geral@falasemfronteiras.eu<\/a><\/p>\t\t\t\t\t\t\t\t<\/div>\n\t\t\t\t<\/div>\n\t\t\t\t\t<\/div>\n\t\t\t\t<\/div>\n\t\t<div class=\"elementor-element elementor-element-9487975 condicoes-btn e-flex e-con-boxed e-con e-parent\" data-id=\"9487975\" data-element_type=\"container\" data-e-type=\"container\">\n\t\t\t\t\t<div class=\"e-con-inner\">\n\t\t\t\t<div class=\"elementor-element elementor-element-d247edb elementor-align-right elementor-mobile-align-center elementor-widget elementor-widget-button\" data-id=\"d247edb\" data-element_type=\"widget\" data-e-type=\"widget\" data-widget_type=\"button.default\">\n\t\t\t\t<div class=\"elementor-widget-container\">\n\t\t\t\t\t\t\t\t\t<div class=\"elementor-button-wrapper\">\n\t\t\t\t\t<a class=\"elementor-button elementor-button-link elementor-size-xs\" href=\"https:\/\/portal.ordemdosfisioterapeutas.pt\/of-auth\/?app_ref=e985d1b30a025a19af003c638a7f64a2\" target=\"_blank\">\n\t\t\t\t\t\t<span class=\"elementor-button-content-wrapper\">\n\t\t\t\t\t\t\t\t\t<span class=\"elementor-button-text\">Get to know the conditions<\/span>\n\t\t\t\t\t<\/span>\n\t\t\t\t\t<\/a>\n\t\t\t\t<\/div>\n\t\t\t\t\t\t\t\t<\/div>\n\t\t\t\t<\/div>\n\t\t\t\t\t<\/div>\n\t\t\t\t<\/div>\n\t\t<div class=\"elementor-element elementor-element-39aafbc e-flex e-con-boxed e-con e-parent\" data-id=\"39aafbc\" data-element_type=\"container\" data-e-type=\"container\">\n\t\t\t\t\t<div class=\"e-con-inner\">\n\t\t\t\t<div class=\"elementor-element elementor-element-3367fab elementor-align-right elementor-mobile-align-center elementor-widget elementor-widget-button\" data-id=\"3367fab\" data-element_type=\"widget\" data-e-type=\"widget\" data-widget_type=\"button.default\">\n\t\t\t\t<div class=\"elementor-widget-container\">\n\t\t\t\t\t\t\t\t\t<div class=\"elementor-button-wrapper\">\n\t\t\t\t\t<a class=\"elementor-button elementor-button-link elementor-size-xs\" href=\"https:\/\/ordemdosfisioterapeutas.pt\/en\/parcerias\/\">\n\t\t\t\t\t\t<span class=\"elementor-button-content-wrapper\">\n\t\t\t\t\t\t\t\t\t<span class=\"elementor-button-text\">Back<\/span>\n\t\t\t\t\t<\/span>\n\t\t\t\t\t<\/a>\n\t\t\t\t<\/div>\n\t\t\t\t\t\t\t\t<\/div>\n\t\t\t\t<\/div>\n\t\t\t\t\t<\/div>\n\t\t\t\t<\/div>\n\t\t\t\t<\/div>","protected":false},"excerpt":{"rendered":"<p>Descri\u00e7\u00e3o A Fala Sem Fronteiras \u00e9 uma cl\u00ednica certificada pela ERS, especializada em Terapia da Fala e Psicologia Cl\u00ednica. Com uma abordagem centrada no indiv\u00edduo, a equipa de especialistas apoia crian\u00e7as, jovens e adultos no desenvolvimento de compet\u00eancias comunicativas e no fortalecimento do equil\u00edbrio emocional. Oferece a conveni\u00eancia de consultas presenciais (Lisboa e Aveiro) e &#8230; <a title=\"Speak Without Borders\" class=\"read-more\" href=\"https:\/\/ordemdosfisioterapeutas.pt\/en\/fala-sem-fronteiras\/\" aria-label=\"Read more about Fala Sem Fronteiras\">Read more<\/a><\/p>","protected":false},"author":1,"featured_media":0,"parent":0,"menu_order":0,"comment_status":"closed","ping_status":"closed","template":"","meta":{"footnotes":""},"class_list":["post-13111","page","type-page","status-publish"],"_links":{"self":[{"href":"https:\/\/ordemdosfisioterapeutas.pt\/en\/wp-json\/wp\/v2\/pages\/13111","targetHints":{"allow":["GET"]}}],"collection":[{"href":"https:\/\/ordemdosfisioterapeutas.pt\/en\/wp-json\/wp\/v2\/pages"}],"about":[{"href":"https:\/\/ordemdosfisioterapeutas.pt\/en\/wp-json\/wp\/v2\/types\/page"}],"author":[{"embeddable":true,"href":"https:\/\/ordemdosfisioterapeutas.pt\/en\/wp-json\/wp\/v2\/users\/1"}],"replies":[{"embeddable":true,"href":"https:\/\/ordemdosfisioterapeutas.pt\/en\/wp-json\/wp\/v2\/comments?post=13111"}],"version-history":[{"count":4,"href":"https:\/\/ordemdosfisioterapeutas.pt\/en\/wp-json\/wp\/v2\/pages\/13111\/revisions"}],"predecessor-version":[{"id":13117,"href":"https:\/\/ordemdosfisioterapeutas.pt\/en\/wp-json\/wp\/v2\/pages\/13111\/revisions\/13117"}],"wp:attachment":[{"href":"https:\/\/ordemdosfisioterapeutas.pt\/en\/wp-json\/wp\/v2\/media?parent=13111"}],"curies":[{"name":"wp","href":"https:\/\/api.w.org\/{rel}","templated":true}]}}