{"id":13105,"date":"2026-03-20T19:30:23","date_gmt":"2026-03-20T19:30:23","guid":{"rendered":"https:\/\/ordemdosfisioterapeutas.pt\/?page_id=13105"},"modified":"2026-04-19T18:51:16","modified_gmt":"2026-04-19T17:51:16","slug":"credilink","status":"publish","type":"page","link":"https:\/\/ordemdosfisioterapeutas.pt\/en\/credilink\/","title":{"rendered":"Credilink"},"content":{"rendered":"<div data-elementor-type=\"wp-page\" data-elementor-id=\"13105\" class=\"elementor elementor-13105\" data-elementor-post-type=\"page\">\n\t\t\t\t<div class=\"elementor-element elementor-element-df75f01 e-grid e-con-boxed e-con e-parent\" data-id=\"df75f01\" data-element_type=\"container\" data-e-type=\"container\">\n\t\t\t\t\t<div class=\"e-con-inner\">\n\t\t\t\t<div class=\"elementor-element elementor-element-286e850 elementor-widget elementor-widget-image\" data-id=\"286e850\" data-element_type=\"widget\" data-e-type=\"widget\" data-widget_type=\"image.default\">\n\t\t\t\t<div class=\"elementor-widget-container\">\n\t\t\t\t\t\t\t\t\t\t\t\t\t\t\t<img decoding=\"async\" src=\"https:\/\/ordemdosfisioterapeutas.pt\/wp-content\/uploads\/elementor\/thumbs\/logo__0013_Credilink-rksu4ntl8qpf3aeg0vendwa3fdlyj0fqcdlvhtyo74.png\" title=\"logo__0013_Credilink\" alt=\"logo__0013_Credilink\" loading=\"lazy\" \/>\t\t\t\t\t\t\t\t\t\t\t\t\t\t\t<\/div>\n\t\t\t\t<\/div>\n\t\t\t\t<div class=\"elementor-element elementor-element-fc68fde elementor-widget elementor-widget-image\" data-id=\"fc68fde\" data-element_type=\"widget\" data-e-type=\"widget\" data-widget_type=\"image.default\">\n\t\t\t\t<div class=\"elementor-widget-container\">\n\t\t\t\t\t\t\t\t\t\t\t\t\t\t\t<img decoding=\"async\" src=\"https:\/\/ordemdosfisioterapeutas.pt\/wp-content\/uploads\/elementor\/thumbs\/parcerias-r1e5sfsz0l2px9fc2vf1dqmethbbh5ts4btblfpj40.png\" title=\"partnerships.png\" alt=\"parcerias.png\" loading=\"lazy\" \/>\t\t\t\t\t\t\t\t\t\t\t\t\t\t\t<\/div>\n\t\t\t\t<\/div>\n\t\t\t\t\t<\/div>\n\t\t\t\t<\/div>\n\t\t<div class=\"elementor-element elementor-element-ca6a059 e-flex e-con-boxed e-con e-parent\" data-id=\"ca6a059\" data-element_type=\"container\" data-e-type=\"container\">\n\t\t\t\t\t<div class=\"e-con-inner\">\n\t\t\t\t<div class=\"elementor-element elementor-element-fa7a604 elementor-widget elementor-widget-heading\" data-id=\"fa7a604\" data-element_type=\"widget\" data-e-type=\"widget\" data-widget_type=\"heading.default\">\n\t\t\t\t<div class=\"elementor-widget-container\">\n\t\t\t\t\t<h2 class=\"elementor-heading-title elementor-size-default\">Description<\/h2>\t\t\t\t<\/div>\n\t\t\t\t<\/div>\n\t\t\t\t<div class=\"elementor-element elementor-element-4e4249c elementor-widget elementor-widget-text-editor\" data-id=\"4e4249c\" data-element_type=\"widget\" data-e-type=\"widget\" data-widget_type=\"text-editor.default\">\n\t\t\t\t<div class=\"elementor-widget-container\">\n\t\t\t\t\t\t\t\t\t<p class=\"x_xxmsonormal\"><span data-olk-copy-source=\"MessageBody\">Credilink is a credit intermediation company authorised by the Bank of Portugal and specialises in finding the best credit solutions from credit institutions in Portugal, including leading banks and finance companies with which it has partnerships.<\/span><\/p><p class=\"x_xxmsonormal\">It supports customers throughout the credit process in a simple, transparent and personalised way.<\/p><p class=\"x_xxmsonormal\">This service allows customers to save time (because they don't need to make contacts or travel to banks \/ financial institutions) and money (because the conditions that Credilink can obtain are almost always better than those that the customer can get on their own).<\/p>\t\t\t\t\t\t\t\t<\/div>\n\t\t\t\t<\/div>\n\t\t\t\t\t<\/div>\n\t\t\t\t<\/div>\n\t\t<div class=\"elementor-element elementor-element-c8dfb18 condicoes e-flex e-con-boxed e-con e-parent\" data-id=\"c8dfb18\" data-element_type=\"container\" data-e-type=\"container\">\n\t\t\t\t\t<div class=\"e-con-inner\">\n\t\t\t\t<div class=\"elementor-element elementor-element-593e045 elementor-widget elementor-widget-heading\" data-id=\"593e045\" data-element_type=\"widget\" data-e-type=\"widget\" data-widget_type=\"heading.default\">\n\t\t\t\t<div class=\"elementor-widget-container\">\n\t\t\t\t\t<h2 class=\"elementor-heading-title elementor-size-default\">Conditions<\/h2>\t\t\t\t<\/div>\n\t\t\t\t<\/div>\n\t\t\t\t<div class=\"elementor-element elementor-element-83e50dd elementor-widget elementor-widget-text-editor\" data-id=\"83e50dd\" data-element_type=\"widget\" data-e-type=\"widget\" data-widget_type=\"text-editor.default\">\n\t\t\t\t<div class=\"elementor-widget-container\">\n\t\t\t\t\t\t\t\t\t<p class=\"x_MsoNormal\" data-olk-copy-source=\"MessageBody\">- Offer of a Pingo Doce or FNAC shopping voucher (or equivalent) to the value of \u20ac250, whenever a Home Loan or Home Loan Transfer is completed using Credilink services.<\/p><p class=\"x_MsoNormal\">- Offer of a Pingo Doce or FNAC shopping voucher (or equivalent) to the value of \u20ac250, whenever they refer Credilink to a friend or family member (who is not an employee and\/or member of the ORDEM DOS FISIOTERAPEUTAS) and who completes a Home Loan or Home Loan Transfer through Credilink's services.<\/p><p class=\"x_MsoNormal\">- Free webinars<\/p><p class=\"x_MsoNormal\">- Free, no-obligation simulation<\/p><p class=\"x_MsoNormal\">- Specialised support<\/p><p class=\"x_MsoNormal\">Free webinars from 2026:<\/p><p class=\"x_MsoNormal\">- April | 16th | 13:30 | How banks analyse your financial profile<\/p><p class=\"x_MsoNormal\">- May | 26th | 1.30pm | How to Save on Mortgage Insurance<\/p><p class=\"x_MsoNormal\">- June | 29th | Fixed, Variable or Mixed Rate: The choice that can change everything<\/p><p class=\"x_MsoNormal\">Special guest: Paula Alves, Branch Manager at Novobanco<\/p><p class=\"x_MsoNormal\">- July | no date set | Construction Credit vs. Construction: Which is better?<\/p><p class=\"x_MsoNormal\">Special guest: Cristiana Campelo, 360 Manager at Novobanco<\/p><p class=\"x_MsoNormal\">- September | no date set | Consolidated Credit: How to regain control of your finances<\/p><p class=\"x_MsoNormal\">- October | no date set | Credit as a tool for growth (not survival)<\/p><p class=\"x_MsoNormal\">Special guest: Investor (to be confirmed)<\/p><p class=\"x_MsoNormal\">- November | no date set | What you should know before signing a credit agreement<\/p><p class=\"x_MsoNormal\">- December | no date set | 2026 in review: What we've learnt about credit and customers<\/p><p class=\"x_MsoNormal\">Access to the benefit:<\/p><p class=\"x_MsoNormal\">You can take advantage of these conditions with the promotional code:\u00a0<b>ORDEMFISIO1<\/b><br \/>Contact Credilink by the following means:<\/p><p class=\"x_MsoNormal\">Phone or WhatsApp: 913 594 545<\/p><p class=\"x_MsoNormal\">Email:\u00a0<a title=\"mailto:info@credilink.pt\" href=\"mailto:info@credilink.pt\" data-linkindex=\"0\">info@credilink.pt<\/a><\/p><p class=\"x_MsoNormal\">Website:\u00a0<a title=\"http:\/\/www.credilink.pt\" href=\"http:\/\/www.credilink.pt\/\" data-auth=\"NotApplicable\" data-linkindex=\"1\" target=\"_blank\" rel=\"noopener\">www.credilink.pt<\/a><\/p>\t\t\t\t\t\t\t\t<\/div>\n\t\t\t\t<\/div>\n\t\t\t\t<div class=\"elementor-element elementor-element-5478628 elementor-widget elementor-widget-image\" data-id=\"5478628\" data-element_type=\"widget\" data-e-type=\"widget\" data-widget_type=\"image.default\">\n\t\t\t\t<div class=\"elementor-widget-container\">\n\t\t\t\t\t\t\t\t\t\t\t\t\t\t\t<img fetchpriority=\"high\" decoding=\"async\" width=\"855\" height=\"513\" src=\"https:\/\/ordemdosfisioterapeutas.pt\/wp-content\/uploads\/2026\/04\/Webinar-16-Abril.png\" class=\"attachment-large size-large wp-image-13258\" alt=\"\" srcset=\"https:\/\/ordemdosfisioterapeutas.pt\/wp-content\/uploads\/2026\/04\/Webinar-16-Abril.png 1000w, https:\/\/ordemdosfisioterapeutas.pt\/wp-content\/uploads\/2026\/04\/Webinar-16-Abril-300x180.png 300w, https:\/\/ordemdosfisioterapeutas.pt\/wp-content\/uploads\/2026\/04\/Webinar-16-Abril-768x461.png 768w, https:\/\/ordemdosfisioterapeutas.pt\/wp-content\/uploads\/2026\/04\/Webinar-16-Abril-18x12.png 18w\" sizes=\"(max-width: 855px) 100vw, 855px\" \/>\t\t\t\t\t\t\t\t\t\t\t\t\t\t\t<\/div>\n\t\t\t\t<\/div>\n\t\t\t\t\t<\/div>\n\t\t\t\t<\/div>\n\t\t<div class=\"elementor-element elementor-element-2c80e88 condicoes-btn e-flex e-con-boxed e-con e-parent\" data-id=\"2c80e88\" data-element_type=\"container\" data-e-type=\"container\">\n\t\t\t\t\t<div class=\"e-con-inner\">\n\t\t\t\t<div class=\"elementor-element elementor-element-cf67895 elementor-align-right elementor-mobile-align-center elementor-widget elementor-widget-button\" data-id=\"cf67895\" data-element_type=\"widget\" data-e-type=\"widget\" data-widget_type=\"button.default\">\n\t\t\t\t<div class=\"elementor-widget-container\">\n\t\t\t\t\t\t\t\t\t<div class=\"elementor-button-wrapper\">\n\t\t\t\t\t<a class=\"elementor-button elementor-button-link elementor-size-xs\" href=\"https:\/\/portal.ordemdosfisioterapeutas.pt\/of-auth\/?app_ref=e985d1b30a025a19af003c638a7f64a2\" target=\"_blank\">\n\t\t\t\t\t\t<span class=\"elementor-button-content-wrapper\">\n\t\t\t\t\t\t\t\t\t<span class=\"elementor-button-text\">Get to know the conditions<\/span>\n\t\t\t\t\t<\/span>\n\t\t\t\t\t<\/a>\n\t\t\t\t<\/div>\n\t\t\t\t\t\t\t\t<\/div>\n\t\t\t\t<\/div>\n\t\t\t\t\t<\/div>\n\t\t\t\t<\/div>\n\t\t<div class=\"elementor-element elementor-element-06250ea e-flex e-con-boxed e-con e-parent\" data-id=\"06250ea\" data-element_type=\"container\" data-e-type=\"container\">\n\t\t\t\t\t<div class=\"e-con-inner\">\n\t\t\t\t<div class=\"elementor-element elementor-element-aa3f201 elementor-align-right elementor-mobile-align-center elementor-widget elementor-widget-button\" data-id=\"aa3f201\" data-element_type=\"widget\" data-e-type=\"widget\" data-widget_type=\"button.default\">\n\t\t\t\t<div class=\"elementor-widget-container\">\n\t\t\t\t\t\t\t\t\t<div class=\"elementor-button-wrapper\">\n\t\t\t\t\t<a class=\"elementor-button elementor-button-link elementor-size-xs\" href=\"https:\/\/ordemdosfisioterapeutas.pt\/en\/parcerias\/\">\n\t\t\t\t\t\t<span class=\"elementor-button-content-wrapper\">\n\t\t\t\t\t\t\t\t\t<span class=\"elementor-button-text\">Back<\/span>\n\t\t\t\t\t<\/span>\n\t\t\t\t\t<\/a>\n\t\t\t\t<\/div>\n\t\t\t\t\t\t\t\t<\/div>\n\t\t\t\t<\/div>\n\t\t\t\t\t<\/div>\n\t\t\t\t<\/div>\n\t\t\t\t<\/div>","protected":false},"excerpt":{"rendered":"<p>Descri\u00e7\u00e3o A Credilink \u00e9 uma empresa de intermedia\u00e7\u00e3o de cr\u00e9dito autorizada pelo Banco de Portugal, sendo especializada em encontrar as melhores solu\u00e7\u00f5es de cr\u00e9dito junto das Institui\u00e7\u00f5es de Cr\u00e9dito em Portugal, incluindo bancos e financeiras de refer\u00eancia, com as quais tem parcerias. Apoia os clientes em todo o processo de cr\u00e9dito, de forma simples, transparente &#8230; <a title=\"Credilink\" class=\"read-more\" href=\"https:\/\/ordemdosfisioterapeutas.pt\/en\/credilink\/\" aria-label=\"Read more about Credilink\">Read more<\/a><\/p>","protected":false},"author":1,"featured_media":0,"parent":0,"menu_order":0,"comment_status":"closed","ping_status":"closed","template":"","meta":{"footnotes":""},"class_list":["post-13105","page","type-page","status-publish"],"_links":{"self":[{"href":"https:\/\/ordemdosfisioterapeutas.pt\/en\/wp-json\/wp\/v2\/pages\/13105","targetHints":{"allow":["GET"]}}],"collection":[{"href":"https:\/\/ordemdosfisioterapeutas.pt\/en\/wp-json\/wp\/v2\/pages"}],"about":[{"href":"https:\/\/ordemdosfisioterapeutas.pt\/en\/wp-json\/wp\/v2\/types\/page"}],"author":[{"embeddable":true,"href":"https:\/\/ordemdosfisioterapeutas.pt\/en\/wp-json\/wp\/v2\/users\/1"}],"replies":[{"embeddable":true,"href":"https:\/\/ordemdosfisioterapeutas.pt\/en\/wp-json\/wp\/v2\/comments?post=13105"}],"version-history":[{"count":7,"href":"https:\/\/ordemdosfisioterapeutas.pt\/en\/wp-json\/wp\/v2\/pages\/13105\/revisions"}],"predecessor-version":[{"id":13261,"href":"https:\/\/ordemdosfisioterapeutas.pt\/en\/wp-json\/wp\/v2\/pages\/13105\/revisions\/13261"}],"wp:attachment":[{"href":"https:\/\/ordemdosfisioterapeutas.pt\/en\/wp-json\/wp\/v2\/media?parent=13105"}],"curies":[{"name":"wp","href":"https:\/\/api.w.org\/{rel}","templated":true}]}}