{"id":12782,"date":"2026-02-14T15:38:03","date_gmt":"2026-02-14T15:38:03","guid":{"rendered":"https:\/\/ordemdosfisioterapeutas.pt\/?page_id=12782"},"modified":"2026-02-14T17:21:14","modified_gmt":"2026-02-14T17:21:14","slug":"campanha-eleitoral-2025-2","status":"publish","type":"page","link":"https:\/\/ordemdosfisioterapeutas.pt\/en\/campanha-eleitoral-2025-2\/","title":{"rendered":"Electoral Campaign"},"content":{"rendered":"<div data-elementor-type=\"wp-page\" data-elementor-id=\"12782\" class=\"elementor elementor-12782\" data-elementor-post-type=\"page\">\n\t\t\t\t<div class=\"elementor-element elementor-element-6936afb e-flex e-con-boxed e-con e-parent\" data-id=\"6936afb\" data-element_type=\"container\" data-e-type=\"container\">\n\t\t\t\t\t<div class=\"e-con-inner\">\n\t\t\t\t<div class=\"elementor-element elementor-element-bf9df89 elementor-widget elementor-widget-text-editor\" data-id=\"bf9df89\" data-element_type=\"widget\" data-e-type=\"widget\" data-widget_type=\"text-editor.default\">\n\t\t\t\t<div class=\"elementor-widget-container\">\n\t\t\t\t\t\t\t\t\t<p>The electoral campaign begins the day after the candidates accepted for the ballot have been publicised, i.e. on the day of the election. <b>3rd May 2026 <\/b>and will end on <b>16th May 2026 <\/b>(the day before the elections).<\/p><p>During this period, <b>the Order will make available <\/b>the candidates' means of promoting their proposals and interacting with voters, as follows:<\/p><ul><li>Each list may send up to two emails to voters, to be publicised through the Order's official channels;<\/li><li>Messages should be sent in HTML format to: eleicoes@ordemdosfisioterapeutas.pt, clearly identifying the list;<\/li><li>Replies to contacts received at the above address will be sent during office hours, on working days, from 09.00 to 18.00;<\/li><li>The timing will be managed by the Electoral Commission, according to the order of receipt and the campaign period;<\/li><li>No member contacts will be made available or SMS\/MMS sent on behalf of the lists;<\/li><li>At the request of the lists, hyperlinks may be published on the Order's website that redirect to the official pages of the candidates.<\/li><\/ul><p>A <b>The Order will make <\/b>also occasional access to the Order's premises at Rua D. Jo\u00e3o V, n\u00b0 24 - 1.06, 1250-091 Lisboa.<\/p><ul><li>A room with capacity for up to 6 people can be made available on request 48 hours in advance;<\/li><li>Requests should be sent to the official e-mail address above;<\/li><li>The answer will be given within 24 hours;<\/li><li>The space will be available on weekdays between 9.00 and 18.00.<\/li><li>Pursuant to Article 49(2) of the Statutes, the Board of Directors has decided not to contribute to the cost of election campaigns, as was the case in previous elections.<\/li><\/ul>\t\t\t\t\t\t\t\t<\/div>\n\t\t\t\t<\/div>\n\t\t\t\t\t<\/div>\n\t\t\t\t<\/div>\n\t\t\t\t<\/div>","protected":false},"excerpt":{"rendered":"<p>A campanha eleitoral tem in\u00edcio no dia seguinte \u00e0 publicita\u00e7\u00e3o das candidaturas aceites a sufr\u00e1gio, ou seja, come\u00e7ar\u00e1 no dia 3 de maio de 2026 e terminar\u00e1 no dia 16 de maio de 2026 (antev\u00e9spera das elei\u00e7\u00f5es). Durante este per\u00edodo, a Ordem disponibilizar\u00e1 aos candidatos meios de promo\u00e7\u00e3o das suas propostas e de intera\u00e7\u00e3o com &#8230; <a title=\"Electoral Campaign\" class=\"read-more\" href=\"https:\/\/ordemdosfisioterapeutas.pt\/en\/campanha-eleitoral-2025-2\/\" aria-label=\"Read more about Election campaign\">Read more<\/a><\/p>","protected":false},"author":1,"featured_media":0,"parent":0,"menu_order":0,"comment_status":"closed","ping_status":"closed","template":"","meta":{"footnotes":""},"class_list":["post-12782","page","type-page","status-publish"],"_links":{"self":[{"href":"https:\/\/ordemdosfisioterapeutas.pt\/en\/wp-json\/wp\/v2\/pages\/12782","targetHints":{"allow":["GET"]}}],"collection":[{"href":"https:\/\/ordemdosfisioterapeutas.pt\/en\/wp-json\/wp\/v2\/pages"}],"about":[{"href":"https:\/\/ordemdosfisioterapeutas.pt\/en\/wp-json\/wp\/v2\/types\/page"}],"author":[{"embeddable":true,"href":"https:\/\/ordemdosfisioterapeutas.pt\/en\/wp-json\/wp\/v2\/users\/1"}],"replies":[{"embeddable":true,"href":"https:\/\/ordemdosfisioterapeutas.pt\/en\/wp-json\/wp\/v2\/comments?post=12782"}],"version-history":[{"count":4,"href":"https:\/\/ordemdosfisioterapeutas.pt\/en\/wp-json\/wp\/v2\/pages\/12782\/revisions"}],"predecessor-version":[{"id":12828,"href":"https:\/\/ordemdosfisioterapeutas.pt\/en\/wp-json\/wp\/v2\/pages\/12782\/revisions\/12828"}],"wp:attachment":[{"href":"https:\/\/ordemdosfisioterapeutas.pt\/en\/wp-json\/wp\/v2\/media?parent=12782"}],"curies":[{"name":"wp","href":"https:\/\/api.w.org\/{rel}","templated":true}]}}