{"id":12776,"date":"2026-02-14T15:36:39","date_gmt":"2026-02-14T15:36:39","guid":{"rendered":"https:\/\/ordemdosfisioterapeutas.pt\/?page_id=12776"},"modified":"2026-04-09T20:38:31","modified_gmt":"2026-04-09T19:38:31","slug":"caderno-eleitoral-2026","status":"publish","type":"page","link":"https:\/\/ordemdosfisioterapeutas.pt\/en\/caderno-eleitoral-2026\/","title":{"rendered":"Electoral Roll"},"content":{"rendered":"<div data-elementor-type=\"wp-page\" data-elementor-id=\"12776\" class=\"elementor elementor-12776\" data-elementor-post-type=\"page\">\n\t\t\t\t<div class=\"elementor-element elementor-element-853cf6e condicoes-btn e-flex e-con-boxed e-con e-parent\" data-id=\"853cf6e\" data-element_type=\"container\" data-e-type=\"container\">\n\t\t\t\t\t<div class=\"e-con-inner\">\n\t\t\t\t<div class=\"elementor-element elementor-element-768d981 elementor-widget elementor-widget-text-editor\" data-id=\"768d981\" data-element_type=\"widget\" data-e-type=\"widget\" data-widget_type=\"text-editor.default\">\n\t\t\t\t<div class=\"elementor-widget-container\">\n\t\t\t\t\t\t\t\t\t<p><span data-olk-copy-source=\"MessageBody\">The electoral roll is available for consultation.<\/span><\/p><p>The document includes Physiotherapists with a professional domicile in the regions corresponding to the bodies to be elected, with active registration, excluding current, suspended and cancelled registrations. It also includes members whose last membership fee has been paid by November 2025 and whose registration has been completed (date of 2nd payment) by 19 January 2026.<\/p><p>The booklet can be consulted at\u00a0<span style=\"text-decoration: underline;\"><a title=\"https:\/\/portal.ordemdosfisioterapeutas.pt\/of-auth\/?app_ref=e985d1b30a025a19af003c638a7f64a2&amp;_gl=1*q5k6at*_ga*Mjc4NDI1ODQ1LjE3NDE4NjE2MzY.*_ga_HPH7F868RJ*czE3NzU3NDcxMTAkbzE2MSRnMSR0MTc3NTc0NzExMSRqNTkkbDAkaDA.\" href=\"https:\/\/portal.ordemdosfisioterapeutas.pt\/of-auth\/?app_ref=e985d1b30a025a19af003c638a7f64a2&amp;_gl=1*q5k6at*_ga*Mjc4NDI1ODQ1LjE3NDE4NjE2MzY.*_ga_HPH7F868RJ*czE3NzU3NDcxMTAkbzE2MSRnMSR0MTc3NTc0NzExMSRqNTkkbDAkaDA.\" data-auth=\"NotApplicable\" data-linkindex=\"1\">reserved area<\/a><\/span>\u00a0on the Ordem dos Fisioterapeutas website or in person at the Ordem dos Fisioterapeutas premises (LEAP Centre - Espa\u00e7o Amoreiras | Rua D. Jo\u00e3o V, n.\u00ba 24 - 1.03, 1250-091 Lisboa).<\/p><p>Complaints should be addressed to the Electoral Commission at the following email address\u00a0<span style=\"text-decoration: underline;\"><a title=\"mailto:eleicoes@ordemdosfisioterapeutas.pt\" href=\"mailto:eleicoes@ordemdosfisioterapeutas.pt\" data-linkindex=\"2\">eleicoes@ordemdosfisioterapeutas.pt<\/a><\/span>, until 25 April 2026.<\/p><p>The final electoral roll will be published on 30 April 2026.<\/p>\t\t\t\t\t\t\t\t<\/div>\n\t\t\t\t<\/div>\n\t\t\t\t\t<\/div>\n\t\t\t\t<\/div>\n\t\t<div class=\"elementor-element elementor-element-69a276f condicoes e-flex e-con-boxed e-con e-parent\" data-id=\"69a276f\" data-element_type=\"container\" data-e-type=\"container\">\n\t\t\t\t\t<div class=\"e-con-inner\">\n\t\t\t\t<div class=\"elementor-element elementor-element-98c48f2 elementor-widget elementor-widget-text-editor\" data-id=\"98c48f2\" data-element_type=\"widget\" data-e-type=\"widget\" data-widget_type=\"text-editor.default\">\n\t\t\t\t<div class=\"elementor-widget-container\">\n\t\t\t\t\t\t\t\t\t<p><span data-olk-copy-source=\"MessageBody\">The electoral roll is available for consultation.<\/span><\/p><p>The document includes Physiotherapists with a professional domicile in the regions corresponding to the bodies to be elected, with active registration, excluding current, suspended and cancelled registrations. It also includes members whose last membership fee has been paid by November 2025 and whose registration has been completed (date of 2nd payment) by 19 January 2026.<\/p><p>The booklet can be consulted at the link below or in person, at the premises of the Order of Physiotherapists (LEAP Centre - Espa\u00e7o Amoreiras | Rua D. Jo\u00e3o V, n.\u00ba 24 - 1.03, 1250-091 Lisboa).<\/p><p>Complaints should be addressed to the Electoral Commission at the following email address\u00a0<span style=\"text-decoration: underline;\"><a title=\"mailto:eleicoes@ordemdosfisioterapeutas.pt\" href=\"mailto:eleicoes@ordemdosfisioterapeutas.pt\" data-linkindex=\"3\">eleicoes@ordemdosfisioterapeutas.pt<\/a><\/span>, until 25 April 2026.<\/p><p>The final electoral roll will be published on 30 April 2026.<\/p>\t\t\t\t\t\t\t\t<\/div>\n\t\t\t\t<\/div>\n\t\t\t\t<div class=\"elementor-element elementor-element-ca4594a elementor-widget elementor-widget-button\" data-id=\"ca4594a\" data-element_type=\"widget\" data-e-type=\"widget\" data-widget_type=\"button.default\">\n\t\t\t\t<div class=\"elementor-widget-container\">\n\t\t\t\t\t\t\t\t\t<div class=\"elementor-button-wrapper\">\n\t\t\t\t\t<a class=\"elementor-button elementor-button-link elementor-size-sm\" href=\"https:\/\/ordemdosfisioterapeutas.pt\/wp-content\/uploads\/2026\/04\/Caderno-Eleitoral-10-de-Abril-2026.pdf\" target=\"_blank\">\n\t\t\t\t\t\t<span class=\"elementor-button-content-wrapper\">\n\t\t\t\t\t\t\t\t\t<span class=\"elementor-button-text\">Electoral Roll<\/span>\n\t\t\t\t\t<\/span>\n\t\t\t\t\t<\/a>\n\t\t\t\t<\/div>\n\t\t\t\t\t\t\t\t<\/div>\n\t\t\t\t<\/div>\n\t\t\t\t\t<\/div>\n\t\t\t\t<\/div>\n\t\t\t\t<\/div>","protected":false},"excerpt":{"rendered":"<p>O caderno eleitoral encontra-se dispon\u00edvel para consulta. O documento inclui os Fisioterapeutas com domic\u00edlio profissional nas regi\u00f5es correspondentes aos \u00f3rg\u00e3os a eleger, com inscri\u00e7\u00e3o ativa, encontrando-se exclu\u00eddas as inscri\u00e7\u00f5es em curso, suspensas e canceladas. Integra ainda os membros com \u00faltima quota paga at\u00e9 novembro de 2025 e com inscri\u00e7\u00e3o conclu\u00edda (data do 2.\u00ba pagamento) at\u00e9 &#8230; <a title=\"Electoral Roll\" class=\"read-more\" href=\"https:\/\/ordemdosfisioterapeutas.pt\/en\/caderno-eleitoral-2026\/\" aria-label=\"Read more about Electoral roll\">Read more<\/a><\/p>","protected":false},"author":1,"featured_media":0,"parent":0,"menu_order":0,"comment_status":"closed","ping_status":"closed","template":"","meta":{"footnotes":""},"class_list":["post-12776","page","type-page","status-publish"],"_links":{"self":[{"href":"https:\/\/ordemdosfisioterapeutas.pt\/en\/wp-json\/wp\/v2\/pages\/12776","targetHints":{"allow":["GET"]}}],"collection":[{"href":"https:\/\/ordemdosfisioterapeutas.pt\/en\/wp-json\/wp\/v2\/pages"}],"about":[{"href":"https:\/\/ordemdosfisioterapeutas.pt\/en\/wp-json\/wp\/v2\/types\/page"}],"author":[{"embeddable":true,"href":"https:\/\/ordemdosfisioterapeutas.pt\/en\/wp-json\/wp\/v2\/users\/1"}],"replies":[{"embeddable":true,"href":"https:\/\/ordemdosfisioterapeutas.pt\/en\/wp-json\/wp\/v2\/comments?post=12776"}],"version-history":[{"count":10,"href":"https:\/\/ordemdosfisioterapeutas.pt\/en\/wp-json\/wp\/v2\/pages\/12776\/revisions"}],"predecessor-version":[{"id":13230,"href":"https:\/\/ordemdosfisioterapeutas.pt\/en\/wp-json\/wp\/v2\/pages\/12776\/revisions\/13230"}],"wp:attachment":[{"href":"https:\/\/ordemdosfisioterapeutas.pt\/en\/wp-json\/wp\/v2\/media?parent=12776"}],"curies":[{"name":"wp","href":"https:\/\/api.w.org\/{rel}","templated":true}]}}