{"id":12770,"date":"2026-02-14T15:33:24","date_gmt":"2026-02-14T15:33:24","guid":{"rendered":"https:\/\/ordemdosfisioterapeutas.pt\/?page_id=12770"},"modified":"2026-03-20T19:10:17","modified_gmt":"2026-03-20T19:10:17","slug":"comissao-eleitoral-2026","status":"publish","type":"page","link":"https:\/\/ordemdosfisioterapeutas.pt\/en\/comissao-eleitoral-2026\/","title":{"rendered":"Electoral Commission"},"content":{"rendered":"<div data-elementor-type=\"wp-page\" data-elementor-id=\"12770\" class=\"elementor elementor-12770\" data-elementor-post-type=\"page\">\n\t\t\t\t<div class=\"elementor-element elementor-element-5631aeb e-flex e-con-boxed e-con e-parent\" data-id=\"5631aeb\" data-element_type=\"container\" data-e-type=\"container\">\n\t\t\t\t\t<div class=\"e-con-inner\">\n\t\t\t\t<div class=\"elementor-element elementor-element-44942b5 elementor-widget elementor-widget-text-editor\" data-id=\"44942b5\" data-element_type=\"widget\" data-e-type=\"widget\" data-widget_type=\"text-editor.default\">\n\t\t\t\t<div class=\"elementor-widget-container\">\n\t\t\t\t\t\t\t\t\t<p><span data-olk-copy-source=\"MessageBody\">The Electoral Commission is responsible for guaranteeing the legality and transparency of the entire electoral process. It plays a key role in overseeing all stages of the electoral process, from the receipt of applications to the tabulation of results.<\/span><\/p><p>In accordance with the Electoral Regulations, the Electoral Commission is made up of the chairman of the board of the general council and a representative from each of the lists admitted to the vote, appointed when the respective nominations were submitted.<\/p><p>The Electoral Commission for Elections 2026 - Complementary Electoral Act is made up as follows:<\/p><p><strong>Chairman of the Electoral Commission<\/strong><br \/>Maria Ant\u00f3nio Ferreira de Castro, CP no. 410<br \/>(Chairman of the General Council)<\/p><p><strong>Representatives of the applications accepted:<\/strong><\/p><p>Representative of the list headed by Mara Soraia Gon\u00e7alves Gouveia Abreu Teixeira for the Madeira Regional Directorate:<br \/>N\u00e1dia Priscila Vieira da Silva, CP no. 9652<\/p><p>Representative of the list headed by Ol\u00edmpio Manuel Gouveia Pereira to the Bureau of the Southern Regional Assembly:<br \/>Jo\u00e3o Filipe Ferreira, CP no. 13204<\/p>\t\t\t\t\t\t\t\t<\/div>\n\t\t\t\t<\/div>\n\t\t\t\t\t<\/div>\n\t\t\t\t<\/div>\n\t\t\t\t<\/div>","protected":false},"excerpt":{"rendered":"<p>A Comiss\u00e3o Eleitoral \u00e9 respons\u00e1vel por garantir a legalidade e a transpar\u00eancia de todo o processo eleitoral. Desempenha um papel fundamental na supervis\u00e3o de todas as fases do processo eleitoral, desde a rece\u00e7\u00e3o das candidaturas at\u00e9 ao apuramento dos resultados. De acordo com o Regulamento Eleitoral, a Comiss\u00e3o Eleitoral \u00e9 composta pelo presidente da mesa &#8230; <a title=\"Electoral Commission\" class=\"read-more\" href=\"https:\/\/ordemdosfisioterapeutas.pt\/en\/comissao-eleitoral-2026\/\" aria-label=\"Read more about Electoral Commission\">Read more<\/a><\/p>","protected":false},"author":1,"featured_media":0,"parent":0,"menu_order":0,"comment_status":"closed","ping_status":"closed","template":"","meta":{"footnotes":""},"class_list":["post-12770","page","type-page","status-publish"],"_links":{"self":[{"href":"https:\/\/ordemdosfisioterapeutas.pt\/en\/wp-json\/wp\/v2\/pages\/12770","targetHints":{"allow":["GET"]}}],"collection":[{"href":"https:\/\/ordemdosfisioterapeutas.pt\/en\/wp-json\/wp\/v2\/pages"}],"about":[{"href":"https:\/\/ordemdosfisioterapeutas.pt\/en\/wp-json\/wp\/v2\/types\/page"}],"author":[{"embeddable":true,"href":"https:\/\/ordemdosfisioterapeutas.pt\/en\/wp-json\/wp\/v2\/users\/1"}],"replies":[{"embeddable":true,"href":"https:\/\/ordemdosfisioterapeutas.pt\/en\/wp-json\/wp\/v2\/comments?post=12770"}],"version-history":[{"count":7,"href":"https:\/\/ordemdosfisioterapeutas.pt\/en\/wp-json\/wp\/v2\/pages\/12770\/revisions"}],"predecessor-version":[{"id":13095,"href":"https:\/\/ordemdosfisioterapeutas.pt\/en\/wp-json\/wp\/v2\/pages\/12770\/revisions\/13095"}],"wp:attachment":[{"href":"https:\/\/ordemdosfisioterapeutas.pt\/en\/wp-json\/wp\/v2\/media?parent=12770"}],"curies":[{"name":"wp","href":"https:\/\/api.w.org\/{rel}","templated":true}]}}