{"id":12539,"date":"2026-01-22T16:36:11","date_gmt":"2026-01-22T16:36:11","guid":{"rendered":"https:\/\/ordemdosfisioterapeutas.pt\/?page_id=12539"},"modified":"2026-01-22T16:36:55","modified_gmt":"2026-01-22T16:36:55","slug":"mesa-da-assembleia-regional-centro-2026","status":"publish","type":"page","link":"https:\/\/ordemdosfisioterapeutas.pt\/en\/mesa-da-assembleia-regional-centro-2026\/","title":{"rendered":"Bureau of the Centre Regional Assembly"},"content":{"rendered":"<div data-elementor-type=\"wp-page\" data-elementor-id=\"12539\" class=\"elementor elementor-12539\" data-elementor-post-type=\"page\">\n\t\t\t\t<div class=\"elementor-element elementor-element-3ab7cbf e-flex e-con-boxed e-con e-parent\" data-id=\"3ab7cbf\" data-element_type=\"container\" data-e-type=\"container\">\n\t\t\t\t\t<div class=\"e-con-inner\">\n\t\t\t\t<div class=\"elementor-element elementor-element-103c96b elementor-widget elementor-widget-text-editor\" data-id=\"103c96b\" data-element_type=\"widget\" data-e-type=\"widget\" data-widget_type=\"text-editor.default\">\n\t\t\t\t<div class=\"elementor-widget-container\">\n\t\t\t\t\t\t\t\t\t<p><i><span data-olk-copy-source=\"MessageBody\">The Governing Bodies for the 2025-2029 quadrennium are currently being updated.<br \/>For the nominal composition of the Governing Bodies, see\u00a0<span style=\"text-decoration: underline;\"><a title=\"https:\/\/ordemdosfisioterapeutas.pt\/pt\/resultados-oficiais-2025\/\" href=\"https:\/\/ordemdosfisioterapeutas.pt\/en\/resultados-oficiais-2025\/\" target=\"_blank\" rel=\"noopener\" data-auth=\"NotApplicable\" data-linkindex=\"0\">here<\/a><\/span>.<\/span><\/i><\/p>\t\t\t\t\t\t\t\t<\/div>\n\t\t\t\t<\/div>\n\t\t\t\t\t<\/div>\n\t\t\t\t<\/div>\n\t\t\t\t<\/div>","protected":false},"excerpt":{"rendered":"<p>Os \u00d3rg\u00e3os Sociais do quadri\u00e9nio 2025\u20132029 encontram-se em fase de atualiza\u00e7\u00e3o.Para conhecer a composi\u00e7\u00e3o nominal dos \u00d3rg\u00e3os Sociais, consulte\u00a0aqui.<\/p>","protected":false},"author":1,"featured_media":0,"parent":0,"menu_order":0,"comment_status":"closed","ping_status":"closed","template":"","meta":{"footnotes":""},"class_list":["post-12539","page","type-page","status-publish"],"_links":{"self":[{"href":"https:\/\/ordemdosfisioterapeutas.pt\/en\/wp-json\/wp\/v2\/pages\/12539","targetHints":{"allow":["GET"]}}],"collection":[{"href":"https:\/\/ordemdosfisioterapeutas.pt\/en\/wp-json\/wp\/v2\/pages"}],"about":[{"href":"https:\/\/ordemdosfisioterapeutas.pt\/en\/wp-json\/wp\/v2\/types\/page"}],"author":[{"embeddable":true,"href":"https:\/\/ordemdosfisioterapeutas.pt\/en\/wp-json\/wp\/v2\/users\/1"}],"replies":[{"embeddable":true,"href":"https:\/\/ordemdosfisioterapeutas.pt\/en\/wp-json\/wp\/v2\/comments?post=12539"}],"version-history":[{"count":4,"href":"https:\/\/ordemdosfisioterapeutas.pt\/en\/wp-json\/wp\/v2\/pages\/12539\/revisions"}],"predecessor-version":[{"id":12543,"href":"https:\/\/ordemdosfisioterapeutas.pt\/en\/wp-json\/wp\/v2\/pages\/12539\/revisions\/12543"}],"wp:attachment":[{"href":"https:\/\/ordemdosfisioterapeutas.pt\/en\/wp-json\/wp\/v2\/media?parent=12539"}],"curies":[{"name":"wp","href":"https:\/\/api.w.org\/{rel}","templated":true}]}}