{"id":12499,"date":"2026-01-22T15:33:57","date_gmt":"2026-01-22T15:33:57","guid":{"rendered":"https:\/\/ordemdosfisioterapeutas.pt\/?page_id=12499"},"modified":"2026-02-05T18:04:10","modified_gmt":"2026-02-05T18:04:10","slug":"direcao-2026","status":"publish","type":"page","link":"https:\/\/ordemdosfisioterapeutas.pt\/en\/direcao-2026\/","title":{"rendered":"Direction"},"content":{"rendered":"<div data-elementor-type=\"wp-page\" data-elementor-id=\"12499\" class=\"elementor elementor-12499\" data-elementor-post-type=\"page\">\n\t\t\t\t<div class=\"elementor-element elementor-element-e11717d e-flex e-con-boxed e-con e-parent\" data-id=\"e11717d\" data-element_type=\"container\" data-e-type=\"container\">\n\t\t\t\t\t<div class=\"e-con-inner\">\n\t\t<div class=\"elementor-element elementor-element-1b040f6 e-con-full e-flex e-con e-child\" data-id=\"1b040f6\" data-element_type=\"container\" data-e-type=\"container\">\n\t\t\t\t<\/div>\n\t\t<div class=\"elementor-element elementor-element-a0816de e-con-full e-flex e-con e-child\" data-id=\"a0816de\" data-element_type=\"container\" data-e-type=\"container\">\n\t\t\t\t<div class=\"elementor-element elementor-element-0c1b505 elementor-position-top elementor-widget elementor-widget-image-box\" data-id=\"0c1b505\" data-element_type=\"widget\" data-e-type=\"widget\" data-widget_type=\"image-box.default\">\n\t\t\t\t<div class=\"elementor-widget-container\">\n\t\t\t\t\t<div class=\"elementor-image-box-wrapper\"><figure class=\"elementor-image-box-img\"><a href=\"https:\/\/ordemdosfisioterapeutas.pt\/wp-content\/uploads\/2026\/02\/AntonioLopes_NotaCurricular.pdf\" target=\"_blank\" tabindex=\"-1\"><img fetchpriority=\"high\" decoding=\"async\" width=\"550\" height=\"383\" src=\"https:\/\/ordemdosfisioterapeutas.pt\/wp-content\/uploads\/2026\/02\/antonio-lopes.png\" class=\"attachment-full size-full wp-image-12682\" alt=\"\" srcset=\"https:\/\/ordemdosfisioterapeutas.pt\/wp-content\/uploads\/2026\/02\/antonio-lopes.png 550w, https:\/\/ordemdosfisioterapeutas.pt\/wp-content\/uploads\/2026\/02\/antonio-lopes-300x209.png 300w, https:\/\/ordemdosfisioterapeutas.pt\/wp-content\/uploads\/2026\/02\/antonio-lopes-18x12.png 18w\" sizes=\"(max-width: 550px) 100vw, 550px\" \/><\/a><\/figure><div class=\"elementor-image-box-content\"><h3 class=\"elementor-image-box-title\"><a href=\"https:\/\/ordemdosfisioterapeutas.pt\/wp-content\/uploads\/2026\/02\/AntonioLopes_NotaCurricular.pdf\" target=\"_blank\">Ant\u00f3nio Lopes<\/a><\/h3><p class=\"elementor-image-box-description\">President of the Board of Directors\n<br>\nC\u00e9dula n.\u00ba: 2\n<\/p><\/div><\/div>\t\t\t\t<\/div>\n\t\t\t\t<\/div>\n\t\t\t\t<\/div>\n\t\t<div class=\"elementor-element elementor-element-1a24dac e-con-full e-flex e-con e-child\" data-id=\"1a24dac\" data-element_type=\"container\" data-e-type=\"container\">\n\t\t\t\t<\/div>\n\t\t<div class=\"elementor-element elementor-element-bcb0830 e-con-full e-flex e-con e-child\" data-id=\"bcb0830\" data-element_type=\"container\" data-e-type=\"container\">\n\t\t\t\t<\/div>\n\t\t<div class=\"elementor-element elementor-element-c787d08 e-con-full e-flex e-con e-child\" data-id=\"c787d08\" data-element_type=\"container\" data-e-type=\"container\">\n\t\t\t\t<div class=\"elementor-element elementor-element-e98ab8c elementor-position-top elementor-widget elementor-widget-image-box\" data-id=\"e98ab8c\" data-element_type=\"widget\" data-e-type=\"widget\" data-widget_type=\"image-box.default\">\n\t\t\t\t<div class=\"elementor-widget-container\">\n\t\t\t\t\t<div class=\"elementor-image-box-wrapper\"><figure class=\"elementor-image-box-img\"><a href=\"https:\/\/ordemdosfisioterapeutas.pt\/wp-content\/uploads\/2026\/02\/CBettencourt_NotaCurricular.pdf\" target=\"_blank\" tabindex=\"-1\"><img decoding=\"async\" width=\"550\" height=\"383\" src=\"https:\/\/ordemdosfisioterapeutas.pt\/wp-content\/uploads\/2026\/02\/conceicao_bettencourt_web.png\" class=\"attachment-full size-full wp-image-12683\" alt=\"\" srcset=\"https:\/\/ordemdosfisioterapeutas.pt\/wp-content\/uploads\/2026\/02\/conceicao_bettencourt_web.png 550w, https:\/\/ordemdosfisioterapeutas.pt\/wp-content\/uploads\/2026\/02\/conceicao_bettencourt_web-300x209.png 300w, https:\/\/ordemdosfisioterapeutas.pt\/wp-content\/uploads\/2026\/02\/conceicao_bettencourt_web-18x12.png 18w\" sizes=\"(max-width: 550px) 100vw, 550px\" \/><\/a><\/figure><div class=\"elementor-image-box-content\"><h3 class=\"elementor-image-box-title\"><a href=\"https:\/\/ordemdosfisioterapeutas.pt\/wp-content\/uploads\/2026\/02\/CBettencourt_NotaCurricular.pdf\" target=\"_blank\">Concei\u00e7\u00e3o Bettencourt <\/a><\/h3><p class=\"elementor-image-box-description\">1st Vice-President\n<br>\nC\u00e9dula n.\u00ba: 5\n<\/p><\/div><\/div>\t\t\t\t<\/div>\n\t\t\t\t<\/div>\n\t\t\t\t<\/div>\n\t\t<div class=\"elementor-element elementor-element-4600b64 e-con-full e-flex e-con e-child\" data-id=\"4600b64\" data-element_type=\"container\" data-e-type=\"container\">\n\t\t\t\t<div class=\"elementor-element elementor-element-5f5bfdc elementor-position-top elementor-widget elementor-widget-image-box\" data-id=\"5f5bfdc\" data-element_type=\"widget\" data-e-type=\"widget\" data-widget_type=\"image-box.default\">\n\t\t\t\t<div class=\"elementor-widget-container\">\n\t\t\t\t\t<div class=\"elementor-image-box-wrapper\"><figure class=\"elementor-image-box-img\"><a href=\"https:\/\/ordemdosfisioterapeutas.pt\/wp-content\/uploads\/2026\/02\/Pedro-rebelo_NotaCurricular.pdf\" target=\"_blank\" tabindex=\"-1\"><img decoding=\"async\" width=\"550\" height=\"383\" src=\"https:\/\/ordemdosfisioterapeutas.pt\/wp-content\/uploads\/2026\/02\/pedro-rebelo_web.png\" class=\"attachment-full size-full wp-image-12684\" alt=\"\" srcset=\"https:\/\/ordemdosfisioterapeutas.pt\/wp-content\/uploads\/2026\/02\/pedro-rebelo_web.png 550w, https:\/\/ordemdosfisioterapeutas.pt\/wp-content\/uploads\/2026\/02\/pedro-rebelo_web-300x209.png 300w, https:\/\/ordemdosfisioterapeutas.pt\/wp-content\/uploads\/2026\/02\/pedro-rebelo_web-18x12.png 18w\" sizes=\"(max-width: 550px) 100vw, 550px\" \/><\/a><\/figure><div class=\"elementor-image-box-content\"><h3 class=\"elementor-image-box-title\"><a href=\"https:\/\/ordemdosfisioterapeutas.pt\/wp-content\/uploads\/2026\/02\/Pedro-rebelo_NotaCurricular.pdf\" target=\"_blank\">Pedro Rebelo<\/a><\/h3><p class=\"elementor-image-box-description\">2nd Vice-President\n<br>\nC\u00e9dula n.\u00ba: 4\n<\/p><\/div><\/div>\t\t\t\t<\/div>\n\t\t\t\t<\/div>\n\t\t\t\t<\/div>\n\t\t<div class=\"elementor-element elementor-element-43e44c4 e-con-full e-flex e-con e-child\" data-id=\"43e44c4\" data-element_type=\"container\" data-e-type=\"container\">\n\t\t\t\t<\/div>\n\t\t<div class=\"elementor-element elementor-element-8089b9d e-con-full e-flex e-con e-child\" data-id=\"8089b9d\" data-element_type=\"container\" data-e-type=\"container\">\n\t\t\t\t<\/div>\n\t\t<div class=\"elementor-element elementor-element-d6403f6 e-con-full e-flex e-con e-child\" data-id=\"d6403f6\" data-element_type=\"container\" data-e-type=\"container\">\n\t\t\t\t<div class=\"elementor-element elementor-element-3a8120e elementor-position-top elementor-widget elementor-widget-image-box\" data-id=\"3a8120e\" data-element_type=\"widget\" data-e-type=\"widget\" data-widget_type=\"image-box.default\">\n\t\t\t\t<div class=\"elementor-widget-container\">\n\t\t\t\t\t<div class=\"elementor-image-box-wrapper\"><figure class=\"elementor-image-box-img\"><a href=\"https:\/\/ordemdosfisioterapeutas.pt\/wp-content\/uploads\/2026\/02\/afonso-neutel_Notacurricular.pdf\" target=\"_blank\" tabindex=\"-1\"><img loading=\"lazy\" decoding=\"async\" width=\"550\" height=\"383\" src=\"https:\/\/ordemdosfisioterapeutas.pt\/wp-content\/uploads\/2026\/02\/afonso-neutel_web.png\" class=\"attachment-full size-full wp-image-12685\" alt=\"\" srcset=\"https:\/\/ordemdosfisioterapeutas.pt\/wp-content\/uploads\/2026\/02\/afonso-neutel_web.png 550w, https:\/\/ordemdosfisioterapeutas.pt\/wp-content\/uploads\/2026\/02\/afonso-neutel_web-300x209.png 300w, https:\/\/ordemdosfisioterapeutas.pt\/wp-content\/uploads\/2026\/02\/afonso-neutel_web-18x12.png 18w\" sizes=\"(max-width: 550px) 100vw, 550px\" \/><\/a><\/figure><div class=\"elementor-image-box-content\"><h3 class=\"elementor-image-box-title\"><a href=\"https:\/\/ordemdosfisioterapeutas.pt\/wp-content\/uploads\/2026\/02\/afonso-neutel_Notacurricular.pdf\" target=\"_blank\">Afonso Neutel<\/a><\/h3><p class=\"elementor-image-box-description\">Member\n<br>\nC\u00e9dula n.\u00ba: 8\n<\/p><\/div><\/div>\t\t\t\t<\/div>\n\t\t\t\t<\/div>\n\t\t\t\t<\/div>\n\t\t<div class=\"elementor-element elementor-element-43fc303 e-con-full e-flex e-con e-child\" data-id=\"43fc303\" data-element_type=\"container\" data-e-type=\"container\">\n\t\t\t\t<div class=\"elementor-element elementor-element-18ff73e elementor-position-top elementor-widget elementor-widget-image-box\" data-id=\"18ff73e\" data-element_type=\"widget\" data-e-type=\"widget\" data-widget_type=\"image-box.default\">\n\t\t\t\t<div class=\"elementor-widget-container\">\n\t\t\t\t\t<div class=\"elementor-image-box-wrapper\"><figure class=\"elementor-image-box-img\"><a href=\"https:\/\/ordemdosfisioterapeutas.pt\/wp-content\/uploads\/2026\/02\/sofia_jordao_nota_curricular.pdf\" target=\"_blank\" tabindex=\"-1\"><img loading=\"lazy\" decoding=\"async\" width=\"550\" height=\"383\" src=\"https:\/\/ordemdosfisioterapeutas.pt\/wp-content\/uploads\/2026\/02\/SOFIA_jordao_web.png\" class=\"attachment-full size-full wp-image-12686\" alt=\"\" srcset=\"https:\/\/ordemdosfisioterapeutas.pt\/wp-content\/uploads\/2026\/02\/SOFIA_jordao_web.png 550w, https:\/\/ordemdosfisioterapeutas.pt\/wp-content\/uploads\/2026\/02\/SOFIA_jordao_web-300x209.png 300w, https:\/\/ordemdosfisioterapeutas.pt\/wp-content\/uploads\/2026\/02\/SOFIA_jordao_web-18x12.png 18w\" sizes=\"(max-width: 550px) 100vw, 550px\" \/><\/a><\/figure><div class=\"elementor-image-box-content\"><h3 class=\"elementor-image-box-title\"><a href=\"https:\/\/ordemdosfisioterapeutas.pt\/wp-content\/uploads\/2026\/02\/sofia_jordao_nota_curricular.pdf\" target=\"_blank\">Sofia Jord\u00e3o<\/a><\/h3><p class=\"elementor-image-box-description\"> Member\n<br>\nC\u00e9dula no.: 4683\n<\/p><\/div><\/div>\t\t\t\t<\/div>\n\t\t\t\t<\/div>\n\t\t\t\t<\/div>\n\t\t<div class=\"elementor-element elementor-element-c7968a9 e-con-full e-flex e-con e-child\" data-id=\"c7968a9\" data-element_type=\"container\" data-e-type=\"container\">\n\t\t\t\t<\/div>\n\t\t\t\t\t<\/div>\n\t\t\t\t<\/div>\n\t\t\t\t<\/div>","protected":false},"excerpt":{"rendered":"<p>Ant\u00f3nio Lopes Baston\u00e1rio e Presidente da Dire\u00e7\u00e3o C\u00e9dula n.\u00ba: 2 Concei\u00e7\u00e3o Bettencourt 1\u00ba Vice-Presidente C\u00e9dula n.\u00ba: 5 Pedro Rebelo 2\u00ba Vice-Presidente C\u00e9dula n.\u00ba: 4 Afonso Neutel Vogal C\u00e9dula n.\u00ba: 8 Sofia Jord\u00e3o Vogal C\u00e9dula n.\u00ba: 4683<\/p>","protected":false},"author":1,"featured_media":0,"parent":0,"menu_order":0,"comment_status":"closed","ping_status":"closed","template":"","meta":{"footnotes":""},"class_list":["post-12499","page","type-page","status-publish"],"_links":{"self":[{"href":"https:\/\/ordemdosfisioterapeutas.pt\/en\/wp-json\/wp\/v2\/pages\/12499","targetHints":{"allow":["GET"]}}],"collection":[{"href":"https:\/\/ordemdosfisioterapeutas.pt\/en\/wp-json\/wp\/v2\/pages"}],"about":[{"href":"https:\/\/ordemdosfisioterapeutas.pt\/en\/wp-json\/wp\/v2\/types\/page"}],"author":[{"embeddable":true,"href":"https:\/\/ordemdosfisioterapeutas.pt\/en\/wp-json\/wp\/v2\/users\/1"}],"replies":[{"embeddable":true,"href":"https:\/\/ordemdosfisioterapeutas.pt\/en\/wp-json\/wp\/v2\/comments?post=12499"}],"version-history":[{"count":19,"href":"https:\/\/ordemdosfisioterapeutas.pt\/en\/wp-json\/wp\/v2\/pages\/12499\/revisions"}],"predecessor-version":[{"id":12708,"href":"https:\/\/ordemdosfisioterapeutas.pt\/en\/wp-json\/wp\/v2\/pages\/12499\/revisions\/12708"}],"wp:attachment":[{"href":"https:\/\/ordemdosfisioterapeutas.pt\/en\/wp-json\/wp\/v2\/media?parent=12499"}],"curies":[{"name":"wp","href":"https:\/\/api.w.org\/{rel}","templated":true}]}}