{"id":340,"date":"2020-09-29T20:18:58","date_gmt":"2020-09-29T20:18:58","guid":{"rendered":"https:\/\/ordemdosfisioterapeutas.pt\/?page_id=340"},"modified":"2026-02-03T08:38:10","modified_gmt":"2026-02-03T08:38:10","slug":"historia-da-ordem-dos-fisioterapeutas","status":"publish","type":"page","link":"http:\/\/ordemdosfisioterapeutas.pt\/pt\/historia-da-ordem-dos-fisioterapeutas\/","title":{"rendered":"Hist\u00f3ria da Ordem dos Fisioterapeutas"},"content":{"rendered":"\t\t<div data-elementor-type=\"wp-page\" data-elementor-id=\"340\" class=\"elementor elementor-340\" data-elementor-post-type=\"page\">\n\t\t\t\t\t\t<section class=\"elementor-section elementor-top-section elementor-element elementor-element-1069ebb6 elementor-section-boxed elementor-section-height-default elementor-section-height-default\" data-id=\"1069ebb6\" data-element_type=\"section\" data-e-type=\"section\">\n\t\t\t\t\t\t<div class=\"elementor-container elementor-column-gap-default\">\n\t\t\t\t\t<div class=\"elementor-column elementor-col-100 elementor-top-column elementor-element elementor-element-2f009988\" data-id=\"2f009988\" data-element_type=\"column\" data-e-type=\"column\">\n\t\t\t<div class=\"elementor-widget-wrap elementor-element-populated\">\n\t\t\t\t\t\t<div class=\"elementor-element elementor-element-8960567 elementor-widget elementor-widget-text-editor\" data-id=\"8960567\" data-element_type=\"widget\" data-e-type=\"widget\" data-widget_type=\"text-editor.default\">\n\t\t\t\t<div class=\"elementor-widget-container\">\n\t\t\t\t\t\t\t\t\t<p>O processo da cria\u00e7\u00e3o da Ordem dos Fisioterapeutas teve in\u00edcio em 1998 na sequ\u00eancia da altera\u00e7\u00e3o dos estatutos da Associa\u00e7\u00e3o Portuguesa de Fisioterapeutas (APFisio)| Durante 20 anos, o processo passou por v\u00e1rias fases:<\/p>\t\t\t\t\t\t\t\t<\/div>\n\t\t\t\t<\/div>\n\t\t\t\t<div class=\"elementor-element elementor-element-05ba553 elementor-widget elementor-widget-be-timeline\" data-id=\"05ba553\" data-element_type=\"widget\" data-e-type=\"widget\" data-widget_type=\"be-timeline.default\">\n\t\t\t\t<div class=\"elementor-widget-container\">\n\t\t\t\t\t<ul class=\"be-pack timeline \"><li class=\"timeline-right\"> \n\t\t\t<div class=\"tl-circ\"><\/div>\n\t\t <div class=\"timeline-panel\">\n\t\t   <div class=\"tl-heading\">\n\t\t\t <div class=\"tl-content\">\n\n\t\t\t    \n\t\t\t\t\t\t\n\t\t\t\t\t\t<div class=\"be-desc\">\n\t\t\t\t\t\t\t<h2 class=\"be-title\">Dire\u00e7\u00e3o da Ordem dos Fisioterapeutas \u2013 Quadri\u00e9nio 2025\u20132029<\/h2>\t\t\t\t\t\t\t<div class=\"be-content\"><p>A Dire\u00e7\u00e3o da Ordem dos Fisioterapeutas foi ratificada na reuni\u00e3o do Conselho Geral a 15 de janeiro de 2025. A Dire\u00e7\u00e3o \u00e9 composta por: Ant\u00f3nio Lopes (Presidente), Concei\u00e7\u00e3o Bettencourt ( 1\u00ba Vice-Presidente ), Pedro Rebelo ( 2\u00ba Vice-Presidente), Afonso Neutel ( Vogal ) e Sofia Jord\u00e3o (Vogal)<\/p><\/div>\t\t\t\t\t\t<\/div>\n\n\t\t\t\t\t\n\t\t\t\t<\/div>\n\n\t\t\t<\/div>\n\t\t<\/div>\n\t\t\t<\/li>\n\t\t\t<li class=\"timeline-inverted\"> \n\t\t\t<div class=\"tl-circ\"><\/div>\n\t\t <div class=\"timeline-panel\">\n\t\t   <div class=\"tl-heading\">\n\t\t\t <div class=\"tl-content\">\n\n\t\t\t    \n\t\t\t\t\t\t\n\t\t\t\t\t\t<div class=\"be-desc\">\n\t\t\t\t\t\t\t<h2 class=\"be-title\">Tomada de posse dos \u00d3rg\u00e3os Sociais eleitos<\/h2>\t\t\t\t\t\t\t<div class=\"be-content\"><p>Os \u00d3rg\u00e3os Sociais eleitos tomaram posse no dia 13 de dezembro de 2025, no Audit\u00f3rio da Escola Superior de Sa\u00fade de Lisboa.<\/p><\/div>\t\t\t\t\t\t<\/div>\n\n\t\t\t\t\t\n\t\t\t\t<\/div>\n\n\t\t\t<\/div>\n\t\t<\/div>\n\t\t\t<\/li>\n\t\t\t<li class=\"timeline-right\"> \n\t\t\t<div class=\"tl-circ\"><\/div>\n\t\t <div class=\"timeline-panel\">\n\t\t   <div class=\"tl-heading\">\n\t\t\t <div class=\"tl-content\">\n\n\t\t\t    \n\t\t\t\t\t\t\n\t\t\t\t\t\t<div class=\"be-desc\">\n\t\t\t\t\t\t\t<h2 class=\"be-title\">Elei\u00e7\u00f5es para os \u00d3rg\u00e3os Sociais Quadri\u00e9nio 2025\u20132029<\/h2>\t\t\t\t\t\t\t<div class=\"be-content\"><p>As elei\u00e7\u00f5es para os \u00d3rg\u00e3os Sociais (nacionais e regionais) da Ordem dos Fisioterapeutas realizaram-se a 5 de dezembro de 2025.<\/p><\/div>\t\t\t\t\t\t<\/div>\n\n\t\t\t\t\t\n\t\t\t\t<\/div>\n\n\t\t\t<\/div>\n\t\t<\/div>\n\t\t\t<\/li>\n\t\t\t<li class=\"timeline-inverted\"> \n\t\t\t<div class=\"tl-circ\"><\/div>\n\t\t <div class=\"timeline-panel\">\n\t\t   <div class=\"tl-heading\">\n\t\t\t <div class=\"tl-content\">\n\n\t\t\t    \n\t\t\t\t\t\t\n\t\t\t\t\t\t<div class=\"be-desc\">\n\t\t\t\t\t\t\t<h2 class=\"be-title\">\u00d3rg\u00e3os Sociais 2021-2025<\/h2>\t\t\t\t\t\t\t<div class=\"be-content\"><p><span style=\"text-decoration: underline\"><a title=\"Conselho Geral\" href=\"https:\/\/ordemdosfisioterapeutas.pt\/pt\/conselho-geral\/\" target=\"_blank\" rel=\"noopener\">Conselho Geral<\/a><\/span><\/p><p><span style=\"text-decoration: underline\"><a href=\"https:\/\/ordemdosfisioterapeutas.pt\/pt\/direcao\/\" target=\"_blank\" rel=\"noopener\">Dire\u00e7\u00e3o<\/a><\/span><\/p><p><span style=\"text-decoration: underline\"><a href=\"https:\/\/ordemdosfisioterapeutas.pt\/pt\/conselho-jurisdicional\/\" target=\"_blank\" rel=\"noopener\">Conselho Jurisdicional<\/a><\/span><\/p><p><span style=\"text-decoration: underline\"><a href=\"https:\/\/ordemdosfisioterapeutas.pt\/pt\/conselho-de-supervisao\/\" target=\"_blank\" rel=\"noopener\">Conselho de Supervis\u00e3o<\/a><\/span><\/p><p><span style=\"text-decoration: underline\"><a href=\"https:\/\/ordemdosfisioterapeutas.pt\/pt\/conselho-fiscal\/\" target=\"_blank\" rel=\"noopener\">Conselho Fiscal<\/a><\/span><\/p><\/div>\t\t\t\t\t\t<\/div>\n\n\t\t\t\t\t\n\t\t\t\t<\/div>\n\n\t\t\t<\/div>\n\t\t<\/div>\n\t\t\t<\/li>\n\t\t\t<li class=\"timeline-right\"> \n\t\t\t<div class=\"tl-circ\"><\/div>\n\t\t <div class=\"timeline-panel\">\n\t\t   <div class=\"tl-heading\">\n\t\t\t <div class=\"tl-content\">\n\n\t\t\t    \n\t\t\t\t\t\t\n\t\t\t\t\t\t<div class=\"be-desc\">\n\t\t\t\t\t\t\t<h2 class=\"be-title\"><\/h2>\t\t\t\t\t\t\t<div class=\"be-content\"><p>No decurso do mandato, a vogal Ana Gon\u00e7alves cessou fun\u00e7\u00f5es, tendo sido substitu\u00edda pela fisioterapeuta Carla Pimenta, a partir de 29 de abril de 2024, nos termos estatut\u00e1rios aplic\u00e1veis.<\/p><\/div>\t\t\t\t\t\t<\/div>\n\n\t\t\t\t\t\n\t\t\t\t<\/div>\n\n\t\t\t<\/div>\n\t\t<\/div>\n\t\t\t<\/li>\n\t\t\t<li class=\"timeline-inverted\"> \n\t\t\t<div class=\"tl-circ\"><\/div>\n\t\t <div class=\"timeline-panel\">\n\t\t   <div class=\"tl-heading\">\n\t\t\t <div class=\"tl-content\">\n\n\t\t\t    \n\t\t\t\t\t\t\n\t\t\t\t\t\t<div class=\"be-desc\">\n\t\t\t\t\t\t\t<h2 class=\"be-title\">Primeira Dire\u00e7\u00e3o da Ordem dos Fisioterapeutas<\/h2>\t\t\t\t\t\t\t<div class=\"be-content\"><p>A primeira dire\u00e7\u00e3o da hist\u00f3ria da Ordem dos Fisioterapeutas foi ratificada na primeira reuni\u00e3o do Conselho Geral da Ordem no dia 21 de Dezembro de 2021. A Dire\u00e7\u00e3o \u00e9 composta por: Ant\u00f3nio Lopes ( Presidente ), Nuno Cordeiro ( 1\u00ba Vice-Presidente ), Concei\u00e7\u00e3o Bettencourt ( 2\u00ba Vice-Presidente ), Pedro Rebelo ( Vogal ), F\u00e1tima Domingues ( Vogal ), Ana Gon\u00e7alves ( Vogal ) e Afonso Neutel ( Vogal ).<\/p><\/div>\t\t\t\t\t\t<\/div>\n\n\t\t\t\t\t\n\t\t\t\t<\/div>\n\n\t\t\t<\/div>\n\t\t<\/div>\n\t\t\t<\/li>\n\t\t\t<li class=\"timeline-right\"> \n\t\t\t<div class=\"tl-circ\"><\/div>\n\t\t <div class=\"timeline-panel\">\n\t\t   <div class=\"tl-heading\">\n\t\t\t <div class=\"tl-content\">\n\n\t\t\t    \n\t\t\t\t\t\t\n\t\t\t\t\t\t<div class=\"be-desc\">\n\t\t\t\t\t\t\t<h2 class=\"be-title\">Tomada de posse dos primeiros \u00d3rg\u00e3os Sociais <\/h2>\t\t\t\t\t\t\t<div class=\"be-content\"><p>No dia 14 de dezembro de 2021 teve lugar a tomada de posse dos primeiros Org\u00e3os Estatut\u00e1rios da Ordem dos Fisioterapeutas no audit\u00f3rio da Ordem dos Contabilistas Certificados, em Lisboa.<\/p><\/div>\t\t\t\t\t\t<\/div>\n\n\t\t\t\t\t\n\t\t\t\t<\/div>\n\n\t\t\t<\/div>\n\t\t<\/div>\n\t\t\t<\/li>\n\t\t\t<li class=\"timeline-inverted\"> \n\t\t\t<div class=\"tl-circ\"><\/div>\n\t\t <div class=\"timeline-panel\">\n\t\t   <div class=\"tl-heading\">\n\t\t\t <div class=\"tl-content\">\n\n\t\t\t    \n\t\t\t\t\t\t\n\t\t\t\t\t\t<div class=\"be-desc\">\n\t\t\t\t\t\t\t<h2 class=\"be-title\">Primeiras elei\u00e7\u00f5es da Ordem dos Fisioterapeutas<\/h2>\t\t\t\t\t\t\t<div class=\"be-content\"><p>As primeiras elei\u00e7\u00f5es da Ordem dos Fisioterapeutas decorreram no dia 15 de Novembro de 2021. Os resultados das elei\u00e7\u00f5es determinaram a elei\u00e7\u00e3o dos primeiros \u00d3rg\u00e3os Estatut\u00e1rios:<\/p><p>\u00a0- Baston\u00e1rio: Ant\u00f3nio Lopes<\/p><p>\u00a0- Conselho Geral: Lista E (Encabe\u00e7ada pelo Fisioterapeuta Rui Dias Costa );<\/p><p>\u00a0- Conselho Jurisdicional (Encabe\u00e7ado pela Fisioterapeuta Isabel Souza Guerra);<\/p><\/div>\t\t\t\t\t\t<\/div>\n\n\t\t\t\t\t\n\t\t\t\t<\/div>\n\n\t\t\t<\/div>\n\t\t<\/div>\n\t\t\t<\/li>\n\t\t\t<li class=\"timeline-right\"> \n\t\t\t<div class=\"tl-circ\"><\/div>\n\t\t <div class=\"timeline-panel\">\n\t\t   <div class=\"tl-heading\">\n\t\t\t <div class=\"tl-content\">\n\n\t\t\t    \n\t\t\t\t\t\t\n\t\t\t\t\t\t<div class=\"be-desc\">\n\t\t\t\t\t\t\t<h2 class=\"be-title\">In\u00edcio das inscri\u00e7\u00f5es na Ordem dos Fisioterapeutas<\/h2>\t\t\t\t\t\t\t<div class=\"be-content\"><p>As primeiras inscri\u00e7\u00f5es na Ordem dos Fisioterapeutas ocorreram no dia 19 de Maio de 2021, tendo os primeiros membros efetivos sido aprovados no dia 18 de Junho de 2021.<\/p><\/div>\t\t\t\t\t\t<\/div>\n\n\t\t\t\t\t\n\t\t\t\t<\/div>\n\n\t\t\t<\/div>\n\t\t<\/div>\n\t\t\t<\/li>\n\t\t\t<li class=\"timeline-inverted\"> \n\t\t\t<div class=\"tl-circ\"><\/div>\n\t\t <div class=\"timeline-panel\">\n\t\t   <div class=\"tl-heading\">\n\t\t\t <div class=\"tl-content\">\n\n\t\t\t    \n\t\t\t\t\t\t\n\t\t\t\t\t\t<div class=\"be-desc\">\n\t\t\t\t\t\t\t<h2 class=\"be-title\">Despacho de prorroga\u00e7\u00e3o da Comiss\u00e3o Instaladora da Ordem<\/h2>\t\t\t\t\t\t\t<div class=\"be-content\"><p>A Ministra da Sa\u00fade, Marta Temido, prorrogou o mandato da Comiss\u00e3o Instaladora at\u00e9 \u00e0 efetiva instala\u00e7\u00e3o da Ordem dos Fisioterapeutas, no despacho 3657\/2021, com a mesma composi\u00e7\u00e3o.<\/p><\/div>\t\t\t\t\t\t<\/div>\n\n\t\t\t\t\t\n\t\t\t\t<\/div>\n\n\t\t\t<\/div>\n\t\t<\/div>\n\t\t\t<\/li>\n\t\t\t<li class=\"timeline-right\"> \n\t\t\t<div class=\"tl-circ\"><\/div>\n\t\t <div class=\"timeline-panel\">\n\t\t   <div class=\"tl-heading\">\n\t\t\t <div class=\"tl-content\">\n\n\t\t\t    \n\t\t\t\t\t\t\n\t\t\t\t\t\t<div class=\"be-desc\">\n\t\t\t\t\t\t\t<h2 class=\"be-title\">Despacho de nomea\u00e7\u00e3o da Comiss\u00e3o Instaladora da Ordem<\/h2>\t\t\t\t\t\t\t<div class=\"be-content\"><p>A Ministra da Sa\u00fade, Marta Temido, nomeia a Comiss\u00e3o Instaladora da Ordem dos Fisioterapeutas, no despacho 12067\/2019, com a seguinte composi\u00e7\u00e3o: Isabel Souza Guerra ( Presidente ), Ant\u00f3nio Manuel Fernandes Lopes, Ol\u00edmpio Pereira, Pedro Rebelo e Maria da Concei\u00e7\u00e3o Bettencourt.<\/p><\/div>\t\t\t\t\t\t<\/div>\n\n\t\t\t\t\t\n\t\t\t\t<\/div>\n\n\t\t\t<\/div>\n\t\t<\/div>\n\t\t\t<\/li>\n\t\t\t \n      <\/ul>\n\n\t\t\t\t\t<\/div>\n\t\t\t\t<\/div>\n\t\t\t\t\t<\/div>\n\t\t<\/div>\n\t\t\t\t\t<\/div>\n\t\t<\/section>\n\t\t\t\t<section class=\"elementor-section elementor-top-section elementor-element elementor-element-236fa95 elementor-section-boxed elementor-section-height-default elementor-section-height-default\" data-id=\"236fa95\" data-element_type=\"section\" data-e-type=\"section\">\n\t\t\t\t\t\t<div class=\"elementor-container elementor-column-gap-default\">\n\t\t\t\t\t<div class=\"elementor-column elementor-col-100 elementor-top-column elementor-element elementor-element-5127eec\" data-id=\"5127eec\" data-element_type=\"column\" data-e-type=\"column\">\n\t\t\t<div class=\"elementor-widget-wrap elementor-element-populated\">\n\t\t\t\t\t\t<div class=\"elementor-element elementor-element-c280c41 elementor-widget elementor-widget-be-timeline\" data-id=\"c280c41\" data-element_type=\"widget\" data-e-type=\"widget\" data-widget_type=\"be-timeline.default\">\n\t\t\t\t<div class=\"elementor-widget-container\">\n\t\t\t\t\t<ul class=\"be-pack timeline \"><li class=\"timeline-right\"> \n\t\t\t<div class=\"tl-circ\"><\/div>\n\t\t <div class=\"timeline-panel\">\n\t\t   <div class=\"tl-heading\">\n\t\t\t <div class=\"tl-content\">\n\n\t\t\t    \n\t\t\t\t\t\t\n\t\t\t\t\t\t<div class=\"be-desc\">\n\t\t\t\t\t\t\t<h2 class=\"be-title\">Setembro 2019<\/h2>\t\t\t\t\t\t\t<div class=\"be-content\"><p>\u00c9 publicada a Lei 122\/2019 que cria a Ordem dos Fisioterapeutas<\/p><\/div>\t\t\t\t\t\t<\/div>\n\n\t\t\t\t\t\n\t\t\t\t<\/div>\n\n\t\t\t<\/div>\n\t\t<\/div>\n\t\t\t<\/li>\n\t\t\t<li class=\"timeline-inverted\"> \n\t\t\t<div class=\"tl-circ\"><\/div>\n\t\t <div class=\"timeline-panel\">\n\t\t   <div class=\"tl-heading\">\n\t\t\t <div class=\"tl-content\">\n\n\t\t\t    \n\t\t\t\t\t\t\n\t\t\t\t\t\t<div class=\"be-desc\">\n\t\t\t\t\t\t\t<h2 class=\"be-title\">Agosto 2019<\/h2>\t\t\t\t\t\t\t<div class=\"be-content\"><p>O Presidente da Rep\u00fablica promulgou o diploma da Assembleia da Rep\u00fablica que cria a Ordem dos Fisioterapeutas e aprova o respetivo estatuto<\/p><\/div>\t\t\t\t\t\t<\/div>\n\n\t\t\t\t\t\n\t\t\t\t<\/div>\n\n\t\t\t<\/div>\n\t\t<\/div>\n\t\t\t<\/li>\n\t\t\t<li class=\"timeline-right\"> \n\t\t\t<div class=\"tl-circ\"><\/div>\n\t\t <div class=\"timeline-panel\">\n\t\t   <div class=\"tl-heading\">\n\t\t\t <div class=\"tl-content\">\n\n\t\t\t    \n\t\t\t\t\t\t\n\t\t\t\t\t\t<div class=\"be-desc\">\n\t\t\t\t\t\t\t<h2 class=\"be-title\">Julho 2019<\/h2>\t\t\t\t\t\t\t<div class=\"be-content\"><p>Ap\u00f3s 20 anos de avan\u00e7os e recuos, \u00e9 votado favoravelmente, em plen\u00e1rio da AR o projeto de Lei que cria a Ordem dos Fisioterapeutas<\/p><\/div>\t\t\t\t\t\t<\/div>\n\n\t\t\t\t\t\n\t\t\t\t<\/div>\n\n\t\t\t<\/div>\n\t\t<\/div>\n\t\t\t<\/li>\n\t\t\t<li class=\"timeline-inverted\"> \n\t\t\t<div class=\"tl-circ\"><\/div>\n\t\t <div class=\"timeline-panel\">\n\t\t   <div class=\"tl-heading\">\n\t\t\t <div class=\"tl-content\">\n\n\t\t\t    \n\t\t\t\t\t\t\n\t\t\t\t\t\t<div class=\"be-desc\">\n\t\t\t\t\t\t\t<h2 class=\"be-title\">Junho 2019<\/h2>\t\t\t\t\t\t\t<div class=\"be-content\"><p>o projeto de Lei relativo \u00e0 cria\u00e7\u00e3o da Ordem dos Fisioterapeutas \u00e9 aprovado na especialidade, em sede da 10\u00aa Comiss\u00e3o de Trabalho e Seguran\u00e7a Social, com os votos favor\u00e1veis do PS e CDS-PP e absten\u00e7\u00e3o dos demais partidos<\/p><\/div>\t\t\t\t\t\t<\/div>\n\n\t\t\t\t\t\n\t\t\t\t<\/div>\n\n\t\t\t<\/div>\n\t\t<\/div>\n\t\t\t<\/li>\n\t\t\t<li class=\"timeline-right\"> \n\t\t\t<div class=\"tl-circ\"><\/div>\n\t\t <div class=\"timeline-panel\">\n\t\t   <div class=\"tl-heading\">\n\t\t\t <div class=\"tl-content\">\n\n\t\t\t    \n\t\t\t\t\t\t\n\t\t\t\t\t\t<div class=\"be-desc\">\n\t\t\t\t\t\t\t<h2 class=\"be-title\">Outubro 2017<\/h2>\t\t\t\t\t\t\t<div class=\"be-content\"><p>A cria\u00e7\u00e3o da Ordem dos Fisioterapeutas \u00e9 novamente aprovada na generalidade em plen\u00e1rio da Assembleia da Rep\u00fablica, por propostas do Partido Socialista e do CDS-PP<\/p><\/div>\t\t\t\t\t\t<\/div>\n\n\t\t\t\t\t\n\t\t\t\t<\/div>\n\n\t\t\t<\/div>\n\t\t<\/div>\n\t\t\t<\/li>\n\t\t\t<li class=\"timeline-inverted\"> \n\t\t\t<div class=\"tl-circ\"><\/div>\n\t\t <div class=\"timeline-panel\">\n\t\t   <div class=\"tl-heading\">\n\t\t\t <div class=\"tl-content\">\n\n\t\t\t    \n\t\t\t\t\t\t\n\t\t\t\t\t\t<div class=\"be-desc\">\n\t\t\t\t\t\t\t<h2 class=\"be-title\">Junho 2016<\/h2>\t\t\t\t\t\t\t<div class=\"be-content\"><p>\u00c9 criada a Comiss\u00e3o Pr\u00f3-Ordem em Assembleia Geral da Associa\u00e7\u00e3o Portuguesa de Fisioterapeutas, presidida por Isabel de Souza Guerra<\/p><\/div>\t\t\t\t\t\t<\/div>\n\n\t\t\t\t\t\n\t\t\t\t<\/div>\n\n\t\t\t<\/div>\n\t\t<\/div>\n\t\t\t<\/li>\n\t\t\t<li class=\"timeline-right\"> \n\t\t\t<div class=\"tl-circ\"><\/div>\n\t\t <div class=\"timeline-panel\">\n\t\t   <div class=\"tl-heading\">\n\t\t\t <div class=\"tl-content\">\n\n\t\t\t    \n\t\t\t\t\t\t\n\t\t\t\t\t\t<div class=\"be-desc\">\n\t\t\t\t\t\t\t<h2 class=\"be-title\">Novembro 2011<\/h2>\t\t\t\t\t\t\t<div class=\"be-content\"><p>Por solicita\u00e7\u00e3o da Comiss\u00e3o Parlamentar do Trabalho e Administra\u00e7\u00e3o P\u00fablica ap\u00f3s audi\u00eancia em 23 de Novembro de 2011, \u00e9 entregue novo documento relativo ao Memorandum de Entendimento com a Rep\u00fablica Portuguesa<\/p><\/div>\t\t\t\t\t\t<\/div>\n\n\t\t\t\t\t\n\t\t\t\t<\/div>\n\n\t\t\t<\/div>\n\t\t<\/div>\n\t\t\t<\/li>\n\t\t\t<li class=\"timeline-inverted\"> \n\t\t\t<div class=\"tl-circ\"><\/div>\n\t\t <div class=\"timeline-panel\">\n\t\t   <div class=\"tl-heading\">\n\t\t\t <div class=\"tl-content\">\n\n\t\t\t    \n\t\t\t\t\t\t\n\t\t\t\t\t\t<div class=\"be-desc\">\n\t\t\t\t\t\t\t<h2 class=\"be-title\">Setembro 2011<\/h2>\t\t\t\t\t\t\t<div class=\"be-content\"><p>A APFisio reenvia toda a documenta\u00e7\u00e3o devidamente atualizada para a AR, Comiss\u00f5es de Sa\u00fade e do Trabalho e Seguran\u00e7a Social, bem com a todos os grupos parlamentares para reaprecia\u00e7\u00e3o e reencaminhamento<\/p><\/div>\t\t\t\t\t\t<\/div>\n\n\t\t\t\t\t\n\t\t\t\t<\/div>\n\n\t\t\t<\/div>\n\t\t<\/div>\n\t\t\t<\/li>\n\t\t\t<li class=\"timeline-right\"> \n\t\t\t<div class=\"tl-circ\"><\/div>\n\t\t <div class=\"timeline-panel\">\n\t\t   <div class=\"tl-heading\">\n\t\t\t <div class=\"tl-content\">\n\n\t\t\t    \n\t\t\t\t\t\t\n\t\t\t\t\t\t<div class=\"be-desc\">\n\t\t\t\t\t\t\t<h2 class=\"be-title\">Fevereiro 2011<\/h2>\t\t\t\t\t\t\t<div class=\"be-content\"><p>\u00c9 aprovada, por proposta do CDS-PP, na generalidade em plen\u00e1rio da Assembleia da Rep\u00fablica, a cria\u00e7\u00e3o da Ordem dos Fisioterapeutas| (em virtude da dissolu\u00e7\u00e3o da legislatura em vigor e nova legislatura ap\u00f3s 05|06|2011, o processo parou e teve que ser reiniciado)<\/p><\/div>\t\t\t\t\t\t<\/div>\n\n\t\t\t\t\t\n\t\t\t\t<\/div>\n\n\t\t\t<\/div>\n\t\t<\/div>\n\t\t\t<\/li>\n\t\t\t<li class=\"timeline-inverted\"> \n\t\t\t<div class=\"tl-circ\"><\/div>\n\t\t <div class=\"timeline-panel\">\n\t\t   <div class=\"tl-heading\">\n\t\t\t <div class=\"tl-content\">\n\n\t\t\t    \n\t\t\t\t\t\t\n\t\t\t\t\t\t<div class=\"be-desc\">\n\t\t\t\t\t\t\t<h2 class=\"be-title\">2008<\/h2>\t\t\t\t\t\t\t<div class=\"be-content\"><p>Em 2 de Maio a APFisio atualiza a sua proposta e entrega novamente os documentos necess\u00e1rios<\/p><\/div>\t\t\t\t\t\t<\/div>\n\n\t\t\t\t\t\n\t\t\t\t<\/div>\n\n\t\t\t<\/div>\n\t\t<\/div>\n\t\t\t<\/li>\n\t\t\t<li class=\"timeline-right\"> \n\t\t\t<div class=\"tl-circ\"><\/div>\n\t\t <div class=\"timeline-panel\">\n\t\t   <div class=\"tl-heading\">\n\t\t\t <div class=\"tl-content\">\n\n\t\t\t    \n\t\t\t\t\t\t\n\t\t\t\t\t\t<div class=\"be-desc\">\n\t\t\t\t\t\t\t<h2 class=\"be-title\">2004<\/h2>\t\t\t\t\t\t\t<div class=\"be-content\"><p>\u00c9, pela segunda vez, entregue a toda a documento necess\u00e1ria, continuando a dire\u00e7\u00e3o da APFisio a insistir na sua pretens\u00e3o, junto da Assembleia da Rep\u00fablica (AR) e Minist\u00e9rio da Sa\u00fade (MS)<\/p><\/div>\t\t\t\t\t\t<\/div>\n\n\t\t\t\t\t\n\t\t\t\t<\/div>\n\n\t\t\t<\/div>\n\t\t<\/div>\n\t\t\t<\/li>\n\t\t\t<li class=\"timeline-inverted\"> \n\t\t\t<div class=\"tl-circ\"><\/div>\n\t\t <div class=\"timeline-panel\">\n\t\t   <div class=\"tl-heading\">\n\t\t\t <div class=\"tl-content\">\n\n\t\t\t    \n\t\t\t\t\t\t\n\t\t\t\t\t\t<div class=\"be-desc\">\n\t\t\t\t\t\t\t<h2 class=\"be-title\">1999<\/h2>\t\t\t\t\t\t\t<div class=\"be-content\"><p>S\u00e3o entregues junto dos \u00f3rg\u00e3os de soberania todos os documentos necess\u00e1rios \u00e0 cria\u00e7\u00e3o de uma Ordem Profissional para os Fisioterapeutas (n\u00e3o tendo surtido nenhum efeito produtivo)<\/p><\/div>\t\t\t\t\t\t<\/div>\n\n\t\t\t\t\t\n\t\t\t\t<\/div>\n\n\t\t\t<\/div>\n\t\t<\/div>\n\t\t\t<\/li>\n\t\t\t<li class=\"timeline-right\"> \n\t\t\t<div class=\"tl-circ\"><\/div>\n\t\t <div class=\"timeline-panel\">\n\t\t   <div class=\"tl-heading\">\n\t\t\t <div class=\"tl-content\">\n\n\t\t\t    \n\t\t\t\t\t\t\n\t\t\t\t\t\t<div class=\"be-desc\">\n\t\t\t\t\t\t\t<h2 class=\"be-title\">1998  <\/h2>\t\t\t\t\t\t\t<div class=\"be-content\"><p>Altera\u00e7\u00e3o dos estatutos da APFisio, onde desde logo estava descrito \u201cdesenvolver todas as iniciativas conducentes ao seu reconhecimento como Associa\u00e7\u00e3o de direito p\u00fablico, de modo a atribuir o t\u00edtulo profissional de fisioterapeuta e a regulamentar o exerc\u00edcio desta profiss\u00e3o.\u201d<\/p><\/div>\t\t\t\t\t\t<\/div>\n\n\t\t\t\t\t\n\t\t\t\t<\/div>\n\n\t\t\t<\/div>\n\t\t<\/div>\n\t\t\t<\/li>\n\t\t\t \n      <\/ul>\n\n\t\t\t\t\t<\/div>\n\t\t\t\t<\/div>\n\t\t\t\t\t<\/div>\n\t\t<\/div>\n\t\t\t\t\t<\/div>\n\t\t<\/section>\n\t\t\t\t<\/div>\n\t\t","protected":false},"excerpt":{"rendered":"<p>O processo da cria\u00e7\u00e3o da Ordem dos Fisioterapeutas teve in\u00edcio em 1998 na sequ\u00eancia da altera\u00e7\u00e3o dos estatutos da Associa\u00e7\u00e3o Portuguesa de Fisioterapeutas (APFisio)| Durante 20 anos, o processo passou por v\u00e1rias fases: Dire\u00e7\u00e3o da Ordem dos Fisioterapeutas \u2013 Quadri\u00e9nio 2025\u20132029 A Dire\u00e7\u00e3o da Ordem dos Fisioterapeutas foi ratificada na reuni\u00e3o do Conselho Geral a &#8230; <a title=\"Hist\u00f3ria da Ordem dos Fisioterapeutas\" class=\"read-more\" href=\"http:\/\/ordemdosfisioterapeutas.pt\/pt\/historia-da-ordem-dos-fisioterapeutas\/\" aria-label=\"Leia mais sobre Hist\u00f3ria da Ordem dos Fisioterapeutas\">Ler mais<\/a><\/p>\n","protected":false},"author":1,"featured_media":0,"parent":0,"menu_order":0,"comment_status":"closed","ping_status":"closed","template":"","meta":{"footnotes":""},"class_list":["post-340","page","type-page","status-publish"],"_links":{"self":[{"href":"http:\/\/ordemdosfisioterapeutas.pt\/pt\/wp-json\/wp\/v2\/pages\/340","targetHints":{"allow":["GET"]}}],"collection":[{"href":"http:\/\/ordemdosfisioterapeutas.pt\/pt\/wp-json\/wp\/v2\/pages"}],"about":[{"href":"http:\/\/ordemdosfisioterapeutas.pt\/pt\/wp-json\/wp\/v2\/types\/page"}],"author":[{"embeddable":true,"href":"http:\/\/ordemdosfisioterapeutas.pt\/pt\/wp-json\/wp\/v2\/users\/1"}],"replies":[{"embeddable":true,"href":"http:\/\/ordemdosfisioterapeutas.pt\/pt\/wp-json\/wp\/v2\/comments?post=340"}],"version-history":[{"count":6,"href":"http:\/\/ordemdosfisioterapeutas.pt\/pt\/wp-json\/wp\/v2\/pages\/340\/revisions"}],"predecessor-version":[{"id":12660,"href":"http:\/\/ordemdosfisioterapeutas.pt\/pt\/wp-json\/wp\/v2\/pages\/340\/revisions\/12660"}],"wp:attachment":[{"href":"http:\/\/ordemdosfisioterapeutas.pt\/pt\/wp-json\/wp\/v2\/media?parent=340"}],"curies":[{"name":"wp","href":"https:\/\/api.w.org\/{rel}","templated":true}]}}